{"id":10009975,"date":"2021-12-22T05:27:18","date_gmt":"2021-12-22T05:27:18","guid":{"rendered":"https:\/\/uniformesludo.cl\/?post_type=product&#038;p=10009975"},"modified":"2023-11-20T19:24:46","modified_gmt":"2023-11-20T19:24:46","slug":"cilindro-de-oxigeno-portatil","status":"publish","type":"product","link":"https:\/\/uniformesludo.cl\/index.php\/producto\/cilindro-de-oxigeno-portatil\/","title":{"rendered":"Cilindro de ox\u00edgeno port\u00e1til"},"content":{"rendered":"<ul class=\"icons\">\n<li>\n<div class=\"vc_custom_heading_wrap \">\n<div class=\"heading-text el-text\">\n<ul class=\"icons\">\n<li>Incluye oxigeno medicinal<\/li>\n<li><i class=\"fa fa-caret-right text-color-859265-color\"><\/i>Pureza del oxigeno 99%<\/li>\n<li><i class=\"fa fa-caret-right text-color-859265-color\"><\/i>Incluye regulador de oxigeno desde 1 a 5 LPM (litros por minuto)<\/li>\n<li><i class=\"fa fa-caret-right text-color-859265-color\"><\/i>Cilindro de aluminio<\/li>\n<li><i class=\"fa fa-caret-right text-color-859265-color\"><\/i>Altura media 40 cms<\/li>\n<li><i class=\"fa fa-caret-right text-color-859265-color\"><\/i>Peso aproximado 1 Kilo (sin mochila)<\/li>\n<li><i class=\"fa fa-caret-right text-color-859265-color\"><\/i>Para terapias medicinales de oxigeno para transporte en bajas dosis<\/li>\n<li><i class=\"fa fa-caret-right text-color-859265-color\"><\/i>Accesorios para el uso: Naricera<\/li>\n<\/ul>\n<\/div>\n<\/div>\n<\/li>\n<\/ul>\n","protected":false},"excerpt":{"rendered":"<p><a id=\"btncotizar\" href=\"https:\/\/uniformesludo.cl\/index.php\/cotizacion\/\">Cotizar<\/a><\/p>\n","protected":false},"featured_media":10010189,"comment_status":"closed","ping_status":"closed","template":"","meta":[],"product_brand":[],"product_cat":[258],"product_tag":[],"class_list":{"0":"post-10009975","1":"product","2":"type-product","3":"status-publish","4":"has-post-thumbnail","6":"product_cat-ludo-higiene","8":"first","9":"instock","10":"shipping-taxable","11":"product-type-simple"},"aioseo_notices":[],"yoast_head":"<!-- This site is optimized with the Yoast SEO plugin v26.5 - https:\/\/yoast.com\/wordpress\/plugins\/seo\/ -->\n<title>Cilindro de ox\u00edgeno port\u00e1til - Uniformes Ludo<\/title>\n<meta name=\"robots\" content=\"index, follow, max-snippet:-1, max-image-preview:large, max-video-preview:-1\" \/>\n<link rel=\"canonical\" href=\"https:\/\/uniformesludo.cl\/index.php\/producto\/cilindro-de-oxigeno-portatil\/\" \/>\n<meta property=\"og:locale\" content=\"es_ES\" \/>\n<meta property=\"og:type\" content=\"article\" \/>\n<meta property=\"og:title\" content=\"Cilindro de ox\u00edgeno port\u00e1til - Uniformes Ludo\" \/>\n<meta property=\"og:description\" content=\"Cotizar\" \/>\n<meta property=\"og:url\" content=\"https:\/\/uniformesludo.cl\/index.php\/producto\/cilindro-de-oxigeno-portatil\/\" \/>\n<meta property=\"og:site_name\" content=\"Uniformes Ludo\" \/>\n<meta property=\"article:modified_time\" content=\"2023-11-20T19:24:46+00:00\" \/>\n<meta property=\"og:image\" content=\"https:\/\/uniformesludo.cl\/wp-content\/uploads\/2021\/12\/cilindro-portatil-top-acemed1-1.jpg\" \/>\n\t<meta property=\"og:image:width\" content=\"960\" \/>\n\t<meta property=\"og:image:height\" content=\"960\" \/>\n\t<meta property=\"og:image:type\" content=\"image\/jpeg\" \/>\n<meta name=\"twitter:card\" content=\"summary_large_image\" \/>\n<script type=\"application\/ld+json\" class=\"yoast-schema-graph\">{\"@context\":\"https:\/\/schema.org\",\"@graph\":[{\"@type\":\"WebPage\",\"@id\":\"https:\/\/uniformesludo.cl\/index.php\/producto\/cilindro-de-oxigeno-portatil\/\",\"url\":\"https:\/\/uniformesludo.cl\/index.php\/producto\/cilindro-de-oxigeno-portatil\/\",\"name\":\"Cilindro de ox\u00edgeno port\u00e1til - Uniformes Ludo\",\"isPartOf\":{\"@id\":\"https:\/\/uniformesludo.cl\/#website\"},\"primaryImageOfPage\":{\"@id\":\"https:\/\/uniformesludo.cl\/index.php\/producto\/cilindro-de-oxigeno-portatil\/#primaryimage\"},\"image\":{\"@id\":\"https:\/\/uniformesludo.cl\/index.php\/producto\/cilindro-de-oxigeno-portatil\/#primaryimage\"},\"thumbnailUrl\":\"https:\/\/uniformesludo.cl\/wp-content\/uploads\/2021\/12\/cilindro-portatil-top-acemed1-1.jpg\",\"datePublished\":\"2021-12-22T05:27:18+00:00\",\"dateModified\":\"2023-11-20T19:24:46+00:00\",\"breadcrumb\":{\"@id\":\"https:\/\/uniformesludo.cl\/index.php\/producto\/cilindro-de-oxigeno-portatil\/#breadcrumb\"},\"inLanguage\":\"es\",\"potentialAction\":[{\"@type\":\"ReadAction\",\"target\":[\"https:\/\/uniformesludo.cl\/index.php\/producto\/cilindro-de-oxigeno-portatil\/\"]}]},{\"@type\":\"ImageObject\",\"inLanguage\":\"es\",\"@id\":\"https:\/\/uniformesludo.cl\/index.php\/producto\/cilindro-de-oxigeno-portatil\/#primaryimage\",\"url\":\"https:\/\/uniformesludo.cl\/wp-content\/uploads\/2021\/12\/cilindro-portatil-top-acemed1-1.jpg\",\"contentUrl\":\"https:\/\/uniformesludo.cl\/wp-content\/uploads\/2021\/12\/cilindro-portatil-top-acemed1-1.jpg\",\"width\":960,\"height\":960},{\"@type\":\"BreadcrumbList\",\"@id\":\"https:\/\/uniformesludo.cl\/index.php\/producto\/cilindro-de-oxigeno-portatil\/#breadcrumb\",\"itemListElement\":[{\"@type\":\"ListItem\",\"position\":1,\"name\":\"Portada\",\"item\":\"https:\/\/uniformesludo.cl\/\"},{\"@type\":\"ListItem\",\"position\":2,\"name\":\"Tienda\",\"item\":\"https:\/\/uniformesludo.cl\/index.php\/tienda\/\"},{\"@type\":\"ListItem\",\"position\":3,\"name\":\"Cilindro de ox\u00edgeno port\u00e1til\"}]},{\"@type\":\"WebSite\",\"@id\":\"https:\/\/uniformesludo.cl\/#website\",\"url\":\"https:\/\/uniformesludo.cl\/\",\"name\":\"Uniformes Ludo\",\"description\":\"Es una de las empresas comercializadoras de Ropa de trabajo, confecci\u00f3n, productos de protecci\u00f3n, prevenci\u00f3n y seguridad una de las m\u00e1s importantes de nuestro pa\u00eds, reconocida a nivel Nacional, con numerosos clientes a lo largo de Chile que avalan su compromiso de calidad. De igual forma, existe una permanente preocupaci\u00f3n por mantener un servicio integral de excelencia que permita identificarnos como \u201cel mejor equipo, la mejor empresa e inversi\u00f3n\u201d.\",\"potentialAction\":[{\"@type\":\"SearchAction\",\"target\":{\"@type\":\"EntryPoint\",\"urlTemplate\":\"https:\/\/uniformesludo.cl\/?s={search_term_string}\"},\"query-input\":{\"@type\":\"PropertyValueSpecification\",\"valueRequired\":true,\"valueName\":\"search_term_string\"}}],\"inLanguage\":\"es\"}]}<\/script>\n<!-- \/ Yoast SEO plugin. -->","yoast_head_json":{"title":"Cilindro de ox\u00edgeno port\u00e1til - Uniformes Ludo","robots":{"index":"index","follow":"follow","max-snippet":"max-snippet:-1","max-image-preview":"max-image-preview:large","max-video-preview":"max-video-preview:-1"},"canonical":"https:\/\/uniformesludo.cl\/index.php\/producto\/cilindro-de-oxigeno-portatil\/","og_locale":"es_ES","og_type":"article","og_title":"Cilindro de ox\u00edgeno port\u00e1til - Uniformes Ludo","og_description":"Cotizar","og_url":"https:\/\/uniformesludo.cl\/index.php\/producto\/cilindro-de-oxigeno-portatil\/","og_site_name":"Uniformes Ludo","article_modified_time":"2023-11-20T19:24:46+00:00","og_image":[{"width":960,"height":960,"url":"https:\/\/uniformesludo.cl\/wp-content\/uploads\/2021\/12\/cilindro-portatil-top-acemed1-1.jpg","type":"image\/jpeg"}],"twitter_card":"summary_large_image","schema":{"@context":"https:\/\/schema.org","@graph":[{"@type":"WebPage","@id":"https:\/\/uniformesludo.cl\/index.php\/producto\/cilindro-de-oxigeno-portatil\/","url":"https:\/\/uniformesludo.cl\/index.php\/producto\/cilindro-de-oxigeno-portatil\/","name":"Cilindro de ox\u00edgeno port\u00e1til - Uniformes Ludo","isPartOf":{"@id":"https:\/\/uniformesludo.cl\/#website"},"primaryImageOfPage":{"@id":"https:\/\/uniformesludo.cl\/index.php\/producto\/cilindro-de-oxigeno-portatil\/#primaryimage"},"image":{"@id":"https:\/\/uniformesludo.cl\/index.php\/producto\/cilindro-de-oxigeno-portatil\/#primaryimage"},"thumbnailUrl":"https:\/\/uniformesludo.cl\/wp-content\/uploads\/2021\/12\/cilindro-portatil-top-acemed1-1.jpg","datePublished":"2021-12-22T05:27:18+00:00","dateModified":"2023-11-20T19:24:46+00:00","breadcrumb":{"@id":"https:\/\/uniformesludo.cl\/index.php\/producto\/cilindro-de-oxigeno-portatil\/#breadcrumb"},"inLanguage":"es","potentialAction":[{"@type":"ReadAction","target":["https:\/\/uniformesludo.cl\/index.php\/producto\/cilindro-de-oxigeno-portatil\/"]}]},{"@type":"ImageObject","inLanguage":"es","@id":"https:\/\/uniformesludo.cl\/index.php\/producto\/cilindro-de-oxigeno-portatil\/#primaryimage","url":"https:\/\/uniformesludo.cl\/wp-content\/uploads\/2021\/12\/cilindro-portatil-top-acemed1-1.jpg","contentUrl":"https:\/\/uniformesludo.cl\/wp-content\/uploads\/2021\/12\/cilindro-portatil-top-acemed1-1.jpg","width":960,"height":960},{"@type":"BreadcrumbList","@id":"https:\/\/uniformesludo.cl\/index.php\/producto\/cilindro-de-oxigeno-portatil\/#breadcrumb","itemListElement":[{"@type":"ListItem","position":1,"name":"Portada","item":"https:\/\/uniformesludo.cl\/"},{"@type":"ListItem","position":2,"name":"Tienda","item":"https:\/\/uniformesludo.cl\/index.php\/tienda\/"},{"@type":"ListItem","position":3,"name":"Cilindro de ox\u00edgeno port\u00e1til"}]},{"@type":"WebSite","@id":"https:\/\/uniformesludo.cl\/#website","url":"https:\/\/uniformesludo.cl\/","name":"Uniformes Ludo","description":"Es una de las empresas comercializadoras de Ropa de trabajo, confecci\u00f3n, productos de protecci\u00f3n, prevenci\u00f3n y seguridad una de las m\u00e1s importantes de nuestro pa\u00eds, reconocida a nivel Nacional, con numerosos clientes a lo largo de Chile que avalan su compromiso de calidad. De igual forma, existe una permanente preocupaci\u00f3n por mantener un servicio integral de excelencia que permita identificarnos como \u201cel mejor equipo, la mejor empresa e inversi\u00f3n\u201d.","potentialAction":[{"@type":"SearchAction","target":{"@type":"EntryPoint","urlTemplate":"https:\/\/uniformesludo.cl\/?s={search_term_string}"},"query-input":{"@type":"PropertyValueSpecification","valueRequired":true,"valueName":"search_term_string"}}],"inLanguage":"es"}]}},"_links":{"self":[{"href":"https:\/\/uniformesludo.cl\/index.php\/wp-json\/wp\/v2\/product\/10009975","targetHints":{"allow":["GET"]}}],"collection":[{"href":"https:\/\/uniformesludo.cl\/index.php\/wp-json\/wp\/v2\/product"}],"about":[{"href":"https:\/\/uniformesludo.cl\/index.php\/wp-json\/wp\/v2\/types\/product"}],"replies":[{"embeddable":true,"href":"https:\/\/uniformesludo.cl\/index.php\/wp-json\/wp\/v2\/comments?post=10009975"}],"wp:featuredmedia":[{"embeddable":true,"href":"https:\/\/uniformesludo.cl\/index.php\/wp-json\/wp\/v2\/media\/10010189"}],"wp:attachment":[{"href":"https:\/\/uniformesludo.cl\/index.php\/wp-json\/wp\/v2\/media?parent=10009975"}],"wp:term":[{"taxonomy":"product_brand","embeddable":true,"href":"https:\/\/uniformesludo.cl\/index.php\/wp-json\/wp\/v2\/product_brand?post=10009975"},{"taxonomy":"product_cat","embeddable":true,"href":"https:\/\/uniformesludo.cl\/index.php\/wp-json\/wp\/v2\/product_cat?post=10009975"},{"taxonomy":"product_tag","embeddable":true,"href":"https:\/\/uniformesludo.cl\/index.php\/wp-json\/wp\/v2\/product_tag?post=10009975"}],"curies":[{"name":"wp","href":"https:\/\/api.w.org\/{rel}","templated":true}]}}