{"id":10009963,"date":"2021-12-22T04:33:57","date_gmt":"2021-12-22T04:33:57","guid":{"rendered":"https:\/\/uniformesludo.cl\/?post_type=product&#038;p=10009963"},"modified":"2023-11-20T19:24:43","modified_gmt":"2023-11-20T19:24:43","slug":"catre-clinico-electrico-3-posiciones-tipo-uci","status":"publish","type":"product","link":"https:\/\/uniformesludo.cl\/index.php\/producto\/catre-clinico-electrico-3-posiciones-tipo-uci\/","title":{"rendered":"Catre Cl\u00ednico el\u00e9ctrico 3 posiciones tipo UCI"},"content":{"rendered":"<ul class=\"icons\">\n<li>Estructura de acero esmaltado<\/li>\n<li><i class=\"fa fa-caret-right text-color-859265-color\"><\/i>Respaldos de PVC desmontable lavable<\/li>\n<li><i class=\"fa fa-caret-right text-color-859265-color\"><\/i>Control con 4 movimientos<\/li>\n<li><i class=\"fa fa-caret-right text-color-859265-color\"><\/i>1-Cabecera 2-\u00a0\u00a0Pies 3- Altura 4- cabecera y pies en conjunto<\/li>\n<li><i class=\"fa fa-caret-right text-color-859265-color\"><\/i>4 ruedas las 4 con frenos de alta resistencia<\/li>\n<li><i class=\"fa fa-caret-right text-color-859265-color\"><\/i>4 barandas abatibles (2 por lado)<\/li>\n<li><i class=\"fa fa-caret-right text-color-859265-color\"><\/i>Incluye porta suero desmontable de 2 ganchos<\/li>\n<li><i class=\"fa fa-caret-right text-color-859265-color\"><\/i>Altura m\u00ednima 46\u00a0cms<\/li>\n<li><i class=\"fa fa-caret-right text-color-859265-color\"><\/i>Altura m\u00e1xima 73\u00a0cms<\/li>\n<li><i class=\"fa fa-caret-right text-color-859265-color\"><\/i>Resiste hasta 150 kilos<\/li>\n<li><i class=\"fa fa-caret-right text-color-859265-color\"><\/i>Medidas externas 211*108<\/li>\n<li><i class=\"fa fa-caret-right text-color-859265-color\"><\/i>Incluye colch\u00f3n de espuma forrado en\u00a0tevinil 190*90*10\u00a0cms<\/li>\n<\/ul>\n","protected":false},"excerpt":{"rendered":"<p><a id=\"btncotizar\" href=\"https:\/\/uniformesludo.cl\/index.php\/cotizacion\/\">Cotizar<\/a><\/p>\n","protected":false},"featured_media":10009964,"comment_status":"closed","ping_status":"closed","template":"","meta":[],"product_brand":[],"product_cat":[258],"product_tag":[],"class_list":{"0":"post-10009963","1":"product","2":"type-product","3":"status-publish","4":"has-post-thumbnail","6":"product_cat-ludo-higiene","8":"first","9":"instock","10":"shipping-taxable","11":"product-type-simple"},"aioseo_notices":[],"yoast_head":"<!-- This site is optimized with the Yoast SEO plugin v26.5 - https:\/\/yoast.com\/wordpress\/plugins\/seo\/ -->\n<title>Catre Cl\u00ednico el\u00e9ctrico 3 posiciones tipo UCI - Uniformes Ludo<\/title>\n<meta name=\"robots\" content=\"index, follow, max-snippet:-1, max-image-preview:large, max-video-preview:-1\" \/>\n<link rel=\"canonical\" href=\"https:\/\/uniformesludo.cl\/index.php\/producto\/catre-clinico-electrico-3-posiciones-tipo-uci\/\" \/>\n<meta property=\"og:locale\" content=\"es_ES\" \/>\n<meta property=\"og:type\" content=\"article\" \/>\n<meta property=\"og:title\" content=\"Catre Cl\u00ednico el\u00e9ctrico 3 posiciones tipo UCI - Uniformes Ludo\" \/>\n<meta property=\"og:description\" content=\"Cotizar\" \/>\n<meta property=\"og:url\" content=\"https:\/\/uniformesludo.cl\/index.php\/producto\/catre-clinico-electrico-3-posiciones-tipo-uci\/\" \/>\n<meta property=\"og:site_name\" content=\"Uniformes Ludo\" \/>\n<meta property=\"article:modified_time\" content=\"2023-11-20T19:24:43+00:00\" \/>\n<meta property=\"og:image\" content=\"https:\/\/uniformesludo.cl\/wp-content\/uploads\/2021\/12\/IMG_1790.jpg\" \/>\n\t<meta property=\"og:image:width\" content=\"1632\" \/>\n\t<meta property=\"og:image:height\" content=\"1224\" \/>\n\t<meta property=\"og:image:type\" content=\"image\/jpeg\" \/>\n<meta name=\"twitter:card\" content=\"summary_large_image\" \/>\n<script type=\"application\/ld+json\" class=\"yoast-schema-graph\">{\"@context\":\"https:\/\/schema.org\",\"@graph\":[{\"@type\":\"WebPage\",\"@id\":\"https:\/\/uniformesludo.cl\/index.php\/producto\/catre-clinico-electrico-3-posiciones-tipo-uci\/\",\"url\":\"https:\/\/uniformesludo.cl\/index.php\/producto\/catre-clinico-electrico-3-posiciones-tipo-uci\/\",\"name\":\"Catre Cl\u00ednico el\u00e9ctrico 3 posiciones tipo UCI - Uniformes Ludo\",\"isPartOf\":{\"@id\":\"https:\/\/uniformesludo.cl\/#website\"},\"primaryImageOfPage\":{\"@id\":\"https:\/\/uniformesludo.cl\/index.php\/producto\/catre-clinico-electrico-3-posiciones-tipo-uci\/#primaryimage\"},\"image\":{\"@id\":\"https:\/\/uniformesludo.cl\/index.php\/producto\/catre-clinico-electrico-3-posiciones-tipo-uci\/#primaryimage\"},\"thumbnailUrl\":\"https:\/\/uniformesludo.cl\/wp-content\/uploads\/2021\/12\/IMG_1790.jpg\",\"datePublished\":\"2021-12-22T04:33:57+00:00\",\"dateModified\":\"2023-11-20T19:24:43+00:00\",\"breadcrumb\":{\"@id\":\"https:\/\/uniformesludo.cl\/index.php\/producto\/catre-clinico-electrico-3-posiciones-tipo-uci\/#breadcrumb\"},\"inLanguage\":\"es\",\"potentialAction\":[{\"@type\":\"ReadAction\",\"target\":[\"https:\/\/uniformesludo.cl\/index.php\/producto\/catre-clinico-electrico-3-posiciones-tipo-uci\/\"]}]},{\"@type\":\"ImageObject\",\"inLanguage\":\"es\",\"@id\":\"https:\/\/uniformesludo.cl\/index.php\/producto\/catre-clinico-electrico-3-posiciones-tipo-uci\/#primaryimage\",\"url\":\"https:\/\/uniformesludo.cl\/wp-content\/uploads\/2021\/12\/IMG_1790.jpg\",\"contentUrl\":\"https:\/\/uniformesludo.cl\/wp-content\/uploads\/2021\/12\/IMG_1790.jpg\",\"width\":1632,\"height\":1224},{\"@type\":\"BreadcrumbList\",\"@id\":\"https:\/\/uniformesludo.cl\/index.php\/producto\/catre-clinico-electrico-3-posiciones-tipo-uci\/#breadcrumb\",\"itemListElement\":[{\"@type\":\"ListItem\",\"position\":1,\"name\":\"Portada\",\"item\":\"https:\/\/uniformesludo.cl\/\"},{\"@type\":\"ListItem\",\"position\":2,\"name\":\"Tienda\",\"item\":\"https:\/\/uniformesludo.cl\/index.php\/tienda\/\"},{\"@type\":\"ListItem\",\"position\":3,\"name\":\"Catre Cl\u00ednico el\u00e9ctrico 3 posiciones tipo UCI\"}]},{\"@type\":\"WebSite\",\"@id\":\"https:\/\/uniformesludo.cl\/#website\",\"url\":\"https:\/\/uniformesludo.cl\/\",\"name\":\"Uniformes Ludo\",\"description\":\"Es una de las empresas comercializadoras de Ropa de trabajo, confecci\u00f3n, productos de protecci\u00f3n, prevenci\u00f3n y seguridad una de las m\u00e1s importantes de nuestro pa\u00eds, reconocida a nivel Nacional, con numerosos clientes a lo largo de Chile que avalan su compromiso de calidad. De igual forma, existe una permanente preocupaci\u00f3n por mantener un servicio integral de excelencia que permita identificarnos como \u201cel mejor equipo, la mejor empresa e inversi\u00f3n\u201d.\",\"potentialAction\":[{\"@type\":\"SearchAction\",\"target\":{\"@type\":\"EntryPoint\",\"urlTemplate\":\"https:\/\/uniformesludo.cl\/?s={search_term_string}\"},\"query-input\":{\"@type\":\"PropertyValueSpecification\",\"valueRequired\":true,\"valueName\":\"search_term_string\"}}],\"inLanguage\":\"es\"}]}<\/script>\n<!-- \/ Yoast SEO plugin. -->","yoast_head_json":{"title":"Catre Cl\u00ednico el\u00e9ctrico 3 posiciones tipo UCI - Uniformes Ludo","robots":{"index":"index","follow":"follow","max-snippet":"max-snippet:-1","max-image-preview":"max-image-preview:large","max-video-preview":"max-video-preview:-1"},"canonical":"https:\/\/uniformesludo.cl\/index.php\/producto\/catre-clinico-electrico-3-posiciones-tipo-uci\/","og_locale":"es_ES","og_type":"article","og_title":"Catre Cl\u00ednico el\u00e9ctrico 3 posiciones tipo UCI - Uniformes Ludo","og_description":"Cotizar","og_url":"https:\/\/uniformesludo.cl\/index.php\/producto\/catre-clinico-electrico-3-posiciones-tipo-uci\/","og_site_name":"Uniformes Ludo","article_modified_time":"2023-11-20T19:24:43+00:00","og_image":[{"width":1632,"height":1224,"url":"https:\/\/uniformesludo.cl\/wp-content\/uploads\/2021\/12\/IMG_1790.jpg","type":"image\/jpeg"}],"twitter_card":"summary_large_image","schema":{"@context":"https:\/\/schema.org","@graph":[{"@type":"WebPage","@id":"https:\/\/uniformesludo.cl\/index.php\/producto\/catre-clinico-electrico-3-posiciones-tipo-uci\/","url":"https:\/\/uniformesludo.cl\/index.php\/producto\/catre-clinico-electrico-3-posiciones-tipo-uci\/","name":"Catre Cl\u00ednico el\u00e9ctrico 3 posiciones tipo UCI - Uniformes Ludo","isPartOf":{"@id":"https:\/\/uniformesludo.cl\/#website"},"primaryImageOfPage":{"@id":"https:\/\/uniformesludo.cl\/index.php\/producto\/catre-clinico-electrico-3-posiciones-tipo-uci\/#primaryimage"},"image":{"@id":"https:\/\/uniformesludo.cl\/index.php\/producto\/catre-clinico-electrico-3-posiciones-tipo-uci\/#primaryimage"},"thumbnailUrl":"https:\/\/uniformesludo.cl\/wp-content\/uploads\/2021\/12\/IMG_1790.jpg","datePublished":"2021-12-22T04:33:57+00:00","dateModified":"2023-11-20T19:24:43+00:00","breadcrumb":{"@id":"https:\/\/uniformesludo.cl\/index.php\/producto\/catre-clinico-electrico-3-posiciones-tipo-uci\/#breadcrumb"},"inLanguage":"es","potentialAction":[{"@type":"ReadAction","target":["https:\/\/uniformesludo.cl\/index.php\/producto\/catre-clinico-electrico-3-posiciones-tipo-uci\/"]}]},{"@type":"ImageObject","inLanguage":"es","@id":"https:\/\/uniformesludo.cl\/index.php\/producto\/catre-clinico-electrico-3-posiciones-tipo-uci\/#primaryimage","url":"https:\/\/uniformesludo.cl\/wp-content\/uploads\/2021\/12\/IMG_1790.jpg","contentUrl":"https:\/\/uniformesludo.cl\/wp-content\/uploads\/2021\/12\/IMG_1790.jpg","width":1632,"height":1224},{"@type":"BreadcrumbList","@id":"https:\/\/uniformesludo.cl\/index.php\/producto\/catre-clinico-electrico-3-posiciones-tipo-uci\/#breadcrumb","itemListElement":[{"@type":"ListItem","position":1,"name":"Portada","item":"https:\/\/uniformesludo.cl\/"},{"@type":"ListItem","position":2,"name":"Tienda","item":"https:\/\/uniformesludo.cl\/index.php\/tienda\/"},{"@type":"ListItem","position":3,"name":"Catre Cl\u00ednico el\u00e9ctrico 3 posiciones tipo UCI"}]},{"@type":"WebSite","@id":"https:\/\/uniformesludo.cl\/#website","url":"https:\/\/uniformesludo.cl\/","name":"Uniformes Ludo","description":"Es una de las empresas comercializadoras de Ropa de trabajo, confecci\u00f3n, productos de protecci\u00f3n, prevenci\u00f3n y seguridad una de las m\u00e1s importantes de nuestro pa\u00eds, reconocida a nivel Nacional, con numerosos clientes a lo largo de Chile que avalan su compromiso de calidad. De igual forma, existe una permanente preocupaci\u00f3n por mantener un servicio integral de excelencia que permita identificarnos como \u201cel mejor equipo, la mejor empresa e inversi\u00f3n\u201d.","potentialAction":[{"@type":"SearchAction","target":{"@type":"EntryPoint","urlTemplate":"https:\/\/uniformesludo.cl\/?s={search_term_string}"},"query-input":{"@type":"PropertyValueSpecification","valueRequired":true,"valueName":"search_term_string"}}],"inLanguage":"es"}]}},"_links":{"self":[{"href":"https:\/\/uniformesludo.cl\/index.php\/wp-json\/wp\/v2\/product\/10009963","targetHints":{"allow":["GET"]}}],"collection":[{"href":"https:\/\/uniformesludo.cl\/index.php\/wp-json\/wp\/v2\/product"}],"about":[{"href":"https:\/\/uniformesludo.cl\/index.php\/wp-json\/wp\/v2\/types\/product"}],"replies":[{"embeddable":true,"href":"https:\/\/uniformesludo.cl\/index.php\/wp-json\/wp\/v2\/comments?post=10009963"}],"wp:featuredmedia":[{"embeddable":true,"href":"https:\/\/uniformesludo.cl\/index.php\/wp-json\/wp\/v2\/media\/10009964"}],"wp:attachment":[{"href":"https:\/\/uniformesludo.cl\/index.php\/wp-json\/wp\/v2\/media?parent=10009963"}],"wp:term":[{"taxonomy":"product_brand","embeddable":true,"href":"https:\/\/uniformesludo.cl\/index.php\/wp-json\/wp\/v2\/product_brand?post=10009963"},{"taxonomy":"product_cat","embeddable":true,"href":"https:\/\/uniformesludo.cl\/index.php\/wp-json\/wp\/v2\/product_cat?post=10009963"},{"taxonomy":"product_tag","embeddable":true,"href":"https:\/\/uniformesludo.cl\/index.php\/wp-json\/wp\/v2\/product_tag?post=10009963"}],"curies":[{"name":"wp","href":"https:\/\/api.w.org\/{rel}","templated":true}]}}