{"id":10009783,"date":"2021-09-09T12:45:43","date_gmt":"2021-09-09T12:45:43","guid":{"rendered":"https:\/\/uniformesludo.cl\/?post_type=product&#038;p=10009783"},"modified":"2023-11-20T19:24:34","modified_gmt":"2023-11-20T19:24:34","slug":"alarma-manejo-antisueno","status":"publish","type":"product","link":"https:\/\/uniformesludo.cl\/index.php\/producto\/alarma-manejo-antisueno\/","title":{"rendered":"Alarma manejo Antisue\u00f1o"},"content":{"rendered":"<p>\u2022 Es un dispositivo que se conecta a su o\u00eddo y env\u00eda una pronta se\u00f1al ya que detecta los primeros signos de somnolencia y distracciones al volante.<\/p>\n<p><a href=\"https:\/\/uniformesludo.cl\/wp-content\/uploads\/2021\/09\/ALARMA-ANTI-SUENO-STEELPRO.pdf\">Ficha T\u00e9cnica<\/a><\/p>\n<p><a href=\"https:\/\/uniformesludo.cl\/wp-content\/uploads\/2021\/09\/ALARMA-ANTI-SUENO-STEELPRO-1.pdf\">ALARMA ANTI SUE\u00d1O STEELPRO <\/a><\/p>\n","protected":false},"excerpt":{"rendered":"<p><a id=\"btncotizar\" href=\"https:\/\/uniformesludo.cl\/index.php\/cotizacion\/\">Cotizar<\/a><\/p>\n","protected":false},"featured_media":10009786,"comment_status":"closed","ping_status":"closed","template":"","meta":[],"product_brand":[],"product_cat":[359,358],"product_tag":[],"class_list":{"0":"post-10009783","1":"product","2":"type-product","3":"status-publish","4":"has-post-thumbnail","6":"product_cat-alarma-manejo-antisueno","7":"product_cat-sistemas-emergencia","9":"first","10":"instock","11":"shipping-taxable","12":"product-type-simple"},"aioseo_notices":[],"yoast_head":"<!-- This site is optimized with the Yoast SEO plugin v26.5 - https:\/\/yoast.com\/wordpress\/plugins\/seo\/ -->\n<title>Alarma manejo Antisue\u00f1o - Uniformes Ludo<\/title>\n<meta name=\"robots\" content=\"index, follow, max-snippet:-1, max-image-preview:large, max-video-preview:-1\" \/>\n<link rel=\"canonical\" href=\"https:\/\/uniformesludo.cl\/index.php\/producto\/alarma-manejo-antisueno\/\" \/>\n<meta property=\"og:locale\" content=\"es_ES\" \/>\n<meta property=\"og:type\" content=\"article\" \/>\n<meta property=\"og:title\" content=\"Alarma manejo Antisue\u00f1o - Uniformes Ludo\" \/>\n<meta property=\"og:description\" content=\"Cotizar\" \/>\n<meta property=\"og:url\" content=\"https:\/\/uniformesludo.cl\/index.php\/producto\/alarma-manejo-antisueno\/\" \/>\n<meta property=\"og:site_name\" content=\"Uniformes Ludo\" \/>\n<meta property=\"article:modified_time\" content=\"2023-11-20T19:24:34+00:00\" \/>\n<meta property=\"og:image\" content=\"https:\/\/uniformesludo.cl\/wp-content\/uploads\/2021\/09\/16.jpg\" \/>\n\t<meta property=\"og:image:width\" content=\"621\" \/>\n\t<meta property=\"og:image:height\" content=\"621\" \/>\n\t<meta property=\"og:image:type\" content=\"image\/jpeg\" \/>\n<meta name=\"twitter:card\" content=\"summary_large_image\" \/>\n<script type=\"application\/ld+json\" class=\"yoast-schema-graph\">{\"@context\":\"https:\/\/schema.org\",\"@graph\":[{\"@type\":\"WebPage\",\"@id\":\"https:\/\/uniformesludo.cl\/index.php\/producto\/alarma-manejo-antisueno\/\",\"url\":\"https:\/\/uniformesludo.cl\/index.php\/producto\/alarma-manejo-antisueno\/\",\"name\":\"Alarma manejo Antisue\u00f1o - Uniformes Ludo\",\"isPartOf\":{\"@id\":\"https:\/\/uniformesludo.cl\/#website\"},\"primaryImageOfPage\":{\"@id\":\"https:\/\/uniformesludo.cl\/index.php\/producto\/alarma-manejo-antisueno\/#primaryimage\"},\"image\":{\"@id\":\"https:\/\/uniformesludo.cl\/index.php\/producto\/alarma-manejo-antisueno\/#primaryimage\"},\"thumbnailUrl\":\"https:\/\/uniformesludo.cl\/wp-content\/uploads\/2021\/09\/16.jpg\",\"datePublished\":\"2021-09-09T12:45:43+00:00\",\"dateModified\":\"2023-11-20T19:24:34+00:00\",\"breadcrumb\":{\"@id\":\"https:\/\/uniformesludo.cl\/index.php\/producto\/alarma-manejo-antisueno\/#breadcrumb\"},\"inLanguage\":\"es\",\"potentialAction\":[{\"@type\":\"ReadAction\",\"target\":[\"https:\/\/uniformesludo.cl\/index.php\/producto\/alarma-manejo-antisueno\/\"]}]},{\"@type\":\"ImageObject\",\"inLanguage\":\"es\",\"@id\":\"https:\/\/uniformesludo.cl\/index.php\/producto\/alarma-manejo-antisueno\/#primaryimage\",\"url\":\"https:\/\/uniformesludo.cl\/wp-content\/uploads\/2021\/09\/16.jpg\",\"contentUrl\":\"https:\/\/uniformesludo.cl\/wp-content\/uploads\/2021\/09\/16.jpg\",\"width\":621,\"height\":621},{\"@type\":\"BreadcrumbList\",\"@id\":\"https:\/\/uniformesludo.cl\/index.php\/producto\/alarma-manejo-antisueno\/#breadcrumb\",\"itemListElement\":[{\"@type\":\"ListItem\",\"position\":1,\"name\":\"Portada\",\"item\":\"https:\/\/uniformesludo.cl\/\"},{\"@type\":\"ListItem\",\"position\":2,\"name\":\"Tienda\",\"item\":\"https:\/\/uniformesludo.cl\/index.php\/tienda\/\"},{\"@type\":\"ListItem\",\"position\":3,\"name\":\"Alarma manejo Antisue\u00f1o\"}]},{\"@type\":\"WebSite\",\"@id\":\"https:\/\/uniformesludo.cl\/#website\",\"url\":\"https:\/\/uniformesludo.cl\/\",\"name\":\"Uniformes Ludo\",\"description\":\"Es una de las empresas comercializadoras de Ropa de trabajo, confecci\u00f3n, productos de protecci\u00f3n, prevenci\u00f3n y seguridad una de las m\u00e1s importantes de nuestro pa\u00eds, reconocida a nivel Nacional, con numerosos clientes a lo largo de Chile que avalan su compromiso de calidad. De igual forma, existe una permanente preocupaci\u00f3n por mantener un servicio integral de excelencia que permita identificarnos como \u201cel mejor equipo, la mejor empresa e inversi\u00f3n\u201d.\",\"potentialAction\":[{\"@type\":\"SearchAction\",\"target\":{\"@type\":\"EntryPoint\",\"urlTemplate\":\"https:\/\/uniformesludo.cl\/?s={search_term_string}\"},\"query-input\":{\"@type\":\"PropertyValueSpecification\",\"valueRequired\":true,\"valueName\":\"search_term_string\"}}],\"inLanguage\":\"es\"}]}<\/script>\n<!-- \/ Yoast SEO plugin. -->","yoast_head_json":{"title":"Alarma manejo Antisue\u00f1o - Uniformes Ludo","robots":{"index":"index","follow":"follow","max-snippet":"max-snippet:-1","max-image-preview":"max-image-preview:large","max-video-preview":"max-video-preview:-1"},"canonical":"https:\/\/uniformesludo.cl\/index.php\/producto\/alarma-manejo-antisueno\/","og_locale":"es_ES","og_type":"article","og_title":"Alarma manejo Antisue\u00f1o - Uniformes Ludo","og_description":"Cotizar","og_url":"https:\/\/uniformesludo.cl\/index.php\/producto\/alarma-manejo-antisueno\/","og_site_name":"Uniformes Ludo","article_modified_time":"2023-11-20T19:24:34+00:00","og_image":[{"width":621,"height":621,"url":"https:\/\/uniformesludo.cl\/wp-content\/uploads\/2021\/09\/16.jpg","type":"image\/jpeg"}],"twitter_card":"summary_large_image","schema":{"@context":"https:\/\/schema.org","@graph":[{"@type":"WebPage","@id":"https:\/\/uniformesludo.cl\/index.php\/producto\/alarma-manejo-antisueno\/","url":"https:\/\/uniformesludo.cl\/index.php\/producto\/alarma-manejo-antisueno\/","name":"Alarma manejo Antisue\u00f1o - Uniformes Ludo","isPartOf":{"@id":"https:\/\/uniformesludo.cl\/#website"},"primaryImageOfPage":{"@id":"https:\/\/uniformesludo.cl\/index.php\/producto\/alarma-manejo-antisueno\/#primaryimage"},"image":{"@id":"https:\/\/uniformesludo.cl\/index.php\/producto\/alarma-manejo-antisueno\/#primaryimage"},"thumbnailUrl":"https:\/\/uniformesludo.cl\/wp-content\/uploads\/2021\/09\/16.jpg","datePublished":"2021-09-09T12:45:43+00:00","dateModified":"2023-11-20T19:24:34+00:00","breadcrumb":{"@id":"https:\/\/uniformesludo.cl\/index.php\/producto\/alarma-manejo-antisueno\/#breadcrumb"},"inLanguage":"es","potentialAction":[{"@type":"ReadAction","target":["https:\/\/uniformesludo.cl\/index.php\/producto\/alarma-manejo-antisueno\/"]}]},{"@type":"ImageObject","inLanguage":"es","@id":"https:\/\/uniformesludo.cl\/index.php\/producto\/alarma-manejo-antisueno\/#primaryimage","url":"https:\/\/uniformesludo.cl\/wp-content\/uploads\/2021\/09\/16.jpg","contentUrl":"https:\/\/uniformesludo.cl\/wp-content\/uploads\/2021\/09\/16.jpg","width":621,"height":621},{"@type":"BreadcrumbList","@id":"https:\/\/uniformesludo.cl\/index.php\/producto\/alarma-manejo-antisueno\/#breadcrumb","itemListElement":[{"@type":"ListItem","position":1,"name":"Portada","item":"https:\/\/uniformesludo.cl\/"},{"@type":"ListItem","position":2,"name":"Tienda","item":"https:\/\/uniformesludo.cl\/index.php\/tienda\/"},{"@type":"ListItem","position":3,"name":"Alarma manejo Antisue\u00f1o"}]},{"@type":"WebSite","@id":"https:\/\/uniformesludo.cl\/#website","url":"https:\/\/uniformesludo.cl\/","name":"Uniformes Ludo","description":"Es una de las empresas comercializadoras de Ropa de trabajo, confecci\u00f3n, productos de protecci\u00f3n, prevenci\u00f3n y seguridad una de las m\u00e1s importantes de nuestro pa\u00eds, reconocida a nivel Nacional, con numerosos clientes a lo largo de Chile que avalan su compromiso de calidad. De igual forma, existe una permanente preocupaci\u00f3n por mantener un servicio integral de excelencia que permita identificarnos como \u201cel mejor equipo, la mejor empresa e inversi\u00f3n\u201d.","potentialAction":[{"@type":"SearchAction","target":{"@type":"EntryPoint","urlTemplate":"https:\/\/uniformesludo.cl\/?s={search_term_string}"},"query-input":{"@type":"PropertyValueSpecification","valueRequired":true,"valueName":"search_term_string"}}],"inLanguage":"es"}]}},"_links":{"self":[{"href":"https:\/\/uniformesludo.cl\/index.php\/wp-json\/wp\/v2\/product\/10009783","targetHints":{"allow":["GET"]}}],"collection":[{"href":"https:\/\/uniformesludo.cl\/index.php\/wp-json\/wp\/v2\/product"}],"about":[{"href":"https:\/\/uniformesludo.cl\/index.php\/wp-json\/wp\/v2\/types\/product"}],"replies":[{"embeddable":true,"href":"https:\/\/uniformesludo.cl\/index.php\/wp-json\/wp\/v2\/comments?post=10009783"}],"wp:featuredmedia":[{"embeddable":true,"href":"https:\/\/uniformesludo.cl\/index.php\/wp-json\/wp\/v2\/media\/10009786"}],"wp:attachment":[{"href":"https:\/\/uniformesludo.cl\/index.php\/wp-json\/wp\/v2\/media?parent=10009783"}],"wp:term":[{"taxonomy":"product_brand","embeddable":true,"href":"https:\/\/uniformesludo.cl\/index.php\/wp-json\/wp\/v2\/product_brand?post=10009783"},{"taxonomy":"product_cat","embeddable":true,"href":"https:\/\/uniformesludo.cl\/index.php\/wp-json\/wp\/v2\/product_cat?post=10009783"},{"taxonomy":"product_tag","embeddable":true,"href":"https:\/\/uniformesludo.cl\/index.php\/wp-json\/wp\/v2\/product_tag?post=10009783"}],"curies":[{"name":"wp","href":"https:\/\/api.w.org\/{rel}","templated":true}]}}