{"id":10009636,"date":"2021-09-07T21:23:30","date_gmt":"2021-09-07T21:23:30","guid":{"rendered":"https:\/\/uniformesludo.cl\/?post_type=product&#038;p=10009636"},"modified":"2023-11-20T19:24:12","modified_gmt":"2023-11-20T19:24:12","slug":"lavaojos-steelpro-portatil","status":"publish","type":"product","link":"https:\/\/uniformesludo.cl\/index.php\/producto\/lavaojos-steelpro-portatil\/","title":{"rendered":"LAVAOJOS STEELPRO PORTATIL"},"content":{"rendered":"<p>El modelo lavaojos port\u00e1til est\u00e1 confeccionado de Polietileno de alta resistencia de color verde, modelo SAS.<\/p>\n<p>Posee una manilla de transporte y un mecanismo de empotramiento a muralla que soporta el peso de la unidad con su carga completa de l\u00edquido.<\/p>\n<p>Capacidad de llenado de 34 litros accionado por gravedad, utiliza la diferencia de presi\u00f3n que existe entre el ambiente y su interior para entregar un spray dual en sus cabezales.<\/p>\n<p><a href=\"https:\/\/uniformesludo.cl\/wp-content\/uploads\/2021\/09\/250700530004-FT-LAVA-OJOS-PORTATIL-STEELPRO.pdf\"> Ficha T\u00e9cnica<\/a><\/p>\n<p><a href=\"https:\/\/uniformesludo.cl\/wp-content\/uploads\/2021\/09\/CERTIFICADO-LAVAOJOS-PORTATIL-VERDE.pdf\">CERTIFICADO LAVAOJOS PORTATIL VERDE<\/a><\/p>\n<p><a href=\"https:\/\/uniformesludo.cl\/wp-content\/uploads\/2021\/09\/CATALOGO-DUCHAS-LAVAOJOS-5.pdf\">CATALOGO DUCHAS LAVAOJOS <\/a><\/p>\n<p><a href=\"https:\/\/uniformesludo.cl\/wp-content\/uploads\/2021\/09\/PRESERVANTE-PARA-LAVAOJOS-PORTATIL-SAS-250700010296.pdf\">PRESERVANTE PARA LAVAOJOS PORTATIL SAS 250700010296<\/a><\/p>\n","protected":false},"excerpt":{"rendered":"<p><a id=\"btncotizar\" href=\"https:\/\/uniformesludo.cl\/index.php\/cotizacion\/\">Cotizar<\/a><\/p>\n","protected":false},"featured_media":10009635,"comment_status":"closed","ping_status":"closed","template":"","meta":[],"product_brand":[],"product_cat":[333,334],"product_tag":[],"class_list":{"0":"post-10009636","1":"product","2":"type-product","3":"status-publish","4":"has-post-thumbnail","6":"product_cat-duchas-y-lava-ojos","7":"product_cat-lavaojos-portatil","9":"first","10":"instock","11":"shipping-taxable","12":"product-type-simple"},"aioseo_notices":[],"yoast_head":"<!-- This site is optimized with the Yoast SEO plugin v26.5 - https:\/\/yoast.com\/wordpress\/plugins\/seo\/ -->\n<title>LAVAOJOS STEELPRO PORTATIL - Uniformes Ludo<\/title>\n<meta name=\"robots\" content=\"index, follow, max-snippet:-1, max-image-preview:large, max-video-preview:-1\" \/>\n<link rel=\"canonical\" href=\"https:\/\/uniformesludo.cl\/index.php\/producto\/lavaojos-steelpro-portatil\/\" \/>\n<meta property=\"og:locale\" content=\"es_ES\" \/>\n<meta property=\"og:type\" content=\"article\" \/>\n<meta property=\"og:title\" content=\"LAVAOJOS STEELPRO PORTATIL - Uniformes Ludo\" \/>\n<meta property=\"og:description\" content=\"Cotizar\" \/>\n<meta property=\"og:url\" content=\"https:\/\/uniformesludo.cl\/index.php\/producto\/lavaojos-steelpro-portatil\/\" \/>\n<meta property=\"og:site_name\" content=\"Uniformes Ludo\" \/>\n<meta property=\"article:modified_time\" content=\"2023-11-20T19:24:12+00:00\" \/>\n<meta property=\"og:image\" content=\"https:\/\/uniformesludo.cl\/wp-content\/uploads\/2021\/09\/aa8.jpg\" \/>\n\t<meta property=\"og:image:width\" content=\"621\" \/>\n\t<meta property=\"og:image:height\" content=\"621\" \/>\n\t<meta property=\"og:image:type\" content=\"image\/jpeg\" \/>\n<meta name=\"twitter:card\" content=\"summary_large_image\" \/>\n<script type=\"application\/ld+json\" class=\"yoast-schema-graph\">{\"@context\":\"https:\/\/schema.org\",\"@graph\":[{\"@type\":\"WebPage\",\"@id\":\"https:\/\/uniformesludo.cl\/index.php\/producto\/lavaojos-steelpro-portatil\/\",\"url\":\"https:\/\/uniformesludo.cl\/index.php\/producto\/lavaojos-steelpro-portatil\/\",\"name\":\"LAVAOJOS STEELPRO PORTATIL - Uniformes Ludo\",\"isPartOf\":{\"@id\":\"https:\/\/uniformesludo.cl\/#website\"},\"primaryImageOfPage\":{\"@id\":\"https:\/\/uniformesludo.cl\/index.php\/producto\/lavaojos-steelpro-portatil\/#primaryimage\"},\"image\":{\"@id\":\"https:\/\/uniformesludo.cl\/index.php\/producto\/lavaojos-steelpro-portatil\/#primaryimage\"},\"thumbnailUrl\":\"https:\/\/uniformesludo.cl\/wp-content\/uploads\/2021\/09\/aa8.jpg\",\"datePublished\":\"2021-09-07T21:23:30+00:00\",\"dateModified\":\"2023-11-20T19:24:12+00:00\",\"breadcrumb\":{\"@id\":\"https:\/\/uniformesludo.cl\/index.php\/producto\/lavaojos-steelpro-portatil\/#breadcrumb\"},\"inLanguage\":\"es\",\"potentialAction\":[{\"@type\":\"ReadAction\",\"target\":[\"https:\/\/uniformesludo.cl\/index.php\/producto\/lavaojos-steelpro-portatil\/\"]}]},{\"@type\":\"ImageObject\",\"inLanguage\":\"es\",\"@id\":\"https:\/\/uniformesludo.cl\/index.php\/producto\/lavaojos-steelpro-portatil\/#primaryimage\",\"url\":\"https:\/\/uniformesludo.cl\/wp-content\/uploads\/2021\/09\/aa8.jpg\",\"contentUrl\":\"https:\/\/uniformesludo.cl\/wp-content\/uploads\/2021\/09\/aa8.jpg\",\"width\":621,\"height\":621},{\"@type\":\"BreadcrumbList\",\"@id\":\"https:\/\/uniformesludo.cl\/index.php\/producto\/lavaojos-steelpro-portatil\/#breadcrumb\",\"itemListElement\":[{\"@type\":\"ListItem\",\"position\":1,\"name\":\"Portada\",\"item\":\"https:\/\/uniformesludo.cl\/\"},{\"@type\":\"ListItem\",\"position\":2,\"name\":\"Tienda\",\"item\":\"https:\/\/uniformesludo.cl\/index.php\/tienda\/\"},{\"@type\":\"ListItem\",\"position\":3,\"name\":\"LAVAOJOS STEELPRO PORTATIL\"}]},{\"@type\":\"WebSite\",\"@id\":\"https:\/\/uniformesludo.cl\/#website\",\"url\":\"https:\/\/uniformesludo.cl\/\",\"name\":\"Uniformes Ludo\",\"description\":\"Es una de las empresas comercializadoras de Ropa de trabajo, confecci\u00f3n, productos de protecci\u00f3n, prevenci\u00f3n y seguridad una de las m\u00e1s importantes de nuestro pa\u00eds, reconocida a nivel Nacional, con numerosos clientes a lo largo de Chile que avalan su compromiso de calidad. De igual forma, existe una permanente preocupaci\u00f3n por mantener un servicio integral de excelencia que permita identificarnos como \u201cel mejor equipo, la mejor empresa e inversi\u00f3n\u201d.\",\"potentialAction\":[{\"@type\":\"SearchAction\",\"target\":{\"@type\":\"EntryPoint\",\"urlTemplate\":\"https:\/\/uniformesludo.cl\/?s={search_term_string}\"},\"query-input\":{\"@type\":\"PropertyValueSpecification\",\"valueRequired\":true,\"valueName\":\"search_term_string\"}}],\"inLanguage\":\"es\"}]}<\/script>\n<!-- \/ Yoast SEO plugin. -->","yoast_head_json":{"title":"LAVAOJOS STEELPRO PORTATIL - Uniformes Ludo","robots":{"index":"index","follow":"follow","max-snippet":"max-snippet:-1","max-image-preview":"max-image-preview:large","max-video-preview":"max-video-preview:-1"},"canonical":"https:\/\/uniformesludo.cl\/index.php\/producto\/lavaojos-steelpro-portatil\/","og_locale":"es_ES","og_type":"article","og_title":"LAVAOJOS STEELPRO PORTATIL - Uniformes Ludo","og_description":"Cotizar","og_url":"https:\/\/uniformesludo.cl\/index.php\/producto\/lavaojos-steelpro-portatil\/","og_site_name":"Uniformes Ludo","article_modified_time":"2023-11-20T19:24:12+00:00","og_image":[{"width":621,"height":621,"url":"https:\/\/uniformesludo.cl\/wp-content\/uploads\/2021\/09\/aa8.jpg","type":"image\/jpeg"}],"twitter_card":"summary_large_image","schema":{"@context":"https:\/\/schema.org","@graph":[{"@type":"WebPage","@id":"https:\/\/uniformesludo.cl\/index.php\/producto\/lavaojos-steelpro-portatil\/","url":"https:\/\/uniformesludo.cl\/index.php\/producto\/lavaojos-steelpro-portatil\/","name":"LAVAOJOS STEELPRO PORTATIL - Uniformes Ludo","isPartOf":{"@id":"https:\/\/uniformesludo.cl\/#website"},"primaryImageOfPage":{"@id":"https:\/\/uniformesludo.cl\/index.php\/producto\/lavaojos-steelpro-portatil\/#primaryimage"},"image":{"@id":"https:\/\/uniformesludo.cl\/index.php\/producto\/lavaojos-steelpro-portatil\/#primaryimage"},"thumbnailUrl":"https:\/\/uniformesludo.cl\/wp-content\/uploads\/2021\/09\/aa8.jpg","datePublished":"2021-09-07T21:23:30+00:00","dateModified":"2023-11-20T19:24:12+00:00","breadcrumb":{"@id":"https:\/\/uniformesludo.cl\/index.php\/producto\/lavaojos-steelpro-portatil\/#breadcrumb"},"inLanguage":"es","potentialAction":[{"@type":"ReadAction","target":["https:\/\/uniformesludo.cl\/index.php\/producto\/lavaojos-steelpro-portatil\/"]}]},{"@type":"ImageObject","inLanguage":"es","@id":"https:\/\/uniformesludo.cl\/index.php\/producto\/lavaojos-steelpro-portatil\/#primaryimage","url":"https:\/\/uniformesludo.cl\/wp-content\/uploads\/2021\/09\/aa8.jpg","contentUrl":"https:\/\/uniformesludo.cl\/wp-content\/uploads\/2021\/09\/aa8.jpg","width":621,"height":621},{"@type":"BreadcrumbList","@id":"https:\/\/uniformesludo.cl\/index.php\/producto\/lavaojos-steelpro-portatil\/#breadcrumb","itemListElement":[{"@type":"ListItem","position":1,"name":"Portada","item":"https:\/\/uniformesludo.cl\/"},{"@type":"ListItem","position":2,"name":"Tienda","item":"https:\/\/uniformesludo.cl\/index.php\/tienda\/"},{"@type":"ListItem","position":3,"name":"LAVAOJOS STEELPRO PORTATIL"}]},{"@type":"WebSite","@id":"https:\/\/uniformesludo.cl\/#website","url":"https:\/\/uniformesludo.cl\/","name":"Uniformes Ludo","description":"Es una de las empresas comercializadoras de Ropa de trabajo, confecci\u00f3n, productos de protecci\u00f3n, prevenci\u00f3n y seguridad una de las m\u00e1s importantes de nuestro pa\u00eds, reconocida a nivel Nacional, con numerosos clientes a lo largo de Chile que avalan su compromiso de calidad. De igual forma, existe una permanente preocupaci\u00f3n por mantener un servicio integral de excelencia que permita identificarnos como \u201cel mejor equipo, la mejor empresa e inversi\u00f3n\u201d.","potentialAction":[{"@type":"SearchAction","target":{"@type":"EntryPoint","urlTemplate":"https:\/\/uniformesludo.cl\/?s={search_term_string}"},"query-input":{"@type":"PropertyValueSpecification","valueRequired":true,"valueName":"search_term_string"}}],"inLanguage":"es"}]}},"_links":{"self":[{"href":"https:\/\/uniformesludo.cl\/index.php\/wp-json\/wp\/v2\/product\/10009636","targetHints":{"allow":["GET"]}}],"collection":[{"href":"https:\/\/uniformesludo.cl\/index.php\/wp-json\/wp\/v2\/product"}],"about":[{"href":"https:\/\/uniformesludo.cl\/index.php\/wp-json\/wp\/v2\/types\/product"}],"replies":[{"embeddable":true,"href":"https:\/\/uniformesludo.cl\/index.php\/wp-json\/wp\/v2\/comments?post=10009636"}],"wp:featuredmedia":[{"embeddable":true,"href":"https:\/\/uniformesludo.cl\/index.php\/wp-json\/wp\/v2\/media\/10009635"}],"wp:attachment":[{"href":"https:\/\/uniformesludo.cl\/index.php\/wp-json\/wp\/v2\/media?parent=10009636"}],"wp:term":[{"taxonomy":"product_brand","embeddable":true,"href":"https:\/\/uniformesludo.cl\/index.php\/wp-json\/wp\/v2\/product_brand?post=10009636"},{"taxonomy":"product_cat","embeddable":true,"href":"https:\/\/uniformesludo.cl\/index.php\/wp-json\/wp\/v2\/product_cat?post=10009636"},{"taxonomy":"product_tag","embeddable":true,"href":"https:\/\/uniformesludo.cl\/index.php\/wp-json\/wp\/v2\/product_tag?post=10009636"}],"curies":[{"name":"wp","href":"https:\/\/api.w.org\/{rel}","templated":true}]}}