{"id":10009567,"date":"2021-09-07T07:39:36","date_gmt":"2021-09-07T07:39:36","guid":{"rendered":"https:\/\/uniformesludo.cl\/?post_type=product&#038;p=10009567"},"modified":"2023-11-20T19:24:07","modified_gmt":"2023-11-20T19:24:07","slug":"ducha-lava-ojos-steelpro-b-temp-bd-580","status":"publish","type":"product","link":"https:\/\/uniformesludo.cl\/index.php\/producto\/ducha-lava-ojos-steelpro-b-temp-bd-580\/","title":{"rendered":"DUCHA LAVA OJOS STEELPRO B-TEMP (BD-580)"},"content":{"rendered":"<p>El modelo Steelpro B \u2013 TEMP (BD-580) es un equipo que est\u00e1 desarrollado para asegurar una protecci\u00f3n eficaz en ambientes con temperaturas que oscilan entre los -35\u00b0C y los 45\u00b0C.<\/p>\n<p>Posee una alarma que se activa mediante el funcionamiento de la ducha o el lavaojos.<\/p>\n<p>Sus componentes principales corresponden a un sistema de tuber\u00edas de acero inoxidable (304SS), una cinta t\u00e9rmica que regula la temperatura de las tuber\u00edas, una capa t\u00e9rmica exterior, alarma sonora y visual, interruptor de flujo y caja de control antiexplosiva con sistema de cableado anticongelante.<\/p>\n<p><a href=\"https:\/\/uniformesludo.cl\/wp-content\/uploads\/2021\/09\/250700530003-FT-DUCHAS-Y-LAVA-OJO-B-TEMP-STEELPRO-BD-580.pdf\">Ficha T\u00e9cnica<\/a><\/p>\n<p><a href=\"https:\/\/uniformesludo.cl\/wp-content\/uploads\/2021\/09\/CERTIFICACION-DUCHAS-LAVAOJOS-STEELPRO-2.pdf\">CERTIFICACI\u00d3N DUCHAS LAVAOJOS STEELPRO <\/a><\/p>\n<p><a href=\"https:\/\/uniformesludo.cl\/wp-content\/uploads\/2021\/09\/Triptico-Duchas-Lava-Ojos-Steelpro-3.pdf\">Triptico Duchas Lava Ojos Steelpro <\/a><\/p>\n<p><a href=\"https:\/\/uniformesludo.cl\/wp-content\/uploads\/2021\/09\/CODIGOS-CERTIFICACION-DUCHAS-LAVAOJOS-STEELPRO-1.pdf\">CODIGOS CERTIFICACI\u00d3N DUCHAS LAVAOJOS STEELPRO <\/a><\/p>\n<p><a href=\"https:\/\/uniformesludo.cl\/wp-content\/uploads\/2021\/09\/ANSI-Certification-Duchas-lavaojos-2.pdf\">ANSI Certification Duchas lavaojos <\/a><\/p>\n","protected":false},"excerpt":{"rendered":"<p><a id=\"btncotizar\" href=\"https:\/\/uniformesludo.cl\/index.php\/cotizacion\/\">Cotizar<\/a><\/p>\n","protected":false},"featured_media":10009573,"comment_status":"closed","ping_status":"closed","template":"","meta":[],"product_brand":[],"product_cat":[333,335,336],"product_tag":[],"class_list":{"0":"post-10009567","1":"product","2":"type-product","3":"status-publish","4":"has-post-thumbnail","6":"product_cat-duchas-y-lava-ojos","7":"product_cat-botellas-lavaojos","8":"product_cat-duchas-baja-temperatura","10":"first","11":"instock","12":"shipping-taxable","13":"product-type-simple"},"aioseo_notices":[],"yoast_head":"<!-- This site is optimized with the Yoast SEO plugin v26.5 - https:\/\/yoast.com\/wordpress\/plugins\/seo\/ -->\n<title>DUCHA LAVA OJOS STEELPRO B-TEMP (BD-580) - Uniformes Ludo<\/title>\n<meta name=\"robots\" content=\"index, follow, max-snippet:-1, max-image-preview:large, max-video-preview:-1\" \/>\n<link rel=\"canonical\" href=\"https:\/\/uniformesludo.cl\/index.php\/producto\/ducha-lava-ojos-steelpro-b-temp-bd-580\/\" \/>\n<meta property=\"og:locale\" content=\"es_ES\" \/>\n<meta property=\"og:type\" content=\"article\" \/>\n<meta property=\"og:title\" content=\"DUCHA LAVA OJOS STEELPRO B-TEMP (BD-580) - Uniformes Ludo\" \/>\n<meta property=\"og:description\" content=\"Cotizar\" \/>\n<meta property=\"og:url\" content=\"https:\/\/uniformesludo.cl\/index.php\/producto\/ducha-lava-ojos-steelpro-b-temp-bd-580\/\" \/>\n<meta property=\"og:site_name\" content=\"Uniformes Ludo\" \/>\n<meta property=\"article:modified_time\" content=\"2023-11-20T19:24:07+00:00\" \/>\n<meta property=\"og:image\" content=\"https:\/\/uniformesludo.cl\/wp-content\/uploads\/2021\/09\/bb.jpg\" \/>\n\t<meta property=\"og:image:width\" content=\"621\" \/>\n\t<meta property=\"og:image:height\" content=\"621\" \/>\n\t<meta property=\"og:image:type\" content=\"image\/jpeg\" \/>\n<meta name=\"twitter:card\" content=\"summary_large_image\" \/>\n<meta name=\"twitter:label1\" content=\"Tiempo de lectura\" \/>\n\t<meta name=\"twitter:data1\" content=\"1 minuto\" \/>\n<script type=\"application\/ld+json\" class=\"yoast-schema-graph\">{\"@context\":\"https:\/\/schema.org\",\"@graph\":[{\"@type\":\"WebPage\",\"@id\":\"https:\/\/uniformesludo.cl\/index.php\/producto\/ducha-lava-ojos-steelpro-b-temp-bd-580\/\",\"url\":\"https:\/\/uniformesludo.cl\/index.php\/producto\/ducha-lava-ojos-steelpro-b-temp-bd-580\/\",\"name\":\"DUCHA LAVA OJOS STEELPRO B-TEMP (BD-580) - Uniformes Ludo\",\"isPartOf\":{\"@id\":\"https:\/\/uniformesludo.cl\/#website\"},\"primaryImageOfPage\":{\"@id\":\"https:\/\/uniformesludo.cl\/index.php\/producto\/ducha-lava-ojos-steelpro-b-temp-bd-580\/#primaryimage\"},\"image\":{\"@id\":\"https:\/\/uniformesludo.cl\/index.php\/producto\/ducha-lava-ojos-steelpro-b-temp-bd-580\/#primaryimage\"},\"thumbnailUrl\":\"https:\/\/uniformesludo.cl\/wp-content\/uploads\/2021\/09\/bb.jpg\",\"datePublished\":\"2021-09-07T07:39:36+00:00\",\"dateModified\":\"2023-11-20T19:24:07+00:00\",\"breadcrumb\":{\"@id\":\"https:\/\/uniformesludo.cl\/index.php\/producto\/ducha-lava-ojos-steelpro-b-temp-bd-580\/#breadcrumb\"},\"inLanguage\":\"es\",\"potentialAction\":[{\"@type\":\"ReadAction\",\"target\":[\"https:\/\/uniformesludo.cl\/index.php\/producto\/ducha-lava-ojos-steelpro-b-temp-bd-580\/\"]}]},{\"@type\":\"ImageObject\",\"inLanguage\":\"es\",\"@id\":\"https:\/\/uniformesludo.cl\/index.php\/producto\/ducha-lava-ojos-steelpro-b-temp-bd-580\/#primaryimage\",\"url\":\"https:\/\/uniformesludo.cl\/wp-content\/uploads\/2021\/09\/bb.jpg\",\"contentUrl\":\"https:\/\/uniformesludo.cl\/wp-content\/uploads\/2021\/09\/bb.jpg\",\"width\":621,\"height\":621},{\"@type\":\"BreadcrumbList\",\"@id\":\"https:\/\/uniformesludo.cl\/index.php\/producto\/ducha-lava-ojos-steelpro-b-temp-bd-580\/#breadcrumb\",\"itemListElement\":[{\"@type\":\"ListItem\",\"position\":1,\"name\":\"Portada\",\"item\":\"https:\/\/uniformesludo.cl\/\"},{\"@type\":\"ListItem\",\"position\":2,\"name\":\"Tienda\",\"item\":\"https:\/\/uniformesludo.cl\/index.php\/tienda\/\"},{\"@type\":\"ListItem\",\"position\":3,\"name\":\"DUCHA LAVA OJOS STEELPRO B-TEMP (BD-580)\"}]},{\"@type\":\"WebSite\",\"@id\":\"https:\/\/uniformesludo.cl\/#website\",\"url\":\"https:\/\/uniformesludo.cl\/\",\"name\":\"Uniformes Ludo\",\"description\":\"Es una de las empresas comercializadoras de Ropa de trabajo, confecci\u00f3n, productos de protecci\u00f3n, prevenci\u00f3n y seguridad una de las m\u00e1s importantes de nuestro pa\u00eds, reconocida a nivel Nacional, con numerosos clientes a lo largo de Chile que avalan su compromiso de calidad. De igual forma, existe una permanente preocupaci\u00f3n por mantener un servicio integral de excelencia que permita identificarnos como \u201cel mejor equipo, la mejor empresa e inversi\u00f3n\u201d.\",\"potentialAction\":[{\"@type\":\"SearchAction\",\"target\":{\"@type\":\"EntryPoint\",\"urlTemplate\":\"https:\/\/uniformesludo.cl\/?s={search_term_string}\"},\"query-input\":{\"@type\":\"PropertyValueSpecification\",\"valueRequired\":true,\"valueName\":\"search_term_string\"}}],\"inLanguage\":\"es\"}]}<\/script>\n<!-- \/ Yoast SEO plugin. -->","yoast_head_json":{"title":"DUCHA LAVA OJOS STEELPRO B-TEMP (BD-580) - Uniformes Ludo","robots":{"index":"index","follow":"follow","max-snippet":"max-snippet:-1","max-image-preview":"max-image-preview:large","max-video-preview":"max-video-preview:-1"},"canonical":"https:\/\/uniformesludo.cl\/index.php\/producto\/ducha-lava-ojos-steelpro-b-temp-bd-580\/","og_locale":"es_ES","og_type":"article","og_title":"DUCHA LAVA OJOS STEELPRO B-TEMP (BD-580) - Uniformes Ludo","og_description":"Cotizar","og_url":"https:\/\/uniformesludo.cl\/index.php\/producto\/ducha-lava-ojos-steelpro-b-temp-bd-580\/","og_site_name":"Uniformes Ludo","article_modified_time":"2023-11-20T19:24:07+00:00","og_image":[{"width":621,"height":621,"url":"https:\/\/uniformesludo.cl\/wp-content\/uploads\/2021\/09\/bb.jpg","type":"image\/jpeg"}],"twitter_card":"summary_large_image","twitter_misc":{"Tiempo de lectura":"1 minuto"},"schema":{"@context":"https:\/\/schema.org","@graph":[{"@type":"WebPage","@id":"https:\/\/uniformesludo.cl\/index.php\/producto\/ducha-lava-ojos-steelpro-b-temp-bd-580\/","url":"https:\/\/uniformesludo.cl\/index.php\/producto\/ducha-lava-ojos-steelpro-b-temp-bd-580\/","name":"DUCHA LAVA OJOS STEELPRO B-TEMP (BD-580) - Uniformes Ludo","isPartOf":{"@id":"https:\/\/uniformesludo.cl\/#website"},"primaryImageOfPage":{"@id":"https:\/\/uniformesludo.cl\/index.php\/producto\/ducha-lava-ojos-steelpro-b-temp-bd-580\/#primaryimage"},"image":{"@id":"https:\/\/uniformesludo.cl\/index.php\/producto\/ducha-lava-ojos-steelpro-b-temp-bd-580\/#primaryimage"},"thumbnailUrl":"https:\/\/uniformesludo.cl\/wp-content\/uploads\/2021\/09\/bb.jpg","datePublished":"2021-09-07T07:39:36+00:00","dateModified":"2023-11-20T19:24:07+00:00","breadcrumb":{"@id":"https:\/\/uniformesludo.cl\/index.php\/producto\/ducha-lava-ojos-steelpro-b-temp-bd-580\/#breadcrumb"},"inLanguage":"es","potentialAction":[{"@type":"ReadAction","target":["https:\/\/uniformesludo.cl\/index.php\/producto\/ducha-lava-ojos-steelpro-b-temp-bd-580\/"]}]},{"@type":"ImageObject","inLanguage":"es","@id":"https:\/\/uniformesludo.cl\/index.php\/producto\/ducha-lava-ojos-steelpro-b-temp-bd-580\/#primaryimage","url":"https:\/\/uniformesludo.cl\/wp-content\/uploads\/2021\/09\/bb.jpg","contentUrl":"https:\/\/uniformesludo.cl\/wp-content\/uploads\/2021\/09\/bb.jpg","width":621,"height":621},{"@type":"BreadcrumbList","@id":"https:\/\/uniformesludo.cl\/index.php\/producto\/ducha-lava-ojos-steelpro-b-temp-bd-580\/#breadcrumb","itemListElement":[{"@type":"ListItem","position":1,"name":"Portada","item":"https:\/\/uniformesludo.cl\/"},{"@type":"ListItem","position":2,"name":"Tienda","item":"https:\/\/uniformesludo.cl\/index.php\/tienda\/"},{"@type":"ListItem","position":3,"name":"DUCHA LAVA OJOS STEELPRO B-TEMP (BD-580)"}]},{"@type":"WebSite","@id":"https:\/\/uniformesludo.cl\/#website","url":"https:\/\/uniformesludo.cl\/","name":"Uniformes Ludo","description":"Es una de las empresas comercializadoras de Ropa de trabajo, confecci\u00f3n, productos de protecci\u00f3n, prevenci\u00f3n y seguridad una de las m\u00e1s importantes de nuestro pa\u00eds, reconocida a nivel Nacional, con numerosos clientes a lo largo de Chile que avalan su compromiso de calidad. De igual forma, existe una permanente preocupaci\u00f3n por mantener un servicio integral de excelencia que permita identificarnos como \u201cel mejor equipo, la mejor empresa e inversi\u00f3n\u201d.","potentialAction":[{"@type":"SearchAction","target":{"@type":"EntryPoint","urlTemplate":"https:\/\/uniformesludo.cl\/?s={search_term_string}"},"query-input":{"@type":"PropertyValueSpecification","valueRequired":true,"valueName":"search_term_string"}}],"inLanguage":"es"}]}},"_links":{"self":[{"href":"https:\/\/uniformesludo.cl\/index.php\/wp-json\/wp\/v2\/product\/10009567","targetHints":{"allow":["GET"]}}],"collection":[{"href":"https:\/\/uniformesludo.cl\/index.php\/wp-json\/wp\/v2\/product"}],"about":[{"href":"https:\/\/uniformesludo.cl\/index.php\/wp-json\/wp\/v2\/types\/product"}],"replies":[{"embeddable":true,"href":"https:\/\/uniformesludo.cl\/index.php\/wp-json\/wp\/v2\/comments?post=10009567"}],"wp:featuredmedia":[{"embeddable":true,"href":"https:\/\/uniformesludo.cl\/index.php\/wp-json\/wp\/v2\/media\/10009573"}],"wp:attachment":[{"href":"https:\/\/uniformesludo.cl\/index.php\/wp-json\/wp\/v2\/media?parent=10009567"}],"wp:term":[{"taxonomy":"product_brand","embeddable":true,"href":"https:\/\/uniformesludo.cl\/index.php\/wp-json\/wp\/v2\/product_brand?post=10009567"},{"taxonomy":"product_cat","embeddable":true,"href":"https:\/\/uniformesludo.cl\/index.php\/wp-json\/wp\/v2\/product_cat?post=10009567"},{"taxonomy":"product_tag","embeddable":true,"href":"https:\/\/uniformesludo.cl\/index.php\/wp-json\/wp\/v2\/product_tag?post=10009567"}],"curies":[{"name":"wp","href":"https:\/\/api.w.org\/{rel}","templated":true}]}}