{"id":10009443,"date":"2021-09-06T12:05:24","date_gmt":"2021-09-06T12:05:24","guid":{"rendered":"https:\/\/uniformesludo.cl\/?post_type=product&#038;p=10009443"},"modified":"2023-11-20T19:23:54","modified_gmt":"2023-11-20T19:23:54","slug":"casco-steelpro-mountain-abs-fotoluminiscente","status":"publish","type":"product","link":"https:\/\/uniformesludo.cl\/index.php\/producto\/casco-steelpro-mountain-abs-fotoluminiscente\/","title":{"rendered":"CASCO STEELPRO MOUNTAIN ABS FOTOLUMINISCENTE"},"content":{"rendered":"<p>El casco Steelpro tiene la propiedad de absorber la luz durante un periodo de tiempo para posteriormente generar un proceso de fotoluminiscencia.<\/p>\n<p>Posee suspensi\u00f3n de seis puntas con ajusta tipo Roller que permite un calce simple y adecuado.                                                                                                   <\/p>\n<p>Permite una f\u00e1cil detecci\u00f3n del trabajador en zonas de baja iluminaci\u00f3n o ausencia de luz.<\/p>\n<p>Ofrece caracter\u00edsticas especiales de aislamiento t\u00e9cnico y mayor resistencia a impactos.<\/p>\n<p>Posee suspensi\u00f3n de seis puntas con ajusta tipo Roller que permite un calce simple y adecuado.                                                                                                              <\/p>\n<p>Visera corta para trabajos en altura, espacios confinados y alto voltaje.<\/p>\n<p>Certificaci\u00f3n ANSI Z89.1.2003, Nch 461.2001<\/p>\n<p><a href=\"https:\/\/uniformesludo.cl\/wp-content\/uploads\/2021\/09\/CASCO-STEELPRO-MONTANA-FOTOLUMINISCENTE.pdf\">Ficha T\u00e9cnica<\/a><\/p>\n<p><a href=\"https:\/\/uniformesludo.cl\/wp-content\/uploads\/2021\/09\/CERTIFICADO-DE-CALIDAD-N\u00b0039-1.pdf\">Certificaci\u00f3n Calidad 1<\/a><\/p>\n<p><a href=\"https:\/\/uniformesludo.cl\/wp-content\/uploads\/2021\/09\/CERTIFICADO-DE-CALIDAD-N\u00b0040-1.pdf\">Certificaci\u00f3n Calidad 2<\/a><\/p>\n","protected":false},"excerpt":{"rendered":"<p><a id=\"btncotizar\" href=\"https:\/\/uniformesludo.cl\/index.php\/cotizacion\/\">Cotizar<\/a><\/p>\n","protected":false},"featured_media":10009447,"comment_status":"closed","ping_status":"closed","template":"","meta":[],"product_brand":[],"product_cat":[324,328],"product_tag":[],"class_list":{"0":"post-10009443","1":"product","2":"type-product","3":"status-publish","4":"has-post-thumbnail","6":"product_cat-cascos-de-seguridad","7":"product_cat-casco-steelpro-profesionales","9":"first","10":"instock","11":"shipping-taxable","12":"product-type-simple"},"aioseo_notices":[],"yoast_head":"<!-- This site is optimized with the Yoast SEO plugin v26.5 - https:\/\/yoast.com\/wordpress\/plugins\/seo\/ -->\n<title>CASCO STEELPRO MOUNTAIN ABS FOTOLUMINISCENTE - Uniformes Ludo<\/title>\n<meta name=\"robots\" content=\"index, follow, max-snippet:-1, max-image-preview:large, max-video-preview:-1\" \/>\n<link rel=\"canonical\" href=\"https:\/\/uniformesludo.cl\/index.php\/producto\/casco-steelpro-mountain-abs-fotoluminiscente\/\" \/>\n<meta property=\"og:locale\" content=\"es_ES\" \/>\n<meta property=\"og:type\" content=\"article\" \/>\n<meta property=\"og:title\" content=\"CASCO STEELPRO MOUNTAIN ABS FOTOLUMINISCENTE - Uniformes Ludo\" \/>\n<meta property=\"og:description\" content=\"Cotizar\" \/>\n<meta property=\"og:url\" content=\"https:\/\/uniformesludo.cl\/index.php\/producto\/casco-steelpro-mountain-abs-fotoluminiscente\/\" \/>\n<meta property=\"og:site_name\" content=\"Uniformes Ludo\" \/>\n<meta property=\"article:modified_time\" content=\"2023-11-20T19:23:54+00:00\" \/>\n<meta property=\"og:image\" content=\"https:\/\/uniformesludo.cl\/wp-content\/uploads\/2021\/09\/az.jpg\" \/>\n\t<meta property=\"og:image:width\" content=\"621\" \/>\n\t<meta property=\"og:image:height\" content=\"621\" \/>\n\t<meta property=\"og:image:type\" content=\"image\/jpeg\" \/>\n<meta name=\"twitter:card\" content=\"summary_large_image\" \/>\n<meta name=\"twitter:label1\" content=\"Tiempo de lectura\" \/>\n\t<meta name=\"twitter:data1\" content=\"1 minuto\" \/>\n<script type=\"application\/ld+json\" class=\"yoast-schema-graph\">{\"@context\":\"https:\/\/schema.org\",\"@graph\":[{\"@type\":\"WebPage\",\"@id\":\"https:\/\/uniformesludo.cl\/index.php\/producto\/casco-steelpro-mountain-abs-fotoluminiscente\/\",\"url\":\"https:\/\/uniformesludo.cl\/index.php\/producto\/casco-steelpro-mountain-abs-fotoluminiscente\/\",\"name\":\"CASCO STEELPRO MOUNTAIN ABS FOTOLUMINISCENTE - Uniformes Ludo\",\"isPartOf\":{\"@id\":\"https:\/\/uniformesludo.cl\/#website\"},\"primaryImageOfPage\":{\"@id\":\"https:\/\/uniformesludo.cl\/index.php\/producto\/casco-steelpro-mountain-abs-fotoluminiscente\/#primaryimage\"},\"image\":{\"@id\":\"https:\/\/uniformesludo.cl\/index.php\/producto\/casco-steelpro-mountain-abs-fotoluminiscente\/#primaryimage\"},\"thumbnailUrl\":\"https:\/\/uniformesludo.cl\/wp-content\/uploads\/2021\/09\/az.jpg\",\"datePublished\":\"2021-09-06T12:05:24+00:00\",\"dateModified\":\"2023-11-20T19:23:54+00:00\",\"breadcrumb\":{\"@id\":\"https:\/\/uniformesludo.cl\/index.php\/producto\/casco-steelpro-mountain-abs-fotoluminiscente\/#breadcrumb\"},\"inLanguage\":\"es\",\"potentialAction\":[{\"@type\":\"ReadAction\",\"target\":[\"https:\/\/uniformesludo.cl\/index.php\/producto\/casco-steelpro-mountain-abs-fotoluminiscente\/\"]}]},{\"@type\":\"ImageObject\",\"inLanguage\":\"es\",\"@id\":\"https:\/\/uniformesludo.cl\/index.php\/producto\/casco-steelpro-mountain-abs-fotoluminiscente\/#primaryimage\",\"url\":\"https:\/\/uniformesludo.cl\/wp-content\/uploads\/2021\/09\/az.jpg\",\"contentUrl\":\"https:\/\/uniformesludo.cl\/wp-content\/uploads\/2021\/09\/az.jpg\",\"width\":621,\"height\":621},{\"@type\":\"BreadcrumbList\",\"@id\":\"https:\/\/uniformesludo.cl\/index.php\/producto\/casco-steelpro-mountain-abs-fotoluminiscente\/#breadcrumb\",\"itemListElement\":[{\"@type\":\"ListItem\",\"position\":1,\"name\":\"Portada\",\"item\":\"https:\/\/uniformesludo.cl\/\"},{\"@type\":\"ListItem\",\"position\":2,\"name\":\"Tienda\",\"item\":\"https:\/\/uniformesludo.cl\/index.php\/tienda\/\"},{\"@type\":\"ListItem\",\"position\":3,\"name\":\"CASCO STEELPRO MOUNTAIN ABS FOTOLUMINISCENTE\"}]},{\"@type\":\"WebSite\",\"@id\":\"https:\/\/uniformesludo.cl\/#website\",\"url\":\"https:\/\/uniformesludo.cl\/\",\"name\":\"Uniformes Ludo\",\"description\":\"Es una de las empresas comercializadoras de Ropa de trabajo, confecci\u00f3n, productos de protecci\u00f3n, prevenci\u00f3n y seguridad una de las m\u00e1s importantes de nuestro pa\u00eds, reconocida a nivel Nacional, con numerosos clientes a lo largo de Chile que avalan su compromiso de calidad. De igual forma, existe una permanente preocupaci\u00f3n por mantener un servicio integral de excelencia que permita identificarnos como \u201cel mejor equipo, la mejor empresa e inversi\u00f3n\u201d.\",\"potentialAction\":[{\"@type\":\"SearchAction\",\"target\":{\"@type\":\"EntryPoint\",\"urlTemplate\":\"https:\/\/uniformesludo.cl\/?s={search_term_string}\"},\"query-input\":{\"@type\":\"PropertyValueSpecification\",\"valueRequired\":true,\"valueName\":\"search_term_string\"}}],\"inLanguage\":\"es\"}]}<\/script>\n<!-- \/ Yoast SEO plugin. -->","yoast_head_json":{"title":"CASCO STEELPRO MOUNTAIN ABS FOTOLUMINISCENTE - Uniformes Ludo","robots":{"index":"index","follow":"follow","max-snippet":"max-snippet:-1","max-image-preview":"max-image-preview:large","max-video-preview":"max-video-preview:-1"},"canonical":"https:\/\/uniformesludo.cl\/index.php\/producto\/casco-steelpro-mountain-abs-fotoluminiscente\/","og_locale":"es_ES","og_type":"article","og_title":"CASCO STEELPRO MOUNTAIN ABS FOTOLUMINISCENTE - Uniformes Ludo","og_description":"Cotizar","og_url":"https:\/\/uniformesludo.cl\/index.php\/producto\/casco-steelpro-mountain-abs-fotoluminiscente\/","og_site_name":"Uniformes Ludo","article_modified_time":"2023-11-20T19:23:54+00:00","og_image":[{"width":621,"height":621,"url":"https:\/\/uniformesludo.cl\/wp-content\/uploads\/2021\/09\/az.jpg","type":"image\/jpeg"}],"twitter_card":"summary_large_image","twitter_misc":{"Tiempo de lectura":"1 minuto"},"schema":{"@context":"https:\/\/schema.org","@graph":[{"@type":"WebPage","@id":"https:\/\/uniformesludo.cl\/index.php\/producto\/casco-steelpro-mountain-abs-fotoluminiscente\/","url":"https:\/\/uniformesludo.cl\/index.php\/producto\/casco-steelpro-mountain-abs-fotoluminiscente\/","name":"CASCO STEELPRO MOUNTAIN ABS FOTOLUMINISCENTE - Uniformes Ludo","isPartOf":{"@id":"https:\/\/uniformesludo.cl\/#website"},"primaryImageOfPage":{"@id":"https:\/\/uniformesludo.cl\/index.php\/producto\/casco-steelpro-mountain-abs-fotoluminiscente\/#primaryimage"},"image":{"@id":"https:\/\/uniformesludo.cl\/index.php\/producto\/casco-steelpro-mountain-abs-fotoluminiscente\/#primaryimage"},"thumbnailUrl":"https:\/\/uniformesludo.cl\/wp-content\/uploads\/2021\/09\/az.jpg","datePublished":"2021-09-06T12:05:24+00:00","dateModified":"2023-11-20T19:23:54+00:00","breadcrumb":{"@id":"https:\/\/uniformesludo.cl\/index.php\/producto\/casco-steelpro-mountain-abs-fotoluminiscente\/#breadcrumb"},"inLanguage":"es","potentialAction":[{"@type":"ReadAction","target":["https:\/\/uniformesludo.cl\/index.php\/producto\/casco-steelpro-mountain-abs-fotoluminiscente\/"]}]},{"@type":"ImageObject","inLanguage":"es","@id":"https:\/\/uniformesludo.cl\/index.php\/producto\/casco-steelpro-mountain-abs-fotoluminiscente\/#primaryimage","url":"https:\/\/uniformesludo.cl\/wp-content\/uploads\/2021\/09\/az.jpg","contentUrl":"https:\/\/uniformesludo.cl\/wp-content\/uploads\/2021\/09\/az.jpg","width":621,"height":621},{"@type":"BreadcrumbList","@id":"https:\/\/uniformesludo.cl\/index.php\/producto\/casco-steelpro-mountain-abs-fotoluminiscente\/#breadcrumb","itemListElement":[{"@type":"ListItem","position":1,"name":"Portada","item":"https:\/\/uniformesludo.cl\/"},{"@type":"ListItem","position":2,"name":"Tienda","item":"https:\/\/uniformesludo.cl\/index.php\/tienda\/"},{"@type":"ListItem","position":3,"name":"CASCO STEELPRO MOUNTAIN ABS FOTOLUMINISCENTE"}]},{"@type":"WebSite","@id":"https:\/\/uniformesludo.cl\/#website","url":"https:\/\/uniformesludo.cl\/","name":"Uniformes Ludo","description":"Es una de las empresas comercializadoras de Ropa de trabajo, confecci\u00f3n, productos de protecci\u00f3n, prevenci\u00f3n y seguridad una de las m\u00e1s importantes de nuestro pa\u00eds, reconocida a nivel Nacional, con numerosos clientes a lo largo de Chile que avalan su compromiso de calidad. De igual forma, existe una permanente preocupaci\u00f3n por mantener un servicio integral de excelencia que permita identificarnos como \u201cel mejor equipo, la mejor empresa e inversi\u00f3n\u201d.","potentialAction":[{"@type":"SearchAction","target":{"@type":"EntryPoint","urlTemplate":"https:\/\/uniformesludo.cl\/?s={search_term_string}"},"query-input":{"@type":"PropertyValueSpecification","valueRequired":true,"valueName":"search_term_string"}}],"inLanguage":"es"}]}},"_links":{"self":[{"href":"https:\/\/uniformesludo.cl\/index.php\/wp-json\/wp\/v2\/product\/10009443","targetHints":{"allow":["GET"]}}],"collection":[{"href":"https:\/\/uniformesludo.cl\/index.php\/wp-json\/wp\/v2\/product"}],"about":[{"href":"https:\/\/uniformesludo.cl\/index.php\/wp-json\/wp\/v2\/types\/product"}],"replies":[{"embeddable":true,"href":"https:\/\/uniformesludo.cl\/index.php\/wp-json\/wp\/v2\/comments?post=10009443"}],"wp:featuredmedia":[{"embeddable":true,"href":"https:\/\/uniformesludo.cl\/index.php\/wp-json\/wp\/v2\/media\/10009447"}],"wp:attachment":[{"href":"https:\/\/uniformesludo.cl\/index.php\/wp-json\/wp\/v2\/media?parent=10009443"}],"wp:term":[{"taxonomy":"product_brand","embeddable":true,"href":"https:\/\/uniformesludo.cl\/index.php\/wp-json\/wp\/v2\/product_brand?post=10009443"},{"taxonomy":"product_cat","embeddable":true,"href":"https:\/\/uniformesludo.cl\/index.php\/wp-json\/wp\/v2\/product_cat?post=10009443"},{"taxonomy":"product_tag","embeddable":true,"href":"https:\/\/uniformesludo.cl\/index.php\/wp-json\/wp\/v2\/product_tag?post=10009443"}],"curies":[{"name":"wp","href":"https:\/\/api.w.org\/{rel}","templated":true}]}}