{"id":10009002,"date":"2020-12-19T13:52:58","date_gmt":"2020-12-19T13:52:58","guid":{"rendered":"https:\/\/uniformesludo.cl\/?post_type=product&#038;p=10009002"},"modified":"2024-10-23T17:06:52","modified_gmt":"2024-10-23T17:06:52","slug":"botin-de-seguridad-hombre-melbourne","status":"publish","type":"product","link":"https:\/\/uniformesludo.cl\/index.php\/producto\/botin-de-seguridad-hombre-melbourne\/","title":{"rendered":"Bot\u00edn de Seguridad Hombre Melbourne"},"content":{"rendered":"<ul>\n<li>Zapato de seguridad Norseg<\/li>\n<li>Zapato diel\u00e9ctrico y resistente a los hidrocarburos<\/li>\n<li>Construccion Cementada<\/li>\n<li>Capellada de cuero color musgo repelente al agua<\/li>\n<li>Suela con Bidensidad Eva &#8211; Goma y antideslizante<\/li>\n<li>Puntera de Composite similar al acero<\/li>\n<li>Plantilla anticlavo y antiperforante.<\/li>\n<\/ul>\n<h3>TECNOLOG\u00cdAS<\/h3>\n<ul>\n<li>Anti Slip: Suela antideslizante que otorga una mayor estabilidad.<\/li>\n<li>Anti Fatigue: Combinaci\u00f3n de materiales de distinta densidad en la suela, que otorgan una mayor amortiguaci\u00f3n y comodidad.<\/li>\n<li>Composite Toe: Puntera de resina pl\u00e1stica certificada, equivalente a la puntera de acero en cuanto a resistencia, con menor conductividad de calor, no es detectada en detectores de metales.<\/li>\n<li>Anti Perforant Flexible: Plantilla de armado con fibra sint\u00e9tica Premium anti-perforante, que protege el pie de da\u00f1os por elementos punzantes, sin perder flexibilidad.<\/li>\n<li>Anti Bacterial: Plantilla con tratamiento antimic\u00f3tico que previene la proliferaci\u00f3n de hongos y logra un mejor control de olores.<\/li>\n<li>Comfort Points: Plantilla que incorpora en su zona interior \u00e1reas de distinta densidad y geometr\u00eda, para lograr una efectiva amortiguaci\u00f3n, generando as\u00ed una mayor sensaci\u00f3n de confort y descanso al caminar.<\/li>\n<li>Water Repellent: Cuero tratado para otorgar protecci\u00f3n en contacto con agua, lluvia leve o gar\u00faa. Permite que las gotas de agua resbalen, retardando as\u00ed la absorci\u00f3n de humedad.<\/li>\n<li>Reflex: Pieza del calzado que aumenta la visibilidad ante el reflejo de la luz, incrementando la seguridad y visibilidad de la persona en la oscuridad.<\/li>\n<li>3M Thinsulate: Fibra no tejida desarrollada especialmente por 3M para mantener el calor corporal y brindar un mayor comfort en ambientes de trabajo con bajas temperaturas.<\/li>\n<\/ul>\n","protected":false},"excerpt":{"rendered":"<p><a id=\"btncotizar\" href=\"https:\/\/uniformesludo.cl\/index.php\/cotizacion\/\">Cotizar<\/a><\/p>\n","protected":false},"featured_media":10009004,"comment_status":"closed","ping_status":"closed","template":"","meta":[],"product_brand":[],"product_cat":[312,313,315],"product_tag":[552],"class_list":{"0":"post-10009002","1":"product","2":"type-product","3":"status-publish","4":"has-post-thumbnail","6":"product_cat-linea-de-zapatos","7":"product_cat-zapatos-hombre","8":"product_cat-clasico","9":"product_tag-zapatos","11":"first","12":"instock","13":"shipping-taxable","14":"purchasable","15":"product-type-variable","16":"has-default-attributes"},"aioseo_notices":[],"yoast_head":"<!-- This site is optimized with the Yoast SEO plugin v26.5 - https:\/\/yoast.com\/wordpress\/plugins\/seo\/ -->\n<title>Bot\u00edn de Seguridad Hombre Melbourne - Uniformes Ludo<\/title>\n<meta name=\"robots\" content=\"index, follow, max-snippet:-1, max-image-preview:large, max-video-preview:-1\" \/>\n<link rel=\"canonical\" href=\"https:\/\/uniformesludo.cl\/index.php\/producto\/botin-de-seguridad-hombre-melbourne\/\" \/>\n<meta property=\"og:locale\" content=\"es_ES\" \/>\n<meta property=\"og:type\" content=\"article\" \/>\n<meta property=\"og:title\" content=\"Bot\u00edn de Seguridad Hombre Melbourne - Uniformes Ludo\" \/>\n<meta property=\"og:description\" content=\"Cotizar\" \/>\n<meta property=\"og:url\" content=\"https:\/\/uniformesludo.cl\/index.php\/producto\/botin-de-seguridad-hombre-melbourne\/\" \/>\n<meta property=\"og:site_name\" content=\"Uniformes Ludo\" \/>\n<meta property=\"article:modified_time\" content=\"2024-10-23T17:06:52+00:00\" \/>\n<meta property=\"og:image\" content=\"https:\/\/uniformesludo.cl\/wp-content\/uploads\/2020\/12\/2-85.png\" \/>\n\t<meta property=\"og:image:width\" content=\"621\" \/>\n\t<meta property=\"og:image:height\" content=\"621\" \/>\n\t<meta property=\"og:image:type\" content=\"image\/png\" \/>\n<meta name=\"twitter:card\" content=\"summary_large_image\" \/>\n<meta name=\"twitter:label1\" content=\"Tiempo de lectura\" \/>\n\t<meta name=\"twitter:data1\" content=\"1 minuto\" \/>\n<script type=\"application\/ld+json\" class=\"yoast-schema-graph\">{\"@context\":\"https:\/\/schema.org\",\"@graph\":[{\"@type\":\"WebPage\",\"@id\":\"https:\/\/uniformesludo.cl\/index.php\/producto\/botin-de-seguridad-hombre-melbourne\/\",\"url\":\"https:\/\/uniformesludo.cl\/index.php\/producto\/botin-de-seguridad-hombre-melbourne\/\",\"name\":\"Bot\u00edn de Seguridad Hombre Melbourne - Uniformes Ludo\",\"isPartOf\":{\"@id\":\"https:\/\/uniformesludo.cl\/#website\"},\"primaryImageOfPage\":{\"@id\":\"https:\/\/uniformesludo.cl\/index.php\/producto\/botin-de-seguridad-hombre-melbourne\/#primaryimage\"},\"image\":{\"@id\":\"https:\/\/uniformesludo.cl\/index.php\/producto\/botin-de-seguridad-hombre-melbourne\/#primaryimage\"},\"thumbnailUrl\":\"https:\/\/uniformesludo.cl\/wp-content\/uploads\/2020\/12\/2-85.png\",\"datePublished\":\"2020-12-19T13:52:58+00:00\",\"dateModified\":\"2024-10-23T17:06:52+00:00\",\"breadcrumb\":{\"@id\":\"https:\/\/uniformesludo.cl\/index.php\/producto\/botin-de-seguridad-hombre-melbourne\/#breadcrumb\"},\"inLanguage\":\"es\",\"potentialAction\":[{\"@type\":\"ReadAction\",\"target\":[\"https:\/\/uniformesludo.cl\/index.php\/producto\/botin-de-seguridad-hombre-melbourne\/\"]}]},{\"@type\":\"ImageObject\",\"inLanguage\":\"es\",\"@id\":\"https:\/\/uniformesludo.cl\/index.php\/producto\/botin-de-seguridad-hombre-melbourne\/#primaryimage\",\"url\":\"https:\/\/uniformesludo.cl\/wp-content\/uploads\/2020\/12\/2-85.png\",\"contentUrl\":\"https:\/\/uniformesludo.cl\/wp-content\/uploads\/2020\/12\/2-85.png\",\"width\":621,\"height\":621},{\"@type\":\"BreadcrumbList\",\"@id\":\"https:\/\/uniformesludo.cl\/index.php\/producto\/botin-de-seguridad-hombre-melbourne\/#breadcrumb\",\"itemListElement\":[{\"@type\":\"ListItem\",\"position\":1,\"name\":\"Portada\",\"item\":\"https:\/\/uniformesludo.cl\/\"},{\"@type\":\"ListItem\",\"position\":2,\"name\":\"Tienda\",\"item\":\"https:\/\/uniformesludo.cl\/index.php\/tienda\/\"},{\"@type\":\"ListItem\",\"position\":3,\"name\":\"Bot\u00edn de Seguridad Hombre Melbourne\"}]},{\"@type\":\"WebSite\",\"@id\":\"https:\/\/uniformesludo.cl\/#website\",\"url\":\"https:\/\/uniformesludo.cl\/\",\"name\":\"Uniformes Ludo\",\"description\":\"Es una de las empresas comercializadoras de Ropa de trabajo, confecci\u00f3n, productos de protecci\u00f3n, prevenci\u00f3n y seguridad una de las m\u00e1s importantes de nuestro pa\u00eds, reconocida a nivel Nacional, con numerosos clientes a lo largo de Chile que avalan su compromiso de calidad. De igual forma, existe una permanente preocupaci\u00f3n por mantener un servicio integral de excelencia que permita identificarnos como \u201cel mejor equipo, la mejor empresa e inversi\u00f3n\u201d.\",\"potentialAction\":[{\"@type\":\"SearchAction\",\"target\":{\"@type\":\"EntryPoint\",\"urlTemplate\":\"https:\/\/uniformesludo.cl\/?s={search_term_string}\"},\"query-input\":{\"@type\":\"PropertyValueSpecification\",\"valueRequired\":true,\"valueName\":\"search_term_string\"}}],\"inLanguage\":\"es\"}]}<\/script>\n<!-- \/ Yoast SEO plugin. -->","yoast_head_json":{"title":"Bot\u00edn de Seguridad Hombre Melbourne - Uniformes Ludo","robots":{"index":"index","follow":"follow","max-snippet":"max-snippet:-1","max-image-preview":"max-image-preview:large","max-video-preview":"max-video-preview:-1"},"canonical":"https:\/\/uniformesludo.cl\/index.php\/producto\/botin-de-seguridad-hombre-melbourne\/","og_locale":"es_ES","og_type":"article","og_title":"Bot\u00edn de Seguridad Hombre Melbourne - Uniformes Ludo","og_description":"Cotizar","og_url":"https:\/\/uniformesludo.cl\/index.php\/producto\/botin-de-seguridad-hombre-melbourne\/","og_site_name":"Uniformes Ludo","article_modified_time":"2024-10-23T17:06:52+00:00","og_image":[{"width":621,"height":621,"url":"https:\/\/uniformesludo.cl\/wp-content\/uploads\/2020\/12\/2-85.png","type":"image\/png"}],"twitter_card":"summary_large_image","twitter_misc":{"Tiempo de lectura":"1 minuto"},"schema":{"@context":"https:\/\/schema.org","@graph":[{"@type":"WebPage","@id":"https:\/\/uniformesludo.cl\/index.php\/producto\/botin-de-seguridad-hombre-melbourne\/","url":"https:\/\/uniformesludo.cl\/index.php\/producto\/botin-de-seguridad-hombre-melbourne\/","name":"Bot\u00edn de Seguridad Hombre Melbourne - Uniformes Ludo","isPartOf":{"@id":"https:\/\/uniformesludo.cl\/#website"},"primaryImageOfPage":{"@id":"https:\/\/uniformesludo.cl\/index.php\/producto\/botin-de-seguridad-hombre-melbourne\/#primaryimage"},"image":{"@id":"https:\/\/uniformesludo.cl\/index.php\/producto\/botin-de-seguridad-hombre-melbourne\/#primaryimage"},"thumbnailUrl":"https:\/\/uniformesludo.cl\/wp-content\/uploads\/2020\/12\/2-85.png","datePublished":"2020-12-19T13:52:58+00:00","dateModified":"2024-10-23T17:06:52+00:00","breadcrumb":{"@id":"https:\/\/uniformesludo.cl\/index.php\/producto\/botin-de-seguridad-hombre-melbourne\/#breadcrumb"},"inLanguage":"es","potentialAction":[{"@type":"ReadAction","target":["https:\/\/uniformesludo.cl\/index.php\/producto\/botin-de-seguridad-hombre-melbourne\/"]}]},{"@type":"ImageObject","inLanguage":"es","@id":"https:\/\/uniformesludo.cl\/index.php\/producto\/botin-de-seguridad-hombre-melbourne\/#primaryimage","url":"https:\/\/uniformesludo.cl\/wp-content\/uploads\/2020\/12\/2-85.png","contentUrl":"https:\/\/uniformesludo.cl\/wp-content\/uploads\/2020\/12\/2-85.png","width":621,"height":621},{"@type":"BreadcrumbList","@id":"https:\/\/uniformesludo.cl\/index.php\/producto\/botin-de-seguridad-hombre-melbourne\/#breadcrumb","itemListElement":[{"@type":"ListItem","position":1,"name":"Portada","item":"https:\/\/uniformesludo.cl\/"},{"@type":"ListItem","position":2,"name":"Tienda","item":"https:\/\/uniformesludo.cl\/index.php\/tienda\/"},{"@type":"ListItem","position":3,"name":"Bot\u00edn de Seguridad Hombre Melbourne"}]},{"@type":"WebSite","@id":"https:\/\/uniformesludo.cl\/#website","url":"https:\/\/uniformesludo.cl\/","name":"Uniformes Ludo","description":"Es una de las empresas comercializadoras de Ropa de trabajo, confecci\u00f3n, productos de protecci\u00f3n, prevenci\u00f3n y seguridad una de las m\u00e1s importantes de nuestro pa\u00eds, reconocida a nivel Nacional, con numerosos clientes a lo largo de Chile que avalan su compromiso de calidad. De igual forma, existe una permanente preocupaci\u00f3n por mantener un servicio integral de excelencia que permita identificarnos como \u201cel mejor equipo, la mejor empresa e inversi\u00f3n\u201d.","potentialAction":[{"@type":"SearchAction","target":{"@type":"EntryPoint","urlTemplate":"https:\/\/uniformesludo.cl\/?s={search_term_string}"},"query-input":{"@type":"PropertyValueSpecification","valueRequired":true,"valueName":"search_term_string"}}],"inLanguage":"es"}]}},"_links":{"self":[{"href":"https:\/\/uniformesludo.cl\/index.php\/wp-json\/wp\/v2\/product\/10009002","targetHints":{"allow":["GET"]}}],"collection":[{"href":"https:\/\/uniformesludo.cl\/index.php\/wp-json\/wp\/v2\/product"}],"about":[{"href":"https:\/\/uniformesludo.cl\/index.php\/wp-json\/wp\/v2\/types\/product"}],"replies":[{"embeddable":true,"href":"https:\/\/uniformesludo.cl\/index.php\/wp-json\/wp\/v2\/comments?post=10009002"}],"wp:featuredmedia":[{"embeddable":true,"href":"https:\/\/uniformesludo.cl\/index.php\/wp-json\/wp\/v2\/media\/10009004"}],"wp:attachment":[{"href":"https:\/\/uniformesludo.cl\/index.php\/wp-json\/wp\/v2\/media?parent=10009002"}],"wp:term":[{"taxonomy":"product_brand","embeddable":true,"href":"https:\/\/uniformesludo.cl\/index.php\/wp-json\/wp\/v2\/product_brand?post=10009002"},{"taxonomy":"product_cat","embeddable":true,"href":"https:\/\/uniformesludo.cl\/index.php\/wp-json\/wp\/v2\/product_cat?post=10009002"},{"taxonomy":"product_tag","embeddable":true,"href":"https:\/\/uniformesludo.cl\/index.php\/wp-json\/wp\/v2\/product_tag?post=10009002"}],"curies":[{"name":"wp","href":"https:\/\/api.w.org\/{rel}","templated":true}]}}