{"id":10008854,"date":"2020-12-17T15:53:31","date_gmt":"2020-12-17T15:53:31","guid":{"rendered":"https:\/\/uniformesludo.cl\/?post_type=product&#038;p=10008854"},"modified":"2024-10-23T17:06:22","modified_gmt":"2024-10-23T17:06:22","slug":"polera-polo-premium-manga-corta-mujer","status":"publish","type":"product","link":"https:\/\/uniformesludo.cl\/index.php\/producto\/polera-polo-premium-manga-corta-mujer\/","title":{"rendered":"Polera polo premium manga corta mujer"},"content":{"rendered":"<div class=\"row\">\n<div class=\"col-md-12 col-12\">\n<div class=\"tabs\">\n<div id=\"tab-content\" class=\"tab-content\">\n<div id=\"description\" class=\"tab-pane fade in active\" role=\"tabpanel\">\n<div class=\"product-description\">\n<h3>Descripci\u00f3n<\/h3>\n<p>Polera polo manga corta en tela pique. Tela suave al tacto de inspiraci\u00f3n deportiva atemporal que usar\u00e1s una y otra vez. F\u00e1cil lavado y secado. Colores cl\u00e1sicos\u00a0 para obtener un look mas casual administrativo. Adecuado para el bordado y estampado.<\/p>\n<p>*La tonalidad de la prenda puede cambiar por la exposici\u00f3n directa y prolongada a la luz del sol. Para el uso continuo de exteriores, se recomienda usar tecnolog\u00eda Dry Fit, Dry Fresh o Dry fresh Smooth.<\/p>\n<h3>Especificaciones del producto<\/h3>\n<p>Calce: Cl\u00e1sico.<\/p>\n<p>Tela: Pique.<\/p>\n<p>Composici\u00f3n: 60% Algod\u00f3n 40% Poli\u00e9ster.<\/p>\n<p>Gramaje: 230 gr.<\/p>\n<h3>Aplicaciones del producto<\/h3>\n<p>Publicitario, administrativo, industria ligera y log\u00edstica.<\/p>\n<\/div>\n<\/div>\n<\/div>\n<\/div>\n<\/div>\n<\/div>\n<div class=\"product-oa-features oa-features clearfix row\">\n<div class=\"col-md-12 mt-2\">\n<h3 class=\"title-feature\"><img loading=\"lazy\" decoding=\"async\" class=\"alignnone size-full wp-image-10008855\" src=\"https:\/\/uniformesludo.cl\/wp-content\/uploads\/2020\/12\/2-31.png\" alt=\"\" width=\"1237\" height=\"287\" srcset=\"https:\/\/uniformesludo.cl\/wp-content\/uploads\/2020\/12\/2-31.png 1237w, https:\/\/uniformesludo.cl\/wp-content\/uploads\/2020\/12\/2-31-300x70.png 300w, https:\/\/uniformesludo.cl\/wp-content\/uploads\/2020\/12\/2-31-768x178.png 768w, https:\/\/uniformesludo.cl\/wp-content\/uploads\/2020\/12\/2-31-1024x238.png 1024w, https:\/\/uniformesludo.cl\/wp-content\/uploads\/2020\/12\/2-31-100x23.png 100w, https:\/\/uniformesludo.cl\/wp-content\/uploads\/2020\/12\/2-31-600x139.png 600w\" sizes=\"auto, (max-width: 1237px) 100vw, 1237px\" \/><\/h3>\n<\/div>\n<\/div>\n<p><img decoding=\"async\" src=\"https:\/\/uniformesludo.cl\/wp-content\/uploads\/2024\/02\/ludo-comp-FICHA-TECNICA-240.jpg\" alt=\"\" \/><\/p>\n","protected":false},"excerpt":{"rendered":"<p><a id=\"btncotizar\" href=\"https:\/\/uniformesludo.cl\/index.php\/cotizacion\/\">Cotizar<\/a><\/p>\n","protected":false},"featured_media":10008857,"comment_status":"closed","ping_status":"closed","template":"","meta":[],"product_brand":[],"product_cat":[256],"product_tag":[550,551],"class_list":{"0":"post-10008854","1":"product","2":"type-product","3":"status-publish","4":"has-post-thumbnail","6":"product_cat-poleras-polerones","7":"product_tag-poleras","8":"product_tag-blusas-y-camisas","10":"first","11":"instock","12":"shipping-taxable","13":"purchasable","14":"product-type-variable","15":"has-default-attributes"},"aioseo_notices":[],"yoast_head":"<!-- This site is optimized with the Yoast SEO plugin v26.5 - https:\/\/yoast.com\/wordpress\/plugins\/seo\/ -->\n<title>Polera polo premium manga corta mujer - Uniformes Ludo<\/title>\n<meta name=\"robots\" content=\"index, follow, max-snippet:-1, max-image-preview:large, max-video-preview:-1\" \/>\n<link rel=\"canonical\" href=\"https:\/\/uniformesludo.cl\/index.php\/producto\/polera-polo-premium-manga-corta-mujer\/\" \/>\n<meta property=\"og:locale\" content=\"es_ES\" \/>\n<meta property=\"og:type\" content=\"article\" \/>\n<meta property=\"og:title\" content=\"Polera polo premium manga corta mujer - Uniformes Ludo\" \/>\n<meta property=\"og:description\" content=\"Cotizar\" \/>\n<meta property=\"og:url\" content=\"https:\/\/uniformesludo.cl\/index.php\/producto\/polera-polo-premium-manga-corta-mujer\/\" \/>\n<meta property=\"og:site_name\" content=\"Uniformes Ludo\" \/>\n<meta property=\"article:modified_time\" content=\"2024-10-23T17:06:22+00:00\" \/>\n<meta property=\"og:image\" content=\"https:\/\/uniformesludo.cl\/wp-content\/uploads\/2020\/12\/2-32.png\" \/>\n\t<meta property=\"og:image:width\" content=\"621\" \/>\n\t<meta property=\"og:image:height\" content=\"621\" \/>\n\t<meta property=\"og:image:type\" content=\"image\/png\" \/>\n<meta name=\"twitter:card\" content=\"summary_large_image\" \/>\n<meta name=\"twitter:label1\" content=\"Tiempo de lectura\" \/>\n\t<meta name=\"twitter:data1\" content=\"1 minuto\" \/>\n<script type=\"application\/ld+json\" class=\"yoast-schema-graph\">{\"@context\":\"https:\/\/schema.org\",\"@graph\":[{\"@type\":\"WebPage\",\"@id\":\"https:\/\/uniformesludo.cl\/index.php\/producto\/polera-polo-premium-manga-corta-mujer\/\",\"url\":\"https:\/\/uniformesludo.cl\/index.php\/producto\/polera-polo-premium-manga-corta-mujer\/\",\"name\":\"Polera polo premium manga corta mujer - Uniformes Ludo\",\"isPartOf\":{\"@id\":\"https:\/\/uniformesludo.cl\/#website\"},\"primaryImageOfPage\":{\"@id\":\"https:\/\/uniformesludo.cl\/index.php\/producto\/polera-polo-premium-manga-corta-mujer\/#primaryimage\"},\"image\":{\"@id\":\"https:\/\/uniformesludo.cl\/index.php\/producto\/polera-polo-premium-manga-corta-mujer\/#primaryimage\"},\"thumbnailUrl\":\"https:\/\/uniformesludo.cl\/wp-content\/uploads\/2020\/12\/2-32.png\",\"datePublished\":\"2020-12-17T15:53:31+00:00\",\"dateModified\":\"2024-10-23T17:06:22+00:00\",\"breadcrumb\":{\"@id\":\"https:\/\/uniformesludo.cl\/index.php\/producto\/polera-polo-premium-manga-corta-mujer\/#breadcrumb\"},\"inLanguage\":\"es\",\"potentialAction\":[{\"@type\":\"ReadAction\",\"target\":[\"https:\/\/uniformesludo.cl\/index.php\/producto\/polera-polo-premium-manga-corta-mujer\/\"]}]},{\"@type\":\"ImageObject\",\"inLanguage\":\"es\",\"@id\":\"https:\/\/uniformesludo.cl\/index.php\/producto\/polera-polo-premium-manga-corta-mujer\/#primaryimage\",\"url\":\"https:\/\/uniformesludo.cl\/wp-content\/uploads\/2020\/12\/2-32.png\",\"contentUrl\":\"https:\/\/uniformesludo.cl\/wp-content\/uploads\/2020\/12\/2-32.png\",\"width\":621,\"height\":621},{\"@type\":\"BreadcrumbList\",\"@id\":\"https:\/\/uniformesludo.cl\/index.php\/producto\/polera-polo-premium-manga-corta-mujer\/#breadcrumb\",\"itemListElement\":[{\"@type\":\"ListItem\",\"position\":1,\"name\":\"Portada\",\"item\":\"https:\/\/uniformesludo.cl\/\"},{\"@type\":\"ListItem\",\"position\":2,\"name\":\"Tienda\",\"item\":\"https:\/\/uniformesludo.cl\/index.php\/tienda\/\"},{\"@type\":\"ListItem\",\"position\":3,\"name\":\"Polera polo premium manga corta mujer\"}]},{\"@type\":\"WebSite\",\"@id\":\"https:\/\/uniformesludo.cl\/#website\",\"url\":\"https:\/\/uniformesludo.cl\/\",\"name\":\"Uniformes Ludo\",\"description\":\"Es una de las empresas comercializadoras de Ropa de trabajo, confecci\u00f3n, productos de protecci\u00f3n, prevenci\u00f3n y seguridad una de las m\u00e1s importantes de nuestro pa\u00eds, reconocida a nivel Nacional, con numerosos clientes a lo largo de Chile que avalan su compromiso de calidad. De igual forma, existe una permanente preocupaci\u00f3n por mantener un servicio integral de excelencia que permita identificarnos como \u201cel mejor equipo, la mejor empresa e inversi\u00f3n\u201d.\",\"potentialAction\":[{\"@type\":\"SearchAction\",\"target\":{\"@type\":\"EntryPoint\",\"urlTemplate\":\"https:\/\/uniformesludo.cl\/?s={search_term_string}\"},\"query-input\":{\"@type\":\"PropertyValueSpecification\",\"valueRequired\":true,\"valueName\":\"search_term_string\"}}],\"inLanguage\":\"es\"}]}<\/script>\n<!-- \/ Yoast SEO plugin. -->","yoast_head_json":{"title":"Polera polo premium manga corta mujer - Uniformes Ludo","robots":{"index":"index","follow":"follow","max-snippet":"max-snippet:-1","max-image-preview":"max-image-preview:large","max-video-preview":"max-video-preview:-1"},"canonical":"https:\/\/uniformesludo.cl\/index.php\/producto\/polera-polo-premium-manga-corta-mujer\/","og_locale":"es_ES","og_type":"article","og_title":"Polera polo premium manga corta mujer - Uniformes Ludo","og_description":"Cotizar","og_url":"https:\/\/uniformesludo.cl\/index.php\/producto\/polera-polo-premium-manga-corta-mujer\/","og_site_name":"Uniformes Ludo","article_modified_time":"2024-10-23T17:06:22+00:00","og_image":[{"width":621,"height":621,"url":"https:\/\/uniformesludo.cl\/wp-content\/uploads\/2020\/12\/2-32.png","type":"image\/png"}],"twitter_card":"summary_large_image","twitter_misc":{"Tiempo de lectura":"1 minuto"},"schema":{"@context":"https:\/\/schema.org","@graph":[{"@type":"WebPage","@id":"https:\/\/uniformesludo.cl\/index.php\/producto\/polera-polo-premium-manga-corta-mujer\/","url":"https:\/\/uniformesludo.cl\/index.php\/producto\/polera-polo-premium-manga-corta-mujer\/","name":"Polera polo premium manga corta mujer - Uniformes Ludo","isPartOf":{"@id":"https:\/\/uniformesludo.cl\/#website"},"primaryImageOfPage":{"@id":"https:\/\/uniformesludo.cl\/index.php\/producto\/polera-polo-premium-manga-corta-mujer\/#primaryimage"},"image":{"@id":"https:\/\/uniformesludo.cl\/index.php\/producto\/polera-polo-premium-manga-corta-mujer\/#primaryimage"},"thumbnailUrl":"https:\/\/uniformesludo.cl\/wp-content\/uploads\/2020\/12\/2-32.png","datePublished":"2020-12-17T15:53:31+00:00","dateModified":"2024-10-23T17:06:22+00:00","breadcrumb":{"@id":"https:\/\/uniformesludo.cl\/index.php\/producto\/polera-polo-premium-manga-corta-mujer\/#breadcrumb"},"inLanguage":"es","potentialAction":[{"@type":"ReadAction","target":["https:\/\/uniformesludo.cl\/index.php\/producto\/polera-polo-premium-manga-corta-mujer\/"]}]},{"@type":"ImageObject","inLanguage":"es","@id":"https:\/\/uniformesludo.cl\/index.php\/producto\/polera-polo-premium-manga-corta-mujer\/#primaryimage","url":"https:\/\/uniformesludo.cl\/wp-content\/uploads\/2020\/12\/2-32.png","contentUrl":"https:\/\/uniformesludo.cl\/wp-content\/uploads\/2020\/12\/2-32.png","width":621,"height":621},{"@type":"BreadcrumbList","@id":"https:\/\/uniformesludo.cl\/index.php\/producto\/polera-polo-premium-manga-corta-mujer\/#breadcrumb","itemListElement":[{"@type":"ListItem","position":1,"name":"Portada","item":"https:\/\/uniformesludo.cl\/"},{"@type":"ListItem","position":2,"name":"Tienda","item":"https:\/\/uniformesludo.cl\/index.php\/tienda\/"},{"@type":"ListItem","position":3,"name":"Polera polo premium manga corta mujer"}]},{"@type":"WebSite","@id":"https:\/\/uniformesludo.cl\/#website","url":"https:\/\/uniformesludo.cl\/","name":"Uniformes Ludo","description":"Es una de las empresas comercializadoras de Ropa de trabajo, confecci\u00f3n, productos de protecci\u00f3n, prevenci\u00f3n y seguridad una de las m\u00e1s importantes de nuestro pa\u00eds, reconocida a nivel Nacional, con numerosos clientes a lo largo de Chile que avalan su compromiso de calidad. De igual forma, existe una permanente preocupaci\u00f3n por mantener un servicio integral de excelencia que permita identificarnos como \u201cel mejor equipo, la mejor empresa e inversi\u00f3n\u201d.","potentialAction":[{"@type":"SearchAction","target":{"@type":"EntryPoint","urlTemplate":"https:\/\/uniformesludo.cl\/?s={search_term_string}"},"query-input":{"@type":"PropertyValueSpecification","valueRequired":true,"valueName":"search_term_string"}}],"inLanguage":"es"}]}},"_links":{"self":[{"href":"https:\/\/uniformesludo.cl\/index.php\/wp-json\/wp\/v2\/product\/10008854","targetHints":{"allow":["GET"]}}],"collection":[{"href":"https:\/\/uniformesludo.cl\/index.php\/wp-json\/wp\/v2\/product"}],"about":[{"href":"https:\/\/uniformesludo.cl\/index.php\/wp-json\/wp\/v2\/types\/product"}],"replies":[{"embeddable":true,"href":"https:\/\/uniformesludo.cl\/index.php\/wp-json\/wp\/v2\/comments?post=10008854"}],"wp:featuredmedia":[{"embeddable":true,"href":"https:\/\/uniformesludo.cl\/index.php\/wp-json\/wp\/v2\/media\/10008857"}],"wp:attachment":[{"href":"https:\/\/uniformesludo.cl\/index.php\/wp-json\/wp\/v2\/media?parent=10008854"}],"wp:term":[{"taxonomy":"product_brand","embeddable":true,"href":"https:\/\/uniformesludo.cl\/index.php\/wp-json\/wp\/v2\/product_brand?post=10008854"},{"taxonomy":"product_cat","embeddable":true,"href":"https:\/\/uniformesludo.cl\/index.php\/wp-json\/wp\/v2\/product_cat?post=10008854"},{"taxonomy":"product_tag","embeddable":true,"href":"https:\/\/uniformesludo.cl\/index.php\/wp-json\/wp\/v2\/product_tag?post=10008854"}],"curies":[{"name":"wp","href":"https:\/\/api.w.org\/{rel}","templated":true}]}}