{"id":10008810,"date":"2020-12-16T23:19:27","date_gmt":"2020-12-16T23:19:27","guid":{"rendered":"https:\/\/uniformesludo.cl\/?post_type=product&#038;p=10008810"},"modified":"2024-10-23T17:06:23","modified_gmt":"2024-10-23T17:06:23","slug":"polera-essential-soft-manga-larga-hombre","status":"publish","type":"product","link":"https:\/\/uniformesludo.cl\/index.php\/producto\/polera-essential-soft-manga-larga-hombre\/","title":{"rendered":"Polera essential soft manga larga hombre"},"content":{"rendered":"<h3>Descripci\u00f3n<\/h3>\n<p>Polera Essential Soft manga larga hombre Certificada, muestra un estilo simple y urbano, dise\u00f1ada en tela suave y ligera que entrega mayor libertad a tus movimientos. Su tejido hace que el producto obtenga gran suavidad al contacto con la piel, gracias a que esta confeccionada con fibras 100% naturales. Sigue todos los movimientos del cuerpo, debido a que esta dise\u00f1ada en forma tubular.<\/p>\n<p>Su dise\u00f1o entrega frescura y comodidad a tu piel, es ideal para climas calurosos y h\u00famedos. Cuenta con cuello acanalado, cinta tapa costura adicional en escote espalda interior para evitar la irritaci\u00f3n. Es el producto esencial que debes tener en tu equipo de trabajo.<\/p>\n<p>Nuestros productos fueron desarrollados bajo la ley 20.096 que consiste en proteger eficazmente a los trabajadores que pueden estar expuestos a la radiaci\u00f3n ultravioleta.<\/p>\n<p>Prenda Certificada bajo la normativa AS\/NZ4399\/2017 Ap\u00e9ndice A. (Est\u00e1ndar Australiano y Neozeland\u00e9s\/ EUROPEA), corresponde a la protecci\u00f3n ultravioleta que presenta el tejido como el factor UV, UPF, transmitida en UVA, UVB y UVR. UPF define la protecci\u00f3n de luz ultravioleta.<\/p>\n<h3>Especificaciones del producto<\/h3>\n<p>Calce: Cl\u00e1sico<\/p>\n<p>Tela: Jersey<\/p>\n<p>Composici\u00f3n: 80% algod\u00f3n 20% soft yarn<\/p>\n<p>Gramaje: 180 gr.<\/p>\n<h3>Aplicaciones del producto<\/h3>\n<p>Corporativo, publicitario, industria, construcci\u00f3n y log\u00edstica.<\/p>\n<p>&nbsp;<\/p>\n<p><img loading=\"lazy\" decoding=\"async\" class=\"alignnone size-full wp-image-10008811\" src=\"https:\/\/uniformesludo.cl\/wp-content\/uploads\/2020\/12\/2-10.png\" alt=\"\" width=\"1164\" height=\"402\" srcset=\"https:\/\/uniformesludo.cl\/wp-content\/uploads\/2020\/12\/2-10.png 1164w, https:\/\/uniformesludo.cl\/wp-content\/uploads\/2020\/12\/2-10-300x104.png 300w, https:\/\/uniformesludo.cl\/wp-content\/uploads\/2020\/12\/2-10-768x265.png 768w, https:\/\/uniformesludo.cl\/wp-content\/uploads\/2020\/12\/2-10-1024x354.png 1024w, https:\/\/uniformesludo.cl\/wp-content\/uploads\/2020\/12\/2-10-100x35.png 100w, https:\/\/uniformesludo.cl\/wp-content\/uploads\/2020\/12\/2-10-600x207.png 600w\" sizes=\"auto, (max-width: 1164px) 100vw, 1164px\" \/><\/p>\n<p><img decoding=\"async\" src=\"https:\/\/uniformesludo.cl\/wp-content\/uploads\/2024\/02\/ludo-comp-FICHA-TECNICA-203.jpg\" alt=\"\" \/><\/p>\n","protected":false},"excerpt":{"rendered":"<p><a id=\"btncotizar\" href=\"https:\/\/uniformesludo.cl\/index.php\/cotizacion\/\">Cotizar<\/a><\/p>\n","protected":false},"featured_media":10008814,"comment_status":"closed","ping_status":"closed","template":"","meta":[],"product_brand":[],"product_cat":[256],"product_tag":[550,551],"class_list":{"0":"post-10008810","1":"product","2":"type-product","3":"status-publish","4":"has-post-thumbnail","6":"product_cat-poleras-polerones","7":"product_tag-poleras","8":"product_tag-blusas-y-camisas","10":"first","11":"instock","12":"shipping-taxable","13":"purchasable","14":"product-type-variable","15":"has-default-attributes"},"aioseo_notices":[],"yoast_head":"<!-- This site is optimized with the Yoast SEO plugin v26.5 - https:\/\/yoast.com\/wordpress\/plugins\/seo\/ -->\n<title>Polera essential soft manga larga hombre - Uniformes Ludo<\/title>\n<meta name=\"robots\" content=\"index, follow, max-snippet:-1, max-image-preview:large, max-video-preview:-1\" \/>\n<link rel=\"canonical\" href=\"https:\/\/uniformesludo.cl\/index.php\/producto\/polera-essential-soft-manga-larga-hombre\/\" \/>\n<meta property=\"og:locale\" content=\"es_ES\" \/>\n<meta property=\"og:type\" content=\"article\" \/>\n<meta property=\"og:title\" content=\"Polera essential soft manga larga hombre - Uniformes Ludo\" \/>\n<meta property=\"og:description\" content=\"Cotizar\" \/>\n<meta property=\"og:url\" content=\"https:\/\/uniformesludo.cl\/index.php\/producto\/polera-essential-soft-manga-larga-hombre\/\" \/>\n<meta property=\"og:site_name\" content=\"Uniformes Ludo\" \/>\n<meta property=\"article:modified_time\" content=\"2024-10-23T17:06:23+00:00\" \/>\n<meta property=\"og:image\" content=\"https:\/\/uniformesludo.cl\/wp-content\/uploads\/2020\/12\/2-11.png\" \/>\n\t<meta property=\"og:image:width\" content=\"621\" \/>\n\t<meta property=\"og:image:height\" content=\"621\" \/>\n\t<meta property=\"og:image:type\" content=\"image\/png\" \/>\n<meta name=\"twitter:card\" content=\"summary_large_image\" \/>\n<meta name=\"twitter:label1\" content=\"Tiempo de lectura\" \/>\n\t<meta name=\"twitter:data1\" content=\"1 minuto\" \/>\n<script type=\"application\/ld+json\" class=\"yoast-schema-graph\">{\"@context\":\"https:\/\/schema.org\",\"@graph\":[{\"@type\":\"WebPage\",\"@id\":\"https:\/\/uniformesludo.cl\/index.php\/producto\/polera-essential-soft-manga-larga-hombre\/\",\"url\":\"https:\/\/uniformesludo.cl\/index.php\/producto\/polera-essential-soft-manga-larga-hombre\/\",\"name\":\"Polera essential soft manga larga hombre - Uniformes Ludo\",\"isPartOf\":{\"@id\":\"https:\/\/uniformesludo.cl\/#website\"},\"primaryImageOfPage\":{\"@id\":\"https:\/\/uniformesludo.cl\/index.php\/producto\/polera-essential-soft-manga-larga-hombre\/#primaryimage\"},\"image\":{\"@id\":\"https:\/\/uniformesludo.cl\/index.php\/producto\/polera-essential-soft-manga-larga-hombre\/#primaryimage\"},\"thumbnailUrl\":\"https:\/\/uniformesludo.cl\/wp-content\/uploads\/2020\/12\/2-11.png\",\"datePublished\":\"2020-12-16T23:19:27+00:00\",\"dateModified\":\"2024-10-23T17:06:23+00:00\",\"breadcrumb\":{\"@id\":\"https:\/\/uniformesludo.cl\/index.php\/producto\/polera-essential-soft-manga-larga-hombre\/#breadcrumb\"},\"inLanguage\":\"es\",\"potentialAction\":[{\"@type\":\"ReadAction\",\"target\":[\"https:\/\/uniformesludo.cl\/index.php\/producto\/polera-essential-soft-manga-larga-hombre\/\"]}]},{\"@type\":\"ImageObject\",\"inLanguage\":\"es\",\"@id\":\"https:\/\/uniformesludo.cl\/index.php\/producto\/polera-essential-soft-manga-larga-hombre\/#primaryimage\",\"url\":\"https:\/\/uniformesludo.cl\/wp-content\/uploads\/2020\/12\/2-11.png\",\"contentUrl\":\"https:\/\/uniformesludo.cl\/wp-content\/uploads\/2020\/12\/2-11.png\",\"width\":621,\"height\":621},{\"@type\":\"BreadcrumbList\",\"@id\":\"https:\/\/uniformesludo.cl\/index.php\/producto\/polera-essential-soft-manga-larga-hombre\/#breadcrumb\",\"itemListElement\":[{\"@type\":\"ListItem\",\"position\":1,\"name\":\"Portada\",\"item\":\"https:\/\/uniformesludo.cl\/\"},{\"@type\":\"ListItem\",\"position\":2,\"name\":\"Tienda\",\"item\":\"https:\/\/uniformesludo.cl\/index.php\/tienda\/\"},{\"@type\":\"ListItem\",\"position\":3,\"name\":\"Polera essential soft manga larga hombre\"}]},{\"@type\":\"WebSite\",\"@id\":\"https:\/\/uniformesludo.cl\/#website\",\"url\":\"https:\/\/uniformesludo.cl\/\",\"name\":\"Uniformes Ludo\",\"description\":\"Es una de las empresas comercializadoras de Ropa de trabajo, confecci\u00f3n, productos de protecci\u00f3n, prevenci\u00f3n y seguridad una de las m\u00e1s importantes de nuestro pa\u00eds, reconocida a nivel Nacional, con numerosos clientes a lo largo de Chile que avalan su compromiso de calidad. De igual forma, existe una permanente preocupaci\u00f3n por mantener un servicio integral de excelencia que permita identificarnos como \u201cel mejor equipo, la mejor empresa e inversi\u00f3n\u201d.\",\"potentialAction\":[{\"@type\":\"SearchAction\",\"target\":{\"@type\":\"EntryPoint\",\"urlTemplate\":\"https:\/\/uniformesludo.cl\/?s={search_term_string}\"},\"query-input\":{\"@type\":\"PropertyValueSpecification\",\"valueRequired\":true,\"valueName\":\"search_term_string\"}}],\"inLanguage\":\"es\"}]}<\/script>\n<!-- \/ Yoast SEO plugin. -->","yoast_head_json":{"title":"Polera essential soft manga larga hombre - Uniformes Ludo","robots":{"index":"index","follow":"follow","max-snippet":"max-snippet:-1","max-image-preview":"max-image-preview:large","max-video-preview":"max-video-preview:-1"},"canonical":"https:\/\/uniformesludo.cl\/index.php\/producto\/polera-essential-soft-manga-larga-hombre\/","og_locale":"es_ES","og_type":"article","og_title":"Polera essential soft manga larga hombre - Uniformes Ludo","og_description":"Cotizar","og_url":"https:\/\/uniformesludo.cl\/index.php\/producto\/polera-essential-soft-manga-larga-hombre\/","og_site_name":"Uniformes Ludo","article_modified_time":"2024-10-23T17:06:23+00:00","og_image":[{"width":621,"height":621,"url":"https:\/\/uniformesludo.cl\/wp-content\/uploads\/2020\/12\/2-11.png","type":"image\/png"}],"twitter_card":"summary_large_image","twitter_misc":{"Tiempo de lectura":"1 minuto"},"schema":{"@context":"https:\/\/schema.org","@graph":[{"@type":"WebPage","@id":"https:\/\/uniformesludo.cl\/index.php\/producto\/polera-essential-soft-manga-larga-hombre\/","url":"https:\/\/uniformesludo.cl\/index.php\/producto\/polera-essential-soft-manga-larga-hombre\/","name":"Polera essential soft manga larga hombre - Uniformes Ludo","isPartOf":{"@id":"https:\/\/uniformesludo.cl\/#website"},"primaryImageOfPage":{"@id":"https:\/\/uniformesludo.cl\/index.php\/producto\/polera-essential-soft-manga-larga-hombre\/#primaryimage"},"image":{"@id":"https:\/\/uniformesludo.cl\/index.php\/producto\/polera-essential-soft-manga-larga-hombre\/#primaryimage"},"thumbnailUrl":"https:\/\/uniformesludo.cl\/wp-content\/uploads\/2020\/12\/2-11.png","datePublished":"2020-12-16T23:19:27+00:00","dateModified":"2024-10-23T17:06:23+00:00","breadcrumb":{"@id":"https:\/\/uniformesludo.cl\/index.php\/producto\/polera-essential-soft-manga-larga-hombre\/#breadcrumb"},"inLanguage":"es","potentialAction":[{"@type":"ReadAction","target":["https:\/\/uniformesludo.cl\/index.php\/producto\/polera-essential-soft-manga-larga-hombre\/"]}]},{"@type":"ImageObject","inLanguage":"es","@id":"https:\/\/uniformesludo.cl\/index.php\/producto\/polera-essential-soft-manga-larga-hombre\/#primaryimage","url":"https:\/\/uniformesludo.cl\/wp-content\/uploads\/2020\/12\/2-11.png","contentUrl":"https:\/\/uniformesludo.cl\/wp-content\/uploads\/2020\/12\/2-11.png","width":621,"height":621},{"@type":"BreadcrumbList","@id":"https:\/\/uniformesludo.cl\/index.php\/producto\/polera-essential-soft-manga-larga-hombre\/#breadcrumb","itemListElement":[{"@type":"ListItem","position":1,"name":"Portada","item":"https:\/\/uniformesludo.cl\/"},{"@type":"ListItem","position":2,"name":"Tienda","item":"https:\/\/uniformesludo.cl\/index.php\/tienda\/"},{"@type":"ListItem","position":3,"name":"Polera essential soft manga larga hombre"}]},{"@type":"WebSite","@id":"https:\/\/uniformesludo.cl\/#website","url":"https:\/\/uniformesludo.cl\/","name":"Uniformes Ludo","description":"Es una de las empresas comercializadoras de Ropa de trabajo, confecci\u00f3n, productos de protecci\u00f3n, prevenci\u00f3n y seguridad una de las m\u00e1s importantes de nuestro pa\u00eds, reconocida a nivel Nacional, con numerosos clientes a lo largo de Chile que avalan su compromiso de calidad. De igual forma, existe una permanente preocupaci\u00f3n por mantener un servicio integral de excelencia que permita identificarnos como \u201cel mejor equipo, la mejor empresa e inversi\u00f3n\u201d.","potentialAction":[{"@type":"SearchAction","target":{"@type":"EntryPoint","urlTemplate":"https:\/\/uniformesludo.cl\/?s={search_term_string}"},"query-input":{"@type":"PropertyValueSpecification","valueRequired":true,"valueName":"search_term_string"}}],"inLanguage":"es"}]}},"_links":{"self":[{"href":"https:\/\/uniformesludo.cl\/index.php\/wp-json\/wp\/v2\/product\/10008810","targetHints":{"allow":["GET"]}}],"collection":[{"href":"https:\/\/uniformesludo.cl\/index.php\/wp-json\/wp\/v2\/product"}],"about":[{"href":"https:\/\/uniformesludo.cl\/index.php\/wp-json\/wp\/v2\/types\/product"}],"replies":[{"embeddable":true,"href":"https:\/\/uniformesludo.cl\/index.php\/wp-json\/wp\/v2\/comments?post=10008810"}],"wp:featuredmedia":[{"embeddable":true,"href":"https:\/\/uniformesludo.cl\/index.php\/wp-json\/wp\/v2\/media\/10008814"}],"wp:attachment":[{"href":"https:\/\/uniformesludo.cl\/index.php\/wp-json\/wp\/v2\/media?parent=10008810"}],"wp:term":[{"taxonomy":"product_brand","embeddable":true,"href":"https:\/\/uniformesludo.cl\/index.php\/wp-json\/wp\/v2\/product_brand?post=10008810"},{"taxonomy":"product_cat","embeddable":true,"href":"https:\/\/uniformesludo.cl\/index.php\/wp-json\/wp\/v2\/product_cat?post=10008810"},{"taxonomy":"product_tag","embeddable":true,"href":"https:\/\/uniformesludo.cl\/index.php\/wp-json\/wp\/v2\/product_tag?post=10008810"}],"curies":[{"name":"wp","href":"https:\/\/api.w.org\/{rel}","templated":true}]}}