{"id":10008723,"date":"2020-12-15T14:44:37","date_gmt":"2020-12-15T14:44:37","guid":{"rendered":"https:\/\/uniformesludo.cl\/?post_type=product&#038;p=10008723"},"modified":"2024-10-23T17:06:43","modified_gmt":"2024-10-23T17:06:43","slug":"pantalon-termico-san-rafael-oxford-300d","status":"publish","type":"product","link":"https:\/\/uniformesludo.cl\/index.php\/producto\/pantalon-termico-san-rafael-oxford-300d\/","title":{"rendered":"Pantal\u00f3n T\u00e9rmico San Rafael Oxford 300d"},"content":{"rendered":"<ul>\n<li>Doble opci\u00f3n de uso, pantal\u00f3n o jardinera.<\/li>\n<li>Pasadores de velcro dobles para colocar los tirantes.<\/li>\n<li>Cierre en parte posterior de cintura para usar tirantes.<\/li>\n<li>Cintas reflectantes de 5 cm en piernas.<\/li>\n<li>Banda posterior para cubrir cierre y dar altura a la parte trasera del pantal\u00f3n.<\/li>\n<li>Modelo t\u00e9rmico e impermeable.<\/li>\n<li>Forro micropolar.<\/li>\n<li>Relleno ecolight.<\/li>\n<li>Abertura en piernas para facilitar la entrada de zapatos.<\/li>\n<li>Bolsillo de parche, amplios en cintura.<\/li>\n<\/ul>\n<p>&nbsp;<\/p>\n<p>&nbsp;<\/p>\n","protected":false},"excerpt":{"rendered":"\n<p><a id=\"btncotizar\" href=\"https:\/\/uniformesludo.cl\/index.php\/cotizacion\/\">Cotizar<\/a><\/p>\n","protected":false},"featured_media":10008725,"comment_status":"closed","ping_status":"closed","template":"","meta":[],"product_brand":[],"product_cat":[246,239],"product_tag":[548,552],"class_list":{"0":"post-10008723","1":"product","2":"type-product","3":"status-publish","4":"has-post-thumbnail","6":"product_cat-linea-termica","7":"product_cat-ropa-termica","8":"product_tag-pantalones","9":"product_tag-zapatos","11":"first","12":"instock","13":"shipping-taxable","14":"purchasable","15":"product-type-variable","16":"has-default-attributes"},"aioseo_notices":[],"yoast_head":"<!-- This site is optimized with the Yoast SEO plugin v26.5 - https:\/\/yoast.com\/wordpress\/plugins\/seo\/ -->\n<title>Pantal\u00f3n T\u00e9rmico San Rafael Oxford 300d - Uniformes Ludo<\/title>\n<meta name=\"robots\" content=\"index, follow, max-snippet:-1, max-image-preview:large, max-video-preview:-1\" \/>\n<link rel=\"canonical\" href=\"https:\/\/uniformesludo.cl\/index.php\/producto\/pantalon-termico-san-rafael-oxford-300d\/\" \/>\n<meta property=\"og:locale\" content=\"es_ES\" \/>\n<meta property=\"og:type\" content=\"article\" \/>\n<meta property=\"og:title\" content=\"Pantal\u00f3n T\u00e9rmico San Rafael Oxford 300d - Uniformes Ludo\" \/>\n<meta property=\"og:description\" content=\"Cotizar\" \/>\n<meta property=\"og:url\" content=\"https:\/\/uniformesludo.cl\/index.php\/producto\/pantalon-termico-san-rafael-oxford-300d\/\" \/>\n<meta property=\"og:site_name\" content=\"Uniformes Ludo\" \/>\n<meta property=\"article:modified_time\" content=\"2024-10-23T17:06:43+00:00\" \/>\n<meta property=\"og:image\" content=\"https:\/\/uniformesludo.cl\/wp-content\/uploads\/2020\/12\/parkas29.png\" \/>\n\t<meta property=\"og:image:width\" content=\"621\" \/>\n\t<meta property=\"og:image:height\" content=\"621\" \/>\n\t<meta property=\"og:image:type\" content=\"image\/png\" \/>\n<meta name=\"twitter:card\" content=\"summary_large_image\" \/>\n<script type=\"application\/ld+json\" class=\"yoast-schema-graph\">{\"@context\":\"https:\/\/schema.org\",\"@graph\":[{\"@type\":\"WebPage\",\"@id\":\"https:\/\/uniformesludo.cl\/index.php\/producto\/pantalon-termico-san-rafael-oxford-300d\/\",\"url\":\"https:\/\/uniformesludo.cl\/index.php\/producto\/pantalon-termico-san-rafael-oxford-300d\/\",\"name\":\"Pantal\u00f3n T\u00e9rmico San Rafael Oxford 300d - Uniformes Ludo\",\"isPartOf\":{\"@id\":\"https:\/\/uniformesludo.cl\/#website\"},\"primaryImageOfPage\":{\"@id\":\"https:\/\/uniformesludo.cl\/index.php\/producto\/pantalon-termico-san-rafael-oxford-300d\/#primaryimage\"},\"image\":{\"@id\":\"https:\/\/uniformesludo.cl\/index.php\/producto\/pantalon-termico-san-rafael-oxford-300d\/#primaryimage\"},\"thumbnailUrl\":\"https:\/\/uniformesludo.cl\/wp-content\/uploads\/2020\/12\/parkas29.png\",\"datePublished\":\"2020-12-15T14:44:37+00:00\",\"dateModified\":\"2024-10-23T17:06:43+00:00\",\"breadcrumb\":{\"@id\":\"https:\/\/uniformesludo.cl\/index.php\/producto\/pantalon-termico-san-rafael-oxford-300d\/#breadcrumb\"},\"inLanguage\":\"es\",\"potentialAction\":[{\"@type\":\"ReadAction\",\"target\":[\"https:\/\/uniformesludo.cl\/index.php\/producto\/pantalon-termico-san-rafael-oxford-300d\/\"]}]},{\"@type\":\"ImageObject\",\"inLanguage\":\"es\",\"@id\":\"https:\/\/uniformesludo.cl\/index.php\/producto\/pantalon-termico-san-rafael-oxford-300d\/#primaryimage\",\"url\":\"https:\/\/uniformesludo.cl\/wp-content\/uploads\/2020\/12\/parkas29.png\",\"contentUrl\":\"https:\/\/uniformesludo.cl\/wp-content\/uploads\/2020\/12\/parkas29.png\",\"width\":621,\"height\":621},{\"@type\":\"BreadcrumbList\",\"@id\":\"https:\/\/uniformesludo.cl\/index.php\/producto\/pantalon-termico-san-rafael-oxford-300d\/#breadcrumb\",\"itemListElement\":[{\"@type\":\"ListItem\",\"position\":1,\"name\":\"Portada\",\"item\":\"https:\/\/uniformesludo.cl\/\"},{\"@type\":\"ListItem\",\"position\":2,\"name\":\"Tienda\",\"item\":\"https:\/\/uniformesludo.cl\/index.php\/tienda\/\"},{\"@type\":\"ListItem\",\"position\":3,\"name\":\"Pantal\u00f3n T\u00e9rmico San Rafael Oxford 300d\"}]},{\"@type\":\"WebSite\",\"@id\":\"https:\/\/uniformesludo.cl\/#website\",\"url\":\"https:\/\/uniformesludo.cl\/\",\"name\":\"Uniformes Ludo\",\"description\":\"Es una de las empresas comercializadoras de Ropa de trabajo, confecci\u00f3n, productos de protecci\u00f3n, prevenci\u00f3n y seguridad una de las m\u00e1s importantes de nuestro pa\u00eds, reconocida a nivel Nacional, con numerosos clientes a lo largo de Chile que avalan su compromiso de calidad. De igual forma, existe una permanente preocupaci\u00f3n por mantener un servicio integral de excelencia que permita identificarnos como \u201cel mejor equipo, la mejor empresa e inversi\u00f3n\u201d.\",\"potentialAction\":[{\"@type\":\"SearchAction\",\"target\":{\"@type\":\"EntryPoint\",\"urlTemplate\":\"https:\/\/uniformesludo.cl\/?s={search_term_string}\"},\"query-input\":{\"@type\":\"PropertyValueSpecification\",\"valueRequired\":true,\"valueName\":\"search_term_string\"}}],\"inLanguage\":\"es\"}]}<\/script>\n<!-- \/ Yoast SEO plugin. -->","yoast_head_json":{"title":"Pantal\u00f3n T\u00e9rmico San Rafael Oxford 300d - Uniformes Ludo","robots":{"index":"index","follow":"follow","max-snippet":"max-snippet:-1","max-image-preview":"max-image-preview:large","max-video-preview":"max-video-preview:-1"},"canonical":"https:\/\/uniformesludo.cl\/index.php\/producto\/pantalon-termico-san-rafael-oxford-300d\/","og_locale":"es_ES","og_type":"article","og_title":"Pantal\u00f3n T\u00e9rmico San Rafael Oxford 300d - Uniformes Ludo","og_description":"Cotizar","og_url":"https:\/\/uniformesludo.cl\/index.php\/producto\/pantalon-termico-san-rafael-oxford-300d\/","og_site_name":"Uniformes Ludo","article_modified_time":"2024-10-23T17:06:43+00:00","og_image":[{"width":621,"height":621,"url":"https:\/\/uniformesludo.cl\/wp-content\/uploads\/2020\/12\/parkas29.png","type":"image\/png"}],"twitter_card":"summary_large_image","schema":{"@context":"https:\/\/schema.org","@graph":[{"@type":"WebPage","@id":"https:\/\/uniformesludo.cl\/index.php\/producto\/pantalon-termico-san-rafael-oxford-300d\/","url":"https:\/\/uniformesludo.cl\/index.php\/producto\/pantalon-termico-san-rafael-oxford-300d\/","name":"Pantal\u00f3n T\u00e9rmico San Rafael Oxford 300d - Uniformes Ludo","isPartOf":{"@id":"https:\/\/uniformesludo.cl\/#website"},"primaryImageOfPage":{"@id":"https:\/\/uniformesludo.cl\/index.php\/producto\/pantalon-termico-san-rafael-oxford-300d\/#primaryimage"},"image":{"@id":"https:\/\/uniformesludo.cl\/index.php\/producto\/pantalon-termico-san-rafael-oxford-300d\/#primaryimage"},"thumbnailUrl":"https:\/\/uniformesludo.cl\/wp-content\/uploads\/2020\/12\/parkas29.png","datePublished":"2020-12-15T14:44:37+00:00","dateModified":"2024-10-23T17:06:43+00:00","breadcrumb":{"@id":"https:\/\/uniformesludo.cl\/index.php\/producto\/pantalon-termico-san-rafael-oxford-300d\/#breadcrumb"},"inLanguage":"es","potentialAction":[{"@type":"ReadAction","target":["https:\/\/uniformesludo.cl\/index.php\/producto\/pantalon-termico-san-rafael-oxford-300d\/"]}]},{"@type":"ImageObject","inLanguage":"es","@id":"https:\/\/uniformesludo.cl\/index.php\/producto\/pantalon-termico-san-rafael-oxford-300d\/#primaryimage","url":"https:\/\/uniformesludo.cl\/wp-content\/uploads\/2020\/12\/parkas29.png","contentUrl":"https:\/\/uniformesludo.cl\/wp-content\/uploads\/2020\/12\/parkas29.png","width":621,"height":621},{"@type":"BreadcrumbList","@id":"https:\/\/uniformesludo.cl\/index.php\/producto\/pantalon-termico-san-rafael-oxford-300d\/#breadcrumb","itemListElement":[{"@type":"ListItem","position":1,"name":"Portada","item":"https:\/\/uniformesludo.cl\/"},{"@type":"ListItem","position":2,"name":"Tienda","item":"https:\/\/uniformesludo.cl\/index.php\/tienda\/"},{"@type":"ListItem","position":3,"name":"Pantal\u00f3n T\u00e9rmico San Rafael Oxford 300d"}]},{"@type":"WebSite","@id":"https:\/\/uniformesludo.cl\/#website","url":"https:\/\/uniformesludo.cl\/","name":"Uniformes Ludo","description":"Es una de las empresas comercializadoras de Ropa de trabajo, confecci\u00f3n, productos de protecci\u00f3n, prevenci\u00f3n y seguridad una de las m\u00e1s importantes de nuestro pa\u00eds, reconocida a nivel Nacional, con numerosos clientes a lo largo de Chile que avalan su compromiso de calidad. De igual forma, existe una permanente preocupaci\u00f3n por mantener un servicio integral de excelencia que permita identificarnos como \u201cel mejor equipo, la mejor empresa e inversi\u00f3n\u201d.","potentialAction":[{"@type":"SearchAction","target":{"@type":"EntryPoint","urlTemplate":"https:\/\/uniformesludo.cl\/?s={search_term_string}"},"query-input":{"@type":"PropertyValueSpecification","valueRequired":true,"valueName":"search_term_string"}}],"inLanguage":"es"}]}},"_links":{"self":[{"href":"https:\/\/uniformesludo.cl\/index.php\/wp-json\/wp\/v2\/product\/10008723","targetHints":{"allow":["GET"]}}],"collection":[{"href":"https:\/\/uniformesludo.cl\/index.php\/wp-json\/wp\/v2\/product"}],"about":[{"href":"https:\/\/uniformesludo.cl\/index.php\/wp-json\/wp\/v2\/types\/product"}],"replies":[{"embeddable":true,"href":"https:\/\/uniformesludo.cl\/index.php\/wp-json\/wp\/v2\/comments?post=10008723"}],"wp:featuredmedia":[{"embeddable":true,"href":"https:\/\/uniformesludo.cl\/index.php\/wp-json\/wp\/v2\/media\/10008725"}],"wp:attachment":[{"href":"https:\/\/uniformesludo.cl\/index.php\/wp-json\/wp\/v2\/media?parent=10008723"}],"wp:term":[{"taxonomy":"product_brand","embeddable":true,"href":"https:\/\/uniformesludo.cl\/index.php\/wp-json\/wp\/v2\/product_brand?post=10008723"},{"taxonomy":"product_cat","embeddable":true,"href":"https:\/\/uniformesludo.cl\/index.php\/wp-json\/wp\/v2\/product_cat?post=10008723"},{"taxonomy":"product_tag","embeddable":true,"href":"https:\/\/uniformesludo.cl\/index.php\/wp-json\/wp\/v2\/product_tag?post=10008723"}],"curies":[{"name":"wp","href":"https:\/\/api.w.org\/{rel}","templated":true}]}}