{"id":10008715,"date":"2020-12-15T14:09:03","date_gmt":"2020-12-15T14:09:03","guid":{"rendered":"https:\/\/uniformesludo.cl\/?post_type=product&#038;p=10008715"},"modified":"2024-10-23T17:06:49","modified_gmt":"2024-10-23T17:06:49","slug":"parka-pangue-softshell-outwork-mujer","status":"publish","type":"product","link":"https:\/\/uniformesludo.cl\/index.php\/producto\/parka-pangue-softshell-outwork-mujer\/","title":{"rendered":"Parka Pangue Softshell Outwork Mujer"},"content":{"rendered":"<ul>\n<li>Pieza interior ajustable con tancas.<\/li>\n<li>Pu\u00f1o con ajuste.<\/li>\n<li>Interior completamente forrado con vell\u00f3n.<\/li>\n<li>Cierre continuo con protector de barbilla.<\/li>\n<li>Ventilaci\u00f3n lateral.<\/li>\n<li>Dos bolsillos laterales y un bolsillo en el pecho cada uno con un cierre.<\/li>\n<li>Cintas Reflectantes.<\/li>\n<li>Cintura ajustable y reflectores sutiles.<\/li>\n<li>Cierres con lamina repelente al agua.<\/li>\n<\/ul>\n<p>&nbsp;<\/p>\n<p><img loading=\"lazy\" decoding=\"async\" class=\"alignnone size-full wp-image-10008718\" src=\"https:\/\/uniformesludo.cl\/wp-content\/uploads\/2020\/12\/parkas27-1.png\" alt=\"\" width=\"1142\" height=\"263\" srcset=\"https:\/\/uniformesludo.cl\/wp-content\/uploads\/2020\/12\/parkas27-1.png 1142w, https:\/\/uniformesludo.cl\/wp-content\/uploads\/2020\/12\/parkas27-1-300x69.png 300w, https:\/\/uniformesludo.cl\/wp-content\/uploads\/2020\/12\/parkas27-1-768x177.png 768w, https:\/\/uniformesludo.cl\/wp-content\/uploads\/2020\/12\/parkas27-1-1024x236.png 1024w, https:\/\/uniformesludo.cl\/wp-content\/uploads\/2020\/12\/parkas27-1-100x23.png 100w, https:\/\/uniformesludo.cl\/wp-content\/uploads\/2020\/12\/parkas27-1-600x138.png 600w\" sizes=\"auto, (max-width: 1142px) 100vw, 1142px\" \/><\/p>\n<p><img decoding=\"async\" src=\"https:\/\/uniformesludo.cl\/wp-content\/uploads\/2024\/02\/ludo-comp-FICHA-TECNICA-117.jpg\" alt=\"\" \/><br \/>\n<img decoding=\"async\" src=\"https:\/\/uniformesludo.cl\/wp-content\/uploads\/2024\/02\/ludo-comp-FICHA-TECNICA-118.jpg\" alt=\"\" \/><\/p>\n","protected":false},"excerpt":{"rendered":"<p><a id=\"btncotizar\" href=\"https:\/\/uniformesludo.cl\/index.php\/cotizacion\/\">Cotizar<\/a><\/p>\n","protected":false},"featured_media":10008717,"comment_status":"closed","ping_status":"closed","template":"","meta":[],"product_brand":[],"product_cat":[255,281],"product_tag":[],"class_list":{"0":"post-10008715","1":"product","2":"type-product","3":"status-publish","4":"has-post-thumbnail","6":"product_cat-parkas-y-chaquetas","7":"product_cat-parkas-de-alta-resistencia-linea-termica","9":"first","10":"instock","11":"shipping-taxable","12":"purchasable","13":"product-type-variable","14":"has-default-attributes"},"aioseo_notices":[],"yoast_head":"<!-- This site is optimized with the Yoast SEO plugin v26.5 - https:\/\/yoast.com\/wordpress\/plugins\/seo\/ -->\n<title>Parka Pangue Softshell Outwork Mujer - Uniformes Ludo<\/title>\n<meta name=\"robots\" content=\"index, follow, max-snippet:-1, max-image-preview:large, max-video-preview:-1\" \/>\n<link rel=\"canonical\" href=\"https:\/\/uniformesludo.cl\/index.php\/producto\/parka-pangue-softshell-outwork-mujer\/\" \/>\n<meta property=\"og:locale\" content=\"es_ES\" \/>\n<meta property=\"og:type\" content=\"article\" \/>\n<meta property=\"og:title\" content=\"Parka Pangue Softshell Outwork Mujer - Uniformes Ludo\" \/>\n<meta property=\"og:description\" content=\"Cotizar\" \/>\n<meta property=\"og:url\" content=\"https:\/\/uniformesludo.cl\/index.php\/producto\/parka-pangue-softshell-outwork-mujer\/\" \/>\n<meta property=\"og:site_name\" content=\"Uniformes Ludo\" \/>\n<meta property=\"article:modified_time\" content=\"2024-10-23T17:06:49+00:00\" \/>\n<meta property=\"og:image\" content=\"https:\/\/uniformesludo.cl\/wp-content\/uploads\/2020\/12\/parkas27.png\" \/>\n\t<meta property=\"og:image:width\" content=\"621\" \/>\n\t<meta property=\"og:image:height\" content=\"621\" \/>\n\t<meta property=\"og:image:type\" content=\"image\/png\" \/>\n<meta name=\"twitter:card\" content=\"summary_large_image\" \/>\n<script type=\"application\/ld+json\" class=\"yoast-schema-graph\">{\"@context\":\"https:\/\/schema.org\",\"@graph\":[{\"@type\":\"WebPage\",\"@id\":\"https:\/\/uniformesludo.cl\/index.php\/producto\/parka-pangue-softshell-outwork-mujer\/\",\"url\":\"https:\/\/uniformesludo.cl\/index.php\/producto\/parka-pangue-softshell-outwork-mujer\/\",\"name\":\"Parka Pangue Softshell Outwork Mujer - Uniformes Ludo\",\"isPartOf\":{\"@id\":\"https:\/\/uniformesludo.cl\/#website\"},\"primaryImageOfPage\":{\"@id\":\"https:\/\/uniformesludo.cl\/index.php\/producto\/parka-pangue-softshell-outwork-mujer\/#primaryimage\"},\"image\":{\"@id\":\"https:\/\/uniformesludo.cl\/index.php\/producto\/parka-pangue-softshell-outwork-mujer\/#primaryimage\"},\"thumbnailUrl\":\"https:\/\/uniformesludo.cl\/wp-content\/uploads\/2020\/12\/parkas27.png\",\"datePublished\":\"2020-12-15T14:09:03+00:00\",\"dateModified\":\"2024-10-23T17:06:49+00:00\",\"breadcrumb\":{\"@id\":\"https:\/\/uniformesludo.cl\/index.php\/producto\/parka-pangue-softshell-outwork-mujer\/#breadcrumb\"},\"inLanguage\":\"es\",\"potentialAction\":[{\"@type\":\"ReadAction\",\"target\":[\"https:\/\/uniformesludo.cl\/index.php\/producto\/parka-pangue-softshell-outwork-mujer\/\"]}]},{\"@type\":\"ImageObject\",\"inLanguage\":\"es\",\"@id\":\"https:\/\/uniformesludo.cl\/index.php\/producto\/parka-pangue-softshell-outwork-mujer\/#primaryimage\",\"url\":\"https:\/\/uniformesludo.cl\/wp-content\/uploads\/2020\/12\/parkas27.png\",\"contentUrl\":\"https:\/\/uniformesludo.cl\/wp-content\/uploads\/2020\/12\/parkas27.png\",\"width\":621,\"height\":621},{\"@type\":\"BreadcrumbList\",\"@id\":\"https:\/\/uniformesludo.cl\/index.php\/producto\/parka-pangue-softshell-outwork-mujer\/#breadcrumb\",\"itemListElement\":[{\"@type\":\"ListItem\",\"position\":1,\"name\":\"Portada\",\"item\":\"https:\/\/uniformesludo.cl\/\"},{\"@type\":\"ListItem\",\"position\":2,\"name\":\"Tienda\",\"item\":\"https:\/\/uniformesludo.cl\/index.php\/tienda\/\"},{\"@type\":\"ListItem\",\"position\":3,\"name\":\"Parka Pangue Softshell Outwork Mujer\"}]},{\"@type\":\"WebSite\",\"@id\":\"https:\/\/uniformesludo.cl\/#website\",\"url\":\"https:\/\/uniformesludo.cl\/\",\"name\":\"Uniformes Ludo\",\"description\":\"Es una de las empresas comercializadoras de Ropa de trabajo, confecci\u00f3n, productos de protecci\u00f3n, prevenci\u00f3n y seguridad una de las m\u00e1s importantes de nuestro pa\u00eds, reconocida a nivel Nacional, con numerosos clientes a lo largo de Chile que avalan su compromiso de calidad. De igual forma, existe una permanente preocupaci\u00f3n por mantener un servicio integral de excelencia que permita identificarnos como \u201cel mejor equipo, la mejor empresa e inversi\u00f3n\u201d.\",\"potentialAction\":[{\"@type\":\"SearchAction\",\"target\":{\"@type\":\"EntryPoint\",\"urlTemplate\":\"https:\/\/uniformesludo.cl\/?s={search_term_string}\"},\"query-input\":{\"@type\":\"PropertyValueSpecification\",\"valueRequired\":true,\"valueName\":\"search_term_string\"}}],\"inLanguage\":\"es\"}]}<\/script>\n<!-- \/ Yoast SEO plugin. -->","yoast_head_json":{"title":"Parka Pangue Softshell Outwork Mujer - Uniformes Ludo","robots":{"index":"index","follow":"follow","max-snippet":"max-snippet:-1","max-image-preview":"max-image-preview:large","max-video-preview":"max-video-preview:-1"},"canonical":"https:\/\/uniformesludo.cl\/index.php\/producto\/parka-pangue-softshell-outwork-mujer\/","og_locale":"es_ES","og_type":"article","og_title":"Parka Pangue Softshell Outwork Mujer - Uniformes Ludo","og_description":"Cotizar","og_url":"https:\/\/uniformesludo.cl\/index.php\/producto\/parka-pangue-softshell-outwork-mujer\/","og_site_name":"Uniformes Ludo","article_modified_time":"2024-10-23T17:06:49+00:00","og_image":[{"width":621,"height":621,"url":"https:\/\/uniformesludo.cl\/wp-content\/uploads\/2020\/12\/parkas27.png","type":"image\/png"}],"twitter_card":"summary_large_image","schema":{"@context":"https:\/\/schema.org","@graph":[{"@type":"WebPage","@id":"https:\/\/uniformesludo.cl\/index.php\/producto\/parka-pangue-softshell-outwork-mujer\/","url":"https:\/\/uniformesludo.cl\/index.php\/producto\/parka-pangue-softshell-outwork-mujer\/","name":"Parka Pangue Softshell Outwork Mujer - Uniformes Ludo","isPartOf":{"@id":"https:\/\/uniformesludo.cl\/#website"},"primaryImageOfPage":{"@id":"https:\/\/uniformesludo.cl\/index.php\/producto\/parka-pangue-softshell-outwork-mujer\/#primaryimage"},"image":{"@id":"https:\/\/uniformesludo.cl\/index.php\/producto\/parka-pangue-softshell-outwork-mujer\/#primaryimage"},"thumbnailUrl":"https:\/\/uniformesludo.cl\/wp-content\/uploads\/2020\/12\/parkas27.png","datePublished":"2020-12-15T14:09:03+00:00","dateModified":"2024-10-23T17:06:49+00:00","breadcrumb":{"@id":"https:\/\/uniformesludo.cl\/index.php\/producto\/parka-pangue-softshell-outwork-mujer\/#breadcrumb"},"inLanguage":"es","potentialAction":[{"@type":"ReadAction","target":["https:\/\/uniformesludo.cl\/index.php\/producto\/parka-pangue-softshell-outwork-mujer\/"]}]},{"@type":"ImageObject","inLanguage":"es","@id":"https:\/\/uniformesludo.cl\/index.php\/producto\/parka-pangue-softshell-outwork-mujer\/#primaryimage","url":"https:\/\/uniformesludo.cl\/wp-content\/uploads\/2020\/12\/parkas27.png","contentUrl":"https:\/\/uniformesludo.cl\/wp-content\/uploads\/2020\/12\/parkas27.png","width":621,"height":621},{"@type":"BreadcrumbList","@id":"https:\/\/uniformesludo.cl\/index.php\/producto\/parka-pangue-softshell-outwork-mujer\/#breadcrumb","itemListElement":[{"@type":"ListItem","position":1,"name":"Portada","item":"https:\/\/uniformesludo.cl\/"},{"@type":"ListItem","position":2,"name":"Tienda","item":"https:\/\/uniformesludo.cl\/index.php\/tienda\/"},{"@type":"ListItem","position":3,"name":"Parka Pangue Softshell Outwork Mujer"}]},{"@type":"WebSite","@id":"https:\/\/uniformesludo.cl\/#website","url":"https:\/\/uniformesludo.cl\/","name":"Uniformes Ludo","description":"Es una de las empresas comercializadoras de Ropa de trabajo, confecci\u00f3n, productos de protecci\u00f3n, prevenci\u00f3n y seguridad una de las m\u00e1s importantes de nuestro pa\u00eds, reconocida a nivel Nacional, con numerosos clientes a lo largo de Chile que avalan su compromiso de calidad. De igual forma, existe una permanente preocupaci\u00f3n por mantener un servicio integral de excelencia que permita identificarnos como \u201cel mejor equipo, la mejor empresa e inversi\u00f3n\u201d.","potentialAction":[{"@type":"SearchAction","target":{"@type":"EntryPoint","urlTemplate":"https:\/\/uniformesludo.cl\/?s={search_term_string}"},"query-input":{"@type":"PropertyValueSpecification","valueRequired":true,"valueName":"search_term_string"}}],"inLanguage":"es"}]}},"_links":{"self":[{"href":"https:\/\/uniformesludo.cl\/index.php\/wp-json\/wp\/v2\/product\/10008715","targetHints":{"allow":["GET"]}}],"collection":[{"href":"https:\/\/uniformesludo.cl\/index.php\/wp-json\/wp\/v2\/product"}],"about":[{"href":"https:\/\/uniformesludo.cl\/index.php\/wp-json\/wp\/v2\/types\/product"}],"replies":[{"embeddable":true,"href":"https:\/\/uniformesludo.cl\/index.php\/wp-json\/wp\/v2\/comments?post=10008715"}],"wp:featuredmedia":[{"embeddable":true,"href":"https:\/\/uniformesludo.cl\/index.php\/wp-json\/wp\/v2\/media\/10008717"}],"wp:attachment":[{"href":"https:\/\/uniformesludo.cl\/index.php\/wp-json\/wp\/v2\/media?parent=10008715"}],"wp:term":[{"taxonomy":"product_brand","embeddable":true,"href":"https:\/\/uniformesludo.cl\/index.php\/wp-json\/wp\/v2\/product_brand?post=10008715"},{"taxonomy":"product_cat","embeddable":true,"href":"https:\/\/uniformesludo.cl\/index.php\/wp-json\/wp\/v2\/product_cat?post=10008715"},{"taxonomy":"product_tag","embeddable":true,"href":"https:\/\/uniformesludo.cl\/index.php\/wp-json\/wp\/v2\/product_tag?post=10008715"}],"curies":[{"name":"wp","href":"https:\/\/api.w.org\/{rel}","templated":true}]}}