{"id":10008695,"date":"2020-11-27T14:45:17","date_gmt":"2020-11-27T14:45:17","guid":{"rendered":"https:\/\/uniformesludo.cl\/?post_type=product&#038;p=10008695"},"modified":"2024-10-23T17:06:54","modified_gmt":"2024-10-23T17:06:54","slug":"parka-secuoya-3-en-1-desmontable-mujer","status":"publish","type":"product","link":"https:\/\/uniformesludo.cl\/index.php\/producto\/parka-secuoya-3-en-1-desmontable-mujer\/","title":{"rendered":"Parka Secuoya 3 En 1 Desmontable Mujer"},"content":{"rendered":"<h3>Descripci\u00f3n<\/h3>\n<p>Parka Secuoya 3 en 1 Desmontable para Hombre, dise\u00f1ada para ofrecer una m\u00e1xima protecci\u00f3n en condiciones h\u00famedas, combina protecci\u00f3n y comodidad en un solo producto, ideal para el uso diario. Cuenta con gorro y forro desmontable, pu\u00f1os con ajuste para evitar el paso del fri\u00f3 y ventilaci\u00f3n lateral. Posee detalles reflectivos en brazo y pecho, ademas de contar con bolsillos delanteros e interiores con cierres a prueba de agua para guardar elementos peque\u00f1os si lo desea.<\/p>\n<h3>Especificaciones del producto<\/h3>\n<p>Calce: Regular<\/p>\n<p>Composici\u00f3n: 100% Nylon<\/p>\n<h3>Aplicaciones del producto<\/h3>\n<p>Publicitario, Industria ligera y log\u00edstica, Administrativo.<\/p>\n<p>&nbsp;<\/p>\n<p><img loading=\"lazy\" decoding=\"async\" class=\"alignnone size-full wp-image-10008692\" src=\"https:\/\/uniformesludo.cl\/wp-content\/uploads\/2020\/11\/parkas21.png\" alt=\"\" width=\"1140\" height=\"258\" srcset=\"https:\/\/uniformesludo.cl\/wp-content\/uploads\/2020\/11\/parkas21.png 1140w, https:\/\/uniformesludo.cl\/wp-content\/uploads\/2020\/11\/parkas21-300x68.png 300w, https:\/\/uniformesludo.cl\/wp-content\/uploads\/2020\/11\/parkas21-768x174.png 768w, https:\/\/uniformesludo.cl\/wp-content\/uploads\/2020\/11\/parkas21-1024x232.png 1024w, https:\/\/uniformesludo.cl\/wp-content\/uploads\/2020\/11\/parkas21-100x23.png 100w, https:\/\/uniformesludo.cl\/wp-content\/uploads\/2020\/11\/parkas21-600x136.png 600w\" sizes=\"auto, (max-width: 1140px) 100vw, 1140px\" \/><\/p>\n","protected":false},"excerpt":{"rendered":"<p>Descripci\u00f3n Parka Secuoya 3 en 1 Desmontable para Hombre, dise\u00f1ada para ofrecer una m\u00e1xima protecci\u00f3n en condiciones h\u00famedas, combina protecci\u00f3n y comodidad en un solo producto, ideal para el uso diario. Cuenta con gorro y forro desmontable, pu\u00f1os con ajuste para evitar el paso del&#8230;<\/p>\n","protected":false},"featured_media":10008697,"comment_status":"closed","ping_status":"closed","template":"","meta":[],"product_brand":[],"product_cat":[255,281],"product_tag":[],"class_list":{"0":"post-10008695","1":"product","2":"type-product","3":"status-publish","4":"has-post-thumbnail","6":"product_cat-parkas-y-chaquetas","7":"product_cat-parkas-de-alta-resistencia-linea-termica","9":"first","10":"instock","11":"shipping-taxable","12":"purchasable","13":"product-type-variable","14":"has-default-attributes"},"aioseo_notices":[],"yoast_head":"<!-- This site is optimized with the Yoast SEO plugin v26.5 - https:\/\/yoast.com\/wordpress\/plugins\/seo\/ -->\n<title>Parka Secuoya 3 En 1 Desmontable Mujer - Uniformes Ludo<\/title>\n<meta name=\"robots\" content=\"index, follow, max-snippet:-1, max-image-preview:large, max-video-preview:-1\" \/>\n<link rel=\"canonical\" href=\"https:\/\/uniformesludo.cl\/index.php\/producto\/parka-secuoya-3-en-1-desmontable-mujer\/\" \/>\n<meta property=\"og:locale\" content=\"es_ES\" \/>\n<meta property=\"og:type\" content=\"article\" \/>\n<meta property=\"og:title\" content=\"Parka Secuoya 3 En 1 Desmontable Mujer - Uniformes Ludo\" \/>\n<meta property=\"og:description\" content=\"Descripci\u00f3n Parka Secuoya 3 en 1 Desmontable para Hombre, dise\u00f1ada para ofrecer una m\u00e1xima protecci\u00f3n en condiciones h\u00famedas, combina protecci\u00f3n y comodidad en un solo producto, ideal para el uso diario. Cuenta con gorro y forro desmontable, pu\u00f1os con ajuste para evitar el paso del...\" \/>\n<meta property=\"og:url\" content=\"https:\/\/uniformesludo.cl\/index.php\/producto\/parka-secuoya-3-en-1-desmontable-mujer\/\" \/>\n<meta property=\"og:site_name\" content=\"Uniformes Ludo\" \/>\n<meta property=\"article:modified_time\" content=\"2024-10-23T17:06:54+00:00\" \/>\n<meta property=\"og:image\" content=\"https:\/\/uniformesludo.cl\/wp-content\/uploads\/2020\/11\/parkas22.png\" \/>\n\t<meta property=\"og:image:width\" content=\"621\" \/>\n\t<meta property=\"og:image:height\" content=\"621\" \/>\n\t<meta property=\"og:image:type\" content=\"image\/png\" \/>\n<meta name=\"twitter:card\" content=\"summary_large_image\" \/>\n<meta name=\"twitter:label1\" content=\"Tiempo de lectura\" \/>\n\t<meta name=\"twitter:data1\" content=\"1 minuto\" \/>\n<script type=\"application\/ld+json\" class=\"yoast-schema-graph\">{\"@context\":\"https:\/\/schema.org\",\"@graph\":[{\"@type\":\"WebPage\",\"@id\":\"https:\/\/uniformesludo.cl\/index.php\/producto\/parka-secuoya-3-en-1-desmontable-mujer\/\",\"url\":\"https:\/\/uniformesludo.cl\/index.php\/producto\/parka-secuoya-3-en-1-desmontable-mujer\/\",\"name\":\"Parka Secuoya 3 En 1 Desmontable Mujer - Uniformes Ludo\",\"isPartOf\":{\"@id\":\"https:\/\/uniformesludo.cl\/#website\"},\"primaryImageOfPage\":{\"@id\":\"https:\/\/uniformesludo.cl\/index.php\/producto\/parka-secuoya-3-en-1-desmontable-mujer\/#primaryimage\"},\"image\":{\"@id\":\"https:\/\/uniformesludo.cl\/index.php\/producto\/parka-secuoya-3-en-1-desmontable-mujer\/#primaryimage\"},\"thumbnailUrl\":\"https:\/\/uniformesludo.cl\/wp-content\/uploads\/2020\/11\/parkas22.png\",\"datePublished\":\"2020-11-27T14:45:17+00:00\",\"dateModified\":\"2024-10-23T17:06:54+00:00\",\"breadcrumb\":{\"@id\":\"https:\/\/uniformesludo.cl\/index.php\/producto\/parka-secuoya-3-en-1-desmontable-mujer\/#breadcrumb\"},\"inLanguage\":\"es\",\"potentialAction\":[{\"@type\":\"ReadAction\",\"target\":[\"https:\/\/uniformesludo.cl\/index.php\/producto\/parka-secuoya-3-en-1-desmontable-mujer\/\"]}]},{\"@type\":\"ImageObject\",\"inLanguage\":\"es\",\"@id\":\"https:\/\/uniformesludo.cl\/index.php\/producto\/parka-secuoya-3-en-1-desmontable-mujer\/#primaryimage\",\"url\":\"https:\/\/uniformesludo.cl\/wp-content\/uploads\/2020\/11\/parkas22.png\",\"contentUrl\":\"https:\/\/uniformesludo.cl\/wp-content\/uploads\/2020\/11\/parkas22.png\",\"width\":621,\"height\":621},{\"@type\":\"BreadcrumbList\",\"@id\":\"https:\/\/uniformesludo.cl\/index.php\/producto\/parka-secuoya-3-en-1-desmontable-mujer\/#breadcrumb\",\"itemListElement\":[{\"@type\":\"ListItem\",\"position\":1,\"name\":\"Portada\",\"item\":\"https:\/\/uniformesludo.cl\/\"},{\"@type\":\"ListItem\",\"position\":2,\"name\":\"Tienda\",\"item\":\"https:\/\/uniformesludo.cl\/index.php\/tienda\/\"},{\"@type\":\"ListItem\",\"position\":3,\"name\":\"Parka Secuoya 3 En 1 Desmontable Mujer\"}]},{\"@type\":\"WebSite\",\"@id\":\"https:\/\/uniformesludo.cl\/#website\",\"url\":\"https:\/\/uniformesludo.cl\/\",\"name\":\"Uniformes Ludo\",\"description\":\"Es una de las empresas comercializadoras de Ropa de trabajo, confecci\u00f3n, productos de protecci\u00f3n, prevenci\u00f3n y seguridad una de las m\u00e1s importantes de nuestro pa\u00eds, reconocida a nivel Nacional, con numerosos clientes a lo largo de Chile que avalan su compromiso de calidad. De igual forma, existe una permanente preocupaci\u00f3n por mantener un servicio integral de excelencia que permita identificarnos como \u201cel mejor equipo, la mejor empresa e inversi\u00f3n\u201d.\",\"potentialAction\":[{\"@type\":\"SearchAction\",\"target\":{\"@type\":\"EntryPoint\",\"urlTemplate\":\"https:\/\/uniformesludo.cl\/?s={search_term_string}\"},\"query-input\":{\"@type\":\"PropertyValueSpecification\",\"valueRequired\":true,\"valueName\":\"search_term_string\"}}],\"inLanguage\":\"es\"}]}<\/script>\n<!-- \/ Yoast SEO plugin. -->","yoast_head_json":{"title":"Parka Secuoya 3 En 1 Desmontable Mujer - Uniformes Ludo","robots":{"index":"index","follow":"follow","max-snippet":"max-snippet:-1","max-image-preview":"max-image-preview:large","max-video-preview":"max-video-preview:-1"},"canonical":"https:\/\/uniformesludo.cl\/index.php\/producto\/parka-secuoya-3-en-1-desmontable-mujer\/","og_locale":"es_ES","og_type":"article","og_title":"Parka Secuoya 3 En 1 Desmontable Mujer - Uniformes Ludo","og_description":"Descripci\u00f3n Parka Secuoya 3 en 1 Desmontable para Hombre, dise\u00f1ada para ofrecer una m\u00e1xima protecci\u00f3n en condiciones h\u00famedas, combina protecci\u00f3n y comodidad en un solo producto, ideal para el uso diario. Cuenta con gorro y forro desmontable, pu\u00f1os con ajuste para evitar el paso del...","og_url":"https:\/\/uniformesludo.cl\/index.php\/producto\/parka-secuoya-3-en-1-desmontable-mujer\/","og_site_name":"Uniformes Ludo","article_modified_time":"2024-10-23T17:06:54+00:00","og_image":[{"width":621,"height":621,"url":"https:\/\/uniformesludo.cl\/wp-content\/uploads\/2020\/11\/parkas22.png","type":"image\/png"}],"twitter_card":"summary_large_image","twitter_misc":{"Tiempo de lectura":"1 minuto"},"schema":{"@context":"https:\/\/schema.org","@graph":[{"@type":"WebPage","@id":"https:\/\/uniformesludo.cl\/index.php\/producto\/parka-secuoya-3-en-1-desmontable-mujer\/","url":"https:\/\/uniformesludo.cl\/index.php\/producto\/parka-secuoya-3-en-1-desmontable-mujer\/","name":"Parka Secuoya 3 En 1 Desmontable Mujer - Uniformes Ludo","isPartOf":{"@id":"https:\/\/uniformesludo.cl\/#website"},"primaryImageOfPage":{"@id":"https:\/\/uniformesludo.cl\/index.php\/producto\/parka-secuoya-3-en-1-desmontable-mujer\/#primaryimage"},"image":{"@id":"https:\/\/uniformesludo.cl\/index.php\/producto\/parka-secuoya-3-en-1-desmontable-mujer\/#primaryimage"},"thumbnailUrl":"https:\/\/uniformesludo.cl\/wp-content\/uploads\/2020\/11\/parkas22.png","datePublished":"2020-11-27T14:45:17+00:00","dateModified":"2024-10-23T17:06:54+00:00","breadcrumb":{"@id":"https:\/\/uniformesludo.cl\/index.php\/producto\/parka-secuoya-3-en-1-desmontable-mujer\/#breadcrumb"},"inLanguage":"es","potentialAction":[{"@type":"ReadAction","target":["https:\/\/uniformesludo.cl\/index.php\/producto\/parka-secuoya-3-en-1-desmontable-mujer\/"]}]},{"@type":"ImageObject","inLanguage":"es","@id":"https:\/\/uniformesludo.cl\/index.php\/producto\/parka-secuoya-3-en-1-desmontable-mujer\/#primaryimage","url":"https:\/\/uniformesludo.cl\/wp-content\/uploads\/2020\/11\/parkas22.png","contentUrl":"https:\/\/uniformesludo.cl\/wp-content\/uploads\/2020\/11\/parkas22.png","width":621,"height":621},{"@type":"BreadcrumbList","@id":"https:\/\/uniformesludo.cl\/index.php\/producto\/parka-secuoya-3-en-1-desmontable-mujer\/#breadcrumb","itemListElement":[{"@type":"ListItem","position":1,"name":"Portada","item":"https:\/\/uniformesludo.cl\/"},{"@type":"ListItem","position":2,"name":"Tienda","item":"https:\/\/uniformesludo.cl\/index.php\/tienda\/"},{"@type":"ListItem","position":3,"name":"Parka Secuoya 3 En 1 Desmontable Mujer"}]},{"@type":"WebSite","@id":"https:\/\/uniformesludo.cl\/#website","url":"https:\/\/uniformesludo.cl\/","name":"Uniformes Ludo","description":"Es una de las empresas comercializadoras de Ropa de trabajo, confecci\u00f3n, productos de protecci\u00f3n, prevenci\u00f3n y seguridad una de las m\u00e1s importantes de nuestro pa\u00eds, reconocida a nivel Nacional, con numerosos clientes a lo largo de Chile que avalan su compromiso de calidad. De igual forma, existe una permanente preocupaci\u00f3n por mantener un servicio integral de excelencia que permita identificarnos como \u201cel mejor equipo, la mejor empresa e inversi\u00f3n\u201d.","potentialAction":[{"@type":"SearchAction","target":{"@type":"EntryPoint","urlTemplate":"https:\/\/uniformesludo.cl\/?s={search_term_string}"},"query-input":{"@type":"PropertyValueSpecification","valueRequired":true,"valueName":"search_term_string"}}],"inLanguage":"es"}]}},"_links":{"self":[{"href":"https:\/\/uniformesludo.cl\/index.php\/wp-json\/wp\/v2\/product\/10008695","targetHints":{"allow":["GET"]}}],"collection":[{"href":"https:\/\/uniformesludo.cl\/index.php\/wp-json\/wp\/v2\/product"}],"about":[{"href":"https:\/\/uniformesludo.cl\/index.php\/wp-json\/wp\/v2\/types\/product"}],"replies":[{"embeddable":true,"href":"https:\/\/uniformesludo.cl\/index.php\/wp-json\/wp\/v2\/comments?post=10008695"}],"wp:featuredmedia":[{"embeddable":true,"href":"https:\/\/uniformesludo.cl\/index.php\/wp-json\/wp\/v2\/media\/10008697"}],"wp:attachment":[{"href":"https:\/\/uniformesludo.cl\/index.php\/wp-json\/wp\/v2\/media?parent=10008695"}],"wp:term":[{"taxonomy":"product_brand","embeddable":true,"href":"https:\/\/uniformesludo.cl\/index.php\/wp-json\/wp\/v2\/product_brand?post=10008695"},{"taxonomy":"product_cat","embeddable":true,"href":"https:\/\/uniformesludo.cl\/index.php\/wp-json\/wp\/v2\/product_cat?post=10008695"},{"taxonomy":"product_tag","embeddable":true,"href":"https:\/\/uniformesludo.cl\/index.php\/wp-json\/wp\/v2\/product_tag?post=10008695"}],"curies":[{"name":"wp","href":"https:\/\/api.w.org\/{rel}","templated":true}]}}