{"id":10008681,"date":"2020-11-24T15:52:08","date_gmt":"2020-11-24T15:52:08","guid":{"rendered":"https:\/\/uniformesludo.cl\/?post_type=product&#038;p=10008681"},"modified":"2024-10-23T17:06:37","modified_gmt":"2024-10-23T17:06:37","slug":"chaqueta-basic-forro-polar-manga-larga-hombre-2","status":"publish","type":"product","link":"https:\/\/uniformesludo.cl\/index.php\/producto\/chaqueta-basic-forro-polar-manga-larga-hombre-2\/","title":{"rendered":"Chaqueta Basic Forro Polar Manga Larga Hombre"},"content":{"rendered":"<h3>Descripci\u00f3n<\/h3>\n<p>Chaqueta b\u00e1sica hombre, con recubrimiento PA,\u00a0 f\u00f3rmula que protege del fr\u00edo y el viento. Esta chaqueta cuenta un pr\u00e1ctico bolsillo interior, perfecto para guardar cosas peque\u00f1as de valor, ojetillo de respiraci\u00f3n bajo manga y gorro escondido adem\u00e1s posee forro de Micropolar, medio pu\u00f1o y ajuste interno en la pretina. En su interior el forro delantero y espalda posee un cierre invisible, esta pieza se abre facilitando el\u00a0 bordado y estampado.\u00a0Prenda vers\u00e1til para\u00a0usar en cualquier ocasi\u00f3n, ya sea en un evento Publicitario o como un trabajo administrativo. La chaqueta est\u00e1 dise\u00f1ada para un rendimiento \u00f3ptimo como aislante del fr\u00edo y viento.<\/p>\n<h3>Especificaciones del producto<\/h3>\n<p>Calce: Regular<\/p>\n<p>Tela: Taslan con goma PA<\/p>\n<p>Composici\u00f3n: 100% Poli\u00e9ster<\/p>\n<p>Forro: Micropolar<\/p>\n<h3>Aplicaciones del Producto<\/h3>\n<p>Publicitario, Administrativo, Industria Ligera y Log\u00edstica.<\/p>\n<p>&nbsp;<\/p>\n<p><img loading=\"lazy\" decoding=\"async\" class=\"alignnone size-full wp-image-10008682\" src=\"https:\/\/uniformesludo.cl\/wp-content\/uploads\/2020\/11\/parkas19.png\" alt=\"\" width=\"1145\" height=\"266\" srcset=\"https:\/\/uniformesludo.cl\/wp-content\/uploads\/2020\/11\/parkas19.png 1145w, https:\/\/uniformesludo.cl\/wp-content\/uploads\/2020\/11\/parkas19-300x70.png 300w, https:\/\/uniformesludo.cl\/wp-content\/uploads\/2020\/11\/parkas19-768x178.png 768w, https:\/\/uniformesludo.cl\/wp-content\/uploads\/2020\/11\/parkas19-1024x238.png 1024w, https:\/\/uniformesludo.cl\/wp-content\/uploads\/2020\/11\/parkas19-100x23.png 100w, https:\/\/uniformesludo.cl\/wp-content\/uploads\/2020\/11\/parkas19-600x139.png 600w\" sizes=\"auto, (max-width: 1145px) 100vw, 1145px\" \/><\/p>\n","protected":false},"excerpt":{"rendered":"\n<p><a id=\"btncotizar\" href=\"https:\/\/uniformesludo.cl\/index.php\/cotizacion\/\">Cotizar<\/a><\/p>\n","protected":false},"featured_media":10008683,"comment_status":"closed","ping_status":"closed","template":"","meta":[],"product_brand":[],"product_cat":[255,281],"product_tag":[547],"class_list":{"0":"post-10008681","1":"product","2":"type-product","3":"status-publish","4":"has-post-thumbnail","6":"product_cat-parkas-y-chaquetas","7":"product_cat-parkas-de-alta-resistencia-linea-termica","8":"product_tag-chaquetas","10":"first","11":"instock","12":"shipping-taxable","13":"purchasable","14":"product-type-variable","15":"has-default-attributes"},"aioseo_notices":[],"yoast_head":"<!-- This site is optimized with the Yoast SEO plugin v26.5 - https:\/\/yoast.com\/wordpress\/plugins\/seo\/ -->\n<title>Chaqueta Basic Forro Polar Manga Larga Hombre - Uniformes Ludo<\/title>\n<meta name=\"robots\" content=\"index, follow, max-snippet:-1, max-image-preview:large, max-video-preview:-1\" \/>\n<link rel=\"canonical\" href=\"https:\/\/uniformesludo.cl\/index.php\/producto\/chaqueta-basic-forro-polar-manga-larga-hombre-2\/\" \/>\n<meta property=\"og:locale\" content=\"es_ES\" \/>\n<meta property=\"og:type\" content=\"article\" \/>\n<meta property=\"og:title\" content=\"Chaqueta Basic Forro Polar Manga Larga Hombre - Uniformes Ludo\" \/>\n<meta property=\"og:description\" content=\"Cotizar\" \/>\n<meta property=\"og:url\" content=\"https:\/\/uniformesludo.cl\/index.php\/producto\/chaqueta-basic-forro-polar-manga-larga-hombre-2\/\" \/>\n<meta property=\"og:site_name\" content=\"Uniformes Ludo\" \/>\n<meta property=\"article:modified_time\" content=\"2024-10-23T17:06:37+00:00\" \/>\n<meta property=\"og:image\" content=\"https:\/\/uniformesludo.cl\/wp-content\/uploads\/2020\/11\/parkas19-1.png\" \/>\n\t<meta property=\"og:image:width\" content=\"621\" \/>\n\t<meta property=\"og:image:height\" content=\"621\" \/>\n\t<meta property=\"og:image:type\" content=\"image\/png\" \/>\n<meta name=\"twitter:card\" content=\"summary_large_image\" \/>\n<meta name=\"twitter:label1\" content=\"Tiempo de lectura\" \/>\n\t<meta name=\"twitter:data1\" content=\"1 minuto\" \/>\n<script type=\"application\/ld+json\" class=\"yoast-schema-graph\">{\"@context\":\"https:\/\/schema.org\",\"@graph\":[{\"@type\":\"WebPage\",\"@id\":\"https:\/\/uniformesludo.cl\/index.php\/producto\/chaqueta-basic-forro-polar-manga-larga-hombre-2\/\",\"url\":\"https:\/\/uniformesludo.cl\/index.php\/producto\/chaqueta-basic-forro-polar-manga-larga-hombre-2\/\",\"name\":\"Chaqueta Basic Forro Polar Manga Larga Hombre - Uniformes Ludo\",\"isPartOf\":{\"@id\":\"https:\/\/uniformesludo.cl\/#website\"},\"primaryImageOfPage\":{\"@id\":\"https:\/\/uniformesludo.cl\/index.php\/producto\/chaqueta-basic-forro-polar-manga-larga-hombre-2\/#primaryimage\"},\"image\":{\"@id\":\"https:\/\/uniformesludo.cl\/index.php\/producto\/chaqueta-basic-forro-polar-manga-larga-hombre-2\/#primaryimage\"},\"thumbnailUrl\":\"https:\/\/uniformesludo.cl\/wp-content\/uploads\/2020\/11\/parkas19-1.png\",\"datePublished\":\"2020-11-24T15:52:08+00:00\",\"dateModified\":\"2024-10-23T17:06:37+00:00\",\"breadcrumb\":{\"@id\":\"https:\/\/uniformesludo.cl\/index.php\/producto\/chaqueta-basic-forro-polar-manga-larga-hombre-2\/#breadcrumb\"},\"inLanguage\":\"es\",\"potentialAction\":[{\"@type\":\"ReadAction\",\"target\":[\"https:\/\/uniformesludo.cl\/index.php\/producto\/chaqueta-basic-forro-polar-manga-larga-hombre-2\/\"]}]},{\"@type\":\"ImageObject\",\"inLanguage\":\"es\",\"@id\":\"https:\/\/uniformesludo.cl\/index.php\/producto\/chaqueta-basic-forro-polar-manga-larga-hombre-2\/#primaryimage\",\"url\":\"https:\/\/uniformesludo.cl\/wp-content\/uploads\/2020\/11\/parkas19-1.png\",\"contentUrl\":\"https:\/\/uniformesludo.cl\/wp-content\/uploads\/2020\/11\/parkas19-1.png\",\"width\":621,\"height\":621},{\"@type\":\"BreadcrumbList\",\"@id\":\"https:\/\/uniformesludo.cl\/index.php\/producto\/chaqueta-basic-forro-polar-manga-larga-hombre-2\/#breadcrumb\",\"itemListElement\":[{\"@type\":\"ListItem\",\"position\":1,\"name\":\"Portada\",\"item\":\"https:\/\/uniformesludo.cl\/\"},{\"@type\":\"ListItem\",\"position\":2,\"name\":\"Tienda\",\"item\":\"https:\/\/uniformesludo.cl\/index.php\/tienda\/\"},{\"@type\":\"ListItem\",\"position\":3,\"name\":\"Chaqueta Basic Forro Polar Manga Larga Hombre\"}]},{\"@type\":\"WebSite\",\"@id\":\"https:\/\/uniformesludo.cl\/#website\",\"url\":\"https:\/\/uniformesludo.cl\/\",\"name\":\"Uniformes Ludo\",\"description\":\"Es una de las empresas comercializadoras de Ropa de trabajo, confecci\u00f3n, productos de protecci\u00f3n, prevenci\u00f3n y seguridad una de las m\u00e1s importantes de nuestro pa\u00eds, reconocida a nivel Nacional, con numerosos clientes a lo largo de Chile que avalan su compromiso de calidad. De igual forma, existe una permanente preocupaci\u00f3n por mantener un servicio integral de excelencia que permita identificarnos como \u201cel mejor equipo, la mejor empresa e inversi\u00f3n\u201d.\",\"potentialAction\":[{\"@type\":\"SearchAction\",\"target\":{\"@type\":\"EntryPoint\",\"urlTemplate\":\"https:\/\/uniformesludo.cl\/?s={search_term_string}\"},\"query-input\":{\"@type\":\"PropertyValueSpecification\",\"valueRequired\":true,\"valueName\":\"search_term_string\"}}],\"inLanguage\":\"es\"}]}<\/script>\n<!-- \/ Yoast SEO plugin. -->","yoast_head_json":{"title":"Chaqueta Basic Forro Polar Manga Larga Hombre - Uniformes Ludo","robots":{"index":"index","follow":"follow","max-snippet":"max-snippet:-1","max-image-preview":"max-image-preview:large","max-video-preview":"max-video-preview:-1"},"canonical":"https:\/\/uniformesludo.cl\/index.php\/producto\/chaqueta-basic-forro-polar-manga-larga-hombre-2\/","og_locale":"es_ES","og_type":"article","og_title":"Chaqueta Basic Forro Polar Manga Larga Hombre - Uniformes Ludo","og_description":"Cotizar","og_url":"https:\/\/uniformesludo.cl\/index.php\/producto\/chaqueta-basic-forro-polar-manga-larga-hombre-2\/","og_site_name":"Uniformes Ludo","article_modified_time":"2024-10-23T17:06:37+00:00","og_image":[{"width":621,"height":621,"url":"https:\/\/uniformesludo.cl\/wp-content\/uploads\/2020\/11\/parkas19-1.png","type":"image\/png"}],"twitter_card":"summary_large_image","twitter_misc":{"Tiempo de lectura":"1 minuto"},"schema":{"@context":"https:\/\/schema.org","@graph":[{"@type":"WebPage","@id":"https:\/\/uniformesludo.cl\/index.php\/producto\/chaqueta-basic-forro-polar-manga-larga-hombre-2\/","url":"https:\/\/uniformesludo.cl\/index.php\/producto\/chaqueta-basic-forro-polar-manga-larga-hombre-2\/","name":"Chaqueta Basic Forro Polar Manga Larga Hombre - Uniformes Ludo","isPartOf":{"@id":"https:\/\/uniformesludo.cl\/#website"},"primaryImageOfPage":{"@id":"https:\/\/uniformesludo.cl\/index.php\/producto\/chaqueta-basic-forro-polar-manga-larga-hombre-2\/#primaryimage"},"image":{"@id":"https:\/\/uniformesludo.cl\/index.php\/producto\/chaqueta-basic-forro-polar-manga-larga-hombre-2\/#primaryimage"},"thumbnailUrl":"https:\/\/uniformesludo.cl\/wp-content\/uploads\/2020\/11\/parkas19-1.png","datePublished":"2020-11-24T15:52:08+00:00","dateModified":"2024-10-23T17:06:37+00:00","breadcrumb":{"@id":"https:\/\/uniformesludo.cl\/index.php\/producto\/chaqueta-basic-forro-polar-manga-larga-hombre-2\/#breadcrumb"},"inLanguage":"es","potentialAction":[{"@type":"ReadAction","target":["https:\/\/uniformesludo.cl\/index.php\/producto\/chaqueta-basic-forro-polar-manga-larga-hombre-2\/"]}]},{"@type":"ImageObject","inLanguage":"es","@id":"https:\/\/uniformesludo.cl\/index.php\/producto\/chaqueta-basic-forro-polar-manga-larga-hombre-2\/#primaryimage","url":"https:\/\/uniformesludo.cl\/wp-content\/uploads\/2020\/11\/parkas19-1.png","contentUrl":"https:\/\/uniformesludo.cl\/wp-content\/uploads\/2020\/11\/parkas19-1.png","width":621,"height":621},{"@type":"BreadcrumbList","@id":"https:\/\/uniformesludo.cl\/index.php\/producto\/chaqueta-basic-forro-polar-manga-larga-hombre-2\/#breadcrumb","itemListElement":[{"@type":"ListItem","position":1,"name":"Portada","item":"https:\/\/uniformesludo.cl\/"},{"@type":"ListItem","position":2,"name":"Tienda","item":"https:\/\/uniformesludo.cl\/index.php\/tienda\/"},{"@type":"ListItem","position":3,"name":"Chaqueta Basic Forro Polar Manga Larga Hombre"}]},{"@type":"WebSite","@id":"https:\/\/uniformesludo.cl\/#website","url":"https:\/\/uniformesludo.cl\/","name":"Uniformes Ludo","description":"Es una de las empresas comercializadoras de Ropa de trabajo, confecci\u00f3n, productos de protecci\u00f3n, prevenci\u00f3n y seguridad una de las m\u00e1s importantes de nuestro pa\u00eds, reconocida a nivel Nacional, con numerosos clientes a lo largo de Chile que avalan su compromiso de calidad. De igual forma, existe una permanente preocupaci\u00f3n por mantener un servicio integral de excelencia que permita identificarnos como \u201cel mejor equipo, la mejor empresa e inversi\u00f3n\u201d.","potentialAction":[{"@type":"SearchAction","target":{"@type":"EntryPoint","urlTemplate":"https:\/\/uniformesludo.cl\/?s={search_term_string}"},"query-input":{"@type":"PropertyValueSpecification","valueRequired":true,"valueName":"search_term_string"}}],"inLanguage":"es"}]}},"_links":{"self":[{"href":"https:\/\/uniformesludo.cl\/index.php\/wp-json\/wp\/v2\/product\/10008681","targetHints":{"allow":["GET"]}}],"collection":[{"href":"https:\/\/uniformesludo.cl\/index.php\/wp-json\/wp\/v2\/product"}],"about":[{"href":"https:\/\/uniformesludo.cl\/index.php\/wp-json\/wp\/v2\/types\/product"}],"replies":[{"embeddable":true,"href":"https:\/\/uniformesludo.cl\/index.php\/wp-json\/wp\/v2\/comments?post=10008681"}],"wp:featuredmedia":[{"embeddable":true,"href":"https:\/\/uniformesludo.cl\/index.php\/wp-json\/wp\/v2\/media\/10008683"}],"wp:attachment":[{"href":"https:\/\/uniformesludo.cl\/index.php\/wp-json\/wp\/v2\/media?parent=10008681"}],"wp:term":[{"taxonomy":"product_brand","embeddable":true,"href":"https:\/\/uniformesludo.cl\/index.php\/wp-json\/wp\/v2\/product_brand?post=10008681"},{"taxonomy":"product_cat","embeddable":true,"href":"https:\/\/uniformesludo.cl\/index.php\/wp-json\/wp\/v2\/product_cat?post=10008681"},{"taxonomy":"product_tag","embeddable":true,"href":"https:\/\/uniformesludo.cl\/index.php\/wp-json\/wp\/v2\/product_tag?post=10008681"}],"curies":[{"name":"wp","href":"https:\/\/api.w.org\/{rel}","templated":true}]}}