{"id":10008677,"date":"2020-11-24T15:42:13","date_gmt":"2020-11-24T15:42:13","guid":{"rendered":"https:\/\/uniformesludo.cl\/?post_type=product&#038;p=10008677"},"modified":"2024-10-23T17:06:43","modified_gmt":"2024-10-23T17:06:43","slug":"casaca-termica-impermeable-pionner-manga-larga-hombre","status":"publish","type":"product","link":"https:\/\/uniformesludo.cl\/index.php\/producto\/casaca-termica-impermeable-pionner-manga-larga-hombre\/","title":{"rendered":"Casaca T\u00e9rmica Impermeable Pionner Manga Larga Hombre"},"content":{"rendered":"<h3>Descripci\u00f3n<\/h3>\n<p>Chaqueta t\u00e9rmica Pionner Hombre, modelo impermeable con tecnolog\u00eda waterproof, recubrimiento PVC \u00a0que consiste en m\u00faltiples capas que otorgan impermeabilidad y mayor resistencia al viento adem\u00e1s posee un acabado exterior piel de durazno (Peach Process) que entrega mayor suavidad y durabilidad. La chaqueta Pionner cuenta con ojetillos de respiraci\u00f3n bajo manga, gorro escondido, forro de polar y costuras selladas que mantienen el calor corporal e impiden el paso del agua,\u00a0tiene ajuste interno en pretina para evitar el paso del viento. Este producto ofrece un calce cl\u00e1sico\u00a0para un uso vers\u00e1til.<\/p>\n<h3>Especificaciones del producto<\/h3>\n<p>Tela: Microfibra con recubrimiento PVC<\/p>\n<p>Relleno: Ecolight (napa)<\/p>\n<p>Forro: Micropolar<\/p>\n<p>Calce: Cl\u00e1sico<\/p>\n<p>Composici\u00f3n: 100% Poli\u00e9ster<\/p>\n<p>Gramaje: 240 gr.<\/p>\n<h3>Aplicaciones del producto:<\/h3>\n<p>Publicitario, Administrativo, Construcci\u00f3n, Industria.<\/p>\n<p>&nbsp;<\/p>\n<p><img loading=\"lazy\" decoding=\"async\" class=\"alignnone size-full wp-image-10008678\" src=\"https:\/\/uniformesludo.cl\/wp-content\/uploads\/2020\/11\/parkas18.png\" alt=\"\" width=\"1143\" height=\"258\" srcset=\"https:\/\/uniformesludo.cl\/wp-content\/uploads\/2020\/11\/parkas18.png 1143w, https:\/\/uniformesludo.cl\/wp-content\/uploads\/2020\/11\/parkas18-300x68.png 300w, https:\/\/uniformesludo.cl\/wp-content\/uploads\/2020\/11\/parkas18-768x173.png 768w, https:\/\/uniformesludo.cl\/wp-content\/uploads\/2020\/11\/parkas18-1024x231.png 1024w, https:\/\/uniformesludo.cl\/wp-content\/uploads\/2020\/11\/parkas18-100x23.png 100w, https:\/\/uniformesludo.cl\/wp-content\/uploads\/2020\/11\/parkas18-600x135.png 600w\" sizes=\"auto, (max-width: 1143px) 100vw, 1143px\" \/><\/p>\n<p><img decoding=\"async\" src=\"https:\/\/uniformesludo.cl\/wp-content\/uploads\/2024\/02\/ludo-comp-FICHA-TECNICA-146.jpg\" alt=\"\" \/><\/p>\n","protected":false},"excerpt":{"rendered":"<p><a id=\"btncotizar\" href=\"https:\/\/uniformesludo.cl\/index.php\/cotizacion\/\">Cotizar<\/a><\/p>\n","protected":false},"featured_media":10008679,"comment_status":"closed","ping_status":"closed","template":"","meta":[],"product_brand":[],"product_cat":[255,281],"product_tag":[547],"class_list":{"0":"post-10008677","1":"product","2":"type-product","3":"status-publish","4":"has-post-thumbnail","6":"product_cat-parkas-y-chaquetas","7":"product_cat-parkas-de-alta-resistencia-linea-termica","8":"product_tag-chaquetas","10":"first","11":"instock","12":"shipping-taxable","13":"purchasable","14":"product-type-variable","15":"has-default-attributes"},"aioseo_notices":[],"yoast_head":"<!-- This site is optimized with the Yoast SEO plugin v26.5 - https:\/\/yoast.com\/wordpress\/plugins\/seo\/ -->\n<title>Casaca T\u00e9rmica Impermeable Pionner Manga Larga Hombre - Uniformes Ludo<\/title>\n<meta name=\"robots\" content=\"index, follow, max-snippet:-1, max-image-preview:large, max-video-preview:-1\" \/>\n<link rel=\"canonical\" href=\"https:\/\/uniformesludo.cl\/index.php\/producto\/casaca-termica-impermeable-pionner-manga-larga-hombre\/\" \/>\n<meta property=\"og:locale\" content=\"es_ES\" \/>\n<meta property=\"og:type\" content=\"article\" \/>\n<meta property=\"og:title\" content=\"Casaca T\u00e9rmica Impermeable Pionner Manga Larga Hombre - Uniformes Ludo\" \/>\n<meta property=\"og:description\" content=\"Cotizar\" \/>\n<meta property=\"og:url\" content=\"https:\/\/uniformesludo.cl\/index.php\/producto\/casaca-termica-impermeable-pionner-manga-larga-hombre\/\" \/>\n<meta property=\"og:site_name\" content=\"Uniformes Ludo\" \/>\n<meta property=\"article:modified_time\" content=\"2024-10-23T17:06:43+00:00\" \/>\n<meta property=\"og:image\" content=\"https:\/\/uniformesludo.cl\/wp-content\/uploads\/2020\/11\/parkas18-1.png\" \/>\n\t<meta property=\"og:image:width\" content=\"621\" \/>\n\t<meta property=\"og:image:height\" content=\"621\" \/>\n\t<meta property=\"og:image:type\" content=\"image\/png\" \/>\n<meta name=\"twitter:card\" content=\"summary_large_image\" \/>\n<meta name=\"twitter:label1\" content=\"Tiempo de lectura\" \/>\n\t<meta name=\"twitter:data1\" content=\"1 minuto\" \/>\n<script type=\"application\/ld+json\" class=\"yoast-schema-graph\">{\"@context\":\"https:\/\/schema.org\",\"@graph\":[{\"@type\":\"WebPage\",\"@id\":\"https:\/\/uniformesludo.cl\/index.php\/producto\/casaca-termica-impermeable-pionner-manga-larga-hombre\/\",\"url\":\"https:\/\/uniformesludo.cl\/index.php\/producto\/casaca-termica-impermeable-pionner-manga-larga-hombre\/\",\"name\":\"Casaca T\u00e9rmica Impermeable Pionner Manga Larga Hombre - Uniformes Ludo\",\"isPartOf\":{\"@id\":\"https:\/\/uniformesludo.cl\/#website\"},\"primaryImageOfPage\":{\"@id\":\"https:\/\/uniformesludo.cl\/index.php\/producto\/casaca-termica-impermeable-pionner-manga-larga-hombre\/#primaryimage\"},\"image\":{\"@id\":\"https:\/\/uniformesludo.cl\/index.php\/producto\/casaca-termica-impermeable-pionner-manga-larga-hombre\/#primaryimage\"},\"thumbnailUrl\":\"https:\/\/uniformesludo.cl\/wp-content\/uploads\/2020\/11\/parkas18-1.png\",\"datePublished\":\"2020-11-24T15:42:13+00:00\",\"dateModified\":\"2024-10-23T17:06:43+00:00\",\"breadcrumb\":{\"@id\":\"https:\/\/uniformesludo.cl\/index.php\/producto\/casaca-termica-impermeable-pionner-manga-larga-hombre\/#breadcrumb\"},\"inLanguage\":\"es\",\"potentialAction\":[{\"@type\":\"ReadAction\",\"target\":[\"https:\/\/uniformesludo.cl\/index.php\/producto\/casaca-termica-impermeable-pionner-manga-larga-hombre\/\"]}]},{\"@type\":\"ImageObject\",\"inLanguage\":\"es\",\"@id\":\"https:\/\/uniformesludo.cl\/index.php\/producto\/casaca-termica-impermeable-pionner-manga-larga-hombre\/#primaryimage\",\"url\":\"https:\/\/uniformesludo.cl\/wp-content\/uploads\/2020\/11\/parkas18-1.png\",\"contentUrl\":\"https:\/\/uniformesludo.cl\/wp-content\/uploads\/2020\/11\/parkas18-1.png\",\"width\":621,\"height\":621},{\"@type\":\"BreadcrumbList\",\"@id\":\"https:\/\/uniformesludo.cl\/index.php\/producto\/casaca-termica-impermeable-pionner-manga-larga-hombre\/#breadcrumb\",\"itemListElement\":[{\"@type\":\"ListItem\",\"position\":1,\"name\":\"Portada\",\"item\":\"https:\/\/uniformesludo.cl\/\"},{\"@type\":\"ListItem\",\"position\":2,\"name\":\"Tienda\",\"item\":\"https:\/\/uniformesludo.cl\/index.php\/tienda\/\"},{\"@type\":\"ListItem\",\"position\":3,\"name\":\"Casaca T\u00e9rmica Impermeable Pionner Manga Larga Hombre\"}]},{\"@type\":\"WebSite\",\"@id\":\"https:\/\/uniformesludo.cl\/#website\",\"url\":\"https:\/\/uniformesludo.cl\/\",\"name\":\"Uniformes Ludo\",\"description\":\"Es una de las empresas comercializadoras de Ropa de trabajo, confecci\u00f3n, productos de protecci\u00f3n, prevenci\u00f3n y seguridad una de las m\u00e1s importantes de nuestro pa\u00eds, reconocida a nivel Nacional, con numerosos clientes a lo largo de Chile que avalan su compromiso de calidad. De igual forma, existe una permanente preocupaci\u00f3n por mantener un servicio integral de excelencia que permita identificarnos como \u201cel mejor equipo, la mejor empresa e inversi\u00f3n\u201d.\",\"potentialAction\":[{\"@type\":\"SearchAction\",\"target\":{\"@type\":\"EntryPoint\",\"urlTemplate\":\"https:\/\/uniformesludo.cl\/?s={search_term_string}\"},\"query-input\":{\"@type\":\"PropertyValueSpecification\",\"valueRequired\":true,\"valueName\":\"search_term_string\"}}],\"inLanguage\":\"es\"}]}<\/script>\n<!-- \/ Yoast SEO plugin. -->","yoast_head_json":{"title":"Casaca T\u00e9rmica Impermeable Pionner Manga Larga Hombre - Uniformes Ludo","robots":{"index":"index","follow":"follow","max-snippet":"max-snippet:-1","max-image-preview":"max-image-preview:large","max-video-preview":"max-video-preview:-1"},"canonical":"https:\/\/uniformesludo.cl\/index.php\/producto\/casaca-termica-impermeable-pionner-manga-larga-hombre\/","og_locale":"es_ES","og_type":"article","og_title":"Casaca T\u00e9rmica Impermeable Pionner Manga Larga Hombre - Uniformes Ludo","og_description":"Cotizar","og_url":"https:\/\/uniformesludo.cl\/index.php\/producto\/casaca-termica-impermeable-pionner-manga-larga-hombre\/","og_site_name":"Uniformes Ludo","article_modified_time":"2024-10-23T17:06:43+00:00","og_image":[{"width":621,"height":621,"url":"https:\/\/uniformesludo.cl\/wp-content\/uploads\/2020\/11\/parkas18-1.png","type":"image\/png"}],"twitter_card":"summary_large_image","twitter_misc":{"Tiempo de lectura":"1 minuto"},"schema":{"@context":"https:\/\/schema.org","@graph":[{"@type":"WebPage","@id":"https:\/\/uniformesludo.cl\/index.php\/producto\/casaca-termica-impermeable-pionner-manga-larga-hombre\/","url":"https:\/\/uniformesludo.cl\/index.php\/producto\/casaca-termica-impermeable-pionner-manga-larga-hombre\/","name":"Casaca T\u00e9rmica Impermeable Pionner Manga Larga Hombre - Uniformes Ludo","isPartOf":{"@id":"https:\/\/uniformesludo.cl\/#website"},"primaryImageOfPage":{"@id":"https:\/\/uniformesludo.cl\/index.php\/producto\/casaca-termica-impermeable-pionner-manga-larga-hombre\/#primaryimage"},"image":{"@id":"https:\/\/uniformesludo.cl\/index.php\/producto\/casaca-termica-impermeable-pionner-manga-larga-hombre\/#primaryimage"},"thumbnailUrl":"https:\/\/uniformesludo.cl\/wp-content\/uploads\/2020\/11\/parkas18-1.png","datePublished":"2020-11-24T15:42:13+00:00","dateModified":"2024-10-23T17:06:43+00:00","breadcrumb":{"@id":"https:\/\/uniformesludo.cl\/index.php\/producto\/casaca-termica-impermeable-pionner-manga-larga-hombre\/#breadcrumb"},"inLanguage":"es","potentialAction":[{"@type":"ReadAction","target":["https:\/\/uniformesludo.cl\/index.php\/producto\/casaca-termica-impermeable-pionner-manga-larga-hombre\/"]}]},{"@type":"ImageObject","inLanguage":"es","@id":"https:\/\/uniformesludo.cl\/index.php\/producto\/casaca-termica-impermeable-pionner-manga-larga-hombre\/#primaryimage","url":"https:\/\/uniformesludo.cl\/wp-content\/uploads\/2020\/11\/parkas18-1.png","contentUrl":"https:\/\/uniformesludo.cl\/wp-content\/uploads\/2020\/11\/parkas18-1.png","width":621,"height":621},{"@type":"BreadcrumbList","@id":"https:\/\/uniformesludo.cl\/index.php\/producto\/casaca-termica-impermeable-pionner-manga-larga-hombre\/#breadcrumb","itemListElement":[{"@type":"ListItem","position":1,"name":"Portada","item":"https:\/\/uniformesludo.cl\/"},{"@type":"ListItem","position":2,"name":"Tienda","item":"https:\/\/uniformesludo.cl\/index.php\/tienda\/"},{"@type":"ListItem","position":3,"name":"Casaca T\u00e9rmica Impermeable Pionner Manga Larga Hombre"}]},{"@type":"WebSite","@id":"https:\/\/uniformesludo.cl\/#website","url":"https:\/\/uniformesludo.cl\/","name":"Uniformes Ludo","description":"Es una de las empresas comercializadoras de Ropa de trabajo, confecci\u00f3n, productos de protecci\u00f3n, prevenci\u00f3n y seguridad una de las m\u00e1s importantes de nuestro pa\u00eds, reconocida a nivel Nacional, con numerosos clientes a lo largo de Chile que avalan su compromiso de calidad. De igual forma, existe una permanente preocupaci\u00f3n por mantener un servicio integral de excelencia que permita identificarnos como \u201cel mejor equipo, la mejor empresa e inversi\u00f3n\u201d.","potentialAction":[{"@type":"SearchAction","target":{"@type":"EntryPoint","urlTemplate":"https:\/\/uniformesludo.cl\/?s={search_term_string}"},"query-input":{"@type":"PropertyValueSpecification","valueRequired":true,"valueName":"search_term_string"}}],"inLanguage":"es"}]}},"_links":{"self":[{"href":"https:\/\/uniformesludo.cl\/index.php\/wp-json\/wp\/v2\/product\/10008677","targetHints":{"allow":["GET"]}}],"collection":[{"href":"https:\/\/uniformesludo.cl\/index.php\/wp-json\/wp\/v2\/product"}],"about":[{"href":"https:\/\/uniformesludo.cl\/index.php\/wp-json\/wp\/v2\/types\/product"}],"replies":[{"embeddable":true,"href":"https:\/\/uniformesludo.cl\/index.php\/wp-json\/wp\/v2\/comments?post=10008677"}],"wp:featuredmedia":[{"embeddable":true,"href":"https:\/\/uniformesludo.cl\/index.php\/wp-json\/wp\/v2\/media\/10008679"}],"wp:attachment":[{"href":"https:\/\/uniformesludo.cl\/index.php\/wp-json\/wp\/v2\/media?parent=10008677"}],"wp:term":[{"taxonomy":"product_brand","embeddable":true,"href":"https:\/\/uniformesludo.cl\/index.php\/wp-json\/wp\/v2\/product_brand?post=10008677"},{"taxonomy":"product_cat","embeddable":true,"href":"https:\/\/uniformesludo.cl\/index.php\/wp-json\/wp\/v2\/product_cat?post=10008677"},{"taxonomy":"product_tag","embeddable":true,"href":"https:\/\/uniformesludo.cl\/index.php\/wp-json\/wp\/v2\/product_tag?post=10008677"}],"curies":[{"name":"wp","href":"https:\/\/api.w.org\/{rel}","templated":true}]}}