{"id":10008623,"date":"2020-11-18T14:53:18","date_gmt":"2020-11-18T14:53:18","guid":{"rendered":"https:\/\/uniformesludo.cl\/?post_type=product&#038;p=10008623"},"modified":"2024-10-23T17:06:48","modified_gmt":"2024-10-23T17:06:48","slug":"parka-termica-alta-visibilidad-clase-3","status":"publish","type":"product","link":"https:\/\/uniformesludo.cl\/index.php\/producto\/parka-termica-alta-visibilidad-clase-3\/","title":{"rendered":"Parka T\u00e9rmica Alta Visibilidad Clase 3"},"content":{"rendered":"<h3>Descripci\u00f3n<\/h3>\n<p>Parka Termica e Impermeable de alta visibilidad bicolor, dise\u00f1ada y construida con materiales que te a\u00edslan del fri\u00f3 y costuras selladas que te protegen de la lluvia, manteniendote seco y conservando el calor corporal. El color de fondo es altamente visible y en combinaci\u00f3n con la cinta retro Reflectiva de 5 cm de ancho en 360\u00b0 cubre la clase 3 de la norma Alta Visibilidad que necesitas para protegerte en entornos de alto riesgo. El dise\u00f1o consta principalmente de 4 bolsillos, pu\u00f1o interior en tela Rib para un mejor ajuste, capucha escondida y abertura con cierre bajo el brazo para ventilaci\u00f3n. Si necesitas una completa protecci\u00f3n para este invierno esta prenda es perfecta para tu trabajo<\/p>\n<h3>Especificaciones del producto<\/h3>\n<p>Exterior<\/p>\n<ul>\n<li>Tela: Oxford 300D con revestimiento PU<\/li>\n<li>Calce: Regular<\/li>\n<li>Composici\u00f3n: 100% Poli\u00e9ster<\/li>\n<li>Gramaje: 185 gr.<\/li>\n<\/ul>\n<p>Interior<\/p>\n<ul>\n<li>Tela: Micropolar<\/li>\n<li>Composici\u00f3n: 100% Poli\u00e9ster<\/li>\n<li>Gramaje: 200 gr.<\/li>\n<\/ul>\n<h3>Aplicaciones del producto<\/h3>\n<p>Construcci\u00f3n, Forestal, Miner\u00eda, Obras Viales, Seguridad, Industria Ligera y log\u00edstica.<\/p>\n<p>&nbsp;<\/p>\n<p><img loading=\"lazy\" decoding=\"async\" class=\"alignnone size-full wp-image-10008624\" src=\"https:\/\/uniformesludo.cl\/wp-content\/uploads\/2020\/11\/parkas7.png\" alt=\"\" width=\"1144\" height=\"262\" srcset=\"https:\/\/uniformesludo.cl\/wp-content\/uploads\/2020\/11\/parkas7.png 1144w, https:\/\/uniformesludo.cl\/wp-content\/uploads\/2020\/11\/parkas7-300x69.png 300w, https:\/\/uniformesludo.cl\/wp-content\/uploads\/2020\/11\/parkas7-768x176.png 768w, https:\/\/uniformesludo.cl\/wp-content\/uploads\/2020\/11\/parkas7-1024x235.png 1024w, https:\/\/uniformesludo.cl\/wp-content\/uploads\/2020\/11\/parkas7-100x23.png 100w, https:\/\/uniformesludo.cl\/wp-content\/uploads\/2020\/11\/parkas7-600x137.png 600w\" sizes=\"auto, (max-width: 1144px) 100vw, 1144px\" \/><\/p>\n","protected":false},"excerpt":{"rendered":"<p><a id=\"btncotizar\" href=\"https:\/\/uniformesludo.cl\/index.php\/cotizacion\/\">Cotizar<\/a><\/p>\n","protected":false},"featured_media":10008626,"comment_status":"closed","ping_status":"closed","template":"","meta":[],"product_brand":[],"product_cat":[255,281],"product_tag":[],"class_list":{"0":"post-10008623","1":"product","2":"type-product","3":"status-publish","4":"has-post-thumbnail","6":"product_cat-parkas-y-chaquetas","7":"product_cat-parkas-de-alta-resistencia-linea-termica","9":"first","10":"instock","11":"shipping-taxable","12":"purchasable","13":"product-type-variable","14":"has-default-attributes"},"aioseo_notices":[],"yoast_head":"<!-- This site is optimized with the Yoast SEO plugin v26.5 - https:\/\/yoast.com\/wordpress\/plugins\/seo\/ -->\n<title>Parka T\u00e9rmica Alta Visibilidad Clase 3 - Uniformes Ludo<\/title>\n<meta name=\"robots\" content=\"index, follow, max-snippet:-1, max-image-preview:large, max-video-preview:-1\" \/>\n<link rel=\"canonical\" href=\"https:\/\/uniformesludo.cl\/index.php\/producto\/parka-termica-alta-visibilidad-clase-3\/\" \/>\n<meta property=\"og:locale\" content=\"es_ES\" \/>\n<meta property=\"og:type\" content=\"article\" \/>\n<meta property=\"og:title\" content=\"Parka T\u00e9rmica Alta Visibilidad Clase 3 - Uniformes Ludo\" \/>\n<meta property=\"og:description\" content=\"Cotizar\" \/>\n<meta property=\"og:url\" content=\"https:\/\/uniformesludo.cl\/index.php\/producto\/parka-termica-alta-visibilidad-clase-3\/\" \/>\n<meta property=\"og:site_name\" content=\"Uniformes Ludo\" \/>\n<meta property=\"article:modified_time\" content=\"2024-10-23T17:06:48+00:00\" \/>\n<meta property=\"og:image\" content=\"https:\/\/uniformesludo.cl\/wp-content\/uploads\/2020\/11\/parkas7-1.png\" \/>\n\t<meta property=\"og:image:width\" content=\"621\" \/>\n\t<meta property=\"og:image:height\" content=\"621\" \/>\n\t<meta property=\"og:image:type\" content=\"image\/png\" \/>\n<meta name=\"twitter:card\" content=\"summary_large_image\" \/>\n<meta name=\"twitter:label1\" content=\"Tiempo de lectura\" \/>\n\t<meta name=\"twitter:data1\" content=\"1 minuto\" \/>\n<script type=\"application\/ld+json\" class=\"yoast-schema-graph\">{\"@context\":\"https:\/\/schema.org\",\"@graph\":[{\"@type\":\"WebPage\",\"@id\":\"https:\/\/uniformesludo.cl\/index.php\/producto\/parka-termica-alta-visibilidad-clase-3\/\",\"url\":\"https:\/\/uniformesludo.cl\/index.php\/producto\/parka-termica-alta-visibilidad-clase-3\/\",\"name\":\"Parka T\u00e9rmica Alta Visibilidad Clase 3 - Uniformes Ludo\",\"isPartOf\":{\"@id\":\"https:\/\/uniformesludo.cl\/#website\"},\"primaryImageOfPage\":{\"@id\":\"https:\/\/uniformesludo.cl\/index.php\/producto\/parka-termica-alta-visibilidad-clase-3\/#primaryimage\"},\"image\":{\"@id\":\"https:\/\/uniformesludo.cl\/index.php\/producto\/parka-termica-alta-visibilidad-clase-3\/#primaryimage\"},\"thumbnailUrl\":\"https:\/\/uniformesludo.cl\/wp-content\/uploads\/2020\/11\/parkas7-1.png\",\"datePublished\":\"2020-11-18T14:53:18+00:00\",\"dateModified\":\"2024-10-23T17:06:48+00:00\",\"breadcrumb\":{\"@id\":\"https:\/\/uniformesludo.cl\/index.php\/producto\/parka-termica-alta-visibilidad-clase-3\/#breadcrumb\"},\"inLanguage\":\"es\",\"potentialAction\":[{\"@type\":\"ReadAction\",\"target\":[\"https:\/\/uniformesludo.cl\/index.php\/producto\/parka-termica-alta-visibilidad-clase-3\/\"]}]},{\"@type\":\"ImageObject\",\"inLanguage\":\"es\",\"@id\":\"https:\/\/uniformesludo.cl\/index.php\/producto\/parka-termica-alta-visibilidad-clase-3\/#primaryimage\",\"url\":\"https:\/\/uniformesludo.cl\/wp-content\/uploads\/2020\/11\/parkas7-1.png\",\"contentUrl\":\"https:\/\/uniformesludo.cl\/wp-content\/uploads\/2020\/11\/parkas7-1.png\",\"width\":621,\"height\":621},{\"@type\":\"BreadcrumbList\",\"@id\":\"https:\/\/uniformesludo.cl\/index.php\/producto\/parka-termica-alta-visibilidad-clase-3\/#breadcrumb\",\"itemListElement\":[{\"@type\":\"ListItem\",\"position\":1,\"name\":\"Portada\",\"item\":\"https:\/\/uniformesludo.cl\/\"},{\"@type\":\"ListItem\",\"position\":2,\"name\":\"Tienda\",\"item\":\"https:\/\/uniformesludo.cl\/index.php\/tienda\/\"},{\"@type\":\"ListItem\",\"position\":3,\"name\":\"Parka T\u00e9rmica Alta Visibilidad Clase 3\"}]},{\"@type\":\"WebSite\",\"@id\":\"https:\/\/uniformesludo.cl\/#website\",\"url\":\"https:\/\/uniformesludo.cl\/\",\"name\":\"Uniformes Ludo\",\"description\":\"Es una de las empresas comercializadoras de Ropa de trabajo, confecci\u00f3n, productos de protecci\u00f3n, prevenci\u00f3n y seguridad una de las m\u00e1s importantes de nuestro pa\u00eds, reconocida a nivel Nacional, con numerosos clientes a lo largo de Chile que avalan su compromiso de calidad. De igual forma, existe una permanente preocupaci\u00f3n por mantener un servicio integral de excelencia que permita identificarnos como \u201cel mejor equipo, la mejor empresa e inversi\u00f3n\u201d.\",\"potentialAction\":[{\"@type\":\"SearchAction\",\"target\":{\"@type\":\"EntryPoint\",\"urlTemplate\":\"https:\/\/uniformesludo.cl\/?s={search_term_string}\"},\"query-input\":{\"@type\":\"PropertyValueSpecification\",\"valueRequired\":true,\"valueName\":\"search_term_string\"}}],\"inLanguage\":\"es\"}]}<\/script>\n<!-- \/ Yoast SEO plugin. -->","yoast_head_json":{"title":"Parka T\u00e9rmica Alta Visibilidad Clase 3 - Uniformes Ludo","robots":{"index":"index","follow":"follow","max-snippet":"max-snippet:-1","max-image-preview":"max-image-preview:large","max-video-preview":"max-video-preview:-1"},"canonical":"https:\/\/uniformesludo.cl\/index.php\/producto\/parka-termica-alta-visibilidad-clase-3\/","og_locale":"es_ES","og_type":"article","og_title":"Parka T\u00e9rmica Alta Visibilidad Clase 3 - Uniformes Ludo","og_description":"Cotizar","og_url":"https:\/\/uniformesludo.cl\/index.php\/producto\/parka-termica-alta-visibilidad-clase-3\/","og_site_name":"Uniformes Ludo","article_modified_time":"2024-10-23T17:06:48+00:00","og_image":[{"width":621,"height":621,"url":"https:\/\/uniformesludo.cl\/wp-content\/uploads\/2020\/11\/parkas7-1.png","type":"image\/png"}],"twitter_card":"summary_large_image","twitter_misc":{"Tiempo de lectura":"1 minuto"},"schema":{"@context":"https:\/\/schema.org","@graph":[{"@type":"WebPage","@id":"https:\/\/uniformesludo.cl\/index.php\/producto\/parka-termica-alta-visibilidad-clase-3\/","url":"https:\/\/uniformesludo.cl\/index.php\/producto\/parka-termica-alta-visibilidad-clase-3\/","name":"Parka T\u00e9rmica Alta Visibilidad Clase 3 - Uniformes Ludo","isPartOf":{"@id":"https:\/\/uniformesludo.cl\/#website"},"primaryImageOfPage":{"@id":"https:\/\/uniformesludo.cl\/index.php\/producto\/parka-termica-alta-visibilidad-clase-3\/#primaryimage"},"image":{"@id":"https:\/\/uniformesludo.cl\/index.php\/producto\/parka-termica-alta-visibilidad-clase-3\/#primaryimage"},"thumbnailUrl":"https:\/\/uniformesludo.cl\/wp-content\/uploads\/2020\/11\/parkas7-1.png","datePublished":"2020-11-18T14:53:18+00:00","dateModified":"2024-10-23T17:06:48+00:00","breadcrumb":{"@id":"https:\/\/uniformesludo.cl\/index.php\/producto\/parka-termica-alta-visibilidad-clase-3\/#breadcrumb"},"inLanguage":"es","potentialAction":[{"@type":"ReadAction","target":["https:\/\/uniformesludo.cl\/index.php\/producto\/parka-termica-alta-visibilidad-clase-3\/"]}]},{"@type":"ImageObject","inLanguage":"es","@id":"https:\/\/uniformesludo.cl\/index.php\/producto\/parka-termica-alta-visibilidad-clase-3\/#primaryimage","url":"https:\/\/uniformesludo.cl\/wp-content\/uploads\/2020\/11\/parkas7-1.png","contentUrl":"https:\/\/uniformesludo.cl\/wp-content\/uploads\/2020\/11\/parkas7-1.png","width":621,"height":621},{"@type":"BreadcrumbList","@id":"https:\/\/uniformesludo.cl\/index.php\/producto\/parka-termica-alta-visibilidad-clase-3\/#breadcrumb","itemListElement":[{"@type":"ListItem","position":1,"name":"Portada","item":"https:\/\/uniformesludo.cl\/"},{"@type":"ListItem","position":2,"name":"Tienda","item":"https:\/\/uniformesludo.cl\/index.php\/tienda\/"},{"@type":"ListItem","position":3,"name":"Parka T\u00e9rmica Alta Visibilidad Clase 3"}]},{"@type":"WebSite","@id":"https:\/\/uniformesludo.cl\/#website","url":"https:\/\/uniformesludo.cl\/","name":"Uniformes Ludo","description":"Es una de las empresas comercializadoras de Ropa de trabajo, confecci\u00f3n, productos de protecci\u00f3n, prevenci\u00f3n y seguridad una de las m\u00e1s importantes de nuestro pa\u00eds, reconocida a nivel Nacional, con numerosos clientes a lo largo de Chile que avalan su compromiso de calidad. De igual forma, existe una permanente preocupaci\u00f3n por mantener un servicio integral de excelencia que permita identificarnos como \u201cel mejor equipo, la mejor empresa e inversi\u00f3n\u201d.","potentialAction":[{"@type":"SearchAction","target":{"@type":"EntryPoint","urlTemplate":"https:\/\/uniformesludo.cl\/?s={search_term_string}"},"query-input":{"@type":"PropertyValueSpecification","valueRequired":true,"valueName":"search_term_string"}}],"inLanguage":"es"}]}},"_links":{"self":[{"href":"https:\/\/uniformesludo.cl\/index.php\/wp-json\/wp\/v2\/product\/10008623","targetHints":{"allow":["GET"]}}],"collection":[{"href":"https:\/\/uniformesludo.cl\/index.php\/wp-json\/wp\/v2\/product"}],"about":[{"href":"https:\/\/uniformesludo.cl\/index.php\/wp-json\/wp\/v2\/types\/product"}],"replies":[{"embeddable":true,"href":"https:\/\/uniformesludo.cl\/index.php\/wp-json\/wp\/v2\/comments?post=10008623"}],"wp:featuredmedia":[{"embeddable":true,"href":"https:\/\/uniformesludo.cl\/index.php\/wp-json\/wp\/v2\/media\/10008626"}],"wp:attachment":[{"href":"https:\/\/uniformesludo.cl\/index.php\/wp-json\/wp\/v2\/media?parent=10008623"}],"wp:term":[{"taxonomy":"product_brand","embeddable":true,"href":"https:\/\/uniformesludo.cl\/index.php\/wp-json\/wp\/v2\/product_brand?post=10008623"},{"taxonomy":"product_cat","embeddable":true,"href":"https:\/\/uniformesludo.cl\/index.php\/wp-json\/wp\/v2\/product_cat?post=10008623"},{"taxonomy":"product_tag","embeddable":true,"href":"https:\/\/uniformesludo.cl\/index.php\/wp-json\/wp\/v2\/product_tag?post=10008623"}],"curies":[{"name":"wp","href":"https:\/\/api.w.org\/{rel}","templated":true}]}}