{"id":10008569,"date":"2020-11-11T14:31:23","date_gmt":"2020-11-11T14:31:23","guid":{"rendered":"https:\/\/uniformesludo.cl\/?post_type=product&#038;p=10008569"},"modified":"2024-10-23T17:06:42","modified_gmt":"2024-10-23T17:06:42","slug":"pantalon-boldo-termico-mujer","status":"publish","type":"product","link":"https:\/\/uniformesludo.cl\/index.php\/producto\/pantalon-boldo-termico-mujer\/","title":{"rendered":"Pantal\u00f3n Boldo T\u00e9rmico Mujer"},"content":{"rendered":"<h3>Descripci\u00f3n<\/h3>\n<p>Pantal\u00f3n Boldo t\u00e9rmico mujer de trabajo para uso diario, su corte ergonom\u00e9trico entrega un look moderno y c\u00f3modo. Fabricado en tela Twill, un tejido de alta resistencia y durabilidad. Posee forro para mantener el calor corporal, cuenta con presillas anchas y reforzadas para colgar elementos de trabajo.\u00a0 una de ellas tiene velcro para colgar elementos de trabajo. Tiene aplicaciones en tela oxford para brindar resistencia y durabilidad, tanto en sus bolsillos laterales como en sus bolsillos traseros, adem\u00e1s de contar con refuerzo en rodillas y basta superior para mayor protecci\u00f3n y durabilidad al roce.Esta prenda fue dise\u00f1ada con detalles reflectivos en costados para visualizar al trabajador durante la noche. Sus botones son de pl\u00e1stico para protecci\u00f3n el\u00e9ctrica y cuenta con triple costura en entrepiernas para mayor comodidad y libertad de movimiento, su tela posee un acabado suave que facilita su planchado y mantiene la solidez de su color.<\/p>\n<h3>Especificaciones del producto<\/h3>\n<p>Pantal\u00f3n<\/p>\n<ul>\n<li>Calce: Regular<\/li>\n<li>Tela: Twill<\/li>\n<li>Gramaje: 265-270 Gr<\/li>\n<li>Composici\u00f3n: 65% Poli\u00e9ster, 35% Algod\u00f3n<\/li>\n<\/ul>\n<p>Refuerzo<\/p>\n<ul>\n<li>Tela: Oxford 600D<\/li>\n<li>Composici\u00f3n: 100% Poli\u00e9ster<\/li>\n<\/ul>\n<h3>Aplicaciones del producto<\/h3>\n<p>Construcci\u00f3n, Industria ligera y log\u00edstica, Industria.<\/p>\n<p>x|<img loading=\"lazy\" decoding=\"async\" class=\"alignnone size-full wp-image-10008568\" src=\"https:\/\/uniformesludo.cl\/wp-content\/uploads\/2020\/11\/pantaloncargo17-1.png\" alt=\"\" width=\"1142\" height=\"260\" srcset=\"https:\/\/uniformesludo.cl\/wp-content\/uploads\/2020\/11\/pantaloncargo17-1.png 1142w, https:\/\/uniformesludo.cl\/wp-content\/uploads\/2020\/11\/pantaloncargo17-1-300x68.png 300w, https:\/\/uniformesludo.cl\/wp-content\/uploads\/2020\/11\/pantaloncargo17-1-768x175.png 768w, https:\/\/uniformesludo.cl\/wp-content\/uploads\/2020\/11\/pantaloncargo17-1-1024x233.png 1024w, https:\/\/uniformesludo.cl\/wp-content\/uploads\/2020\/11\/pantaloncargo17-1-100x23.png 100w, https:\/\/uniformesludo.cl\/wp-content\/uploads\/2020\/11\/pantaloncargo17-1-600x137.png 600w\" sizes=\"auto, (max-width: 1142px) 100vw, 1142px\" \/><\/p>\n","protected":false},"excerpt":{"rendered":"\n<p><a id=\"btncotizar\" href=\"https:\/\/uniformesludo.cl\/index.php\/cotizacion\/\">Cotizar<\/a><\/p>\n","protected":false},"featured_media":10008571,"comment_status":"closed","ping_status":"closed","template":"","meta":[],"product_brand":[],"product_cat":[238],"product_tag":[548],"class_list":{"0":"post-10008569","1":"product","2":"type-product","3":"status-publish","4":"has-post-thumbnail","6":"product_cat-pantalon-cargo","7":"product_tag-pantalones","9":"first","10":"instock","11":"shipping-taxable","12":"purchasable","13":"product-type-variable","14":"has-default-attributes"},"aioseo_notices":[],"yoast_head":"<!-- This site is optimized with the Yoast SEO plugin v26.5 - https:\/\/yoast.com\/wordpress\/plugins\/seo\/ -->\n<title>Pantal\u00f3n Boldo T\u00e9rmico Mujer - Uniformes Ludo<\/title>\n<meta name=\"robots\" content=\"index, follow, max-snippet:-1, max-image-preview:large, max-video-preview:-1\" \/>\n<link rel=\"canonical\" href=\"https:\/\/uniformesludo.cl\/index.php\/producto\/pantalon-boldo-termico-mujer\/\" \/>\n<meta property=\"og:locale\" content=\"es_ES\" \/>\n<meta property=\"og:type\" content=\"article\" \/>\n<meta property=\"og:title\" content=\"Pantal\u00f3n Boldo T\u00e9rmico Mujer - Uniformes Ludo\" \/>\n<meta property=\"og:description\" content=\"Cotizar\" \/>\n<meta property=\"og:url\" content=\"https:\/\/uniformesludo.cl\/index.php\/producto\/pantalon-boldo-termico-mujer\/\" \/>\n<meta property=\"og:site_name\" content=\"Uniformes Ludo\" \/>\n<meta property=\"article:modified_time\" content=\"2024-10-23T17:06:42+00:00\" \/>\n<meta property=\"og:image\" content=\"https:\/\/uniformesludo.cl\/wp-content\/uploads\/2020\/11\/pantaloncargo18.png\" \/>\n\t<meta property=\"og:image:width\" content=\"621\" \/>\n\t<meta property=\"og:image:height\" content=\"621\" \/>\n\t<meta property=\"og:image:type\" content=\"image\/png\" \/>\n<meta name=\"twitter:card\" content=\"summary_large_image\" \/>\n<meta name=\"twitter:label1\" content=\"Tiempo de lectura\" \/>\n\t<meta name=\"twitter:data1\" content=\"1 minuto\" \/>\n<script type=\"application\/ld+json\" class=\"yoast-schema-graph\">{\"@context\":\"https:\/\/schema.org\",\"@graph\":[{\"@type\":\"WebPage\",\"@id\":\"https:\/\/uniformesludo.cl\/index.php\/producto\/pantalon-boldo-termico-mujer\/\",\"url\":\"https:\/\/uniformesludo.cl\/index.php\/producto\/pantalon-boldo-termico-mujer\/\",\"name\":\"Pantal\u00f3n Boldo T\u00e9rmico Mujer - Uniformes Ludo\",\"isPartOf\":{\"@id\":\"https:\/\/uniformesludo.cl\/#website\"},\"primaryImageOfPage\":{\"@id\":\"https:\/\/uniformesludo.cl\/index.php\/producto\/pantalon-boldo-termico-mujer\/#primaryimage\"},\"image\":{\"@id\":\"https:\/\/uniformesludo.cl\/index.php\/producto\/pantalon-boldo-termico-mujer\/#primaryimage\"},\"thumbnailUrl\":\"https:\/\/uniformesludo.cl\/wp-content\/uploads\/2020\/11\/pantaloncargo18.png\",\"datePublished\":\"2020-11-11T14:31:23+00:00\",\"dateModified\":\"2024-10-23T17:06:42+00:00\",\"breadcrumb\":{\"@id\":\"https:\/\/uniformesludo.cl\/index.php\/producto\/pantalon-boldo-termico-mujer\/#breadcrumb\"},\"inLanguage\":\"es\",\"potentialAction\":[{\"@type\":\"ReadAction\",\"target\":[\"https:\/\/uniformesludo.cl\/index.php\/producto\/pantalon-boldo-termico-mujer\/\"]}]},{\"@type\":\"ImageObject\",\"inLanguage\":\"es\",\"@id\":\"https:\/\/uniformesludo.cl\/index.php\/producto\/pantalon-boldo-termico-mujer\/#primaryimage\",\"url\":\"https:\/\/uniformesludo.cl\/wp-content\/uploads\/2020\/11\/pantaloncargo18.png\",\"contentUrl\":\"https:\/\/uniformesludo.cl\/wp-content\/uploads\/2020\/11\/pantaloncargo18.png\",\"width\":621,\"height\":621},{\"@type\":\"BreadcrumbList\",\"@id\":\"https:\/\/uniformesludo.cl\/index.php\/producto\/pantalon-boldo-termico-mujer\/#breadcrumb\",\"itemListElement\":[{\"@type\":\"ListItem\",\"position\":1,\"name\":\"Portada\",\"item\":\"https:\/\/uniformesludo.cl\/\"},{\"@type\":\"ListItem\",\"position\":2,\"name\":\"Tienda\",\"item\":\"https:\/\/uniformesludo.cl\/index.php\/tienda\/\"},{\"@type\":\"ListItem\",\"position\":3,\"name\":\"Pantal\u00f3n Boldo T\u00e9rmico Mujer\"}]},{\"@type\":\"WebSite\",\"@id\":\"https:\/\/uniformesludo.cl\/#website\",\"url\":\"https:\/\/uniformesludo.cl\/\",\"name\":\"Uniformes Ludo\",\"description\":\"Es una de las empresas comercializadoras de Ropa de trabajo, confecci\u00f3n, productos de protecci\u00f3n, prevenci\u00f3n y seguridad una de las m\u00e1s importantes de nuestro pa\u00eds, reconocida a nivel Nacional, con numerosos clientes a lo largo de Chile que avalan su compromiso de calidad. De igual forma, existe una permanente preocupaci\u00f3n por mantener un servicio integral de excelencia que permita identificarnos como \u201cel mejor equipo, la mejor empresa e inversi\u00f3n\u201d.\",\"potentialAction\":[{\"@type\":\"SearchAction\",\"target\":{\"@type\":\"EntryPoint\",\"urlTemplate\":\"https:\/\/uniformesludo.cl\/?s={search_term_string}\"},\"query-input\":{\"@type\":\"PropertyValueSpecification\",\"valueRequired\":true,\"valueName\":\"search_term_string\"}}],\"inLanguage\":\"es\"}]}<\/script>\n<!-- \/ Yoast SEO plugin. -->","yoast_head_json":{"title":"Pantal\u00f3n Boldo T\u00e9rmico Mujer - Uniformes Ludo","robots":{"index":"index","follow":"follow","max-snippet":"max-snippet:-1","max-image-preview":"max-image-preview:large","max-video-preview":"max-video-preview:-1"},"canonical":"https:\/\/uniformesludo.cl\/index.php\/producto\/pantalon-boldo-termico-mujer\/","og_locale":"es_ES","og_type":"article","og_title":"Pantal\u00f3n Boldo T\u00e9rmico Mujer - Uniformes Ludo","og_description":"Cotizar","og_url":"https:\/\/uniformesludo.cl\/index.php\/producto\/pantalon-boldo-termico-mujer\/","og_site_name":"Uniformes Ludo","article_modified_time":"2024-10-23T17:06:42+00:00","og_image":[{"width":621,"height":621,"url":"https:\/\/uniformesludo.cl\/wp-content\/uploads\/2020\/11\/pantaloncargo18.png","type":"image\/png"}],"twitter_card":"summary_large_image","twitter_misc":{"Tiempo de lectura":"1 minuto"},"schema":{"@context":"https:\/\/schema.org","@graph":[{"@type":"WebPage","@id":"https:\/\/uniformesludo.cl\/index.php\/producto\/pantalon-boldo-termico-mujer\/","url":"https:\/\/uniformesludo.cl\/index.php\/producto\/pantalon-boldo-termico-mujer\/","name":"Pantal\u00f3n Boldo T\u00e9rmico Mujer - Uniformes Ludo","isPartOf":{"@id":"https:\/\/uniformesludo.cl\/#website"},"primaryImageOfPage":{"@id":"https:\/\/uniformesludo.cl\/index.php\/producto\/pantalon-boldo-termico-mujer\/#primaryimage"},"image":{"@id":"https:\/\/uniformesludo.cl\/index.php\/producto\/pantalon-boldo-termico-mujer\/#primaryimage"},"thumbnailUrl":"https:\/\/uniformesludo.cl\/wp-content\/uploads\/2020\/11\/pantaloncargo18.png","datePublished":"2020-11-11T14:31:23+00:00","dateModified":"2024-10-23T17:06:42+00:00","breadcrumb":{"@id":"https:\/\/uniformesludo.cl\/index.php\/producto\/pantalon-boldo-termico-mujer\/#breadcrumb"},"inLanguage":"es","potentialAction":[{"@type":"ReadAction","target":["https:\/\/uniformesludo.cl\/index.php\/producto\/pantalon-boldo-termico-mujer\/"]}]},{"@type":"ImageObject","inLanguage":"es","@id":"https:\/\/uniformesludo.cl\/index.php\/producto\/pantalon-boldo-termico-mujer\/#primaryimage","url":"https:\/\/uniformesludo.cl\/wp-content\/uploads\/2020\/11\/pantaloncargo18.png","contentUrl":"https:\/\/uniformesludo.cl\/wp-content\/uploads\/2020\/11\/pantaloncargo18.png","width":621,"height":621},{"@type":"BreadcrumbList","@id":"https:\/\/uniformesludo.cl\/index.php\/producto\/pantalon-boldo-termico-mujer\/#breadcrumb","itemListElement":[{"@type":"ListItem","position":1,"name":"Portada","item":"https:\/\/uniformesludo.cl\/"},{"@type":"ListItem","position":2,"name":"Tienda","item":"https:\/\/uniformesludo.cl\/index.php\/tienda\/"},{"@type":"ListItem","position":3,"name":"Pantal\u00f3n Boldo T\u00e9rmico Mujer"}]},{"@type":"WebSite","@id":"https:\/\/uniformesludo.cl\/#website","url":"https:\/\/uniformesludo.cl\/","name":"Uniformes Ludo","description":"Es una de las empresas comercializadoras de Ropa de trabajo, confecci\u00f3n, productos de protecci\u00f3n, prevenci\u00f3n y seguridad una de las m\u00e1s importantes de nuestro pa\u00eds, reconocida a nivel Nacional, con numerosos clientes a lo largo de Chile que avalan su compromiso de calidad. De igual forma, existe una permanente preocupaci\u00f3n por mantener un servicio integral de excelencia que permita identificarnos como \u201cel mejor equipo, la mejor empresa e inversi\u00f3n\u201d.","potentialAction":[{"@type":"SearchAction","target":{"@type":"EntryPoint","urlTemplate":"https:\/\/uniformesludo.cl\/?s={search_term_string}"},"query-input":{"@type":"PropertyValueSpecification","valueRequired":true,"valueName":"search_term_string"}}],"inLanguage":"es"}]}},"_links":{"self":[{"href":"https:\/\/uniformesludo.cl\/index.php\/wp-json\/wp\/v2\/product\/10008569","targetHints":{"allow":["GET"]}}],"collection":[{"href":"https:\/\/uniformesludo.cl\/index.php\/wp-json\/wp\/v2\/product"}],"about":[{"href":"https:\/\/uniformesludo.cl\/index.php\/wp-json\/wp\/v2\/types\/product"}],"replies":[{"embeddable":true,"href":"https:\/\/uniformesludo.cl\/index.php\/wp-json\/wp\/v2\/comments?post=10008569"}],"wp:featuredmedia":[{"embeddable":true,"href":"https:\/\/uniformesludo.cl\/index.php\/wp-json\/wp\/v2\/media\/10008571"}],"wp:attachment":[{"href":"https:\/\/uniformesludo.cl\/index.php\/wp-json\/wp\/v2\/media?parent=10008569"}],"wp:term":[{"taxonomy":"product_brand","embeddable":true,"href":"https:\/\/uniformesludo.cl\/index.php\/wp-json\/wp\/v2\/product_brand?post=10008569"},{"taxonomy":"product_cat","embeddable":true,"href":"https:\/\/uniformesludo.cl\/index.php\/wp-json\/wp\/v2\/product_cat?post=10008569"},{"taxonomy":"product_tag","embeddable":true,"href":"https:\/\/uniformesludo.cl\/index.php\/wp-json\/wp\/v2\/product_tag?post=10008569"}],"curies":[{"name":"wp","href":"https:\/\/api.w.org\/{rel}","templated":true}]}}