{"id":10008473,"date":"2020-11-03T20:47:13","date_gmt":"2020-11-03T20:47:13","guid":{"rendered":"https:\/\/uniformesludo.cl\/?post_type=product&#038;p=10008473"},"modified":"2024-10-23T17:06:28","modified_gmt":"2024-10-23T17:06:28","slug":"overol-stonesafe-canvas-cinta-reflectiva","status":"publish","type":"product","link":"https:\/\/uniformesludo.cl\/index.php\/producto\/overol-stonesafe-canvas-cinta-reflectiva\/","title":{"rendered":"Overol Stonesafe Canvas Cinta Reflectiva"},"content":{"rendered":"<h3>Descripci\u00f3n<\/h3>\n<p>Si buscas resistencia y durabilidad en tu Overoles de dise\u00f1o limpio, esta prenda calza perfecto con las caracter\u00edsticas que necesitas. Firme y resistente tela de Canvas, con m\u00faltiples bolsillos para tus elementos de trabajo, cintas reflectiva de 5 cm, y en espalda con forma de X. Cintura semi elasticada y fuelle en espalda para dar amplitud y comodidad a cada uno de tus movimientos. Puedes bordar o estampar para unificar a tu personal.<\/p>\n<h3>Especificaciones del producto<\/h3>\n<p>Calce: Regular<\/p>\n<p>Tela: Canvas<\/p>\n<p>Composici\u00f3n: 100% Poli\u00e9ster<\/p>\n<p>Gramaje: 200 gr.<\/p>\n<h3>Aplicaciones del producto<\/h3>\n<p>Construcci\u00f3n, Carpinter\u00eda, Industria Ligera y Log\u00edstica.<\/p>\n<p>&nbsp;<\/p>\n<p><img loading=\"lazy\" decoding=\"async\" class=\"alignnone size-full wp-image-10008471\" src=\"https:\/\/uniformesludo.cl\/wp-content\/uploads\/2020\/11\/overol1.png\" alt=\"\" width=\"1144\" height=\"263\" srcset=\"https:\/\/uniformesludo.cl\/wp-content\/uploads\/2020\/11\/overol1.png 1144w, https:\/\/uniformesludo.cl\/wp-content\/uploads\/2020\/11\/overol1-300x69.png 300w, https:\/\/uniformesludo.cl\/wp-content\/uploads\/2020\/11\/overol1-768x177.png 768w, https:\/\/uniformesludo.cl\/wp-content\/uploads\/2020\/11\/overol1-1024x235.png 1024w, https:\/\/uniformesludo.cl\/wp-content\/uploads\/2020\/11\/overol1-100x23.png 100w, https:\/\/uniformesludo.cl\/wp-content\/uploads\/2020\/11\/overol1-600x138.png 600w\" sizes=\"auto, (max-width: 1144px) 100vw, 1144px\" \/><\/p>\n","protected":false},"excerpt":{"rendered":"\n<p><a id=\"btncotizar\" href=\"https:\/\/uniformesludo.cl\/index.php\/cotizacion\/\">Cotizar<\/a><\/p>\n","protected":false},"featured_media":10008476,"comment_status":"closed","ping_status":"closed","template":"","meta":[],"product_brand":[],"product_cat":[228],"product_tag":[],"class_list":{"0":"post-10008473","1":"product","2":"type-product","3":"status-publish","4":"has-post-thumbnail","6":"product_cat-overol-slack","8":"first","9":"instock","10":"shipping-taxable","11":"purchasable","12":"product-type-variable","13":"has-default-attributes"},"aioseo_notices":[],"yoast_head":"<!-- This site is optimized with the Yoast SEO plugin v26.5 - https:\/\/yoast.com\/wordpress\/plugins\/seo\/ -->\n<title>Overol Stonesafe Canvas Cinta Reflectiva - Uniformes Ludo<\/title>\n<meta name=\"robots\" content=\"index, follow, max-snippet:-1, max-image-preview:large, max-video-preview:-1\" \/>\n<link rel=\"canonical\" href=\"https:\/\/uniformesludo.cl\/index.php\/producto\/overol-stonesafe-canvas-cinta-reflectiva\/\" \/>\n<meta property=\"og:locale\" content=\"es_ES\" \/>\n<meta property=\"og:type\" content=\"article\" \/>\n<meta property=\"og:title\" content=\"Overol Stonesafe Canvas Cinta Reflectiva - Uniformes Ludo\" \/>\n<meta property=\"og:description\" content=\"Cotizar\" \/>\n<meta property=\"og:url\" content=\"https:\/\/uniformesludo.cl\/index.php\/producto\/overol-stonesafe-canvas-cinta-reflectiva\/\" \/>\n<meta property=\"og:site_name\" content=\"Uniformes Ludo\" \/>\n<meta property=\"article:modified_time\" content=\"2024-10-23T17:06:28+00:00\" \/>\n<meta property=\"og:image\" content=\"https:\/\/uniformesludo.cl\/wp-content\/uploads\/2020\/11\/overol2.png\" \/>\n\t<meta property=\"og:image:width\" content=\"621\" \/>\n\t<meta property=\"og:image:height\" content=\"621\" \/>\n\t<meta property=\"og:image:type\" content=\"image\/png\" \/>\n<meta name=\"twitter:card\" content=\"summary_large_image\" \/>\n<meta name=\"twitter:label1\" content=\"Tiempo de lectura\" \/>\n\t<meta name=\"twitter:data1\" content=\"1 minuto\" \/>\n<script type=\"application\/ld+json\" class=\"yoast-schema-graph\">{\"@context\":\"https:\/\/schema.org\",\"@graph\":[{\"@type\":\"WebPage\",\"@id\":\"https:\/\/uniformesludo.cl\/index.php\/producto\/overol-stonesafe-canvas-cinta-reflectiva\/\",\"url\":\"https:\/\/uniformesludo.cl\/index.php\/producto\/overol-stonesafe-canvas-cinta-reflectiva\/\",\"name\":\"Overol Stonesafe Canvas Cinta Reflectiva - Uniformes Ludo\",\"isPartOf\":{\"@id\":\"https:\/\/uniformesludo.cl\/#website\"},\"primaryImageOfPage\":{\"@id\":\"https:\/\/uniformesludo.cl\/index.php\/producto\/overol-stonesafe-canvas-cinta-reflectiva\/#primaryimage\"},\"image\":{\"@id\":\"https:\/\/uniformesludo.cl\/index.php\/producto\/overol-stonesafe-canvas-cinta-reflectiva\/#primaryimage\"},\"thumbnailUrl\":\"https:\/\/uniformesludo.cl\/wp-content\/uploads\/2020\/11\/overol2.png\",\"datePublished\":\"2020-11-03T20:47:13+00:00\",\"dateModified\":\"2024-10-23T17:06:28+00:00\",\"breadcrumb\":{\"@id\":\"https:\/\/uniformesludo.cl\/index.php\/producto\/overol-stonesafe-canvas-cinta-reflectiva\/#breadcrumb\"},\"inLanguage\":\"es\",\"potentialAction\":[{\"@type\":\"ReadAction\",\"target\":[\"https:\/\/uniformesludo.cl\/index.php\/producto\/overol-stonesafe-canvas-cinta-reflectiva\/\"]}]},{\"@type\":\"ImageObject\",\"inLanguage\":\"es\",\"@id\":\"https:\/\/uniformesludo.cl\/index.php\/producto\/overol-stonesafe-canvas-cinta-reflectiva\/#primaryimage\",\"url\":\"https:\/\/uniformesludo.cl\/wp-content\/uploads\/2020\/11\/overol2.png\",\"contentUrl\":\"https:\/\/uniformesludo.cl\/wp-content\/uploads\/2020\/11\/overol2.png\",\"width\":621,\"height\":621},{\"@type\":\"BreadcrumbList\",\"@id\":\"https:\/\/uniformesludo.cl\/index.php\/producto\/overol-stonesafe-canvas-cinta-reflectiva\/#breadcrumb\",\"itemListElement\":[{\"@type\":\"ListItem\",\"position\":1,\"name\":\"Portada\",\"item\":\"https:\/\/uniformesludo.cl\/\"},{\"@type\":\"ListItem\",\"position\":2,\"name\":\"Tienda\",\"item\":\"https:\/\/uniformesludo.cl\/index.php\/tienda\/\"},{\"@type\":\"ListItem\",\"position\":3,\"name\":\"Overol Stonesafe Canvas Cinta Reflectiva\"}]},{\"@type\":\"WebSite\",\"@id\":\"https:\/\/uniformesludo.cl\/#website\",\"url\":\"https:\/\/uniformesludo.cl\/\",\"name\":\"Uniformes Ludo\",\"description\":\"Es una de las empresas comercializadoras de Ropa de trabajo, confecci\u00f3n, productos de protecci\u00f3n, prevenci\u00f3n y seguridad una de las m\u00e1s importantes de nuestro pa\u00eds, reconocida a nivel Nacional, con numerosos clientes a lo largo de Chile que avalan su compromiso de calidad. De igual forma, existe una permanente preocupaci\u00f3n por mantener un servicio integral de excelencia que permita identificarnos como \u201cel mejor equipo, la mejor empresa e inversi\u00f3n\u201d.\",\"potentialAction\":[{\"@type\":\"SearchAction\",\"target\":{\"@type\":\"EntryPoint\",\"urlTemplate\":\"https:\/\/uniformesludo.cl\/?s={search_term_string}\"},\"query-input\":{\"@type\":\"PropertyValueSpecification\",\"valueRequired\":true,\"valueName\":\"search_term_string\"}}],\"inLanguage\":\"es\"}]}<\/script>\n<!-- \/ Yoast SEO plugin. -->","yoast_head_json":{"title":"Overol Stonesafe Canvas Cinta Reflectiva - Uniformes Ludo","robots":{"index":"index","follow":"follow","max-snippet":"max-snippet:-1","max-image-preview":"max-image-preview:large","max-video-preview":"max-video-preview:-1"},"canonical":"https:\/\/uniformesludo.cl\/index.php\/producto\/overol-stonesafe-canvas-cinta-reflectiva\/","og_locale":"es_ES","og_type":"article","og_title":"Overol Stonesafe Canvas Cinta Reflectiva - Uniformes Ludo","og_description":"Cotizar","og_url":"https:\/\/uniformesludo.cl\/index.php\/producto\/overol-stonesafe-canvas-cinta-reflectiva\/","og_site_name":"Uniformes Ludo","article_modified_time":"2024-10-23T17:06:28+00:00","og_image":[{"width":621,"height":621,"url":"https:\/\/uniformesludo.cl\/wp-content\/uploads\/2020\/11\/overol2.png","type":"image\/png"}],"twitter_card":"summary_large_image","twitter_misc":{"Tiempo de lectura":"1 minuto"},"schema":{"@context":"https:\/\/schema.org","@graph":[{"@type":"WebPage","@id":"https:\/\/uniformesludo.cl\/index.php\/producto\/overol-stonesafe-canvas-cinta-reflectiva\/","url":"https:\/\/uniformesludo.cl\/index.php\/producto\/overol-stonesafe-canvas-cinta-reflectiva\/","name":"Overol Stonesafe Canvas Cinta Reflectiva - Uniformes Ludo","isPartOf":{"@id":"https:\/\/uniformesludo.cl\/#website"},"primaryImageOfPage":{"@id":"https:\/\/uniformesludo.cl\/index.php\/producto\/overol-stonesafe-canvas-cinta-reflectiva\/#primaryimage"},"image":{"@id":"https:\/\/uniformesludo.cl\/index.php\/producto\/overol-stonesafe-canvas-cinta-reflectiva\/#primaryimage"},"thumbnailUrl":"https:\/\/uniformesludo.cl\/wp-content\/uploads\/2020\/11\/overol2.png","datePublished":"2020-11-03T20:47:13+00:00","dateModified":"2024-10-23T17:06:28+00:00","breadcrumb":{"@id":"https:\/\/uniformesludo.cl\/index.php\/producto\/overol-stonesafe-canvas-cinta-reflectiva\/#breadcrumb"},"inLanguage":"es","potentialAction":[{"@type":"ReadAction","target":["https:\/\/uniformesludo.cl\/index.php\/producto\/overol-stonesafe-canvas-cinta-reflectiva\/"]}]},{"@type":"ImageObject","inLanguage":"es","@id":"https:\/\/uniformesludo.cl\/index.php\/producto\/overol-stonesafe-canvas-cinta-reflectiva\/#primaryimage","url":"https:\/\/uniformesludo.cl\/wp-content\/uploads\/2020\/11\/overol2.png","contentUrl":"https:\/\/uniformesludo.cl\/wp-content\/uploads\/2020\/11\/overol2.png","width":621,"height":621},{"@type":"BreadcrumbList","@id":"https:\/\/uniformesludo.cl\/index.php\/producto\/overol-stonesafe-canvas-cinta-reflectiva\/#breadcrumb","itemListElement":[{"@type":"ListItem","position":1,"name":"Portada","item":"https:\/\/uniformesludo.cl\/"},{"@type":"ListItem","position":2,"name":"Tienda","item":"https:\/\/uniformesludo.cl\/index.php\/tienda\/"},{"@type":"ListItem","position":3,"name":"Overol Stonesafe Canvas Cinta Reflectiva"}]},{"@type":"WebSite","@id":"https:\/\/uniformesludo.cl\/#website","url":"https:\/\/uniformesludo.cl\/","name":"Uniformes Ludo","description":"Es una de las empresas comercializadoras de Ropa de trabajo, confecci\u00f3n, productos de protecci\u00f3n, prevenci\u00f3n y seguridad una de las m\u00e1s importantes de nuestro pa\u00eds, reconocida a nivel Nacional, con numerosos clientes a lo largo de Chile que avalan su compromiso de calidad. De igual forma, existe una permanente preocupaci\u00f3n por mantener un servicio integral de excelencia que permita identificarnos como \u201cel mejor equipo, la mejor empresa e inversi\u00f3n\u201d.","potentialAction":[{"@type":"SearchAction","target":{"@type":"EntryPoint","urlTemplate":"https:\/\/uniformesludo.cl\/?s={search_term_string}"},"query-input":{"@type":"PropertyValueSpecification","valueRequired":true,"valueName":"search_term_string"}}],"inLanguage":"es"}]}},"_links":{"self":[{"href":"https:\/\/uniformesludo.cl\/index.php\/wp-json\/wp\/v2\/product\/10008473","targetHints":{"allow":["GET"]}}],"collection":[{"href":"https:\/\/uniformesludo.cl\/index.php\/wp-json\/wp\/v2\/product"}],"about":[{"href":"https:\/\/uniformesludo.cl\/index.php\/wp-json\/wp\/v2\/types\/product"}],"replies":[{"embeddable":true,"href":"https:\/\/uniformesludo.cl\/index.php\/wp-json\/wp\/v2\/comments?post=10008473"}],"wp:featuredmedia":[{"embeddable":true,"href":"https:\/\/uniformesludo.cl\/index.php\/wp-json\/wp\/v2\/media\/10008476"}],"wp:attachment":[{"href":"https:\/\/uniformesludo.cl\/index.php\/wp-json\/wp\/v2\/media?parent=10008473"}],"wp:term":[{"taxonomy":"product_brand","embeddable":true,"href":"https:\/\/uniformesludo.cl\/index.php\/wp-json\/wp\/v2\/product_brand?post=10008473"},{"taxonomy":"product_cat","embeddable":true,"href":"https:\/\/uniformesludo.cl\/index.php\/wp-json\/wp\/v2\/product_cat?post=10008473"},{"taxonomy":"product_tag","embeddable":true,"href":"https:\/\/uniformesludo.cl\/index.php\/wp-json\/wp\/v2\/product_tag?post=10008473"}],"curies":[{"name":"wp","href":"https:\/\/api.w.org\/{rel}","templated":true}]}}