{"id":10008465,"date":"2020-10-30T19:05:51","date_gmt":"2020-10-30T19:05:51","guid":{"rendered":"https:\/\/uniformesludo.cl\/?post_type=product&#038;p=10008465"},"modified":"2023-11-20T19:21:45","modified_gmt":"2023-11-20T19:21:45","slug":"micropolar-termico-manga-larga-con-cinta-reflectante-2","status":"publish","type":"product","link":"https:\/\/uniformesludo.cl\/index.php\/producto\/micropolar-termico-manga-larga-con-cinta-reflectante-2\/","title":{"rendered":"Micropolar T\u00e9rmico Manga Larga con Cinta Reflectante"},"content":{"rendered":"<h3>Descripci\u00f3n<\/h3>\n<p>Micro polar de alta visibilidad con cintas reflectantes de 5 cm de ancho. Posee full zip para una f\u00e1cil y r\u00e1pida postura, el\u00e1stico en pu\u00f1os de las mangas para mayor comodidad. Accesorio de ajuste en ruedo y pieza en barbilla para proteger tu piel. Es la prenda ideal para trabajar de manera c\u00f3moda y abrigada.<\/p>\n<h3>Especificaciones del producto<\/h3>\n<p>Tela: Micro Polar<\/p>\n<p>Calce : Cl\u00e1sico<\/p>\n<p>Composici\u00f3n: 100% Poli\u00e9ster<\/p>\n<p>Gramaje: 260 gr.<\/p>\n<h3><\/h3>\n<h3>Aplicaciones del producto<\/h3>\n<p>Construcci\u00f3n, Forestal, Miner\u00eda, Obras Viales, Seguridad, Industria Ligera y log\u00edstica.<\/p>\n<p><img loading=\"lazy\" decoding=\"async\" class=\"alignnone size-full wp-image-10008468\" src=\"https:\/\/uniformesludo.cl\/wp-content\/uploads\/2020\/10\/micropolar4.png\" alt=\"\" width=\"1140\" height=\"261\" srcset=\"https:\/\/uniformesludo.cl\/wp-content\/uploads\/2020\/10\/micropolar4.png 1140w, https:\/\/uniformesludo.cl\/wp-content\/uploads\/2020\/10\/micropolar4-300x69.png 300w, https:\/\/uniformesludo.cl\/wp-content\/uploads\/2020\/10\/micropolar4-768x176.png 768w, https:\/\/uniformesludo.cl\/wp-content\/uploads\/2020\/10\/micropolar4-1024x234.png 1024w, https:\/\/uniformesludo.cl\/wp-content\/uploads\/2020\/10\/micropolar4-100x23.png 100w, https:\/\/uniformesludo.cl\/wp-content\/uploads\/2020\/10\/micropolar4-600x137.png 600w\" sizes=\"auto, (max-width: 1140px) 100vw, 1140px\" \/><\/p>\n","protected":false},"excerpt":{"rendered":"<p><a id=\"btncotizar\" href=\"https:\/\/uniformesludo.cl\/index.php\/cotizacion\/\">Cotizar<\/a><\/p>\n","protected":false},"featured_media":10008467,"comment_status":"closed","ping_status":"closed","template":"","meta":[],"product_brand":[],"product_cat":[253],"product_tag":[],"class_list":{"0":"post-10008465","1":"product","2":"type-product","3":"status-publish","4":"has-post-thumbnail","6":"product_cat-micropolar","8":"first","9":"instock","10":"shipping-taxable","11":"product-type-simple"},"aioseo_notices":[],"yoast_head":"<!-- This site is optimized with the Yoast SEO plugin v26.5 - https:\/\/yoast.com\/wordpress\/plugins\/seo\/ -->\n<title>Micropolar T\u00e9rmico Manga Larga con Cinta Reflectante - Uniformes Ludo<\/title>\n<meta name=\"robots\" content=\"index, follow, max-snippet:-1, max-image-preview:large, max-video-preview:-1\" \/>\n<link rel=\"canonical\" href=\"https:\/\/uniformesludo.cl\/index.php\/producto\/micropolar-termico-manga-larga-con-cinta-reflectante-2\/\" \/>\n<meta property=\"og:locale\" content=\"es_ES\" \/>\n<meta property=\"og:type\" content=\"article\" \/>\n<meta property=\"og:title\" content=\"Micropolar T\u00e9rmico Manga Larga con Cinta Reflectante - Uniformes Ludo\" \/>\n<meta property=\"og:description\" content=\"Cotizar\" \/>\n<meta property=\"og:url\" content=\"https:\/\/uniformesludo.cl\/index.php\/producto\/micropolar-termico-manga-larga-con-cinta-reflectante-2\/\" \/>\n<meta property=\"og:site_name\" content=\"Uniformes Ludo\" \/>\n<meta property=\"article:modified_time\" content=\"2023-11-20T19:21:45+00:00\" \/>\n<meta property=\"og:image\" content=\"https:\/\/uniformesludo.cl\/wp-content\/uploads\/2020\/10\/micropolar.png\" \/>\n\t<meta property=\"og:image:width\" content=\"621\" \/>\n\t<meta property=\"og:image:height\" content=\"621\" \/>\n\t<meta property=\"og:image:type\" content=\"image\/png\" \/>\n<meta name=\"twitter:card\" content=\"summary_large_image\" \/>\n<script type=\"application\/ld+json\" class=\"yoast-schema-graph\">{\"@context\":\"https:\/\/schema.org\",\"@graph\":[{\"@type\":\"WebPage\",\"@id\":\"https:\/\/uniformesludo.cl\/index.php\/producto\/micropolar-termico-manga-larga-con-cinta-reflectante-2\/\",\"url\":\"https:\/\/uniformesludo.cl\/index.php\/producto\/micropolar-termico-manga-larga-con-cinta-reflectante-2\/\",\"name\":\"Micropolar T\u00e9rmico Manga Larga con Cinta Reflectante - Uniformes Ludo\",\"isPartOf\":{\"@id\":\"https:\/\/uniformesludo.cl\/#website\"},\"primaryImageOfPage\":{\"@id\":\"https:\/\/uniformesludo.cl\/index.php\/producto\/micropolar-termico-manga-larga-con-cinta-reflectante-2\/#primaryimage\"},\"image\":{\"@id\":\"https:\/\/uniformesludo.cl\/index.php\/producto\/micropolar-termico-manga-larga-con-cinta-reflectante-2\/#primaryimage\"},\"thumbnailUrl\":\"https:\/\/uniformesludo.cl\/wp-content\/uploads\/2020\/10\/micropolar.png\",\"datePublished\":\"2020-10-30T19:05:51+00:00\",\"dateModified\":\"2023-11-20T19:21:45+00:00\",\"breadcrumb\":{\"@id\":\"https:\/\/uniformesludo.cl\/index.php\/producto\/micropolar-termico-manga-larga-con-cinta-reflectante-2\/#breadcrumb\"},\"inLanguage\":\"es\",\"potentialAction\":[{\"@type\":\"ReadAction\",\"target\":[\"https:\/\/uniformesludo.cl\/index.php\/producto\/micropolar-termico-manga-larga-con-cinta-reflectante-2\/\"]}]},{\"@type\":\"ImageObject\",\"inLanguage\":\"es\",\"@id\":\"https:\/\/uniformesludo.cl\/index.php\/producto\/micropolar-termico-manga-larga-con-cinta-reflectante-2\/#primaryimage\",\"url\":\"https:\/\/uniformesludo.cl\/wp-content\/uploads\/2020\/10\/micropolar.png\",\"contentUrl\":\"https:\/\/uniformesludo.cl\/wp-content\/uploads\/2020\/10\/micropolar.png\",\"width\":621,\"height\":621},{\"@type\":\"BreadcrumbList\",\"@id\":\"https:\/\/uniformesludo.cl\/index.php\/producto\/micropolar-termico-manga-larga-con-cinta-reflectante-2\/#breadcrumb\",\"itemListElement\":[{\"@type\":\"ListItem\",\"position\":1,\"name\":\"Portada\",\"item\":\"https:\/\/uniformesludo.cl\/\"},{\"@type\":\"ListItem\",\"position\":2,\"name\":\"Tienda\",\"item\":\"https:\/\/uniformesludo.cl\/index.php\/tienda\/\"},{\"@type\":\"ListItem\",\"position\":3,\"name\":\"Micropolar T\u00e9rmico Manga Larga con Cinta Reflectante\"}]},{\"@type\":\"WebSite\",\"@id\":\"https:\/\/uniformesludo.cl\/#website\",\"url\":\"https:\/\/uniformesludo.cl\/\",\"name\":\"Uniformes Ludo\",\"description\":\"Es una de las empresas comercializadoras de Ropa de trabajo, confecci\u00f3n, productos de protecci\u00f3n, prevenci\u00f3n y seguridad una de las m\u00e1s importantes de nuestro pa\u00eds, reconocida a nivel Nacional, con numerosos clientes a lo largo de Chile que avalan su compromiso de calidad. De igual forma, existe una permanente preocupaci\u00f3n por mantener un servicio integral de excelencia que permita identificarnos como \u201cel mejor equipo, la mejor empresa e inversi\u00f3n\u201d.\",\"potentialAction\":[{\"@type\":\"SearchAction\",\"target\":{\"@type\":\"EntryPoint\",\"urlTemplate\":\"https:\/\/uniformesludo.cl\/?s={search_term_string}\"},\"query-input\":{\"@type\":\"PropertyValueSpecification\",\"valueRequired\":true,\"valueName\":\"search_term_string\"}}],\"inLanguage\":\"es\"}]}<\/script>\n<!-- \/ Yoast SEO plugin. -->","yoast_head_json":{"title":"Micropolar T\u00e9rmico Manga Larga con Cinta Reflectante - Uniformes Ludo","robots":{"index":"index","follow":"follow","max-snippet":"max-snippet:-1","max-image-preview":"max-image-preview:large","max-video-preview":"max-video-preview:-1"},"canonical":"https:\/\/uniformesludo.cl\/index.php\/producto\/micropolar-termico-manga-larga-con-cinta-reflectante-2\/","og_locale":"es_ES","og_type":"article","og_title":"Micropolar T\u00e9rmico Manga Larga con Cinta Reflectante - Uniformes Ludo","og_description":"Cotizar","og_url":"https:\/\/uniformesludo.cl\/index.php\/producto\/micropolar-termico-manga-larga-con-cinta-reflectante-2\/","og_site_name":"Uniformes Ludo","article_modified_time":"2023-11-20T19:21:45+00:00","og_image":[{"width":621,"height":621,"url":"https:\/\/uniformesludo.cl\/wp-content\/uploads\/2020\/10\/micropolar.png","type":"image\/png"}],"twitter_card":"summary_large_image","schema":{"@context":"https:\/\/schema.org","@graph":[{"@type":"WebPage","@id":"https:\/\/uniformesludo.cl\/index.php\/producto\/micropolar-termico-manga-larga-con-cinta-reflectante-2\/","url":"https:\/\/uniformesludo.cl\/index.php\/producto\/micropolar-termico-manga-larga-con-cinta-reflectante-2\/","name":"Micropolar T\u00e9rmico Manga Larga con Cinta Reflectante - Uniformes Ludo","isPartOf":{"@id":"https:\/\/uniformesludo.cl\/#website"},"primaryImageOfPage":{"@id":"https:\/\/uniformesludo.cl\/index.php\/producto\/micropolar-termico-manga-larga-con-cinta-reflectante-2\/#primaryimage"},"image":{"@id":"https:\/\/uniformesludo.cl\/index.php\/producto\/micropolar-termico-manga-larga-con-cinta-reflectante-2\/#primaryimage"},"thumbnailUrl":"https:\/\/uniformesludo.cl\/wp-content\/uploads\/2020\/10\/micropolar.png","datePublished":"2020-10-30T19:05:51+00:00","dateModified":"2023-11-20T19:21:45+00:00","breadcrumb":{"@id":"https:\/\/uniformesludo.cl\/index.php\/producto\/micropolar-termico-manga-larga-con-cinta-reflectante-2\/#breadcrumb"},"inLanguage":"es","potentialAction":[{"@type":"ReadAction","target":["https:\/\/uniformesludo.cl\/index.php\/producto\/micropolar-termico-manga-larga-con-cinta-reflectante-2\/"]}]},{"@type":"ImageObject","inLanguage":"es","@id":"https:\/\/uniformesludo.cl\/index.php\/producto\/micropolar-termico-manga-larga-con-cinta-reflectante-2\/#primaryimage","url":"https:\/\/uniformesludo.cl\/wp-content\/uploads\/2020\/10\/micropolar.png","contentUrl":"https:\/\/uniformesludo.cl\/wp-content\/uploads\/2020\/10\/micropolar.png","width":621,"height":621},{"@type":"BreadcrumbList","@id":"https:\/\/uniformesludo.cl\/index.php\/producto\/micropolar-termico-manga-larga-con-cinta-reflectante-2\/#breadcrumb","itemListElement":[{"@type":"ListItem","position":1,"name":"Portada","item":"https:\/\/uniformesludo.cl\/"},{"@type":"ListItem","position":2,"name":"Tienda","item":"https:\/\/uniformesludo.cl\/index.php\/tienda\/"},{"@type":"ListItem","position":3,"name":"Micropolar T\u00e9rmico Manga Larga con Cinta Reflectante"}]},{"@type":"WebSite","@id":"https:\/\/uniformesludo.cl\/#website","url":"https:\/\/uniformesludo.cl\/","name":"Uniformes Ludo","description":"Es una de las empresas comercializadoras de Ropa de trabajo, confecci\u00f3n, productos de protecci\u00f3n, prevenci\u00f3n y seguridad una de las m\u00e1s importantes de nuestro pa\u00eds, reconocida a nivel Nacional, con numerosos clientes a lo largo de Chile que avalan su compromiso de calidad. De igual forma, existe una permanente preocupaci\u00f3n por mantener un servicio integral de excelencia que permita identificarnos como \u201cel mejor equipo, la mejor empresa e inversi\u00f3n\u201d.","potentialAction":[{"@type":"SearchAction","target":{"@type":"EntryPoint","urlTemplate":"https:\/\/uniformesludo.cl\/?s={search_term_string}"},"query-input":{"@type":"PropertyValueSpecification","valueRequired":true,"valueName":"search_term_string"}}],"inLanguage":"es"}]}},"_links":{"self":[{"href":"https:\/\/uniformesludo.cl\/index.php\/wp-json\/wp\/v2\/product\/10008465","targetHints":{"allow":["GET"]}}],"collection":[{"href":"https:\/\/uniformesludo.cl\/index.php\/wp-json\/wp\/v2\/product"}],"about":[{"href":"https:\/\/uniformesludo.cl\/index.php\/wp-json\/wp\/v2\/types\/product"}],"replies":[{"embeddable":true,"href":"https:\/\/uniformesludo.cl\/index.php\/wp-json\/wp\/v2\/comments?post=10008465"}],"wp:featuredmedia":[{"embeddable":true,"href":"https:\/\/uniformesludo.cl\/index.php\/wp-json\/wp\/v2\/media\/10008467"}],"wp:attachment":[{"href":"https:\/\/uniformesludo.cl\/index.php\/wp-json\/wp\/v2\/media?parent=10008465"}],"wp:term":[{"taxonomy":"product_brand","embeddable":true,"href":"https:\/\/uniformesludo.cl\/index.php\/wp-json\/wp\/v2\/product_brand?post=10008465"},{"taxonomy":"product_cat","embeddable":true,"href":"https:\/\/uniformesludo.cl\/index.php\/wp-json\/wp\/v2\/product_cat?post=10008465"},{"taxonomy":"product_tag","embeddable":true,"href":"https:\/\/uniformesludo.cl\/index.php\/wp-json\/wp\/v2\/product_tag?post=10008465"}],"curies":[{"name":"wp","href":"https:\/\/api.w.org\/{rel}","templated":true}]}}