{"id":10007626,"date":"2020-02-24T18:45:54","date_gmt":"2020-02-24T18:45:54","guid":{"rendered":"https:\/\/uniformesludo.cl\/?post_type=product&#038;p=10007626"},"modified":"2024-10-23T17:14:38","modified_gmt":"2024-10-23T17:14:38","slug":"pantalon-jeans-basic-5-bolsillos-hombre","status":"publish","type":"product","link":"https:\/\/uniformesludo.cl\/index.php\/producto\/pantalon-jeans-basic-5-bolsillos-hombre\/","title":{"rendered":"Pantal\u00f3n Jeans Basic 5 Bolsillos Hombre"},"content":{"rendered":"<h3>Descripci\u00f3n<\/h3>\n<p>Jeans para hombre en tono azul medio, un cl\u00e1sico y original pantal\u00f3n de mezclilla, su particular tono hace que la prenda sea de uso atemporal, cuenta con calce recto para un look casual, cintura baja, bolsillos delanteros con monedero y bolsillo trasero. Es una prenda ideal para todo tipo de cuerpo, sirve para desarrollar tus actividades diarias otorgando mayor movilidad y comodidad.<\/p>\n<h3>Especificaciones del producto<\/h3>\n<p>Tela: Denim<\/p>\n<p>Calce: Regular Fit<\/p>\n<p>Composici\u00f3n: 100% Algod\u00f3n.<\/p>\n<p>Gramaje: 13.75 Oz<\/p>\n<h3>Aplicaciones del producto<\/h3>\n<p>Publicitario, Administrativo, Industria construcci\u00f3n, Industria Ligera y Log\u00edstica.<\/p>\n<p><img loading=\"lazy\" decoding=\"async\" class=\"alignnone size-full wp-image-10008417\" src=\"https:\/\/uniformesludo.cl\/wp-content\/uploads\/2020\/02\/prelavado1.png\" alt=\"\" width=\"1139\" height=\"256\" srcset=\"https:\/\/uniformesludo.cl\/wp-content\/uploads\/2020\/02\/prelavado1.png 1139w, https:\/\/uniformesludo.cl\/wp-content\/uploads\/2020\/02\/prelavado1-300x67.png 300w, https:\/\/uniformesludo.cl\/wp-content\/uploads\/2020\/02\/prelavado1-768x173.png 768w, https:\/\/uniformesludo.cl\/wp-content\/uploads\/2020\/02\/prelavado1-1024x230.png 1024w, https:\/\/uniformesludo.cl\/wp-content\/uploads\/2020\/02\/prelavado1-100x22.png 100w, https:\/\/uniformesludo.cl\/wp-content\/uploads\/2020\/02\/prelavado1-600x135.png 600w\" sizes=\"auto, (max-width: 1139px) 100vw, 1139px\" \/><\/p>\n<p><img decoding=\"async\" src=\"https:\/\/uniformesludo.cl\/wp-content\/uploads\/2024\/02\/ludo-comp-FICHA-TECNICA-49.jpg\" alt=\"\" \/><\/p>\n","protected":false},"excerpt":{"rendered":"<p>Valor al detalle<\/p>\n<p><a id=\"btncotizar\" href=\"https:\/\/uniformesludo.cl\/index.php\/cotizacion\/\">Cotizar<\/a><\/p>\n","protected":false},"featured_media":10007627,"comment_status":"closed","ping_status":"closed","template":"","meta":[],"product_brand":[],"product_cat":[227],"product_tag":[548],"class_list":{"0":"post-10007626","1":"product","2":"type-product","3":"status-publish","4":"has-post-thumbnail","6":"product_cat-jeans-prelavado","7":"product_tag-pantalones","9":"first","10":"instock","11":"shipping-taxable","12":"purchasable","13":"product-type-variable","14":"has-default-attributes"},"aioseo_notices":[],"yoast_head":"<!-- This site is optimized with the Yoast SEO plugin v26.5 - https:\/\/yoast.com\/wordpress\/plugins\/seo\/ -->\n<title>Pantal\u00f3n Jeans Basic 5 Bolsillos Hombre - Uniformes Ludo<\/title>\n<meta name=\"robots\" content=\"index, follow, max-snippet:-1, max-image-preview:large, max-video-preview:-1\" \/>\n<link rel=\"canonical\" href=\"https:\/\/uniformesludo.cl\/index.php\/producto\/pantalon-jeans-basic-5-bolsillos-hombre\/\" \/>\n<meta property=\"og:locale\" content=\"es_ES\" \/>\n<meta property=\"og:type\" content=\"article\" \/>\n<meta property=\"og:title\" content=\"Pantal\u00f3n Jeans Basic 5 Bolsillos Hombre - Uniformes Ludo\" \/>\n<meta property=\"og:description\" content=\"Valor al detalle  Cotizar\" \/>\n<meta property=\"og:url\" content=\"https:\/\/uniformesludo.cl\/index.php\/producto\/pantalon-jeans-basic-5-bolsillos-hombre\/\" \/>\n<meta property=\"og:site_name\" content=\"Uniformes Ludo\" \/>\n<meta property=\"article:modified_time\" content=\"2024-10-23T17:14:38+00:00\" \/>\n<meta property=\"og:image\" content=\"https:\/\/uniformesludo.cl\/wp-content\/uploads\/2020\/02\/PANTALO\u0301N-JEANS-BASIC-5-BOLSILLOS-HOMBRE.png\" \/>\n\t<meta property=\"og:image:width\" content=\"350\" \/>\n\t<meta property=\"og:image:height\" content=\"350\" \/>\n\t<meta property=\"og:image:type\" content=\"image\/png\" \/>\n<meta name=\"twitter:card\" content=\"summary_large_image\" \/>\n<script type=\"application\/ld+json\" class=\"yoast-schema-graph\">{\"@context\":\"https:\/\/schema.org\",\"@graph\":[{\"@type\":\"WebPage\",\"@id\":\"https:\/\/uniformesludo.cl\/index.php\/producto\/pantalon-jeans-basic-5-bolsillos-hombre\/\",\"url\":\"https:\/\/uniformesludo.cl\/index.php\/producto\/pantalon-jeans-basic-5-bolsillos-hombre\/\",\"name\":\"Pantal\u00f3n Jeans Basic 5 Bolsillos Hombre - Uniformes Ludo\",\"isPartOf\":{\"@id\":\"https:\/\/uniformesludo.cl\/#website\"},\"primaryImageOfPage\":{\"@id\":\"https:\/\/uniformesludo.cl\/index.php\/producto\/pantalon-jeans-basic-5-bolsillos-hombre\/#primaryimage\"},\"image\":{\"@id\":\"https:\/\/uniformesludo.cl\/index.php\/producto\/pantalon-jeans-basic-5-bolsillos-hombre\/#primaryimage\"},\"thumbnailUrl\":\"https:\/\/uniformesludo.cl\/wp-content\/uploads\/2020\/02\/PANTALO\u0301N-JEANS-BASIC-5-BOLSILLOS-HOMBRE.png\",\"datePublished\":\"2020-02-24T18:45:54+00:00\",\"dateModified\":\"2024-10-23T17:14:38+00:00\",\"breadcrumb\":{\"@id\":\"https:\/\/uniformesludo.cl\/index.php\/producto\/pantalon-jeans-basic-5-bolsillos-hombre\/#breadcrumb\"},\"inLanguage\":\"es\",\"potentialAction\":[{\"@type\":\"ReadAction\",\"target\":[\"https:\/\/uniformesludo.cl\/index.php\/producto\/pantalon-jeans-basic-5-bolsillos-hombre\/\"]}]},{\"@type\":\"ImageObject\",\"inLanguage\":\"es\",\"@id\":\"https:\/\/uniformesludo.cl\/index.php\/producto\/pantalon-jeans-basic-5-bolsillos-hombre\/#primaryimage\",\"url\":\"https:\/\/uniformesludo.cl\/wp-content\/uploads\/2020\/02\/PANTALO\u0301N-JEANS-BASIC-5-BOLSILLOS-HOMBRE.png\",\"contentUrl\":\"https:\/\/uniformesludo.cl\/wp-content\/uploads\/2020\/02\/PANTALO\u0301N-JEANS-BASIC-5-BOLSILLOS-HOMBRE.png\",\"width\":350,\"height\":350},{\"@type\":\"BreadcrumbList\",\"@id\":\"https:\/\/uniformesludo.cl\/index.php\/producto\/pantalon-jeans-basic-5-bolsillos-hombre\/#breadcrumb\",\"itemListElement\":[{\"@type\":\"ListItem\",\"position\":1,\"name\":\"Portada\",\"item\":\"https:\/\/uniformesludo.cl\/\"},{\"@type\":\"ListItem\",\"position\":2,\"name\":\"Tienda\",\"item\":\"https:\/\/uniformesludo.cl\/index.php\/tienda\/\"},{\"@type\":\"ListItem\",\"position\":3,\"name\":\"Pantal\u00f3n Jeans Basic 5 Bolsillos Hombre\"}]},{\"@type\":\"WebSite\",\"@id\":\"https:\/\/uniformesludo.cl\/#website\",\"url\":\"https:\/\/uniformesludo.cl\/\",\"name\":\"Uniformes Ludo\",\"description\":\"Es una de las empresas comercializadoras de Ropa de trabajo, confecci\u00f3n, productos de protecci\u00f3n, prevenci\u00f3n y seguridad una de las m\u00e1s importantes de nuestro pa\u00eds, reconocida a nivel Nacional, con numerosos clientes a lo largo de Chile que avalan su compromiso de calidad. De igual forma, existe una permanente preocupaci\u00f3n por mantener un servicio integral de excelencia que permita identificarnos como \u201cel mejor equipo, la mejor empresa e inversi\u00f3n\u201d.\",\"potentialAction\":[{\"@type\":\"SearchAction\",\"target\":{\"@type\":\"EntryPoint\",\"urlTemplate\":\"https:\/\/uniformesludo.cl\/?s={search_term_string}\"},\"query-input\":{\"@type\":\"PropertyValueSpecification\",\"valueRequired\":true,\"valueName\":\"search_term_string\"}}],\"inLanguage\":\"es\"}]}<\/script>\n<!-- \/ Yoast SEO plugin. -->","yoast_head_json":{"title":"Pantal\u00f3n Jeans Basic 5 Bolsillos Hombre - Uniformes Ludo","robots":{"index":"index","follow":"follow","max-snippet":"max-snippet:-1","max-image-preview":"max-image-preview:large","max-video-preview":"max-video-preview:-1"},"canonical":"https:\/\/uniformesludo.cl\/index.php\/producto\/pantalon-jeans-basic-5-bolsillos-hombre\/","og_locale":"es_ES","og_type":"article","og_title":"Pantal\u00f3n Jeans Basic 5 Bolsillos Hombre - Uniformes Ludo","og_description":"Valor al detalle  Cotizar","og_url":"https:\/\/uniformesludo.cl\/index.php\/producto\/pantalon-jeans-basic-5-bolsillos-hombre\/","og_site_name":"Uniformes Ludo","article_modified_time":"2024-10-23T17:14:38+00:00","og_image":[{"width":350,"height":350,"url":"https:\/\/uniformesludo.cl\/wp-content\/uploads\/2020\/02\/PANTALO\u0301N-JEANS-BASIC-5-BOLSILLOS-HOMBRE.png","type":"image\/png"}],"twitter_card":"summary_large_image","schema":{"@context":"https:\/\/schema.org","@graph":[{"@type":"WebPage","@id":"https:\/\/uniformesludo.cl\/index.php\/producto\/pantalon-jeans-basic-5-bolsillos-hombre\/","url":"https:\/\/uniformesludo.cl\/index.php\/producto\/pantalon-jeans-basic-5-bolsillos-hombre\/","name":"Pantal\u00f3n Jeans Basic 5 Bolsillos Hombre - Uniformes Ludo","isPartOf":{"@id":"https:\/\/uniformesludo.cl\/#website"},"primaryImageOfPage":{"@id":"https:\/\/uniformesludo.cl\/index.php\/producto\/pantalon-jeans-basic-5-bolsillos-hombre\/#primaryimage"},"image":{"@id":"https:\/\/uniformesludo.cl\/index.php\/producto\/pantalon-jeans-basic-5-bolsillos-hombre\/#primaryimage"},"thumbnailUrl":"https:\/\/uniformesludo.cl\/wp-content\/uploads\/2020\/02\/PANTALO\u0301N-JEANS-BASIC-5-BOLSILLOS-HOMBRE.png","datePublished":"2020-02-24T18:45:54+00:00","dateModified":"2024-10-23T17:14:38+00:00","breadcrumb":{"@id":"https:\/\/uniformesludo.cl\/index.php\/producto\/pantalon-jeans-basic-5-bolsillos-hombre\/#breadcrumb"},"inLanguage":"es","potentialAction":[{"@type":"ReadAction","target":["https:\/\/uniformesludo.cl\/index.php\/producto\/pantalon-jeans-basic-5-bolsillos-hombre\/"]}]},{"@type":"ImageObject","inLanguage":"es","@id":"https:\/\/uniformesludo.cl\/index.php\/producto\/pantalon-jeans-basic-5-bolsillos-hombre\/#primaryimage","url":"https:\/\/uniformesludo.cl\/wp-content\/uploads\/2020\/02\/PANTALO\u0301N-JEANS-BASIC-5-BOLSILLOS-HOMBRE.png","contentUrl":"https:\/\/uniformesludo.cl\/wp-content\/uploads\/2020\/02\/PANTALO\u0301N-JEANS-BASIC-5-BOLSILLOS-HOMBRE.png","width":350,"height":350},{"@type":"BreadcrumbList","@id":"https:\/\/uniformesludo.cl\/index.php\/producto\/pantalon-jeans-basic-5-bolsillos-hombre\/#breadcrumb","itemListElement":[{"@type":"ListItem","position":1,"name":"Portada","item":"https:\/\/uniformesludo.cl\/"},{"@type":"ListItem","position":2,"name":"Tienda","item":"https:\/\/uniformesludo.cl\/index.php\/tienda\/"},{"@type":"ListItem","position":3,"name":"Pantal\u00f3n Jeans Basic 5 Bolsillos Hombre"}]},{"@type":"WebSite","@id":"https:\/\/uniformesludo.cl\/#website","url":"https:\/\/uniformesludo.cl\/","name":"Uniformes Ludo","description":"Es una de las empresas comercializadoras de Ropa de trabajo, confecci\u00f3n, productos de protecci\u00f3n, prevenci\u00f3n y seguridad una de las m\u00e1s importantes de nuestro pa\u00eds, reconocida a nivel Nacional, con numerosos clientes a lo largo de Chile que avalan su compromiso de calidad. De igual forma, existe una permanente preocupaci\u00f3n por mantener un servicio integral de excelencia que permita identificarnos como \u201cel mejor equipo, la mejor empresa e inversi\u00f3n\u201d.","potentialAction":[{"@type":"SearchAction","target":{"@type":"EntryPoint","urlTemplate":"https:\/\/uniformesludo.cl\/?s={search_term_string}"},"query-input":{"@type":"PropertyValueSpecification","valueRequired":true,"valueName":"search_term_string"}}],"inLanguage":"es"}]}},"_links":{"self":[{"href":"https:\/\/uniformesludo.cl\/index.php\/wp-json\/wp\/v2\/product\/10007626","targetHints":{"allow":["GET"]}}],"collection":[{"href":"https:\/\/uniformesludo.cl\/index.php\/wp-json\/wp\/v2\/product"}],"about":[{"href":"https:\/\/uniformesludo.cl\/index.php\/wp-json\/wp\/v2\/types\/product"}],"replies":[{"embeddable":true,"href":"https:\/\/uniformesludo.cl\/index.php\/wp-json\/wp\/v2\/comments?post=10007626"}],"wp:featuredmedia":[{"embeddable":true,"href":"https:\/\/uniformesludo.cl\/index.php\/wp-json\/wp\/v2\/media\/10007627"}],"wp:attachment":[{"href":"https:\/\/uniformesludo.cl\/index.php\/wp-json\/wp\/v2\/media?parent=10007626"}],"wp:term":[{"taxonomy":"product_brand","embeddable":true,"href":"https:\/\/uniformesludo.cl\/index.php\/wp-json\/wp\/v2\/product_brand?post=10007626"},{"taxonomy":"product_cat","embeddable":true,"href":"https:\/\/uniformesludo.cl\/index.php\/wp-json\/wp\/v2\/product_cat?post=10007626"},{"taxonomy":"product_tag","embeddable":true,"href":"https:\/\/uniformesludo.cl\/index.php\/wp-json\/wp\/v2\/product_tag?post=10007626"}],"curies":[{"name":"wp","href":"https:\/\/api.w.org\/{rel}","templated":true}]}}