{"id":10007536,"date":"2020-02-24T16:22:43","date_gmt":"2020-02-24T16:22:43","guid":{"rendered":"https:\/\/uniformesludo.cl\/?post_type=product&#038;p=10007536"},"modified":"2024-10-23T17:06:37","modified_gmt":"2024-10-23T17:06:37","slug":"cortaviento-limos-high-tech-ripstop-pu-manga-larga","status":"publish","type":"product","link":"https:\/\/uniformesludo.cl\/index.php\/producto\/cortaviento-limos-high-tech-ripstop-pu-manga-larga\/","title":{"rendered":"Cortaviento Limos High Tech Ripstop Pu Manga Larga"},"content":{"rendered":"<p>Es ropa corporativa de alta calidad, dise\u00f1ada con estilo \u00fanico, acompa\u00f1ando a los trabajadores y empresas de todo Chile.<\/p>\n<p><strong>DESCRIPCI\u00d3N:<\/strong><\/p>\n<ul>\n<li>Detalle refectivo en cierre frontal y bolsillo delantero.<\/li>\n<li>Tela ripstop que no se desgarra.<\/li>\n<li>Puno ajustable.<\/li>\n<li>Cierre principal y bolsillo de pecho con waterpoof (impermeables).<\/li>\n<li>Ajuste en cintura.<\/li>\n<li>Tela con cobertura PU.<\/li>\n<\/ul>\n<p><strong>COMPOSICI\u00d3N:<\/strong><\/p>\n<ul>\n<li>Tela: Ripstop.<\/li>\n<li>100% poli\u00e9ster.<\/li>\n<li>115 gr.<\/li>\n<li>Calce: Regular.<\/li>\n<\/ul>\n<p><strong>APLICACIONES:<\/strong><\/p>\n<ul>\n<li>Publicitario, construcci\u00f3n, Industria Ligera y Log\u00edstica.<\/li>\n<\/ul>\n<p><img loading=\"lazy\" decoding=\"async\" class=\"alignnone size-full wp-image-10008414\" src=\"https:\/\/uniformesludo.cl\/wp-content\/uploads\/2020\/02\/cortavientos1.png\" alt=\"\" width=\"1135\" height=\"258\" srcset=\"https:\/\/uniformesludo.cl\/wp-content\/uploads\/2020\/02\/cortavientos1.png 1135w, https:\/\/uniformesludo.cl\/wp-content\/uploads\/2020\/02\/cortavientos1-300x68.png 300w, https:\/\/uniformesludo.cl\/wp-content\/uploads\/2020\/02\/cortavientos1-768x175.png 768w, https:\/\/uniformesludo.cl\/wp-content\/uploads\/2020\/02\/cortavientos1-1024x233.png 1024w, https:\/\/uniformesludo.cl\/wp-content\/uploads\/2020\/02\/cortavientos1-100x23.png 100w, https:\/\/uniformesludo.cl\/wp-content\/uploads\/2020\/02\/cortavientos1-600x136.png 600w\" sizes=\"auto, (max-width: 1135px) 100vw, 1135px\" \/><\/p>\n<p><img decoding=\"async\" src=\"https:\/\/uniformesludo.cl\/wp-content\/uploads\/2024\/02\/ludo-comp-FICHA-TECNICA-257.jpg\" alt=\"\" \/><\/p>\n","protected":false},"excerpt":{"rendered":"<table style=\"width: auto;\">\n<tbody>\n<tr>\n<td><a href=\"https:\/\/uniformesludo.cl\/wp-content\/uploads\/2023\/07\/ficha-cortaviento-limos-high-tech-ripstop-pu-manga-larga-27001.pdf\" target=\"_blank\" rel=\"noopener\"><img loading=\"lazy\" decoding=\"async\" class=\"alignnone\" style=\"width: 50px;\" src=\"https:\/\/uniformesludo.cl\/wp-content\/uploads\/2020\/03\/pdf.png\" alt=\"\" width=\"165\" height=\"184\" \/><\/a><\/td>\n<td style=\"text-align: left;\"><a href=\"https:\/\/uniformesludo.cl\/wp-content\/uploads\/2023\/07\/ficha-cortaviento-limos-high-tech-ripstop-pu-manga-larga-27001.pdf\" target=\"_blank\" rel=\"noopener\">Ficha t\u00e9cnica<\/a><\/td>\n<\/tr>\n<\/tbody>\n<\/table>\n<p><a id=\"btncotizar\" href=\"https:\/\/uniformesludo.cl\/index.php\/cotizacion\/\">Cotizar<\/a><\/p>\n","protected":false},"featured_media":10007537,"comment_status":"closed","ping_status":"closed","template":"","meta":[],"product_brand":[],"product_cat":[251],"product_tag":[],"class_list":{"0":"post-10007536","1":"product","2":"type-product","3":"status-publish","4":"has-post-thumbnail","6":"product_cat-cortavientos","8":"first","9":"instock","10":"shipping-taxable","11":"purchasable","12":"product-type-variable","13":"has-default-attributes"},"aioseo_notices":[],"yoast_head":"<!-- This site is optimized with the Yoast SEO plugin v26.5 - https:\/\/yoast.com\/wordpress\/plugins\/seo\/ -->\n<title>Cortaviento Limos High Tech Ripstop Pu Manga Larga - Uniformes Ludo<\/title>\n<meta name=\"robots\" content=\"index, follow, max-snippet:-1, max-image-preview:large, max-video-preview:-1\" \/>\n<link rel=\"canonical\" href=\"https:\/\/uniformesludo.cl\/index.php\/producto\/cortaviento-limos-high-tech-ripstop-pu-manga-larga\/\" \/>\n<meta property=\"og:locale\" content=\"es_ES\" \/>\n<meta property=\"og:type\" content=\"article\" \/>\n<meta property=\"og:title\" content=\"Cortaviento Limos High Tech Ripstop Pu Manga Larga - Uniformes Ludo\" \/>\n<meta property=\"og:description\" content=\"Ficha t\u00e9cnica    Cotizar\" \/>\n<meta property=\"og:url\" content=\"https:\/\/uniformesludo.cl\/index.php\/producto\/cortaviento-limos-high-tech-ripstop-pu-manga-larga\/\" \/>\n<meta property=\"og:site_name\" content=\"Uniformes Ludo\" \/>\n<meta property=\"article:modified_time\" content=\"2024-10-23T17:06:37+00:00\" \/>\n<meta property=\"og:image\" content=\"https:\/\/uniformesludo.cl\/wp-content\/uploads\/2020\/02\/CORTAVIENTO-LIMOS-HIGH-TECH-RIPSTOP-PU-MANGA-LARGA.png\" \/>\n\t<meta property=\"og:image:width\" content=\"350\" \/>\n\t<meta property=\"og:image:height\" content=\"350\" \/>\n\t<meta property=\"og:image:type\" content=\"image\/png\" \/>\n<meta name=\"twitter:card\" content=\"summary_large_image\" \/>\n<script type=\"application\/ld+json\" class=\"yoast-schema-graph\">{\"@context\":\"https:\/\/schema.org\",\"@graph\":[{\"@type\":\"WebPage\",\"@id\":\"https:\/\/uniformesludo.cl\/index.php\/producto\/cortaviento-limos-high-tech-ripstop-pu-manga-larga\/\",\"url\":\"https:\/\/uniformesludo.cl\/index.php\/producto\/cortaviento-limos-high-tech-ripstop-pu-manga-larga\/\",\"name\":\"Cortaviento Limos High Tech Ripstop Pu Manga Larga - Uniformes Ludo\",\"isPartOf\":{\"@id\":\"https:\/\/uniformesludo.cl\/#website\"},\"primaryImageOfPage\":{\"@id\":\"https:\/\/uniformesludo.cl\/index.php\/producto\/cortaviento-limos-high-tech-ripstop-pu-manga-larga\/#primaryimage\"},\"image\":{\"@id\":\"https:\/\/uniformesludo.cl\/index.php\/producto\/cortaviento-limos-high-tech-ripstop-pu-manga-larga\/#primaryimage\"},\"thumbnailUrl\":\"https:\/\/uniformesludo.cl\/wp-content\/uploads\/2020\/02\/CORTAVIENTO-LIMOS-HIGH-TECH-RIPSTOP-PU-MANGA-LARGA.png\",\"datePublished\":\"2020-02-24T16:22:43+00:00\",\"dateModified\":\"2024-10-23T17:06:37+00:00\",\"breadcrumb\":{\"@id\":\"https:\/\/uniformesludo.cl\/index.php\/producto\/cortaviento-limos-high-tech-ripstop-pu-manga-larga\/#breadcrumb\"},\"inLanguage\":\"es\",\"potentialAction\":[{\"@type\":\"ReadAction\",\"target\":[\"https:\/\/uniformesludo.cl\/index.php\/producto\/cortaviento-limos-high-tech-ripstop-pu-manga-larga\/\"]}]},{\"@type\":\"ImageObject\",\"inLanguage\":\"es\",\"@id\":\"https:\/\/uniformesludo.cl\/index.php\/producto\/cortaviento-limos-high-tech-ripstop-pu-manga-larga\/#primaryimage\",\"url\":\"https:\/\/uniformesludo.cl\/wp-content\/uploads\/2020\/02\/CORTAVIENTO-LIMOS-HIGH-TECH-RIPSTOP-PU-MANGA-LARGA.png\",\"contentUrl\":\"https:\/\/uniformesludo.cl\/wp-content\/uploads\/2020\/02\/CORTAVIENTO-LIMOS-HIGH-TECH-RIPSTOP-PU-MANGA-LARGA.png\",\"width\":350,\"height\":350},{\"@type\":\"BreadcrumbList\",\"@id\":\"https:\/\/uniformesludo.cl\/index.php\/producto\/cortaviento-limos-high-tech-ripstop-pu-manga-larga\/#breadcrumb\",\"itemListElement\":[{\"@type\":\"ListItem\",\"position\":1,\"name\":\"Portada\",\"item\":\"https:\/\/uniformesludo.cl\/\"},{\"@type\":\"ListItem\",\"position\":2,\"name\":\"Tienda\",\"item\":\"https:\/\/uniformesludo.cl\/index.php\/tienda\/\"},{\"@type\":\"ListItem\",\"position\":3,\"name\":\"Cortaviento Limos High Tech Ripstop Pu Manga Larga\"}]},{\"@type\":\"WebSite\",\"@id\":\"https:\/\/uniformesludo.cl\/#website\",\"url\":\"https:\/\/uniformesludo.cl\/\",\"name\":\"Uniformes Ludo\",\"description\":\"Es una de las empresas comercializadoras de Ropa de trabajo, confecci\u00f3n, productos de protecci\u00f3n, prevenci\u00f3n y seguridad una de las m\u00e1s importantes de nuestro pa\u00eds, reconocida a nivel Nacional, con numerosos clientes a lo largo de Chile que avalan su compromiso de calidad. De igual forma, existe una permanente preocupaci\u00f3n por mantener un servicio integral de excelencia que permita identificarnos como \u201cel mejor equipo, la mejor empresa e inversi\u00f3n\u201d.\",\"potentialAction\":[{\"@type\":\"SearchAction\",\"target\":{\"@type\":\"EntryPoint\",\"urlTemplate\":\"https:\/\/uniformesludo.cl\/?s={search_term_string}\"},\"query-input\":{\"@type\":\"PropertyValueSpecification\",\"valueRequired\":true,\"valueName\":\"search_term_string\"}}],\"inLanguage\":\"es\"}]}<\/script>\n<!-- \/ Yoast SEO plugin. -->","yoast_head_json":{"title":"Cortaviento Limos High Tech Ripstop Pu Manga Larga - Uniformes Ludo","robots":{"index":"index","follow":"follow","max-snippet":"max-snippet:-1","max-image-preview":"max-image-preview:large","max-video-preview":"max-video-preview:-1"},"canonical":"https:\/\/uniformesludo.cl\/index.php\/producto\/cortaviento-limos-high-tech-ripstop-pu-manga-larga\/","og_locale":"es_ES","og_type":"article","og_title":"Cortaviento Limos High Tech Ripstop Pu Manga Larga - Uniformes Ludo","og_description":"Ficha t\u00e9cnica    Cotizar","og_url":"https:\/\/uniformesludo.cl\/index.php\/producto\/cortaviento-limos-high-tech-ripstop-pu-manga-larga\/","og_site_name":"Uniformes Ludo","article_modified_time":"2024-10-23T17:06:37+00:00","og_image":[{"width":350,"height":350,"url":"https:\/\/uniformesludo.cl\/wp-content\/uploads\/2020\/02\/CORTAVIENTO-LIMOS-HIGH-TECH-RIPSTOP-PU-MANGA-LARGA.png","type":"image\/png"}],"twitter_card":"summary_large_image","schema":{"@context":"https:\/\/schema.org","@graph":[{"@type":"WebPage","@id":"https:\/\/uniformesludo.cl\/index.php\/producto\/cortaviento-limos-high-tech-ripstop-pu-manga-larga\/","url":"https:\/\/uniformesludo.cl\/index.php\/producto\/cortaviento-limos-high-tech-ripstop-pu-manga-larga\/","name":"Cortaviento Limos High Tech Ripstop Pu Manga Larga - Uniformes Ludo","isPartOf":{"@id":"https:\/\/uniformesludo.cl\/#website"},"primaryImageOfPage":{"@id":"https:\/\/uniformesludo.cl\/index.php\/producto\/cortaviento-limos-high-tech-ripstop-pu-manga-larga\/#primaryimage"},"image":{"@id":"https:\/\/uniformesludo.cl\/index.php\/producto\/cortaviento-limos-high-tech-ripstop-pu-manga-larga\/#primaryimage"},"thumbnailUrl":"https:\/\/uniformesludo.cl\/wp-content\/uploads\/2020\/02\/CORTAVIENTO-LIMOS-HIGH-TECH-RIPSTOP-PU-MANGA-LARGA.png","datePublished":"2020-02-24T16:22:43+00:00","dateModified":"2024-10-23T17:06:37+00:00","breadcrumb":{"@id":"https:\/\/uniformesludo.cl\/index.php\/producto\/cortaviento-limos-high-tech-ripstop-pu-manga-larga\/#breadcrumb"},"inLanguage":"es","potentialAction":[{"@type":"ReadAction","target":["https:\/\/uniformesludo.cl\/index.php\/producto\/cortaviento-limos-high-tech-ripstop-pu-manga-larga\/"]}]},{"@type":"ImageObject","inLanguage":"es","@id":"https:\/\/uniformesludo.cl\/index.php\/producto\/cortaviento-limos-high-tech-ripstop-pu-manga-larga\/#primaryimage","url":"https:\/\/uniformesludo.cl\/wp-content\/uploads\/2020\/02\/CORTAVIENTO-LIMOS-HIGH-TECH-RIPSTOP-PU-MANGA-LARGA.png","contentUrl":"https:\/\/uniformesludo.cl\/wp-content\/uploads\/2020\/02\/CORTAVIENTO-LIMOS-HIGH-TECH-RIPSTOP-PU-MANGA-LARGA.png","width":350,"height":350},{"@type":"BreadcrumbList","@id":"https:\/\/uniformesludo.cl\/index.php\/producto\/cortaviento-limos-high-tech-ripstop-pu-manga-larga\/#breadcrumb","itemListElement":[{"@type":"ListItem","position":1,"name":"Portada","item":"https:\/\/uniformesludo.cl\/"},{"@type":"ListItem","position":2,"name":"Tienda","item":"https:\/\/uniformesludo.cl\/index.php\/tienda\/"},{"@type":"ListItem","position":3,"name":"Cortaviento Limos High Tech Ripstop Pu Manga Larga"}]},{"@type":"WebSite","@id":"https:\/\/uniformesludo.cl\/#website","url":"https:\/\/uniformesludo.cl\/","name":"Uniformes Ludo","description":"Es una de las empresas comercializadoras de Ropa de trabajo, confecci\u00f3n, productos de protecci\u00f3n, prevenci\u00f3n y seguridad una de las m\u00e1s importantes de nuestro pa\u00eds, reconocida a nivel Nacional, con numerosos clientes a lo largo de Chile que avalan su compromiso de calidad. De igual forma, existe una permanente preocupaci\u00f3n por mantener un servicio integral de excelencia que permita identificarnos como \u201cel mejor equipo, la mejor empresa e inversi\u00f3n\u201d.","potentialAction":[{"@type":"SearchAction","target":{"@type":"EntryPoint","urlTemplate":"https:\/\/uniformesludo.cl\/?s={search_term_string}"},"query-input":{"@type":"PropertyValueSpecification","valueRequired":true,"valueName":"search_term_string"}}],"inLanguage":"es"}]}},"_links":{"self":[{"href":"https:\/\/uniformesludo.cl\/index.php\/wp-json\/wp\/v2\/product\/10007536","targetHints":{"allow":["GET"]}}],"collection":[{"href":"https:\/\/uniformesludo.cl\/index.php\/wp-json\/wp\/v2\/product"}],"about":[{"href":"https:\/\/uniformesludo.cl\/index.php\/wp-json\/wp\/v2\/types\/product"}],"replies":[{"embeddable":true,"href":"https:\/\/uniformesludo.cl\/index.php\/wp-json\/wp\/v2\/comments?post=10007536"}],"wp:featuredmedia":[{"embeddable":true,"href":"https:\/\/uniformesludo.cl\/index.php\/wp-json\/wp\/v2\/media\/10007537"}],"wp:attachment":[{"href":"https:\/\/uniformesludo.cl\/index.php\/wp-json\/wp\/v2\/media?parent=10007536"}],"wp:term":[{"taxonomy":"product_brand","embeddable":true,"href":"https:\/\/uniformesludo.cl\/index.php\/wp-json\/wp\/v2\/product_brand?post=10007536"},{"taxonomy":"product_cat","embeddable":true,"href":"https:\/\/uniformesludo.cl\/index.php\/wp-json\/wp\/v2\/product_cat?post=10007536"},{"taxonomy":"product_tag","embeddable":true,"href":"https:\/\/uniformesludo.cl\/index.php\/wp-json\/wp\/v2\/product_tag?post=10007536"}],"curies":[{"name":"wp","href":"https:\/\/api.w.org\/{rel}","templated":true}]}}