{"id":10007530,"date":"2020-02-24T16:02:30","date_gmt":"2020-02-24T16:02:30","guid":{"rendered":"https:\/\/uniformesludo.cl\/?post_type=product&#038;p=10007530"},"modified":"2024-08-21T16:54:49","modified_gmt":"2024-08-21T16:54:49","slug":"chaqueta-softshell-zipper-manga-larga-mujer","status":"publish","type":"product","link":"https:\/\/uniformesludo.cl\/index.php\/producto\/chaqueta-softshell-zipper-manga-larga-mujer\/","title":{"rendered":"Chaqueta Softshell Zipper Manga Larga Mujer"},"content":{"rendered":"<p>Es ropa corporativa de alta calidad, dise\u00f1ada con estilo \u00fanico, acompa\u00f1ando a los trabajadores y empresas de todo Chile.<\/p>\n<p><strong>DESCRIPCI\u00d3N:<\/strong><\/p>\n<ul>\n<li>Dise\u00f1ada con tela respirable que bloquea el viento y te protege de la lluvia.<\/li>\n<li>Pu\u00f1os ajustables y ruedo con el\u00e1stico interior regulable.<\/li>\n<li>Un bolsillo en el brazo y dos bolsillos a los costados.<\/li>\n<li>Cuenta con cuello alto.<\/li>\n<\/ul>\n<p><strong>COMPOSICI\u00d3N:<\/strong><\/p>\n<ul>\n<li>Calce: Slim.<\/li>\n<li>Tela: Softhshell Impermeable.<\/li>\n<li>100% Poli\u00e9ster.<\/li>\n<li>\u00b1 280 gr.<\/li>\n<\/ul>\n<p><strong>APLICACIONES:<\/strong><\/p>\n<ul>\n<li>Publicitario, Administrativo, Construcci\u00f3n, Industria ligera y log\u00edstica.<\/li>\n<\/ul>\n","protected":false},"excerpt":{"rendered":"<table style=\"width: auto;\">\n<tbody>\n<tr>\n<td><a href=\"https:\/\/uniformesludo.cl\/wp-content\/uploads\/2023\/07\/08379-chaqueta-softshell-bolsillo-en-brazo-mujer.pdf\" target=\"_blank\" rel=\"noopener\"><img decoding=\"async\" style=\"width: 50px;\" src=\"https:\/\/uniformesludo.cl\/wp-content\/uploads\/2020\/03\/pdf.png\" \/><\/a><\/td>\n<td style=\"text-align: left;\"><a href=\"https:\/\/uniformesludo.cl\/wp-content\/uploads\/2023\/07\/08379-chaqueta-softshell-bolsillo-en-brazo-mujer.pdf\" target=\"_blank\" rel=\"noopener\">Ficha t\u00e9cnica<\/a><\/td>\n<\/tr>\n<\/tbody>\n<\/table>\n<p><a id=\"btncotizar\" href=\"https:\/\/uniformesludo.cl\/index.php\/cotizacion\/\">Cotizar<\/a><\/p>\n","protected":false},"featured_media":10007531,"comment_status":"closed","ping_status":"closed","template":"","meta":[],"product_brand":[],"product_cat":[281],"product_tag":[547],"class_list":{"0":"post-10007530","1":"product","2":"type-product","3":"status-publish","4":"has-post-thumbnail","6":"product_cat-parkas-de-alta-resistencia-linea-termica","7":"product_tag-chaquetas","9":"first","10":"instock","11":"shipping-taxable","12":"product-type-simple"},"aioseo_notices":[],"yoast_head":"<!-- This site is optimized with the Yoast SEO plugin v26.5 - https:\/\/yoast.com\/wordpress\/plugins\/seo\/ -->\n<title>Chaqueta Softshell Zipper Manga Larga Mujer - Uniformes Ludo<\/title>\n<meta name=\"robots\" content=\"index, follow, max-snippet:-1, max-image-preview:large, max-video-preview:-1\" \/>\n<link rel=\"canonical\" href=\"https:\/\/uniformesludo.cl\/index.php\/producto\/chaqueta-softshell-zipper-manga-larga-mujer\/\" \/>\n<meta property=\"og:locale\" content=\"es_ES\" \/>\n<meta property=\"og:type\" content=\"article\" \/>\n<meta property=\"og:title\" content=\"Chaqueta Softshell Zipper Manga Larga Mujer - Uniformes Ludo\" \/>\n<meta property=\"og:description\" content=\"Ficha t\u00e9cnica    Cotizar\" \/>\n<meta property=\"og:url\" content=\"https:\/\/uniformesludo.cl\/index.php\/producto\/chaqueta-softshell-zipper-manga-larga-mujer\/\" \/>\n<meta property=\"og:site_name\" content=\"Uniformes Ludo\" \/>\n<meta property=\"article:modified_time\" content=\"2024-08-21T16:54:49+00:00\" \/>\n<meta property=\"og:image\" content=\"https:\/\/uniformesludo.cl\/wp-content\/uploads\/2020\/02\/CHAQUETA-SOFTSHELL-ZIPPER-MANGA-LARGA-MUJER.png\" \/>\n\t<meta property=\"og:image:width\" content=\"350\" \/>\n\t<meta property=\"og:image:height\" content=\"350\" \/>\n\t<meta property=\"og:image:type\" content=\"image\/png\" \/>\n<meta name=\"twitter:card\" content=\"summary_large_image\" \/>\n<script type=\"application\/ld+json\" class=\"yoast-schema-graph\">{\"@context\":\"https:\/\/schema.org\",\"@graph\":[{\"@type\":\"WebPage\",\"@id\":\"https:\/\/uniformesludo.cl\/index.php\/producto\/chaqueta-softshell-zipper-manga-larga-mujer\/\",\"url\":\"https:\/\/uniformesludo.cl\/index.php\/producto\/chaqueta-softshell-zipper-manga-larga-mujer\/\",\"name\":\"Chaqueta Softshell Zipper Manga Larga Mujer - Uniformes Ludo\",\"isPartOf\":{\"@id\":\"https:\/\/uniformesludo.cl\/#website\"},\"primaryImageOfPage\":{\"@id\":\"https:\/\/uniformesludo.cl\/index.php\/producto\/chaqueta-softshell-zipper-manga-larga-mujer\/#primaryimage\"},\"image\":{\"@id\":\"https:\/\/uniformesludo.cl\/index.php\/producto\/chaqueta-softshell-zipper-manga-larga-mujer\/#primaryimage\"},\"thumbnailUrl\":\"https:\/\/uniformesludo.cl\/wp-content\/uploads\/2020\/02\/CHAQUETA-SOFTSHELL-ZIPPER-MANGA-LARGA-MUJER.png\",\"datePublished\":\"2020-02-24T16:02:30+00:00\",\"dateModified\":\"2024-08-21T16:54:49+00:00\",\"breadcrumb\":{\"@id\":\"https:\/\/uniformesludo.cl\/index.php\/producto\/chaqueta-softshell-zipper-manga-larga-mujer\/#breadcrumb\"},\"inLanguage\":\"es\",\"potentialAction\":[{\"@type\":\"ReadAction\",\"target\":[\"https:\/\/uniformesludo.cl\/index.php\/producto\/chaqueta-softshell-zipper-manga-larga-mujer\/\"]}]},{\"@type\":\"ImageObject\",\"inLanguage\":\"es\",\"@id\":\"https:\/\/uniformesludo.cl\/index.php\/producto\/chaqueta-softshell-zipper-manga-larga-mujer\/#primaryimage\",\"url\":\"https:\/\/uniformesludo.cl\/wp-content\/uploads\/2020\/02\/CHAQUETA-SOFTSHELL-ZIPPER-MANGA-LARGA-MUJER.png\",\"contentUrl\":\"https:\/\/uniformesludo.cl\/wp-content\/uploads\/2020\/02\/CHAQUETA-SOFTSHELL-ZIPPER-MANGA-LARGA-MUJER.png\",\"width\":350,\"height\":350},{\"@type\":\"BreadcrumbList\",\"@id\":\"https:\/\/uniformesludo.cl\/index.php\/producto\/chaqueta-softshell-zipper-manga-larga-mujer\/#breadcrumb\",\"itemListElement\":[{\"@type\":\"ListItem\",\"position\":1,\"name\":\"Portada\",\"item\":\"https:\/\/uniformesludo.cl\/\"},{\"@type\":\"ListItem\",\"position\":2,\"name\":\"Tienda\",\"item\":\"https:\/\/uniformesludo.cl\/index.php\/tienda\/\"},{\"@type\":\"ListItem\",\"position\":3,\"name\":\"Chaqueta Softshell Zipper Manga Larga Mujer\"}]},{\"@type\":\"WebSite\",\"@id\":\"https:\/\/uniformesludo.cl\/#website\",\"url\":\"https:\/\/uniformesludo.cl\/\",\"name\":\"Uniformes Ludo\",\"description\":\"Es una de las empresas comercializadoras de Ropa de trabajo, confecci\u00f3n, productos de protecci\u00f3n, prevenci\u00f3n y seguridad una de las m\u00e1s importantes de nuestro pa\u00eds, reconocida a nivel Nacional, con numerosos clientes a lo largo de Chile que avalan su compromiso de calidad. De igual forma, existe una permanente preocupaci\u00f3n por mantener un servicio integral de excelencia que permita identificarnos como \u201cel mejor equipo, la mejor empresa e inversi\u00f3n\u201d.\",\"potentialAction\":[{\"@type\":\"SearchAction\",\"target\":{\"@type\":\"EntryPoint\",\"urlTemplate\":\"https:\/\/uniformesludo.cl\/?s={search_term_string}\"},\"query-input\":{\"@type\":\"PropertyValueSpecification\",\"valueRequired\":true,\"valueName\":\"search_term_string\"}}],\"inLanguage\":\"es\"}]}<\/script>\n<!-- \/ Yoast SEO plugin. -->","yoast_head_json":{"title":"Chaqueta Softshell Zipper Manga Larga Mujer - Uniformes Ludo","robots":{"index":"index","follow":"follow","max-snippet":"max-snippet:-1","max-image-preview":"max-image-preview:large","max-video-preview":"max-video-preview:-1"},"canonical":"https:\/\/uniformesludo.cl\/index.php\/producto\/chaqueta-softshell-zipper-manga-larga-mujer\/","og_locale":"es_ES","og_type":"article","og_title":"Chaqueta Softshell Zipper Manga Larga Mujer - Uniformes Ludo","og_description":"Ficha t\u00e9cnica    Cotizar","og_url":"https:\/\/uniformesludo.cl\/index.php\/producto\/chaqueta-softshell-zipper-manga-larga-mujer\/","og_site_name":"Uniformes Ludo","article_modified_time":"2024-08-21T16:54:49+00:00","og_image":[{"width":350,"height":350,"url":"https:\/\/uniformesludo.cl\/wp-content\/uploads\/2020\/02\/CHAQUETA-SOFTSHELL-ZIPPER-MANGA-LARGA-MUJER.png","type":"image\/png"}],"twitter_card":"summary_large_image","schema":{"@context":"https:\/\/schema.org","@graph":[{"@type":"WebPage","@id":"https:\/\/uniformesludo.cl\/index.php\/producto\/chaqueta-softshell-zipper-manga-larga-mujer\/","url":"https:\/\/uniformesludo.cl\/index.php\/producto\/chaqueta-softshell-zipper-manga-larga-mujer\/","name":"Chaqueta Softshell Zipper Manga Larga Mujer - Uniformes Ludo","isPartOf":{"@id":"https:\/\/uniformesludo.cl\/#website"},"primaryImageOfPage":{"@id":"https:\/\/uniformesludo.cl\/index.php\/producto\/chaqueta-softshell-zipper-manga-larga-mujer\/#primaryimage"},"image":{"@id":"https:\/\/uniformesludo.cl\/index.php\/producto\/chaqueta-softshell-zipper-manga-larga-mujer\/#primaryimage"},"thumbnailUrl":"https:\/\/uniformesludo.cl\/wp-content\/uploads\/2020\/02\/CHAQUETA-SOFTSHELL-ZIPPER-MANGA-LARGA-MUJER.png","datePublished":"2020-02-24T16:02:30+00:00","dateModified":"2024-08-21T16:54:49+00:00","breadcrumb":{"@id":"https:\/\/uniformesludo.cl\/index.php\/producto\/chaqueta-softshell-zipper-manga-larga-mujer\/#breadcrumb"},"inLanguage":"es","potentialAction":[{"@type":"ReadAction","target":["https:\/\/uniformesludo.cl\/index.php\/producto\/chaqueta-softshell-zipper-manga-larga-mujer\/"]}]},{"@type":"ImageObject","inLanguage":"es","@id":"https:\/\/uniformesludo.cl\/index.php\/producto\/chaqueta-softshell-zipper-manga-larga-mujer\/#primaryimage","url":"https:\/\/uniformesludo.cl\/wp-content\/uploads\/2020\/02\/CHAQUETA-SOFTSHELL-ZIPPER-MANGA-LARGA-MUJER.png","contentUrl":"https:\/\/uniformesludo.cl\/wp-content\/uploads\/2020\/02\/CHAQUETA-SOFTSHELL-ZIPPER-MANGA-LARGA-MUJER.png","width":350,"height":350},{"@type":"BreadcrumbList","@id":"https:\/\/uniformesludo.cl\/index.php\/producto\/chaqueta-softshell-zipper-manga-larga-mujer\/#breadcrumb","itemListElement":[{"@type":"ListItem","position":1,"name":"Portada","item":"https:\/\/uniformesludo.cl\/"},{"@type":"ListItem","position":2,"name":"Tienda","item":"https:\/\/uniformesludo.cl\/index.php\/tienda\/"},{"@type":"ListItem","position":3,"name":"Chaqueta Softshell Zipper Manga Larga Mujer"}]},{"@type":"WebSite","@id":"https:\/\/uniformesludo.cl\/#website","url":"https:\/\/uniformesludo.cl\/","name":"Uniformes Ludo","description":"Es una de las empresas comercializadoras de Ropa de trabajo, confecci\u00f3n, productos de protecci\u00f3n, prevenci\u00f3n y seguridad una de las m\u00e1s importantes de nuestro pa\u00eds, reconocida a nivel Nacional, con numerosos clientes a lo largo de Chile que avalan su compromiso de calidad. De igual forma, existe una permanente preocupaci\u00f3n por mantener un servicio integral de excelencia que permita identificarnos como \u201cel mejor equipo, la mejor empresa e inversi\u00f3n\u201d.","potentialAction":[{"@type":"SearchAction","target":{"@type":"EntryPoint","urlTemplate":"https:\/\/uniformesludo.cl\/?s={search_term_string}"},"query-input":{"@type":"PropertyValueSpecification","valueRequired":true,"valueName":"search_term_string"}}],"inLanguage":"es"}]}},"_links":{"self":[{"href":"https:\/\/uniformesludo.cl\/index.php\/wp-json\/wp\/v2\/product\/10007530","targetHints":{"allow":["GET"]}}],"collection":[{"href":"https:\/\/uniformesludo.cl\/index.php\/wp-json\/wp\/v2\/product"}],"about":[{"href":"https:\/\/uniformesludo.cl\/index.php\/wp-json\/wp\/v2\/types\/product"}],"replies":[{"embeddable":true,"href":"https:\/\/uniformesludo.cl\/index.php\/wp-json\/wp\/v2\/comments?post=10007530"}],"wp:featuredmedia":[{"embeddable":true,"href":"https:\/\/uniformesludo.cl\/index.php\/wp-json\/wp\/v2\/media\/10007531"}],"wp:attachment":[{"href":"https:\/\/uniformesludo.cl\/index.php\/wp-json\/wp\/v2\/media?parent=10007530"}],"wp:term":[{"taxonomy":"product_brand","embeddable":true,"href":"https:\/\/uniformesludo.cl\/index.php\/wp-json\/wp\/v2\/product_brand?post=10007530"},{"taxonomy":"product_cat","embeddable":true,"href":"https:\/\/uniformesludo.cl\/index.php\/wp-json\/wp\/v2\/product_cat?post=10007530"},{"taxonomy":"product_tag","embeddable":true,"href":"https:\/\/uniformesludo.cl\/index.php\/wp-json\/wp\/v2\/product_tag?post=10007530"}],"curies":[{"name":"wp","href":"https:\/\/api.w.org\/{rel}","templated":true}]}}