{"id":10007480,"date":"2020-02-24T14:59:48","date_gmt":"2020-02-24T14:59:48","guid":{"rendered":"https:\/\/uniformesludo.cl\/?post_type=product&#038;p=10007480"},"modified":"2024-08-23T15:52:00","modified_gmt":"2024-08-23T15:52:00","slug":"blusa-trevira-light-manga-larga-mujer","status":"publish","type":"product","link":"https:\/\/uniformesludo.cl\/index.php\/producto\/blusa-trevira-light-manga-larga-mujer\/","title":{"rendered":"Blusa Trevira Light Manga Larga Mujer"},"content":{"rendered":"<p><img decoding=\"async\" src=\"https:\/\/uniformesludo.cl\/wp-content\/uploads\/2024\/02\/ludo-comp-FICHA-TECNICA-180.jpg\" alt=\"\" \/><\/p>\n","protected":false},"excerpt":{"rendered":"<table style=\"width: auto;\">\n<tbody>\n<tr>\n<td><a href=\"https:\/\/uniformesludo.cl\/wp-content\/uploads\/2020\/02\/06301-blusa-trevira-light-manga-larga-mujer.pdf\" target=\"_blank\" rel=\"noopener\"><img decoding=\"async\" style=\"width: 50px;\" src=\"https:\/\/uniformesludo.cl\/wp-content\/uploads\/2020\/03\/pdf.png\" \/><\/a><\/td>\n<td style=\"text-align: left;\"><a href=\"https:\/\/uniformesludo.cl\/wp-content\/uploads\/2020\/02\/06301-blusa-trevira-light-manga-larga-mujer.pdf\" target=\"_blank\" rel=\"noopener\">Ficha t\u00e9cnica<\/a><\/td>\n<\/tr>\n<\/tbody>\n<\/table>\n","protected":false},"featured_media":10007481,"comment_status":"closed","ping_status":"closed","template":"","meta":[],"product_brand":[],"product_cat":[249],"product_tag":[551],"class_list":{"0":"post-10007480","1":"product","2":"type-product","3":"status-publish","4":"has-post-thumbnail","6":"product_cat-camisas-y-blusas","7":"product_tag-blusas-y-camisas","9":"first","10":"instock","11":"shipping-taxable","12":"product-type-simple"},"aioseo_notices":[],"yoast_head":"<!-- This site is optimized with the Yoast SEO plugin v26.5 - https:\/\/yoast.com\/wordpress\/plugins\/seo\/ -->\n<title>Blusa Trevira Light Manga Larga Mujer - Uniformes Ludo<\/title>\n<meta name=\"robots\" content=\"index, follow, max-snippet:-1, max-image-preview:large, max-video-preview:-1\" \/>\n<link rel=\"canonical\" href=\"https:\/\/uniformesludo.cl\/index.php\/producto\/blusa-trevira-light-manga-larga-mujer\/\" \/>\n<meta property=\"og:locale\" content=\"es_ES\" \/>\n<meta property=\"og:type\" content=\"article\" \/>\n<meta property=\"og:title\" content=\"Blusa Trevira Light Manga Larga Mujer - Uniformes Ludo\" \/>\n<meta property=\"og:description\" content=\"Ficha t\u00e9cnica\" \/>\n<meta property=\"og:url\" content=\"https:\/\/uniformesludo.cl\/index.php\/producto\/blusa-trevira-light-manga-larga-mujer\/\" \/>\n<meta property=\"og:site_name\" content=\"Uniformes Ludo\" \/>\n<meta property=\"article:modified_time\" content=\"2024-08-23T15:52:00+00:00\" \/>\n<meta property=\"og:image\" content=\"https:\/\/uniformesludo.cl\/wp-content\/uploads\/2020\/02\/BLUSA-TREVIRA-LIGHT-MANGA-LARGA-MUJER.png\" \/>\n\t<meta property=\"og:image:width\" content=\"350\" \/>\n\t<meta property=\"og:image:height\" content=\"350\" \/>\n\t<meta property=\"og:image:type\" content=\"image\/png\" \/>\n<meta name=\"twitter:card\" content=\"summary_large_image\" \/>\n<script type=\"application\/ld+json\" class=\"yoast-schema-graph\">{\"@context\":\"https:\/\/schema.org\",\"@graph\":[{\"@type\":\"WebPage\",\"@id\":\"https:\/\/uniformesludo.cl\/index.php\/producto\/blusa-trevira-light-manga-larga-mujer\/\",\"url\":\"https:\/\/uniformesludo.cl\/index.php\/producto\/blusa-trevira-light-manga-larga-mujer\/\",\"name\":\"Blusa Trevira Light Manga Larga Mujer - Uniformes Ludo\",\"isPartOf\":{\"@id\":\"https:\/\/uniformesludo.cl\/#website\"},\"primaryImageOfPage\":{\"@id\":\"https:\/\/uniformesludo.cl\/index.php\/producto\/blusa-trevira-light-manga-larga-mujer\/#primaryimage\"},\"image\":{\"@id\":\"https:\/\/uniformesludo.cl\/index.php\/producto\/blusa-trevira-light-manga-larga-mujer\/#primaryimage\"},\"thumbnailUrl\":\"https:\/\/uniformesludo.cl\/wp-content\/uploads\/2020\/02\/BLUSA-TREVIRA-LIGHT-MANGA-LARGA-MUJER.png\",\"datePublished\":\"2020-02-24T14:59:48+00:00\",\"dateModified\":\"2024-08-23T15:52:00+00:00\",\"breadcrumb\":{\"@id\":\"https:\/\/uniformesludo.cl\/index.php\/producto\/blusa-trevira-light-manga-larga-mujer\/#breadcrumb\"},\"inLanguage\":\"es\",\"potentialAction\":[{\"@type\":\"ReadAction\",\"target\":[\"https:\/\/uniformesludo.cl\/index.php\/producto\/blusa-trevira-light-manga-larga-mujer\/\"]}]},{\"@type\":\"ImageObject\",\"inLanguage\":\"es\",\"@id\":\"https:\/\/uniformesludo.cl\/index.php\/producto\/blusa-trevira-light-manga-larga-mujer\/#primaryimage\",\"url\":\"https:\/\/uniformesludo.cl\/wp-content\/uploads\/2020\/02\/BLUSA-TREVIRA-LIGHT-MANGA-LARGA-MUJER.png\",\"contentUrl\":\"https:\/\/uniformesludo.cl\/wp-content\/uploads\/2020\/02\/BLUSA-TREVIRA-LIGHT-MANGA-LARGA-MUJER.png\",\"width\":350,\"height\":350},{\"@type\":\"BreadcrumbList\",\"@id\":\"https:\/\/uniformesludo.cl\/index.php\/producto\/blusa-trevira-light-manga-larga-mujer\/#breadcrumb\",\"itemListElement\":[{\"@type\":\"ListItem\",\"position\":1,\"name\":\"Portada\",\"item\":\"https:\/\/uniformesludo.cl\/\"},{\"@type\":\"ListItem\",\"position\":2,\"name\":\"Tienda\",\"item\":\"https:\/\/uniformesludo.cl\/index.php\/tienda\/\"},{\"@type\":\"ListItem\",\"position\":3,\"name\":\"Blusa Trevira Light Manga Larga Mujer\"}]},{\"@type\":\"WebSite\",\"@id\":\"https:\/\/uniformesludo.cl\/#website\",\"url\":\"https:\/\/uniformesludo.cl\/\",\"name\":\"Uniformes Ludo\",\"description\":\"Es una de las empresas comercializadoras de Ropa de trabajo, confecci\u00f3n, productos de protecci\u00f3n, prevenci\u00f3n y seguridad una de las m\u00e1s importantes de nuestro pa\u00eds, reconocida a nivel Nacional, con numerosos clientes a lo largo de Chile que avalan su compromiso de calidad. De igual forma, existe una permanente preocupaci\u00f3n por mantener un servicio integral de excelencia que permita identificarnos como \u201cel mejor equipo, la mejor empresa e inversi\u00f3n\u201d.\",\"potentialAction\":[{\"@type\":\"SearchAction\",\"target\":{\"@type\":\"EntryPoint\",\"urlTemplate\":\"https:\/\/uniformesludo.cl\/?s={search_term_string}\"},\"query-input\":{\"@type\":\"PropertyValueSpecification\",\"valueRequired\":true,\"valueName\":\"search_term_string\"}}],\"inLanguage\":\"es\"}]}<\/script>\n<!-- \/ Yoast SEO plugin. -->","yoast_head_json":{"title":"Blusa Trevira Light Manga Larga Mujer - Uniformes Ludo","robots":{"index":"index","follow":"follow","max-snippet":"max-snippet:-1","max-image-preview":"max-image-preview:large","max-video-preview":"max-video-preview:-1"},"canonical":"https:\/\/uniformesludo.cl\/index.php\/producto\/blusa-trevira-light-manga-larga-mujer\/","og_locale":"es_ES","og_type":"article","og_title":"Blusa Trevira Light Manga Larga Mujer - Uniformes Ludo","og_description":"Ficha t\u00e9cnica","og_url":"https:\/\/uniformesludo.cl\/index.php\/producto\/blusa-trevira-light-manga-larga-mujer\/","og_site_name":"Uniformes Ludo","article_modified_time":"2024-08-23T15:52:00+00:00","og_image":[{"width":350,"height":350,"url":"https:\/\/uniformesludo.cl\/wp-content\/uploads\/2020\/02\/BLUSA-TREVIRA-LIGHT-MANGA-LARGA-MUJER.png","type":"image\/png"}],"twitter_card":"summary_large_image","schema":{"@context":"https:\/\/schema.org","@graph":[{"@type":"WebPage","@id":"https:\/\/uniformesludo.cl\/index.php\/producto\/blusa-trevira-light-manga-larga-mujer\/","url":"https:\/\/uniformesludo.cl\/index.php\/producto\/blusa-trevira-light-manga-larga-mujer\/","name":"Blusa Trevira Light Manga Larga Mujer - Uniformes Ludo","isPartOf":{"@id":"https:\/\/uniformesludo.cl\/#website"},"primaryImageOfPage":{"@id":"https:\/\/uniformesludo.cl\/index.php\/producto\/blusa-trevira-light-manga-larga-mujer\/#primaryimage"},"image":{"@id":"https:\/\/uniformesludo.cl\/index.php\/producto\/blusa-trevira-light-manga-larga-mujer\/#primaryimage"},"thumbnailUrl":"https:\/\/uniformesludo.cl\/wp-content\/uploads\/2020\/02\/BLUSA-TREVIRA-LIGHT-MANGA-LARGA-MUJER.png","datePublished":"2020-02-24T14:59:48+00:00","dateModified":"2024-08-23T15:52:00+00:00","breadcrumb":{"@id":"https:\/\/uniformesludo.cl\/index.php\/producto\/blusa-trevira-light-manga-larga-mujer\/#breadcrumb"},"inLanguage":"es","potentialAction":[{"@type":"ReadAction","target":["https:\/\/uniformesludo.cl\/index.php\/producto\/blusa-trevira-light-manga-larga-mujer\/"]}]},{"@type":"ImageObject","inLanguage":"es","@id":"https:\/\/uniformesludo.cl\/index.php\/producto\/blusa-trevira-light-manga-larga-mujer\/#primaryimage","url":"https:\/\/uniformesludo.cl\/wp-content\/uploads\/2020\/02\/BLUSA-TREVIRA-LIGHT-MANGA-LARGA-MUJER.png","contentUrl":"https:\/\/uniformesludo.cl\/wp-content\/uploads\/2020\/02\/BLUSA-TREVIRA-LIGHT-MANGA-LARGA-MUJER.png","width":350,"height":350},{"@type":"BreadcrumbList","@id":"https:\/\/uniformesludo.cl\/index.php\/producto\/blusa-trevira-light-manga-larga-mujer\/#breadcrumb","itemListElement":[{"@type":"ListItem","position":1,"name":"Portada","item":"https:\/\/uniformesludo.cl\/"},{"@type":"ListItem","position":2,"name":"Tienda","item":"https:\/\/uniformesludo.cl\/index.php\/tienda\/"},{"@type":"ListItem","position":3,"name":"Blusa Trevira Light Manga Larga Mujer"}]},{"@type":"WebSite","@id":"https:\/\/uniformesludo.cl\/#website","url":"https:\/\/uniformesludo.cl\/","name":"Uniformes Ludo","description":"Es una de las empresas comercializadoras de Ropa de trabajo, confecci\u00f3n, productos de protecci\u00f3n, prevenci\u00f3n y seguridad una de las m\u00e1s importantes de nuestro pa\u00eds, reconocida a nivel Nacional, con numerosos clientes a lo largo de Chile que avalan su compromiso de calidad. De igual forma, existe una permanente preocupaci\u00f3n por mantener un servicio integral de excelencia que permita identificarnos como \u201cel mejor equipo, la mejor empresa e inversi\u00f3n\u201d.","potentialAction":[{"@type":"SearchAction","target":{"@type":"EntryPoint","urlTemplate":"https:\/\/uniformesludo.cl\/?s={search_term_string}"},"query-input":{"@type":"PropertyValueSpecification","valueRequired":true,"valueName":"search_term_string"}}],"inLanguage":"es"}]}},"_links":{"self":[{"href":"https:\/\/uniformesludo.cl\/index.php\/wp-json\/wp\/v2\/product\/10007480","targetHints":{"allow":["GET"]}}],"collection":[{"href":"https:\/\/uniformesludo.cl\/index.php\/wp-json\/wp\/v2\/product"}],"about":[{"href":"https:\/\/uniformesludo.cl\/index.php\/wp-json\/wp\/v2\/types\/product"}],"replies":[{"embeddable":true,"href":"https:\/\/uniformesludo.cl\/index.php\/wp-json\/wp\/v2\/comments?post=10007480"}],"wp:featuredmedia":[{"embeddable":true,"href":"https:\/\/uniformesludo.cl\/index.php\/wp-json\/wp\/v2\/media\/10007481"}],"wp:attachment":[{"href":"https:\/\/uniformesludo.cl\/index.php\/wp-json\/wp\/v2\/media?parent=10007480"}],"wp:term":[{"taxonomy":"product_brand","embeddable":true,"href":"https:\/\/uniformesludo.cl\/index.php\/wp-json\/wp\/v2\/product_brand?post=10007480"},{"taxonomy":"product_cat","embeddable":true,"href":"https:\/\/uniformesludo.cl\/index.php\/wp-json\/wp\/v2\/product_cat?post=10007480"},{"taxonomy":"product_tag","embeddable":true,"href":"https:\/\/uniformesludo.cl\/index.php\/wp-json\/wp\/v2\/product_tag?post=10007480"}],"curies":[{"name":"wp","href":"https:\/\/api.w.org\/{rel}","templated":true}]}}