{"id":10007442,"date":"2020-02-24T13:55:54","date_gmt":"2020-02-24T13:55:54","guid":{"rendered":"https:\/\/uniformesludo.cl\/?post_type=product&#038;p=10007442"},"modified":"2024-10-23T17:06:24","modified_gmt":"2024-10-23T17:06:24","slug":"micropolar-termico-sin-mangas-fit-hombre","status":"publish","type":"product","link":"https:\/\/uniformesludo.cl\/index.php\/producto\/micropolar-termico-sin-mangas-fit-hombre\/","title":{"rendered":"Micropolar t\u00e9rmico sin mangas fit hombre"},"content":{"rendered":"<p><img loading=\"lazy\" decoding=\"async\" class=\"alignnone size-full wp-image-10008461\" src=\"https:\/\/uniformesludo.cl\/wp-content\/uploads\/2020\/02\/sinmangas.png\" alt=\"\" width=\"1142\" height=\"260\" srcset=\"https:\/\/uniformesludo.cl\/wp-content\/uploads\/2020\/02\/sinmangas.png 1142w, https:\/\/uniformesludo.cl\/wp-content\/uploads\/2020\/02\/sinmangas-300x68.png 300w, https:\/\/uniformesludo.cl\/wp-content\/uploads\/2020\/02\/sinmangas-768x175.png 768w, https:\/\/uniformesludo.cl\/wp-content\/uploads\/2020\/02\/sinmangas-1024x233.png 1024w, https:\/\/uniformesludo.cl\/wp-content\/uploads\/2020\/02\/sinmangas-100x23.png 100w, https:\/\/uniformesludo.cl\/wp-content\/uploads\/2020\/02\/sinmangas-600x137.png 600w\" sizes=\"auto, (max-width: 1142px) 100vw, 1142px\" \/><\/p>\n","protected":false},"excerpt":{"rendered":"\n<p><a id=\"btncotizar\" href=\"https:\/\/uniformesludo.cl\/index.php\/cotizacion\/\">Cotizar<\/a><\/p>\n","protected":false},"featured_media":10007443,"comment_status":"closed","ping_status":"closed","template":"","meta":[],"product_brand":[],"product_cat":[253],"product_tag":[],"class_list":{"0":"post-10007442","1":"product","2":"type-product","3":"status-publish","4":"has-post-thumbnail","6":"product_cat-micropolar","8":"first","9":"instock","10":"shipping-taxable","11":"purchasable","12":"product-type-variable","13":"has-default-attributes"},"aioseo_notices":[],"yoast_head":"<!-- This site is optimized with the Yoast SEO plugin v26.5 - https:\/\/yoast.com\/wordpress\/plugins\/seo\/ -->\n<title>Micropolar t\u00e9rmico sin mangas fit hombre - Uniformes Ludo<\/title>\n<meta name=\"robots\" content=\"index, follow, max-snippet:-1, max-image-preview:large, max-video-preview:-1\" \/>\n<link rel=\"canonical\" href=\"https:\/\/uniformesludo.cl\/index.php\/producto\/micropolar-termico-sin-mangas-fit-hombre\/\" \/>\n<meta property=\"og:locale\" content=\"es_ES\" \/>\n<meta property=\"og:type\" content=\"article\" \/>\n<meta property=\"og:title\" content=\"Micropolar t\u00e9rmico sin mangas fit hombre - Uniformes Ludo\" \/>\n<meta property=\"og:description\" content=\"Cotizar\" \/>\n<meta property=\"og:url\" content=\"https:\/\/uniformesludo.cl\/index.php\/producto\/micropolar-termico-sin-mangas-fit-hombre\/\" \/>\n<meta property=\"og:site_name\" content=\"Uniformes Ludo\" \/>\n<meta property=\"article:modified_time\" content=\"2024-10-23T17:06:24+00:00\" \/>\n<meta property=\"og:image\" content=\"https:\/\/uniformesludo.cl\/wp-content\/uploads\/2020\/02\/MICROPOLAR-TE\u0301RMICO-SIN-MANGAS-FIT-HOMBRE.png\" \/>\n\t<meta property=\"og:image:width\" content=\"350\" \/>\n\t<meta property=\"og:image:height\" content=\"350\" \/>\n\t<meta property=\"og:image:type\" content=\"image\/png\" \/>\n<meta name=\"twitter:card\" content=\"summary_large_image\" \/>\n<script type=\"application\/ld+json\" class=\"yoast-schema-graph\">{\"@context\":\"https:\/\/schema.org\",\"@graph\":[{\"@type\":\"WebPage\",\"@id\":\"https:\/\/uniformesludo.cl\/index.php\/producto\/micropolar-termico-sin-mangas-fit-hombre\/\",\"url\":\"https:\/\/uniformesludo.cl\/index.php\/producto\/micropolar-termico-sin-mangas-fit-hombre\/\",\"name\":\"Micropolar t\u00e9rmico sin mangas fit hombre - Uniformes Ludo\",\"isPartOf\":{\"@id\":\"https:\/\/uniformesludo.cl\/#website\"},\"primaryImageOfPage\":{\"@id\":\"https:\/\/uniformesludo.cl\/index.php\/producto\/micropolar-termico-sin-mangas-fit-hombre\/#primaryimage\"},\"image\":{\"@id\":\"https:\/\/uniformesludo.cl\/index.php\/producto\/micropolar-termico-sin-mangas-fit-hombre\/#primaryimage\"},\"thumbnailUrl\":\"https:\/\/uniformesludo.cl\/wp-content\/uploads\/2020\/02\/MICROPOLAR-TE\u0301RMICO-SIN-MANGAS-FIT-HOMBRE.png\",\"datePublished\":\"2020-02-24T13:55:54+00:00\",\"dateModified\":\"2024-10-23T17:06:24+00:00\",\"breadcrumb\":{\"@id\":\"https:\/\/uniformesludo.cl\/index.php\/producto\/micropolar-termico-sin-mangas-fit-hombre\/#breadcrumb\"},\"inLanguage\":\"es\",\"potentialAction\":[{\"@type\":\"ReadAction\",\"target\":[\"https:\/\/uniformesludo.cl\/index.php\/producto\/micropolar-termico-sin-mangas-fit-hombre\/\"]}]},{\"@type\":\"ImageObject\",\"inLanguage\":\"es\",\"@id\":\"https:\/\/uniformesludo.cl\/index.php\/producto\/micropolar-termico-sin-mangas-fit-hombre\/#primaryimage\",\"url\":\"https:\/\/uniformesludo.cl\/wp-content\/uploads\/2020\/02\/MICROPOLAR-TE\u0301RMICO-SIN-MANGAS-FIT-HOMBRE.png\",\"contentUrl\":\"https:\/\/uniformesludo.cl\/wp-content\/uploads\/2020\/02\/MICROPOLAR-TE\u0301RMICO-SIN-MANGAS-FIT-HOMBRE.png\",\"width\":350,\"height\":350},{\"@type\":\"BreadcrumbList\",\"@id\":\"https:\/\/uniformesludo.cl\/index.php\/producto\/micropolar-termico-sin-mangas-fit-hombre\/#breadcrumb\",\"itemListElement\":[{\"@type\":\"ListItem\",\"position\":1,\"name\":\"Portada\",\"item\":\"https:\/\/uniformesludo.cl\/\"},{\"@type\":\"ListItem\",\"position\":2,\"name\":\"Tienda\",\"item\":\"https:\/\/uniformesludo.cl\/index.php\/tienda\/\"},{\"@type\":\"ListItem\",\"position\":3,\"name\":\"Micropolar t\u00e9rmico sin mangas fit hombre\"}]},{\"@type\":\"WebSite\",\"@id\":\"https:\/\/uniformesludo.cl\/#website\",\"url\":\"https:\/\/uniformesludo.cl\/\",\"name\":\"Uniformes Ludo\",\"description\":\"Es una de las empresas comercializadoras de Ropa de trabajo, confecci\u00f3n, productos de protecci\u00f3n, prevenci\u00f3n y seguridad una de las m\u00e1s importantes de nuestro pa\u00eds, reconocida a nivel Nacional, con numerosos clientes a lo largo de Chile que avalan su compromiso de calidad. De igual forma, existe una permanente preocupaci\u00f3n por mantener un servicio integral de excelencia que permita identificarnos como \u201cel mejor equipo, la mejor empresa e inversi\u00f3n\u201d.\",\"potentialAction\":[{\"@type\":\"SearchAction\",\"target\":{\"@type\":\"EntryPoint\",\"urlTemplate\":\"https:\/\/uniformesludo.cl\/?s={search_term_string}\"},\"query-input\":{\"@type\":\"PropertyValueSpecification\",\"valueRequired\":true,\"valueName\":\"search_term_string\"}}],\"inLanguage\":\"es\"}]}<\/script>\n<!-- \/ Yoast SEO plugin. -->","yoast_head_json":{"title":"Micropolar t\u00e9rmico sin mangas fit hombre - Uniformes Ludo","robots":{"index":"index","follow":"follow","max-snippet":"max-snippet:-1","max-image-preview":"max-image-preview:large","max-video-preview":"max-video-preview:-1"},"canonical":"https:\/\/uniformesludo.cl\/index.php\/producto\/micropolar-termico-sin-mangas-fit-hombre\/","og_locale":"es_ES","og_type":"article","og_title":"Micropolar t\u00e9rmico sin mangas fit hombre - Uniformes Ludo","og_description":"Cotizar","og_url":"https:\/\/uniformesludo.cl\/index.php\/producto\/micropolar-termico-sin-mangas-fit-hombre\/","og_site_name":"Uniformes Ludo","article_modified_time":"2024-10-23T17:06:24+00:00","og_image":[{"width":350,"height":350,"url":"https:\/\/uniformesludo.cl\/wp-content\/uploads\/2020\/02\/MICROPOLAR-TE\u0301RMICO-SIN-MANGAS-FIT-HOMBRE.png","type":"image\/png"}],"twitter_card":"summary_large_image","schema":{"@context":"https:\/\/schema.org","@graph":[{"@type":"WebPage","@id":"https:\/\/uniformesludo.cl\/index.php\/producto\/micropolar-termico-sin-mangas-fit-hombre\/","url":"https:\/\/uniformesludo.cl\/index.php\/producto\/micropolar-termico-sin-mangas-fit-hombre\/","name":"Micropolar t\u00e9rmico sin mangas fit hombre - Uniformes Ludo","isPartOf":{"@id":"https:\/\/uniformesludo.cl\/#website"},"primaryImageOfPage":{"@id":"https:\/\/uniformesludo.cl\/index.php\/producto\/micropolar-termico-sin-mangas-fit-hombre\/#primaryimage"},"image":{"@id":"https:\/\/uniformesludo.cl\/index.php\/producto\/micropolar-termico-sin-mangas-fit-hombre\/#primaryimage"},"thumbnailUrl":"https:\/\/uniformesludo.cl\/wp-content\/uploads\/2020\/02\/MICROPOLAR-TE\u0301RMICO-SIN-MANGAS-FIT-HOMBRE.png","datePublished":"2020-02-24T13:55:54+00:00","dateModified":"2024-10-23T17:06:24+00:00","breadcrumb":{"@id":"https:\/\/uniformesludo.cl\/index.php\/producto\/micropolar-termico-sin-mangas-fit-hombre\/#breadcrumb"},"inLanguage":"es","potentialAction":[{"@type":"ReadAction","target":["https:\/\/uniformesludo.cl\/index.php\/producto\/micropolar-termico-sin-mangas-fit-hombre\/"]}]},{"@type":"ImageObject","inLanguage":"es","@id":"https:\/\/uniformesludo.cl\/index.php\/producto\/micropolar-termico-sin-mangas-fit-hombre\/#primaryimage","url":"https:\/\/uniformesludo.cl\/wp-content\/uploads\/2020\/02\/MICROPOLAR-TE\u0301RMICO-SIN-MANGAS-FIT-HOMBRE.png","contentUrl":"https:\/\/uniformesludo.cl\/wp-content\/uploads\/2020\/02\/MICROPOLAR-TE\u0301RMICO-SIN-MANGAS-FIT-HOMBRE.png","width":350,"height":350},{"@type":"BreadcrumbList","@id":"https:\/\/uniformesludo.cl\/index.php\/producto\/micropolar-termico-sin-mangas-fit-hombre\/#breadcrumb","itemListElement":[{"@type":"ListItem","position":1,"name":"Portada","item":"https:\/\/uniformesludo.cl\/"},{"@type":"ListItem","position":2,"name":"Tienda","item":"https:\/\/uniformesludo.cl\/index.php\/tienda\/"},{"@type":"ListItem","position":3,"name":"Micropolar t\u00e9rmico sin mangas fit hombre"}]},{"@type":"WebSite","@id":"https:\/\/uniformesludo.cl\/#website","url":"https:\/\/uniformesludo.cl\/","name":"Uniformes Ludo","description":"Es una de las empresas comercializadoras de Ropa de trabajo, confecci\u00f3n, productos de protecci\u00f3n, prevenci\u00f3n y seguridad una de las m\u00e1s importantes de nuestro pa\u00eds, reconocida a nivel Nacional, con numerosos clientes a lo largo de Chile que avalan su compromiso de calidad. De igual forma, existe una permanente preocupaci\u00f3n por mantener un servicio integral de excelencia que permita identificarnos como \u201cel mejor equipo, la mejor empresa e inversi\u00f3n\u201d.","potentialAction":[{"@type":"SearchAction","target":{"@type":"EntryPoint","urlTemplate":"https:\/\/uniformesludo.cl\/?s={search_term_string}"},"query-input":{"@type":"PropertyValueSpecification","valueRequired":true,"valueName":"search_term_string"}}],"inLanguage":"es"}]}},"_links":{"self":[{"href":"https:\/\/uniformesludo.cl\/index.php\/wp-json\/wp\/v2\/product\/10007442","targetHints":{"allow":["GET"]}}],"collection":[{"href":"https:\/\/uniformesludo.cl\/index.php\/wp-json\/wp\/v2\/product"}],"about":[{"href":"https:\/\/uniformesludo.cl\/index.php\/wp-json\/wp\/v2\/types\/product"}],"replies":[{"embeddable":true,"href":"https:\/\/uniformesludo.cl\/index.php\/wp-json\/wp\/v2\/comments?post=10007442"}],"wp:featuredmedia":[{"embeddable":true,"href":"https:\/\/uniformesludo.cl\/index.php\/wp-json\/wp\/v2\/media\/10007443"}],"wp:attachment":[{"href":"https:\/\/uniformesludo.cl\/index.php\/wp-json\/wp\/v2\/media?parent=10007442"}],"wp:term":[{"taxonomy":"product_brand","embeddable":true,"href":"https:\/\/uniformesludo.cl\/index.php\/wp-json\/wp\/v2\/product_brand?post=10007442"},{"taxonomy":"product_cat","embeddable":true,"href":"https:\/\/uniformesludo.cl\/index.php\/wp-json\/wp\/v2\/product_cat?post=10007442"},{"taxonomy":"product_tag","embeddable":true,"href":"https:\/\/uniformesludo.cl\/index.php\/wp-json\/wp\/v2\/product_tag?post=10007442"}],"curies":[{"name":"wp","href":"https:\/\/api.w.org\/{rel}","templated":true}]}}