{"id":10007434,"date":"2020-02-24T13:45:43","date_gmt":"2020-02-24T13:45:43","guid":{"rendered":"https:\/\/uniformesludo.cl\/?post_type=product&#038;p=10007434"},"modified":"2024-10-23T17:06:37","modified_gmt":"2024-10-23T17:06:37","slug":"micropolar-navigator-manga-larga-mujer","status":"publish","type":"product","link":"https:\/\/uniformesludo.cl\/index.php\/producto\/micropolar-navigator-manga-larga-mujer\/","title":{"rendered":"Micropolar navigator manga larga mujer"},"content":{"rendered":"<p>Es ropa corporativa de alta calidad, dise\u00f1ada con estilo \u00fanico, acompa\u00f1ando a los trabajadores y empresas de todo Chile.<\/p>\n<p><strong>DESCRIPCI\u00d3N:<\/strong><\/p>\n<ul>\n<li>Retiene el calor corporal por sus propiedades t\u00e9rmicas.<\/li>\n<li>Posee tela SOFTSHELL en hombros, brazos y cintura para entregar un dise\u00f1o elegante y so\ufb01sticado.<\/li>\n<li>Pu\u00f1os elasticados y ajustables con velcro.<\/li>\n<li>Tres bolsillos con cierre, un bolsillo en el pecho y dos bolsillos en los costados, con tirador incorporado.<\/li>\n<li>Tirador en cintura ajustable.<\/li>\n<li>Costuras planas.<\/li>\n<\/ul>\n<p><strong>COMPOSICI\u00d3N:<\/strong><\/p>\n<ul>\n<li>100% poli\u00e9ster<\/li>\n<li>300 gr.<\/li>\n<\/ul>\n","protected":false},"excerpt":{"rendered":"<table style=\"width: auto;\">\n<tbody>\n<tr>\n<td><a href=\"https:\/\/uniformesludo.cl\/wp-content\/uploads\/2023\/07\/03149-micropolar-navigator-manga-larga-mujer.pdf\" target=\"_blank\" rel=\"noopener\"><img decoding=\"async\" style=\"width: 50px;\" src=\"https:\/\/uniformesludo.cl\/wp-content\/uploads\/2020\/03\/pdf.png\" \/><\/a><\/td>\n<td style=\"text-align: left;\"><a href=\"https:\/\/uniformesludo.cl\/wp-content\/uploads\/2023\/07\/03149-micropolar-navigator-manga-larga-mujer.pdf\" target=\"_blank\" rel=\"noopener\">Ficha t\u00e9cnica<\/a><\/td>\n<\/tr>\n<\/tbody>\n<\/table>\n<p><a id=\"btncotizar\" href=\"https:\/\/uniformesludo.cl\/index.php\/cotizacion\/\">Cotizar<\/a><\/p>\n","protected":false},"featured_media":10007435,"comment_status":"closed","ping_status":"closed","template":"","meta":[],"product_brand":[],"product_cat":[253],"product_tag":[],"class_list":{"0":"post-10007434","1":"product","2":"type-product","3":"status-publish","4":"has-post-thumbnail","6":"product_cat-micropolar","8":"first","9":"instock","10":"shipping-taxable","11":"purchasable","12":"product-type-variable","13":"has-default-attributes"},"aioseo_notices":[],"yoast_head":"<!-- This site is optimized with the Yoast SEO plugin v26.5 - https:\/\/yoast.com\/wordpress\/plugins\/seo\/ -->\n<title>Micropolar navigator manga larga mujer - Uniformes Ludo<\/title>\n<meta name=\"robots\" content=\"index, follow, max-snippet:-1, max-image-preview:large, max-video-preview:-1\" \/>\n<link rel=\"canonical\" href=\"https:\/\/uniformesludo.cl\/index.php\/producto\/micropolar-navigator-manga-larga-mujer\/\" \/>\n<meta property=\"og:locale\" content=\"es_ES\" \/>\n<meta property=\"og:type\" content=\"article\" \/>\n<meta property=\"og:title\" content=\"Micropolar navigator manga larga mujer - Uniformes Ludo\" \/>\n<meta property=\"og:description\" content=\"Ficha t\u00e9cnica    Cotizar\" \/>\n<meta property=\"og:url\" content=\"https:\/\/uniformesludo.cl\/index.php\/producto\/micropolar-navigator-manga-larga-mujer\/\" \/>\n<meta property=\"og:site_name\" content=\"Uniformes Ludo\" \/>\n<meta property=\"article:modified_time\" content=\"2024-10-23T17:06:37+00:00\" \/>\n<meta property=\"og:image\" content=\"https:\/\/uniformesludo.cl\/wp-content\/uploads\/2020\/02\/MICROPOLAR-NAVIGATOR-MANGA-LARGA-MUJER.png\" \/>\n\t<meta property=\"og:image:width\" content=\"350\" \/>\n\t<meta property=\"og:image:height\" content=\"350\" \/>\n\t<meta property=\"og:image:type\" content=\"image\/png\" \/>\n<meta name=\"twitter:card\" content=\"summary_large_image\" \/>\n<script type=\"application\/ld+json\" class=\"yoast-schema-graph\">{\"@context\":\"https:\/\/schema.org\",\"@graph\":[{\"@type\":\"WebPage\",\"@id\":\"https:\/\/uniformesludo.cl\/index.php\/producto\/micropolar-navigator-manga-larga-mujer\/\",\"url\":\"https:\/\/uniformesludo.cl\/index.php\/producto\/micropolar-navigator-manga-larga-mujer\/\",\"name\":\"Micropolar navigator manga larga mujer - Uniformes Ludo\",\"isPartOf\":{\"@id\":\"https:\/\/uniformesludo.cl\/#website\"},\"primaryImageOfPage\":{\"@id\":\"https:\/\/uniformesludo.cl\/index.php\/producto\/micropolar-navigator-manga-larga-mujer\/#primaryimage\"},\"image\":{\"@id\":\"https:\/\/uniformesludo.cl\/index.php\/producto\/micropolar-navigator-manga-larga-mujer\/#primaryimage\"},\"thumbnailUrl\":\"https:\/\/uniformesludo.cl\/wp-content\/uploads\/2020\/02\/MICROPOLAR-NAVIGATOR-MANGA-LARGA-MUJER.png\",\"datePublished\":\"2020-02-24T13:45:43+00:00\",\"dateModified\":\"2024-10-23T17:06:37+00:00\",\"breadcrumb\":{\"@id\":\"https:\/\/uniformesludo.cl\/index.php\/producto\/micropolar-navigator-manga-larga-mujer\/#breadcrumb\"},\"inLanguage\":\"es\",\"potentialAction\":[{\"@type\":\"ReadAction\",\"target\":[\"https:\/\/uniformesludo.cl\/index.php\/producto\/micropolar-navigator-manga-larga-mujer\/\"]}]},{\"@type\":\"ImageObject\",\"inLanguage\":\"es\",\"@id\":\"https:\/\/uniformesludo.cl\/index.php\/producto\/micropolar-navigator-manga-larga-mujer\/#primaryimage\",\"url\":\"https:\/\/uniformesludo.cl\/wp-content\/uploads\/2020\/02\/MICROPOLAR-NAVIGATOR-MANGA-LARGA-MUJER.png\",\"contentUrl\":\"https:\/\/uniformesludo.cl\/wp-content\/uploads\/2020\/02\/MICROPOLAR-NAVIGATOR-MANGA-LARGA-MUJER.png\",\"width\":350,\"height\":350},{\"@type\":\"BreadcrumbList\",\"@id\":\"https:\/\/uniformesludo.cl\/index.php\/producto\/micropolar-navigator-manga-larga-mujer\/#breadcrumb\",\"itemListElement\":[{\"@type\":\"ListItem\",\"position\":1,\"name\":\"Portada\",\"item\":\"https:\/\/uniformesludo.cl\/\"},{\"@type\":\"ListItem\",\"position\":2,\"name\":\"Tienda\",\"item\":\"https:\/\/uniformesludo.cl\/index.php\/tienda\/\"},{\"@type\":\"ListItem\",\"position\":3,\"name\":\"Micropolar navigator manga larga mujer\"}]},{\"@type\":\"WebSite\",\"@id\":\"https:\/\/uniformesludo.cl\/#website\",\"url\":\"https:\/\/uniformesludo.cl\/\",\"name\":\"Uniformes Ludo\",\"description\":\"Es una de las empresas comercializadoras de Ropa de trabajo, confecci\u00f3n, productos de protecci\u00f3n, prevenci\u00f3n y seguridad una de las m\u00e1s importantes de nuestro pa\u00eds, reconocida a nivel Nacional, con numerosos clientes a lo largo de Chile que avalan su compromiso de calidad. De igual forma, existe una permanente preocupaci\u00f3n por mantener un servicio integral de excelencia que permita identificarnos como \u201cel mejor equipo, la mejor empresa e inversi\u00f3n\u201d.\",\"potentialAction\":[{\"@type\":\"SearchAction\",\"target\":{\"@type\":\"EntryPoint\",\"urlTemplate\":\"https:\/\/uniformesludo.cl\/?s={search_term_string}\"},\"query-input\":{\"@type\":\"PropertyValueSpecification\",\"valueRequired\":true,\"valueName\":\"search_term_string\"}}],\"inLanguage\":\"es\"}]}<\/script>\n<!-- \/ Yoast SEO plugin. -->","yoast_head_json":{"title":"Micropolar navigator manga larga mujer - Uniformes Ludo","robots":{"index":"index","follow":"follow","max-snippet":"max-snippet:-1","max-image-preview":"max-image-preview:large","max-video-preview":"max-video-preview:-1"},"canonical":"https:\/\/uniformesludo.cl\/index.php\/producto\/micropolar-navigator-manga-larga-mujer\/","og_locale":"es_ES","og_type":"article","og_title":"Micropolar navigator manga larga mujer - Uniformes Ludo","og_description":"Ficha t\u00e9cnica    Cotizar","og_url":"https:\/\/uniformesludo.cl\/index.php\/producto\/micropolar-navigator-manga-larga-mujer\/","og_site_name":"Uniformes Ludo","article_modified_time":"2024-10-23T17:06:37+00:00","og_image":[{"width":350,"height":350,"url":"https:\/\/uniformesludo.cl\/wp-content\/uploads\/2020\/02\/MICROPOLAR-NAVIGATOR-MANGA-LARGA-MUJER.png","type":"image\/png"}],"twitter_card":"summary_large_image","schema":{"@context":"https:\/\/schema.org","@graph":[{"@type":"WebPage","@id":"https:\/\/uniformesludo.cl\/index.php\/producto\/micropolar-navigator-manga-larga-mujer\/","url":"https:\/\/uniformesludo.cl\/index.php\/producto\/micropolar-navigator-manga-larga-mujer\/","name":"Micropolar navigator manga larga mujer - Uniformes Ludo","isPartOf":{"@id":"https:\/\/uniformesludo.cl\/#website"},"primaryImageOfPage":{"@id":"https:\/\/uniformesludo.cl\/index.php\/producto\/micropolar-navigator-manga-larga-mujer\/#primaryimage"},"image":{"@id":"https:\/\/uniformesludo.cl\/index.php\/producto\/micropolar-navigator-manga-larga-mujer\/#primaryimage"},"thumbnailUrl":"https:\/\/uniformesludo.cl\/wp-content\/uploads\/2020\/02\/MICROPOLAR-NAVIGATOR-MANGA-LARGA-MUJER.png","datePublished":"2020-02-24T13:45:43+00:00","dateModified":"2024-10-23T17:06:37+00:00","breadcrumb":{"@id":"https:\/\/uniformesludo.cl\/index.php\/producto\/micropolar-navigator-manga-larga-mujer\/#breadcrumb"},"inLanguage":"es","potentialAction":[{"@type":"ReadAction","target":["https:\/\/uniformesludo.cl\/index.php\/producto\/micropolar-navigator-manga-larga-mujer\/"]}]},{"@type":"ImageObject","inLanguage":"es","@id":"https:\/\/uniformesludo.cl\/index.php\/producto\/micropolar-navigator-manga-larga-mujer\/#primaryimage","url":"https:\/\/uniformesludo.cl\/wp-content\/uploads\/2020\/02\/MICROPOLAR-NAVIGATOR-MANGA-LARGA-MUJER.png","contentUrl":"https:\/\/uniformesludo.cl\/wp-content\/uploads\/2020\/02\/MICROPOLAR-NAVIGATOR-MANGA-LARGA-MUJER.png","width":350,"height":350},{"@type":"BreadcrumbList","@id":"https:\/\/uniformesludo.cl\/index.php\/producto\/micropolar-navigator-manga-larga-mujer\/#breadcrumb","itemListElement":[{"@type":"ListItem","position":1,"name":"Portada","item":"https:\/\/uniformesludo.cl\/"},{"@type":"ListItem","position":2,"name":"Tienda","item":"https:\/\/uniformesludo.cl\/index.php\/tienda\/"},{"@type":"ListItem","position":3,"name":"Micropolar navigator manga larga mujer"}]},{"@type":"WebSite","@id":"https:\/\/uniformesludo.cl\/#website","url":"https:\/\/uniformesludo.cl\/","name":"Uniformes Ludo","description":"Es una de las empresas comercializadoras de Ropa de trabajo, confecci\u00f3n, productos de protecci\u00f3n, prevenci\u00f3n y seguridad una de las m\u00e1s importantes de nuestro pa\u00eds, reconocida a nivel Nacional, con numerosos clientes a lo largo de Chile que avalan su compromiso de calidad. De igual forma, existe una permanente preocupaci\u00f3n por mantener un servicio integral de excelencia que permita identificarnos como \u201cel mejor equipo, la mejor empresa e inversi\u00f3n\u201d.","potentialAction":[{"@type":"SearchAction","target":{"@type":"EntryPoint","urlTemplate":"https:\/\/uniformesludo.cl\/?s={search_term_string}"},"query-input":{"@type":"PropertyValueSpecification","valueRequired":true,"valueName":"search_term_string"}}],"inLanguage":"es"}]}},"_links":{"self":[{"href":"https:\/\/uniformesludo.cl\/index.php\/wp-json\/wp\/v2\/product\/10007434","targetHints":{"allow":["GET"]}}],"collection":[{"href":"https:\/\/uniformesludo.cl\/index.php\/wp-json\/wp\/v2\/product"}],"about":[{"href":"https:\/\/uniformesludo.cl\/index.php\/wp-json\/wp\/v2\/types\/product"}],"replies":[{"embeddable":true,"href":"https:\/\/uniformesludo.cl\/index.php\/wp-json\/wp\/v2\/comments?post=10007434"}],"wp:featuredmedia":[{"embeddable":true,"href":"https:\/\/uniformesludo.cl\/index.php\/wp-json\/wp\/v2\/media\/10007435"}],"wp:attachment":[{"href":"https:\/\/uniformesludo.cl\/index.php\/wp-json\/wp\/v2\/media?parent=10007434"}],"wp:term":[{"taxonomy":"product_brand","embeddable":true,"href":"https:\/\/uniformesludo.cl\/index.php\/wp-json\/wp\/v2\/product_brand?post=10007434"},{"taxonomy":"product_cat","embeddable":true,"href":"https:\/\/uniformesludo.cl\/index.php\/wp-json\/wp\/v2\/product_cat?post=10007434"},{"taxonomy":"product_tag","embeddable":true,"href":"https:\/\/uniformesludo.cl\/index.php\/wp-json\/wp\/v2\/product_tag?post=10007434"}],"curies":[{"name":"wp","href":"https:\/\/api.w.org\/{rel}","templated":true}]}}