{"id":10006936,"date":"2019-11-06T11:10:15","date_gmt":"2019-11-06T11:10:15","guid":{"rendered":"https:\/\/uniformesludo.cl\/product\/polera-cuello-camisero-dryfresh-smooth-hombre-m-l-60-alg-40-poly\/"},"modified":"2024-10-23T17:06:18","modified_gmt":"2024-10-23T17:06:18","slug":"polera-cuello-camisero-dryfresh-smooth-hombre-m-l-60-alg-40-poly","status":"publish","type":"product","link":"https:\/\/uniformesludo.cl\/index.php\/producto\/polera-cuello-camisero-dryfresh-smooth-hombre-m-l-60-alg-40-poly\/","title":{"rendered":"Polera Cuello Camisero Dryfresh Smooth Hombre M\/L 60% Alg 40% Poly"},"content":{"rendered":"<ul>\n<li>Confeccionado con tela suave y ligera para brindar comodidad duradera.<\/li>\n<li>Producto de excelente calidad que mantiene forma y color.<\/li>\n<li>Tecnolog\u00eda Dry Fresh Smooth.<\/li>\n<li>Respirable.<\/li>\n<li>Secado r\u00e1pido.<\/li>\n<li>Regular fit.<\/li>\n<li>Protecci\u00f3n UV.<\/li>\n<li><strong>Composici\u00f3n:<\/strong>\u00a060% algod\u00f3n, 40% poli\u00e9ster, 180 gr.<\/li>\n<\/ul>\n","protected":false},"excerpt":{"rendered":"\n<p><a id=\"btncotizar\" href=\"https:\/\/uniformesludo.cl\/index.php\/cotizacion\/\">Cotizar<\/a><\/p>\n","protected":false},"featured_media":10007129,"comment_status":"closed","ping_status":"closed","template":"","meta":[],"product_brand":[],"product_cat":[213],"product_tag":[550,551],"class_list":{"0":"post-10006936","1":"product","2":"type-product","3":"status-publish","4":"has-post-thumbnail","6":"brand-overmountain","7":"product_cat-polera-outdoor","8":"product_tag-poleras","9":"product_tag-blusas-y-camisas","11":"first","12":"instock","13":"featured","14":"shipping-taxable","15":"purchasable","16":"product-type-variable"},"aioseo_notices":[],"yoast_head":"<!-- This site is optimized with the Yoast SEO plugin v26.5 - https:\/\/yoast.com\/wordpress\/plugins\/seo\/ -->\n<title>Polera Cuello Camisero Dryfresh Smooth Hombre M\/L 60% Alg 40% Poly - Uniformes Ludo<\/title>\n<meta name=\"robots\" content=\"index, follow, max-snippet:-1, max-image-preview:large, max-video-preview:-1\" \/>\n<link rel=\"canonical\" href=\"https:\/\/uniformesludo.cl\/index.php\/producto\/polera-cuello-camisero-dryfresh-smooth-hombre-m-l-60-alg-40-poly\/\" \/>\n<meta property=\"og:locale\" content=\"es_ES\" \/>\n<meta property=\"og:type\" content=\"article\" \/>\n<meta property=\"og:title\" content=\"Polera Cuello Camisero Dryfresh Smooth Hombre M\/L 60% Alg 40% Poly - Uniformes Ludo\" \/>\n<meta property=\"og:description\" content=\"Cotizar\" \/>\n<meta property=\"og:url\" content=\"https:\/\/uniformesludo.cl\/index.php\/producto\/polera-cuello-camisero-dryfresh-smooth-hombre-m-l-60-alg-40-poly\/\" \/>\n<meta property=\"og:site_name\" content=\"Uniformes Ludo\" \/>\n<meta property=\"article:modified_time\" content=\"2024-10-23T17:06:18+00:00\" \/>\n<meta property=\"og:image\" content=\"https:\/\/uniformesludo.cl\/wp-content\/uploads\/2019\/11\/10054.jpg\" \/>\n\t<meta property=\"og:image:width\" content=\"900\" \/>\n\t<meta property=\"og:image:height\" content=\"900\" \/>\n\t<meta property=\"og:image:type\" content=\"image\/jpeg\" \/>\n<meta name=\"twitter:card\" content=\"summary_large_image\" \/>\n<script type=\"application\/ld+json\" class=\"yoast-schema-graph\">{\"@context\":\"https:\/\/schema.org\",\"@graph\":[{\"@type\":\"WebPage\",\"@id\":\"https:\/\/uniformesludo.cl\/index.php\/producto\/polera-cuello-camisero-dryfresh-smooth-hombre-m-l-60-alg-40-poly\/\",\"url\":\"https:\/\/uniformesludo.cl\/index.php\/producto\/polera-cuello-camisero-dryfresh-smooth-hombre-m-l-60-alg-40-poly\/\",\"name\":\"Polera Cuello Camisero Dryfresh Smooth Hombre M\/L 60% Alg 40% Poly - Uniformes Ludo\",\"isPartOf\":{\"@id\":\"https:\/\/uniformesludo.cl\/#website\"},\"primaryImageOfPage\":{\"@id\":\"https:\/\/uniformesludo.cl\/index.php\/producto\/polera-cuello-camisero-dryfresh-smooth-hombre-m-l-60-alg-40-poly\/#primaryimage\"},\"image\":{\"@id\":\"https:\/\/uniformesludo.cl\/index.php\/producto\/polera-cuello-camisero-dryfresh-smooth-hombre-m-l-60-alg-40-poly\/#primaryimage\"},\"thumbnailUrl\":\"https:\/\/uniformesludo.cl\/wp-content\/uploads\/2019\/11\/10054.jpg\",\"datePublished\":\"2019-11-06T11:10:15+00:00\",\"dateModified\":\"2024-10-23T17:06:18+00:00\",\"breadcrumb\":{\"@id\":\"https:\/\/uniformesludo.cl\/index.php\/producto\/polera-cuello-camisero-dryfresh-smooth-hombre-m-l-60-alg-40-poly\/#breadcrumb\"},\"inLanguage\":\"es\",\"potentialAction\":[{\"@type\":\"ReadAction\",\"target\":[\"https:\/\/uniformesludo.cl\/index.php\/producto\/polera-cuello-camisero-dryfresh-smooth-hombre-m-l-60-alg-40-poly\/\"]}]},{\"@type\":\"ImageObject\",\"inLanguage\":\"es\",\"@id\":\"https:\/\/uniformesludo.cl\/index.php\/producto\/polera-cuello-camisero-dryfresh-smooth-hombre-m-l-60-alg-40-poly\/#primaryimage\",\"url\":\"https:\/\/uniformesludo.cl\/wp-content\/uploads\/2019\/11\/10054.jpg\",\"contentUrl\":\"https:\/\/uniformesludo.cl\/wp-content\/uploads\/2019\/11\/10054.jpg\",\"width\":900,\"height\":900},{\"@type\":\"BreadcrumbList\",\"@id\":\"https:\/\/uniformesludo.cl\/index.php\/producto\/polera-cuello-camisero-dryfresh-smooth-hombre-m-l-60-alg-40-poly\/#breadcrumb\",\"itemListElement\":[{\"@type\":\"ListItem\",\"position\":1,\"name\":\"Portada\",\"item\":\"https:\/\/uniformesludo.cl\/\"},{\"@type\":\"ListItem\",\"position\":2,\"name\":\"Tienda\",\"item\":\"https:\/\/uniformesludo.cl\/index.php\/tienda\/\"},{\"@type\":\"ListItem\",\"position\":3,\"name\":\"Polera Cuello Camisero Dryfresh Smooth Hombre M\/L 60% Alg 40% Poly\"}]},{\"@type\":\"WebSite\",\"@id\":\"https:\/\/uniformesludo.cl\/#website\",\"url\":\"https:\/\/uniformesludo.cl\/\",\"name\":\"Uniformes Ludo\",\"description\":\"Es una de las empresas comercializadoras de Ropa de trabajo, confecci\u00f3n, productos de protecci\u00f3n, prevenci\u00f3n y seguridad una de las m\u00e1s importantes de nuestro pa\u00eds, reconocida a nivel Nacional, con numerosos clientes a lo largo de Chile que avalan su compromiso de calidad. De igual forma, existe una permanente preocupaci\u00f3n por mantener un servicio integral de excelencia que permita identificarnos como \u201cel mejor equipo, la mejor empresa e inversi\u00f3n\u201d.\",\"potentialAction\":[{\"@type\":\"SearchAction\",\"target\":{\"@type\":\"EntryPoint\",\"urlTemplate\":\"https:\/\/uniformesludo.cl\/?s={search_term_string}\"},\"query-input\":{\"@type\":\"PropertyValueSpecification\",\"valueRequired\":true,\"valueName\":\"search_term_string\"}}],\"inLanguage\":\"es\"}]}<\/script>\n<!-- \/ Yoast SEO plugin. -->","yoast_head_json":{"title":"Polera Cuello Camisero Dryfresh Smooth Hombre M\/L 60% Alg 40% Poly - Uniformes Ludo","robots":{"index":"index","follow":"follow","max-snippet":"max-snippet:-1","max-image-preview":"max-image-preview:large","max-video-preview":"max-video-preview:-1"},"canonical":"https:\/\/uniformesludo.cl\/index.php\/producto\/polera-cuello-camisero-dryfresh-smooth-hombre-m-l-60-alg-40-poly\/","og_locale":"es_ES","og_type":"article","og_title":"Polera Cuello Camisero Dryfresh Smooth Hombre M\/L 60% Alg 40% Poly - Uniformes Ludo","og_description":"Cotizar","og_url":"https:\/\/uniformesludo.cl\/index.php\/producto\/polera-cuello-camisero-dryfresh-smooth-hombre-m-l-60-alg-40-poly\/","og_site_name":"Uniformes Ludo","article_modified_time":"2024-10-23T17:06:18+00:00","og_image":[{"width":900,"height":900,"url":"https:\/\/uniformesludo.cl\/wp-content\/uploads\/2019\/11\/10054.jpg","type":"image\/jpeg"}],"twitter_card":"summary_large_image","schema":{"@context":"https:\/\/schema.org","@graph":[{"@type":"WebPage","@id":"https:\/\/uniformesludo.cl\/index.php\/producto\/polera-cuello-camisero-dryfresh-smooth-hombre-m-l-60-alg-40-poly\/","url":"https:\/\/uniformesludo.cl\/index.php\/producto\/polera-cuello-camisero-dryfresh-smooth-hombre-m-l-60-alg-40-poly\/","name":"Polera Cuello Camisero Dryfresh Smooth Hombre M\/L 60% Alg 40% Poly - Uniformes Ludo","isPartOf":{"@id":"https:\/\/uniformesludo.cl\/#website"},"primaryImageOfPage":{"@id":"https:\/\/uniformesludo.cl\/index.php\/producto\/polera-cuello-camisero-dryfresh-smooth-hombre-m-l-60-alg-40-poly\/#primaryimage"},"image":{"@id":"https:\/\/uniformesludo.cl\/index.php\/producto\/polera-cuello-camisero-dryfresh-smooth-hombre-m-l-60-alg-40-poly\/#primaryimage"},"thumbnailUrl":"https:\/\/uniformesludo.cl\/wp-content\/uploads\/2019\/11\/10054.jpg","datePublished":"2019-11-06T11:10:15+00:00","dateModified":"2024-10-23T17:06:18+00:00","breadcrumb":{"@id":"https:\/\/uniformesludo.cl\/index.php\/producto\/polera-cuello-camisero-dryfresh-smooth-hombre-m-l-60-alg-40-poly\/#breadcrumb"},"inLanguage":"es","potentialAction":[{"@type":"ReadAction","target":["https:\/\/uniformesludo.cl\/index.php\/producto\/polera-cuello-camisero-dryfresh-smooth-hombre-m-l-60-alg-40-poly\/"]}]},{"@type":"ImageObject","inLanguage":"es","@id":"https:\/\/uniformesludo.cl\/index.php\/producto\/polera-cuello-camisero-dryfresh-smooth-hombre-m-l-60-alg-40-poly\/#primaryimage","url":"https:\/\/uniformesludo.cl\/wp-content\/uploads\/2019\/11\/10054.jpg","contentUrl":"https:\/\/uniformesludo.cl\/wp-content\/uploads\/2019\/11\/10054.jpg","width":900,"height":900},{"@type":"BreadcrumbList","@id":"https:\/\/uniformesludo.cl\/index.php\/producto\/polera-cuello-camisero-dryfresh-smooth-hombre-m-l-60-alg-40-poly\/#breadcrumb","itemListElement":[{"@type":"ListItem","position":1,"name":"Portada","item":"https:\/\/uniformesludo.cl\/"},{"@type":"ListItem","position":2,"name":"Tienda","item":"https:\/\/uniformesludo.cl\/index.php\/tienda\/"},{"@type":"ListItem","position":3,"name":"Polera Cuello Camisero Dryfresh Smooth Hombre M\/L 60% Alg 40% Poly"}]},{"@type":"WebSite","@id":"https:\/\/uniformesludo.cl\/#website","url":"https:\/\/uniformesludo.cl\/","name":"Uniformes Ludo","description":"Es una de las empresas comercializadoras de Ropa de trabajo, confecci\u00f3n, productos de protecci\u00f3n, prevenci\u00f3n y seguridad una de las m\u00e1s importantes de nuestro pa\u00eds, reconocida a nivel Nacional, con numerosos clientes a lo largo de Chile que avalan su compromiso de calidad. De igual forma, existe una permanente preocupaci\u00f3n por mantener un servicio integral de excelencia que permita identificarnos como \u201cel mejor equipo, la mejor empresa e inversi\u00f3n\u201d.","potentialAction":[{"@type":"SearchAction","target":{"@type":"EntryPoint","urlTemplate":"https:\/\/uniformesludo.cl\/?s={search_term_string}"},"query-input":{"@type":"PropertyValueSpecification","valueRequired":true,"valueName":"search_term_string"}}],"inLanguage":"es"}]}},"_links":{"self":[{"href":"https:\/\/uniformesludo.cl\/index.php\/wp-json\/wp\/v2\/product\/10006936","targetHints":{"allow":["GET"]}}],"collection":[{"href":"https:\/\/uniformesludo.cl\/index.php\/wp-json\/wp\/v2\/product"}],"about":[{"href":"https:\/\/uniformesludo.cl\/index.php\/wp-json\/wp\/v2\/types\/product"}],"replies":[{"embeddable":true,"href":"https:\/\/uniformesludo.cl\/index.php\/wp-json\/wp\/v2\/comments?post=10006936"}],"wp:featuredmedia":[{"embeddable":true,"href":"https:\/\/uniformesludo.cl\/index.php\/wp-json\/wp\/v2\/media\/10007129"}],"wp:attachment":[{"href":"https:\/\/uniformesludo.cl\/index.php\/wp-json\/wp\/v2\/media?parent=10006936"}],"wp:term":[{"taxonomy":"product_brand","embeddable":true,"href":"https:\/\/uniformesludo.cl\/index.php\/wp-json\/wp\/v2\/product_brand?post=10006936"},{"taxonomy":"product_cat","embeddable":true,"href":"https:\/\/uniformesludo.cl\/index.php\/wp-json\/wp\/v2\/product_cat?post=10006936"},{"taxonomy":"product_tag","embeddable":true,"href":"https:\/\/uniformesludo.cl\/index.php\/wp-json\/wp\/v2\/product_tag?post=10006936"}],"curies":[{"name":"wp","href":"https:\/\/api.w.org\/{rel}","templated":true}]}}