{"id":10006929,"date":"2019-11-06T11:10:08","date_gmt":"2019-11-06T11:10:08","guid":{"rendered":"https:\/\/uniformesludo.cl\/product\/pantalon-outdoor-ripstop-mollen-hombre-90-nylon-10-spandex\/"},"modified":"2024-10-23T17:06:38","modified_gmt":"2024-10-23T17:06:38","slug":"pantalon-outdoor-ripstop-mollen-hombre-90-nylon-10-spandex","status":"publish","type":"product","link":"https:\/\/uniformesludo.cl\/index.php\/producto\/pantalon-outdoor-ripstop-mollen-hombre-90-nylon-10-spandex\/","title":{"rendered":"Pantalon Outdoor Ripstop Mollen Hombre 90% Nylon 10% Spandex"},"content":{"rendered":"<p>Pantalon Mollen para hombre en tono gris oscuro y khaki, fabricado en tela Ripstop, un tejido de alta calidad que otorga mayor libertad y flexibilidad de movimientos, gracias a su dise\u00f1o con fuelles de ventilaci\u00f3n se facilita la liberaci\u00f3n de calor corporal manteniendo el cuerpo seco. Posee rodillas Spandex para otorgar comodidad y libertad de movimientos, adem\u00e1s de ser una prenda repelente al agua y de secado r\u00e1pido. Cuenta con protecci\u00f3n UPF proporcionando un bloqueo efectivo del sol. Incluye cintur\u00f3n para ce\u00f1ir o ajustar tu prenda.<\/p>\n<p><img loading=\"lazy\" decoding=\"async\" class=\"alignnone size-full wp-image-10008497\" src=\"https:\/\/uniformesludo.cl\/wp-content\/uploads\/2019\/11\/bannerpantaloncamisanuevo.png\" alt=\"\" width=\"1141\" height=\"261\" srcset=\"https:\/\/uniformesludo.cl\/wp-content\/uploads\/2019\/11\/bannerpantaloncamisanuevo.png 1141w, https:\/\/uniformesludo.cl\/wp-content\/uploads\/2019\/11\/bannerpantaloncamisanuevo-300x69.png 300w, https:\/\/uniformesludo.cl\/wp-content\/uploads\/2019\/11\/bannerpantaloncamisanuevo-768x176.png 768w, https:\/\/uniformesludo.cl\/wp-content\/uploads\/2019\/11\/bannerpantaloncamisanuevo-1024x234.png 1024w, https:\/\/uniformesludo.cl\/wp-content\/uploads\/2019\/11\/bannerpantaloncamisanuevo-100x23.png 100w, https:\/\/uniformesludo.cl\/wp-content\/uploads\/2019\/11\/bannerpantaloncamisanuevo-600x137.png 600w\" sizes=\"auto, (max-width: 1141px) 100vw, 1141px\" \/><\/p>\n","protected":false},"excerpt":{"rendered":"\n<p><a id=\"btncotizar\" href=\"https:\/\/uniformesludo.cl\/index.php\/cotizacion\/\">Cotizar<\/a><\/p>\n","protected":false},"featured_media":10007112,"comment_status":"closed","ping_status":"closed","template":"","meta":[],"product_brand":[],"product_cat":[254],"product_tag":[548,551],"class_list":{"0":"post-10006929","1":"product","2":"type-product","3":"status-publish","4":"has-post-thumbnail","6":"brand-overmountain","7":"product_cat-pantalon-outdoor","8":"product_tag-pantalones","9":"product_tag-blusas-y-camisas","11":"first","12":"instock","13":"featured","14":"shipping-taxable","15":"purchasable","16":"product-type-variable"},"aioseo_notices":[],"yoast_head":"<!-- This site is optimized with the Yoast SEO plugin v26.5 - https:\/\/yoast.com\/wordpress\/plugins\/seo\/ -->\n<title>Pantalon Outdoor Ripstop Mollen Hombre 90% Nylon 10% Spandex - Uniformes Ludo<\/title>\n<meta name=\"robots\" content=\"index, follow, max-snippet:-1, max-image-preview:large, max-video-preview:-1\" \/>\n<link rel=\"canonical\" href=\"https:\/\/uniformesludo.cl\/index.php\/producto\/pantalon-outdoor-ripstop-mollen-hombre-90-nylon-10-spandex\/\" \/>\n<meta property=\"og:locale\" content=\"es_ES\" \/>\n<meta property=\"og:type\" content=\"article\" \/>\n<meta property=\"og:title\" content=\"Pantalon Outdoor Ripstop Mollen Hombre 90% Nylon 10% Spandex - Uniformes Ludo\" \/>\n<meta property=\"og:description\" content=\"Cotizar\" \/>\n<meta property=\"og:url\" content=\"https:\/\/uniformesludo.cl\/index.php\/producto\/pantalon-outdoor-ripstop-mollen-hombre-90-nylon-10-spandex\/\" \/>\n<meta property=\"og:site_name\" content=\"Uniformes Ludo\" \/>\n<meta property=\"article:modified_time\" content=\"2024-10-23T17:06:38+00:00\" \/>\n<meta property=\"og:image\" content=\"https:\/\/uniformesludo.cl\/wp-content\/uploads\/2019\/11\/10047.jpg\" \/>\n\t<meta property=\"og:image:width\" content=\"900\" \/>\n\t<meta property=\"og:image:height\" content=\"900\" \/>\n\t<meta property=\"og:image:type\" content=\"image\/jpeg\" \/>\n<meta name=\"twitter:card\" content=\"summary_large_image\" \/>\n<script type=\"application\/ld+json\" class=\"yoast-schema-graph\">{\"@context\":\"https:\/\/schema.org\",\"@graph\":[{\"@type\":\"WebPage\",\"@id\":\"https:\/\/uniformesludo.cl\/index.php\/producto\/pantalon-outdoor-ripstop-mollen-hombre-90-nylon-10-spandex\/\",\"url\":\"https:\/\/uniformesludo.cl\/index.php\/producto\/pantalon-outdoor-ripstop-mollen-hombre-90-nylon-10-spandex\/\",\"name\":\"Pantalon Outdoor Ripstop Mollen Hombre 90% Nylon 10% Spandex - Uniformes Ludo\",\"isPartOf\":{\"@id\":\"https:\/\/uniformesludo.cl\/#website\"},\"primaryImageOfPage\":{\"@id\":\"https:\/\/uniformesludo.cl\/index.php\/producto\/pantalon-outdoor-ripstop-mollen-hombre-90-nylon-10-spandex\/#primaryimage\"},\"image\":{\"@id\":\"https:\/\/uniformesludo.cl\/index.php\/producto\/pantalon-outdoor-ripstop-mollen-hombre-90-nylon-10-spandex\/#primaryimage\"},\"thumbnailUrl\":\"https:\/\/uniformesludo.cl\/wp-content\/uploads\/2019\/11\/10047.jpg\",\"datePublished\":\"2019-11-06T11:10:08+00:00\",\"dateModified\":\"2024-10-23T17:06:38+00:00\",\"breadcrumb\":{\"@id\":\"https:\/\/uniformesludo.cl\/index.php\/producto\/pantalon-outdoor-ripstop-mollen-hombre-90-nylon-10-spandex\/#breadcrumb\"},\"inLanguage\":\"es\",\"potentialAction\":[{\"@type\":\"ReadAction\",\"target\":[\"https:\/\/uniformesludo.cl\/index.php\/producto\/pantalon-outdoor-ripstop-mollen-hombre-90-nylon-10-spandex\/\"]}]},{\"@type\":\"ImageObject\",\"inLanguage\":\"es\",\"@id\":\"https:\/\/uniformesludo.cl\/index.php\/producto\/pantalon-outdoor-ripstop-mollen-hombre-90-nylon-10-spandex\/#primaryimage\",\"url\":\"https:\/\/uniformesludo.cl\/wp-content\/uploads\/2019\/11\/10047.jpg\",\"contentUrl\":\"https:\/\/uniformesludo.cl\/wp-content\/uploads\/2019\/11\/10047.jpg\",\"width\":900,\"height\":900},{\"@type\":\"BreadcrumbList\",\"@id\":\"https:\/\/uniformesludo.cl\/index.php\/producto\/pantalon-outdoor-ripstop-mollen-hombre-90-nylon-10-spandex\/#breadcrumb\",\"itemListElement\":[{\"@type\":\"ListItem\",\"position\":1,\"name\":\"Portada\",\"item\":\"https:\/\/uniformesludo.cl\/\"},{\"@type\":\"ListItem\",\"position\":2,\"name\":\"Tienda\",\"item\":\"https:\/\/uniformesludo.cl\/index.php\/tienda\/\"},{\"@type\":\"ListItem\",\"position\":3,\"name\":\"Pantalon Outdoor Ripstop Mollen Hombre 90% Nylon 10% Spandex\"}]},{\"@type\":\"WebSite\",\"@id\":\"https:\/\/uniformesludo.cl\/#website\",\"url\":\"https:\/\/uniformesludo.cl\/\",\"name\":\"Uniformes Ludo\",\"description\":\"Es una de las empresas comercializadoras de Ropa de trabajo, confecci\u00f3n, productos de protecci\u00f3n, prevenci\u00f3n y seguridad una de las m\u00e1s importantes de nuestro pa\u00eds, reconocida a nivel Nacional, con numerosos clientes a lo largo de Chile que avalan su compromiso de calidad. De igual forma, existe una permanente preocupaci\u00f3n por mantener un servicio integral de excelencia que permita identificarnos como \u201cel mejor equipo, la mejor empresa e inversi\u00f3n\u201d.\",\"potentialAction\":[{\"@type\":\"SearchAction\",\"target\":{\"@type\":\"EntryPoint\",\"urlTemplate\":\"https:\/\/uniformesludo.cl\/?s={search_term_string}\"},\"query-input\":{\"@type\":\"PropertyValueSpecification\",\"valueRequired\":true,\"valueName\":\"search_term_string\"}}],\"inLanguage\":\"es\"}]}<\/script>\n<!-- \/ Yoast SEO plugin. -->","yoast_head_json":{"title":"Pantalon Outdoor Ripstop Mollen Hombre 90% Nylon 10% Spandex - Uniformes Ludo","robots":{"index":"index","follow":"follow","max-snippet":"max-snippet:-1","max-image-preview":"max-image-preview:large","max-video-preview":"max-video-preview:-1"},"canonical":"https:\/\/uniformesludo.cl\/index.php\/producto\/pantalon-outdoor-ripstop-mollen-hombre-90-nylon-10-spandex\/","og_locale":"es_ES","og_type":"article","og_title":"Pantalon Outdoor Ripstop Mollen Hombre 90% Nylon 10% Spandex - Uniformes Ludo","og_description":"Cotizar","og_url":"https:\/\/uniformesludo.cl\/index.php\/producto\/pantalon-outdoor-ripstop-mollen-hombre-90-nylon-10-spandex\/","og_site_name":"Uniformes Ludo","article_modified_time":"2024-10-23T17:06:38+00:00","og_image":[{"width":900,"height":900,"url":"https:\/\/uniformesludo.cl\/wp-content\/uploads\/2019\/11\/10047.jpg","type":"image\/jpeg"}],"twitter_card":"summary_large_image","schema":{"@context":"https:\/\/schema.org","@graph":[{"@type":"WebPage","@id":"https:\/\/uniformesludo.cl\/index.php\/producto\/pantalon-outdoor-ripstop-mollen-hombre-90-nylon-10-spandex\/","url":"https:\/\/uniformesludo.cl\/index.php\/producto\/pantalon-outdoor-ripstop-mollen-hombre-90-nylon-10-spandex\/","name":"Pantalon Outdoor Ripstop Mollen Hombre 90% Nylon 10% Spandex - Uniformes Ludo","isPartOf":{"@id":"https:\/\/uniformesludo.cl\/#website"},"primaryImageOfPage":{"@id":"https:\/\/uniformesludo.cl\/index.php\/producto\/pantalon-outdoor-ripstop-mollen-hombre-90-nylon-10-spandex\/#primaryimage"},"image":{"@id":"https:\/\/uniformesludo.cl\/index.php\/producto\/pantalon-outdoor-ripstop-mollen-hombre-90-nylon-10-spandex\/#primaryimage"},"thumbnailUrl":"https:\/\/uniformesludo.cl\/wp-content\/uploads\/2019\/11\/10047.jpg","datePublished":"2019-11-06T11:10:08+00:00","dateModified":"2024-10-23T17:06:38+00:00","breadcrumb":{"@id":"https:\/\/uniformesludo.cl\/index.php\/producto\/pantalon-outdoor-ripstop-mollen-hombre-90-nylon-10-spandex\/#breadcrumb"},"inLanguage":"es","potentialAction":[{"@type":"ReadAction","target":["https:\/\/uniformesludo.cl\/index.php\/producto\/pantalon-outdoor-ripstop-mollen-hombre-90-nylon-10-spandex\/"]}]},{"@type":"ImageObject","inLanguage":"es","@id":"https:\/\/uniformesludo.cl\/index.php\/producto\/pantalon-outdoor-ripstop-mollen-hombre-90-nylon-10-spandex\/#primaryimage","url":"https:\/\/uniformesludo.cl\/wp-content\/uploads\/2019\/11\/10047.jpg","contentUrl":"https:\/\/uniformesludo.cl\/wp-content\/uploads\/2019\/11\/10047.jpg","width":900,"height":900},{"@type":"BreadcrumbList","@id":"https:\/\/uniformesludo.cl\/index.php\/producto\/pantalon-outdoor-ripstop-mollen-hombre-90-nylon-10-spandex\/#breadcrumb","itemListElement":[{"@type":"ListItem","position":1,"name":"Portada","item":"https:\/\/uniformesludo.cl\/"},{"@type":"ListItem","position":2,"name":"Tienda","item":"https:\/\/uniformesludo.cl\/index.php\/tienda\/"},{"@type":"ListItem","position":3,"name":"Pantalon Outdoor Ripstop Mollen Hombre 90% Nylon 10% Spandex"}]},{"@type":"WebSite","@id":"https:\/\/uniformesludo.cl\/#website","url":"https:\/\/uniformesludo.cl\/","name":"Uniformes Ludo","description":"Es una de las empresas comercializadoras de Ropa de trabajo, confecci\u00f3n, productos de protecci\u00f3n, prevenci\u00f3n y seguridad una de las m\u00e1s importantes de nuestro pa\u00eds, reconocida a nivel Nacional, con numerosos clientes a lo largo de Chile que avalan su compromiso de calidad. De igual forma, existe una permanente preocupaci\u00f3n por mantener un servicio integral de excelencia que permita identificarnos como \u201cel mejor equipo, la mejor empresa e inversi\u00f3n\u201d.","potentialAction":[{"@type":"SearchAction","target":{"@type":"EntryPoint","urlTemplate":"https:\/\/uniformesludo.cl\/?s={search_term_string}"},"query-input":{"@type":"PropertyValueSpecification","valueRequired":true,"valueName":"search_term_string"}}],"inLanguage":"es"}]}},"_links":{"self":[{"href":"https:\/\/uniformesludo.cl\/index.php\/wp-json\/wp\/v2\/product\/10006929","targetHints":{"allow":["GET"]}}],"collection":[{"href":"https:\/\/uniformesludo.cl\/index.php\/wp-json\/wp\/v2\/product"}],"about":[{"href":"https:\/\/uniformesludo.cl\/index.php\/wp-json\/wp\/v2\/types\/product"}],"replies":[{"embeddable":true,"href":"https:\/\/uniformesludo.cl\/index.php\/wp-json\/wp\/v2\/comments?post=10006929"}],"wp:featuredmedia":[{"embeddable":true,"href":"https:\/\/uniformesludo.cl\/index.php\/wp-json\/wp\/v2\/media\/10007112"}],"wp:attachment":[{"href":"https:\/\/uniformesludo.cl\/index.php\/wp-json\/wp\/v2\/media?parent=10006929"}],"wp:term":[{"taxonomy":"product_brand","embeddable":true,"href":"https:\/\/uniformesludo.cl\/index.php\/wp-json\/wp\/v2\/product_brand?post=10006929"},{"taxonomy":"product_cat","embeddable":true,"href":"https:\/\/uniformesludo.cl\/index.php\/wp-json\/wp\/v2\/product_cat?post=10006929"},{"taxonomy":"product_tag","embeddable":true,"href":"https:\/\/uniformesludo.cl\/index.php\/wp-json\/wp\/v2\/product_tag?post=10006929"}],"curies":[{"name":"wp","href":"https:\/\/api.w.org\/{rel}","templated":true}]}}