{"id":10006917,"date":"2019-11-06T11:09:51","date_gmt":"2019-11-06T11:09:51","guid":{"rendered":"https:\/\/uniformesludo.cl\/product\/camisa-outdoor-ripstop-jubae-m-l-hombre-100-poliester\/"},"modified":"2024-10-23T17:06:38","modified_gmt":"2024-10-23T17:06:38","slug":"camisa-outdoor-ripstop-jubae-m-l-hombre-100-poliester","status":"publish","type":"product","link":"https:\/\/uniformesludo.cl\/index.php\/producto\/camisa-outdoor-ripstop-jubae-m-l-hombre-100-poliester\/","title":{"rendered":"Camisa Outdoor Ripstop Jubae M\/L Hombre 100% Poliester"},"content":{"rendered":"<p>Camisa Jubae moderna con cuello button Down, fabricada en tela Ripstop, un tejido de alta calidad que otorga mayor libertad y flexibilidad de movimientos, gracias a su resistencia a la tracci\u00f3n evita desgarros generando mayor durabilidad. Cuenta con corte en espalda para hacer de la prenda un producto respirable. Posee detalles reflectivos y mangas Roll Up para dar un look m\u00e1s casual. Este producto cuenta con protecci\u00f3n UPF +50 para otorgar mayor protecci\u00f3n a los trabajadores.<img loading=\"lazy\" decoding=\"async\" class=\"alignnone size-full wp-image-10008497\" src=\"https:\/\/uniformesludo.cl\/wp-content\/uploads\/2019\/11\/bannerpantaloncamisanuevo.png\" alt=\"\" width=\"1141\" height=\"261\" srcset=\"https:\/\/uniformesludo.cl\/wp-content\/uploads\/2019\/11\/bannerpantaloncamisanuevo.png 1141w, https:\/\/uniformesludo.cl\/wp-content\/uploads\/2019\/11\/bannerpantaloncamisanuevo-300x69.png 300w, https:\/\/uniformesludo.cl\/wp-content\/uploads\/2019\/11\/bannerpantaloncamisanuevo-768x176.png 768w, https:\/\/uniformesludo.cl\/wp-content\/uploads\/2019\/11\/bannerpantaloncamisanuevo-1024x234.png 1024w, https:\/\/uniformesludo.cl\/wp-content\/uploads\/2019\/11\/bannerpantaloncamisanuevo-100x23.png 100w, https:\/\/uniformesludo.cl\/wp-content\/uploads\/2019\/11\/bannerpantaloncamisanuevo-600x137.png 600w\" sizes=\"auto, (max-width: 1141px) 100vw, 1141px\" \/><\/p>\n","protected":false},"excerpt":{"rendered":"<p><a id=\"btncotizar\" href=\"https:\/\/uniformesludo.cl\/index.php\/cotizacion\/\">Cotizar<\/a><\/p>\n","protected":false},"featured_media":10007082,"comment_status":"closed","ping_status":"closed","template":"","meta":[],"product_brand":[],"product_cat":[220],"product_tag":[551],"class_list":{"0":"post-10006917","1":"product","2":"type-product","3":"status-publish","4":"has-post-thumbnail","6":"brand-overmountain","7":"product_cat-camisa-outdoor","8":"product_tag-blusas-y-camisas","10":"first","11":"instock","12":"featured","13":"shipping-taxable","14":"purchasable","15":"product-type-variable"},"aioseo_notices":[],"yoast_head":"<!-- This site is optimized with the Yoast SEO plugin v26.5 - https:\/\/yoast.com\/wordpress\/plugins\/seo\/ -->\n<title>Camisa Outdoor Ripstop Jubae M\/L Hombre 100% Poliester - Uniformes Ludo<\/title>\n<meta name=\"robots\" content=\"index, follow, max-snippet:-1, max-image-preview:large, max-video-preview:-1\" \/>\n<link rel=\"canonical\" href=\"https:\/\/uniformesludo.cl\/index.php\/producto\/camisa-outdoor-ripstop-jubae-m-l-hombre-100-poliester\/\" \/>\n<meta property=\"og:locale\" content=\"es_ES\" \/>\n<meta property=\"og:type\" content=\"article\" \/>\n<meta property=\"og:title\" content=\"Camisa Outdoor Ripstop Jubae M\/L Hombre 100% Poliester - Uniformes Ludo\" \/>\n<meta property=\"og:description\" content=\"Cotizar\" \/>\n<meta property=\"og:url\" content=\"https:\/\/uniformesludo.cl\/index.php\/producto\/camisa-outdoor-ripstop-jubae-m-l-hombre-100-poliester\/\" \/>\n<meta property=\"og:site_name\" content=\"Uniformes Ludo\" \/>\n<meta property=\"article:modified_time\" content=\"2024-10-23T17:06:38+00:00\" \/>\n<meta property=\"og:image\" content=\"https:\/\/uniformesludo.cl\/wp-content\/uploads\/2019\/11\/10035.jpg\" \/>\n\t<meta property=\"og:image:width\" content=\"900\" \/>\n\t<meta property=\"og:image:height\" content=\"900\" \/>\n\t<meta property=\"og:image:type\" content=\"image\/jpeg\" \/>\n<meta name=\"twitter:card\" content=\"summary_large_image\" \/>\n<script type=\"application\/ld+json\" class=\"yoast-schema-graph\">{\"@context\":\"https:\/\/schema.org\",\"@graph\":[{\"@type\":\"WebPage\",\"@id\":\"https:\/\/uniformesludo.cl\/index.php\/producto\/camisa-outdoor-ripstop-jubae-m-l-hombre-100-poliester\/\",\"url\":\"https:\/\/uniformesludo.cl\/index.php\/producto\/camisa-outdoor-ripstop-jubae-m-l-hombre-100-poliester\/\",\"name\":\"Camisa Outdoor Ripstop Jubae M\/L Hombre 100% Poliester - Uniformes Ludo\",\"isPartOf\":{\"@id\":\"https:\/\/uniformesludo.cl\/#website\"},\"primaryImageOfPage\":{\"@id\":\"https:\/\/uniformesludo.cl\/index.php\/producto\/camisa-outdoor-ripstop-jubae-m-l-hombre-100-poliester\/#primaryimage\"},\"image\":{\"@id\":\"https:\/\/uniformesludo.cl\/index.php\/producto\/camisa-outdoor-ripstop-jubae-m-l-hombre-100-poliester\/#primaryimage\"},\"thumbnailUrl\":\"https:\/\/uniformesludo.cl\/wp-content\/uploads\/2019\/11\/10035.jpg\",\"datePublished\":\"2019-11-06T11:09:51+00:00\",\"dateModified\":\"2024-10-23T17:06:38+00:00\",\"breadcrumb\":{\"@id\":\"https:\/\/uniformesludo.cl\/index.php\/producto\/camisa-outdoor-ripstop-jubae-m-l-hombre-100-poliester\/#breadcrumb\"},\"inLanguage\":\"es\",\"potentialAction\":[{\"@type\":\"ReadAction\",\"target\":[\"https:\/\/uniformesludo.cl\/index.php\/producto\/camisa-outdoor-ripstop-jubae-m-l-hombre-100-poliester\/\"]}]},{\"@type\":\"ImageObject\",\"inLanguage\":\"es\",\"@id\":\"https:\/\/uniformesludo.cl\/index.php\/producto\/camisa-outdoor-ripstop-jubae-m-l-hombre-100-poliester\/#primaryimage\",\"url\":\"https:\/\/uniformesludo.cl\/wp-content\/uploads\/2019\/11\/10035.jpg\",\"contentUrl\":\"https:\/\/uniformesludo.cl\/wp-content\/uploads\/2019\/11\/10035.jpg\",\"width\":900,\"height\":900},{\"@type\":\"BreadcrumbList\",\"@id\":\"https:\/\/uniformesludo.cl\/index.php\/producto\/camisa-outdoor-ripstop-jubae-m-l-hombre-100-poliester\/#breadcrumb\",\"itemListElement\":[{\"@type\":\"ListItem\",\"position\":1,\"name\":\"Portada\",\"item\":\"https:\/\/uniformesludo.cl\/\"},{\"@type\":\"ListItem\",\"position\":2,\"name\":\"Tienda\",\"item\":\"https:\/\/uniformesludo.cl\/index.php\/tienda\/\"},{\"@type\":\"ListItem\",\"position\":3,\"name\":\"Camisa Outdoor Ripstop Jubae M\/L Hombre 100% Poliester\"}]},{\"@type\":\"WebSite\",\"@id\":\"https:\/\/uniformesludo.cl\/#website\",\"url\":\"https:\/\/uniformesludo.cl\/\",\"name\":\"Uniformes Ludo\",\"description\":\"Es una de las empresas comercializadoras de Ropa de trabajo, confecci\u00f3n, productos de protecci\u00f3n, prevenci\u00f3n y seguridad una de las m\u00e1s importantes de nuestro pa\u00eds, reconocida a nivel Nacional, con numerosos clientes a lo largo de Chile que avalan su compromiso de calidad. De igual forma, existe una permanente preocupaci\u00f3n por mantener un servicio integral de excelencia que permita identificarnos como \u201cel mejor equipo, la mejor empresa e inversi\u00f3n\u201d.\",\"potentialAction\":[{\"@type\":\"SearchAction\",\"target\":{\"@type\":\"EntryPoint\",\"urlTemplate\":\"https:\/\/uniformesludo.cl\/?s={search_term_string}\"},\"query-input\":{\"@type\":\"PropertyValueSpecification\",\"valueRequired\":true,\"valueName\":\"search_term_string\"}}],\"inLanguage\":\"es\"}]}<\/script>\n<!-- \/ Yoast SEO plugin. -->","yoast_head_json":{"title":"Camisa Outdoor Ripstop Jubae M\/L Hombre 100% Poliester - Uniformes Ludo","robots":{"index":"index","follow":"follow","max-snippet":"max-snippet:-1","max-image-preview":"max-image-preview:large","max-video-preview":"max-video-preview:-1"},"canonical":"https:\/\/uniformesludo.cl\/index.php\/producto\/camisa-outdoor-ripstop-jubae-m-l-hombre-100-poliester\/","og_locale":"es_ES","og_type":"article","og_title":"Camisa Outdoor Ripstop Jubae M\/L Hombre 100% Poliester - Uniformes Ludo","og_description":"Cotizar","og_url":"https:\/\/uniformesludo.cl\/index.php\/producto\/camisa-outdoor-ripstop-jubae-m-l-hombre-100-poliester\/","og_site_name":"Uniformes Ludo","article_modified_time":"2024-10-23T17:06:38+00:00","og_image":[{"width":900,"height":900,"url":"https:\/\/uniformesludo.cl\/wp-content\/uploads\/2019\/11\/10035.jpg","type":"image\/jpeg"}],"twitter_card":"summary_large_image","schema":{"@context":"https:\/\/schema.org","@graph":[{"@type":"WebPage","@id":"https:\/\/uniformesludo.cl\/index.php\/producto\/camisa-outdoor-ripstop-jubae-m-l-hombre-100-poliester\/","url":"https:\/\/uniformesludo.cl\/index.php\/producto\/camisa-outdoor-ripstop-jubae-m-l-hombre-100-poliester\/","name":"Camisa Outdoor Ripstop Jubae M\/L Hombre 100% Poliester - Uniformes Ludo","isPartOf":{"@id":"https:\/\/uniformesludo.cl\/#website"},"primaryImageOfPage":{"@id":"https:\/\/uniformesludo.cl\/index.php\/producto\/camisa-outdoor-ripstop-jubae-m-l-hombre-100-poliester\/#primaryimage"},"image":{"@id":"https:\/\/uniformesludo.cl\/index.php\/producto\/camisa-outdoor-ripstop-jubae-m-l-hombre-100-poliester\/#primaryimage"},"thumbnailUrl":"https:\/\/uniformesludo.cl\/wp-content\/uploads\/2019\/11\/10035.jpg","datePublished":"2019-11-06T11:09:51+00:00","dateModified":"2024-10-23T17:06:38+00:00","breadcrumb":{"@id":"https:\/\/uniformesludo.cl\/index.php\/producto\/camisa-outdoor-ripstop-jubae-m-l-hombre-100-poliester\/#breadcrumb"},"inLanguage":"es","potentialAction":[{"@type":"ReadAction","target":["https:\/\/uniformesludo.cl\/index.php\/producto\/camisa-outdoor-ripstop-jubae-m-l-hombre-100-poliester\/"]}]},{"@type":"ImageObject","inLanguage":"es","@id":"https:\/\/uniformesludo.cl\/index.php\/producto\/camisa-outdoor-ripstop-jubae-m-l-hombre-100-poliester\/#primaryimage","url":"https:\/\/uniformesludo.cl\/wp-content\/uploads\/2019\/11\/10035.jpg","contentUrl":"https:\/\/uniformesludo.cl\/wp-content\/uploads\/2019\/11\/10035.jpg","width":900,"height":900},{"@type":"BreadcrumbList","@id":"https:\/\/uniformesludo.cl\/index.php\/producto\/camisa-outdoor-ripstop-jubae-m-l-hombre-100-poliester\/#breadcrumb","itemListElement":[{"@type":"ListItem","position":1,"name":"Portada","item":"https:\/\/uniformesludo.cl\/"},{"@type":"ListItem","position":2,"name":"Tienda","item":"https:\/\/uniformesludo.cl\/index.php\/tienda\/"},{"@type":"ListItem","position":3,"name":"Camisa Outdoor Ripstop Jubae M\/L Hombre 100% Poliester"}]},{"@type":"WebSite","@id":"https:\/\/uniformesludo.cl\/#website","url":"https:\/\/uniformesludo.cl\/","name":"Uniformes Ludo","description":"Es una de las empresas comercializadoras de Ropa de trabajo, confecci\u00f3n, productos de protecci\u00f3n, prevenci\u00f3n y seguridad una de las m\u00e1s importantes de nuestro pa\u00eds, reconocida a nivel Nacional, con numerosos clientes a lo largo de Chile que avalan su compromiso de calidad. De igual forma, existe una permanente preocupaci\u00f3n por mantener un servicio integral de excelencia que permita identificarnos como \u201cel mejor equipo, la mejor empresa e inversi\u00f3n\u201d.","potentialAction":[{"@type":"SearchAction","target":{"@type":"EntryPoint","urlTemplate":"https:\/\/uniformesludo.cl\/?s={search_term_string}"},"query-input":{"@type":"PropertyValueSpecification","valueRequired":true,"valueName":"search_term_string"}}],"inLanguage":"es"}]}},"_links":{"self":[{"href":"https:\/\/uniformesludo.cl\/index.php\/wp-json\/wp\/v2\/product\/10006917","targetHints":{"allow":["GET"]}}],"collection":[{"href":"https:\/\/uniformesludo.cl\/index.php\/wp-json\/wp\/v2\/product"}],"about":[{"href":"https:\/\/uniformesludo.cl\/index.php\/wp-json\/wp\/v2\/types\/product"}],"replies":[{"embeddable":true,"href":"https:\/\/uniformesludo.cl\/index.php\/wp-json\/wp\/v2\/comments?post=10006917"}],"wp:featuredmedia":[{"embeddable":true,"href":"https:\/\/uniformesludo.cl\/index.php\/wp-json\/wp\/v2\/media\/10007082"}],"wp:attachment":[{"href":"https:\/\/uniformesludo.cl\/index.php\/wp-json\/wp\/v2\/media?parent=10006917"}],"wp:term":[{"taxonomy":"product_brand","embeddable":true,"href":"https:\/\/uniformesludo.cl\/index.php\/wp-json\/wp\/v2\/product_brand?post=10006917"},{"taxonomy":"product_cat","embeddable":true,"href":"https:\/\/uniformesludo.cl\/index.php\/wp-json\/wp\/v2\/product_cat?post=10006917"},{"taxonomy":"product_tag","embeddable":true,"href":"https:\/\/uniformesludo.cl\/index.php\/wp-json\/wp\/v2\/product_tag?post=10006917"}],"curies":[{"name":"wp","href":"https:\/\/api.w.org\/{rel}","templated":true}]}}