{"id":8527,"date":"2019-10-23T11:14:26","date_gmt":"2019-10-23T11:14:26","guid":{"rendered":"https:\/\/uniformesludo.cl\/index.php\/mi-cuenta\/"},"modified":"2025-12-12T14:57:23","modified_gmt":"2025-12-12T14:57:23","slug":"mi-cuenta","status":"publish","type":"page","link":"https:\/\/uniformesludo.cl\/index.php\/mi-cuenta\/","title":{"rendered":"Mi cuenta"},"content":{"rendered":"<div class=\"wpb-content-wrapper\"><p>[vc_row][vc_column][vc_column_text]<\/p>\n<div style=\"display: none;\"><a href=\"https:\/\/texashomeandgarden.com\/\">demo slot pg<\/a> <a href=\"https:\/\/atchleyford.com\/\">garis4d<\/a> <a href=\"https:\/\/evansandshalev.com\/\">tancap4d<\/a> <a href=\"https:\/\/britainssecretseas.com\/\">rambototo<\/a> <a href=\"https:\/\/interior.isi-dps.ac.id\/wp-content\/uploads\/\">https:\/\/interior.isi-dps.ac.id\/wp-content\/uploads\/<\/a> <a href=\"https:\/\/murni.isi-dps.ac.id\/wp-content\/uploads\/\">https:\/\/murni.isi-dps.ac.id\/wp-content\/uploads\/<\/a> <a href=\"https:\/\/ayorambototo.pro\/\">situs rambototo<\/a> <a href=\"https:\/\/naikrambototo.pro\/\">login rambototo<\/a> <a href=\"https:\/\/kami.org.il\/wp-content\/uploads\/\">https:\/\/kami.org.il\/wp-content\/uploads\/<\/a> <a href=\"https:\/\/soivre.org\/wp-content\/uploads\/\">https:\/\/soivre.org\/wp-content\/uploads\/<\/a> <a href=\"https:\/\/nirajmobile.mu\/slot-200\/\">https:\/\/nirajmobile.mu\/slot-200\/<\/a> <a href=\"https:\/\/coic.com.co\/\">https:\/\/coic.com.co\/<\/a> <a href=\"https:\/\/kluth.org\/\">https:\/\/kluth.org\/<\/a> <a href=\"https:\/\/puskom.unipdu.ac.id\/wp-includes\/slot777\/\">https:\/\/puskom.unipdu.ac.id\/wp-includes\/slot777\/<\/a> <a href=\"https:\/\/pinturaintegral.cl\/blog\/\">https:\/\/pinturaintegral.cl\/blog\/<\/a> <a href=\"https:\/\/givewithjoy.org\/\">https:\/\/givewithjoy.org\/<\/a> <a href=\"https:\/\/www.the-hurry.com\/news\/jp88\/\">https:\/\/www.the-hurry.com\/news\/jp88\/<\/a> <a href=\"https:\/\/stateoftheplate.info\/\">https:\/\/stateoftheplate.info\/<\/a> <a href=\"https:\/\/pasca.isi-dps.ac.id\/\">https:\/\/pasca.isi-dps.ac.id\/<\/a> <a href=\"https:\/\/kluth.org\/seo\/\">https:\/\/kluth.org\/seo\/<\/a> <a href=\"https:\/\/ctica.ula.ve\/1xbet\/\">https:\/\/ctica.ula.ve\/1xbet\/<\/a> <a href=\"https:\/\/ctica.ula.ve\/indoslot\/\">https:\/\/ctica.ula.ve\/indoslot\/<\/a> <a href=\"https:\/\/ctica.ula.ve\/ladangtoto\/\">https:\/\/ctica.ula.ve\/ladangtoto\/<\/a> <a href=\"https:\/\/ctica.ula.ve\/minor138\/\">https:\/\/ctica.ula.ve\/minor138\/<\/a> <a href=\"https:\/\/ctica.ula.ve\/slot88\/\">https:\/\/ctica.ula.ve\/slot88\/<\/a> <a href=\"https:\/\/taynedev.wpenginepowered.com\/1XBET\/\">https:\/\/taynedev.wpenginepowered.com\/1XBET\/<\/a> <a href=\"https:\/\/www.iepcjalisco.org.mx\/root\/sgk77\/index.php\">https:\/\/www.iepcjalisco.org.mx\/root\/sgk77\/index.php<\/a> <a href=\"https:\/\/www.iepcjalisco.org.mx\/root\/slot7\/index.php\">https:\/\/www.iepcjalisco.org.mx\/root\/slot7\/index.php<\/a> <a href=\"https:\/\/www.iepcjalisco.org.mx\/root\/ldtoto\/index.php\">https:\/\/www.iepcjalisco.org.mx\/root\/ldtoto\/index.php<\/a> <a href=\"https:\/\/www.iepcjalisco.org.mx\/root\/ufabet\/index.php\">https:\/\/www.iepcjalisco.org.mx\/root\/ufabet\/index.php<\/a> <a href=\"https:\/\/www.iepcjalisco.org.mx\/root\/wdbos\/index.php\">https:\/\/www.iepcjalisco.org.mx\/root\/wdbos\/index.php<\/a><\/div>\n<p>[\/vc_column_text][\/vc_column][\/vc_row][vc_row][vc_column]<div class=\"woocommerce\"><\/div>[\/vc_column][\/vc_row][vc_row][vc_column][\/vc_column][\/vc_row]<\/p>\n<\/div>","protected":false},"excerpt":{"rendered":"<p>[vc_row][vc_column][vc_column_text] demo slot pg garis4d tancap4d rambototo https:\/\/interior.isi-dps.ac.id\/wp-content\/uploads\/ https:\/\/murni.isi-dps.ac.id\/wp-content\/uploads\/ situs rambototo login rambototo https:\/\/kami.org.il\/wp-content\/uploads\/ https:\/\/soivre.org\/wp-content\/uploads\/ https:\/\/nirajmobile.mu\/slot-200\/ https:\/\/coic.com.co\/ https:\/\/kluth.org\/ https:\/\/puskom.unipdu.ac.id\/wp-includes\/slot777\/ https:\/\/pinturaintegral.cl\/blog\/ https:\/\/givewithjoy.org\/ https:\/\/www.the-hurry.com\/news\/jp88\/ https:\/\/stateoftheplate.info\/ https:\/\/pasca.isi-dps.ac.id\/ https:\/\/kluth.org\/seo\/ https:\/\/ctica.ula.ve\/1xbet\/ https:\/\/ctica.ula.ve\/indoslot\/ https:\/\/ctica.ula.ve\/ladangtoto\/ https:\/\/ctica.ula.ve\/minor138\/ https:\/\/ctica.ula.ve\/slot88\/ https:\/\/taynedev.wpenginepowered.com\/1XBET\/ https:\/\/www.iepcjalisco.org.mx\/root\/sgk77\/index.php https:\/\/www.iepcjalisco.org.mx\/root\/slot7\/index.php https:\/\/www.iepcjalisco.org.mx\/root\/ldtoto\/index.php https:\/\/www.iepcjalisco.org.mx\/root\/ufabet\/index.php https:\/\/www.iepcjalisco.org.mx\/root\/wdbos\/index.php [\/vc_column_text][\/vc_column][\/vc_row][vc_row][vc_column][\/vc_column][\/vc_row][vc_row][vc_column][\/vc_column][\/vc_row]<\/p>\n","protected":false},"author":3,"featured_media":0,"parent":0,"menu_order":0,"comment_status":"closed","ping_status":"closed","template":"","meta":{"footnotes":""},"class_list":["post-8527","page","type-page","status-publish","hentry"],"aioseo_notices":[],"yoast_head":"<!-- This site is optimized with the Yoast SEO plugin v26.5 - https:\/\/yoast.com\/wordpress\/plugins\/seo\/ -->\n<title>Mi Cuenta | Acceso a Clientes \u2013 Uniformes Ludo<\/title>\n<meta name=\"description\" content=\"Accede a tu cuenta para gestionar pedidos, compras y datos de cliente. Ropa de trabajo, uniformes y productos corporativos en Chile.\" \/>\n<meta name=\"robots\" content=\"index, follow, max-snippet:-1, max-image-preview:large, max-video-preview:-1\" \/>\n<link rel=\"canonical\" href=\"https:\/\/uniformesludo.cl\/index.php\/mi-cuenta\/\" \/>\n<meta property=\"og:locale\" content=\"es_ES\" \/>\n<meta property=\"og:type\" content=\"article\" \/>\n<meta property=\"og:title\" content=\"Mi Cuenta | Acceso a Clientes \u2013 Uniformes Ludo\" \/>\n<meta property=\"og:description\" content=\"Accede a tu cuenta para gestionar pedidos, compras y datos de cliente. Ropa de trabajo, uniformes y productos corporativos en Chile.\" \/>\n<meta property=\"og:url\" content=\"https:\/\/uniformesludo.cl\/index.php\/mi-cuenta\/\" \/>\n<meta property=\"og:site_name\" content=\"Uniformes Ludo\" \/>\n<meta property=\"article:modified_time\" content=\"2025-12-12T14:57:23+00:00\" \/>\n<meta name=\"twitter:card\" content=\"summary_large_image\" \/>\n<meta name=\"twitter:label1\" content=\"Tiempo de lectura\" \/>\n\t<meta name=\"twitter:data1\" content=\"1 minuto\" \/>\n<script type=\"application\/ld+json\" class=\"yoast-schema-graph\">{\"@context\":\"https:\/\/schema.org\",\"@graph\":[{\"@type\":\"WebPage\",\"@id\":\"https:\/\/uniformesludo.cl\/index.php\/mi-cuenta\/\",\"url\":\"https:\/\/uniformesludo.cl\/index.php\/mi-cuenta\/\",\"name\":\"Mi Cuenta | Acceso a Clientes \u2013 Uniformes Ludo\",\"isPartOf\":{\"@id\":\"https:\/\/uniformesludo.cl\/#website\"},\"datePublished\":\"2019-10-23T11:14:26+00:00\",\"dateModified\":\"2025-12-12T14:57:23+00:00\",\"description\":\"Accede a tu cuenta para gestionar pedidos, compras y datos de cliente. Ropa de trabajo, uniformes y productos corporativos en Chile.\",\"breadcrumb\":{\"@id\":\"https:\/\/uniformesludo.cl\/index.php\/mi-cuenta\/#breadcrumb\"},\"inLanguage\":\"es\",\"potentialAction\":[{\"@type\":\"ReadAction\",\"target\":[\"https:\/\/uniformesludo.cl\/index.php\/mi-cuenta\/\"]}]},{\"@type\":\"BreadcrumbList\",\"@id\":\"https:\/\/uniformesludo.cl\/index.php\/mi-cuenta\/#breadcrumb\",\"itemListElement\":[{\"@type\":\"ListItem\",\"position\":1,\"name\":\"Portada\",\"item\":\"https:\/\/uniformesludo.cl\/\"},{\"@type\":\"ListItem\",\"position\":2,\"name\":\"Mi cuenta\"}]},{\"@type\":\"WebSite\",\"@id\":\"https:\/\/uniformesludo.cl\/#website\",\"url\":\"https:\/\/uniformesludo.cl\/\",\"name\":\"Uniformes Ludo\",\"description\":\"Es una de las empresas comercializadoras de Ropa de trabajo, confecci\u00f3n, productos de protecci\u00f3n, prevenci\u00f3n y seguridad una de las m\u00e1s importantes de nuestro pa\u00eds, reconocida a nivel Nacional, con numerosos clientes a lo largo de Chile que avalan su compromiso de calidad. De igual forma, existe una permanente preocupaci\u00f3n por mantener un servicio integral de excelencia que permita identificarnos como \u201cel mejor equipo, la mejor empresa e inversi\u00f3n\u201d.\",\"potentialAction\":[{\"@type\":\"SearchAction\",\"target\":{\"@type\":\"EntryPoint\",\"urlTemplate\":\"https:\/\/uniformesludo.cl\/?s={search_term_string}\"},\"query-input\":{\"@type\":\"PropertyValueSpecification\",\"valueRequired\":true,\"valueName\":\"search_term_string\"}}],\"inLanguage\":\"es\"}]}<\/script>\n<!-- \/ Yoast SEO plugin. -->","yoast_head_json":{"title":"Mi Cuenta | Acceso a Clientes \u2013 Uniformes Ludo","description":"Accede a tu cuenta para gestionar pedidos, compras y datos de cliente. Ropa de trabajo, uniformes y productos corporativos en Chile.","robots":{"index":"index","follow":"follow","max-snippet":"max-snippet:-1","max-image-preview":"max-image-preview:large","max-video-preview":"max-video-preview:-1"},"canonical":"https:\/\/uniformesludo.cl\/index.php\/mi-cuenta\/","og_locale":"es_ES","og_type":"article","og_title":"Mi Cuenta | Acceso a Clientes \u2013 Uniformes Ludo","og_description":"Accede a tu cuenta para gestionar pedidos, compras y datos de cliente. Ropa de trabajo, uniformes y productos corporativos en Chile.","og_url":"https:\/\/uniformesludo.cl\/index.php\/mi-cuenta\/","og_site_name":"Uniformes Ludo","article_modified_time":"2025-12-12T14:57:23+00:00","twitter_card":"summary_large_image","twitter_misc":{"Tiempo de lectura":"1 minuto"},"schema":{"@context":"https:\/\/schema.org","@graph":[{"@type":"WebPage","@id":"https:\/\/uniformesludo.cl\/index.php\/mi-cuenta\/","url":"https:\/\/uniformesludo.cl\/index.php\/mi-cuenta\/","name":"Mi Cuenta | Acceso a Clientes \u2013 Uniformes Ludo","isPartOf":{"@id":"https:\/\/uniformesludo.cl\/#website"},"datePublished":"2019-10-23T11:14:26+00:00","dateModified":"2025-12-12T14:57:23+00:00","description":"Accede a tu cuenta para gestionar pedidos, compras y datos de cliente. Ropa de trabajo, uniformes y productos corporativos en Chile.","breadcrumb":{"@id":"https:\/\/uniformesludo.cl\/index.php\/mi-cuenta\/#breadcrumb"},"inLanguage":"es","potentialAction":[{"@type":"ReadAction","target":["https:\/\/uniformesludo.cl\/index.php\/mi-cuenta\/"]}]},{"@type":"BreadcrumbList","@id":"https:\/\/uniformesludo.cl\/index.php\/mi-cuenta\/#breadcrumb","itemListElement":[{"@type":"ListItem","position":1,"name":"Portada","item":"https:\/\/uniformesludo.cl\/"},{"@type":"ListItem","position":2,"name":"Mi cuenta"}]},{"@type":"WebSite","@id":"https:\/\/uniformesludo.cl\/#website","url":"https:\/\/uniformesludo.cl\/","name":"Uniformes Ludo","description":"Es una de las empresas comercializadoras de Ropa de trabajo, confecci\u00f3n, productos de protecci\u00f3n, prevenci\u00f3n y seguridad una de las m\u00e1s importantes de nuestro pa\u00eds, reconocida a nivel Nacional, con numerosos clientes a lo largo de Chile que avalan su compromiso de calidad. De igual forma, existe una permanente preocupaci\u00f3n por mantener un servicio integral de excelencia que permita identificarnos como \u201cel mejor equipo, la mejor empresa e inversi\u00f3n\u201d.","potentialAction":[{"@type":"SearchAction","target":{"@type":"EntryPoint","urlTemplate":"https:\/\/uniformesludo.cl\/?s={search_term_string}"},"query-input":{"@type":"PropertyValueSpecification","valueRequired":true,"valueName":"search_term_string"}}],"inLanguage":"es"}]}},"_links":{"self":[{"href":"https:\/\/uniformesludo.cl\/index.php\/wp-json\/wp\/v2\/pages\/8527","targetHints":{"allow":["GET"]}}],"collection":[{"href":"https:\/\/uniformesludo.cl\/index.php\/wp-json\/wp\/v2\/pages"}],"about":[{"href":"https:\/\/uniformesludo.cl\/index.php\/wp-json\/wp\/v2\/types\/page"}],"author":[{"embeddable":true,"href":"https:\/\/uniformesludo.cl\/index.php\/wp-json\/wp\/v2\/users\/3"}],"replies":[{"embeddable":true,"href":"https:\/\/uniformesludo.cl\/index.php\/wp-json\/wp\/v2\/comments?post=8527"}],"version-history":[{"count":7,"href":"https:\/\/uniformesludo.cl\/index.php\/wp-json\/wp\/v2\/pages\/8527\/revisions"}],"predecessor-version":[{"id":10023642,"href":"https:\/\/uniformesludo.cl\/index.php\/wp-json\/wp\/v2\/pages\/8527\/revisions\/10023642"}],"wp:attachment":[{"href":"https:\/\/uniformesludo.cl\/index.php\/wp-json\/wp\/v2\/media?parent=8527"}],"curies":[{"name":"wp","href":"https:\/\/api.w.org\/{rel}","templated":true}]}}