{"id":8461,"date":"2019-05-21T14:01:18","date_gmt":"2019-05-21T14:01:18","guid":{"rendered":"http:\/\/8theme.com\/import\/xstore\/versions\/?page_id=8461"},"modified":"2025-12-12T14:02:07","modified_gmt":"2025-12-12T14:02:07","slug":"home-babyland01","status":"publish","type":"page","link":"https:\/\/uniformesludo.cl\/","title":{"rendered":"Inicio"},"content":{"rendered":"<div class=\"wpb-content-wrapper\"><p>[vc_row full_width=\u00bbstretch_row_content_no_spaces\u00bb css=\u00bb.vc_custom_1724955705439{padding-top: 0px !important;background-color: #ffffff !important;}\u00bb][vc_column css=\u00bb.vc_custom_1724955888860{padding-top: 0px !important;}\u00bb][vc_column_text css=\u00bb\u00bb][\/vc_column_text][vc_column_text css=\u00bb\u00bb]<\/p>\n<div class=\"frase-1\">\n<h1>Todo lo que necesitas<\/h1>\n<h4>ENCUENTRALO AHORA&gt;&gt;<\/h4>\n<\/div>\n<p>[\/vc_column_text][\/vc_column][\/vc_row][vc_row el_class=\u00bbmis-categorias\u00bb][vc_column width=\u00bb1\/5&#8243; url=\u00bburl:%2Findex.php%2Fproduct-tag%2Fchaquetas%2F|||\u00bb css=\u00bb.vc_custom_1723231008406{margin-top: 0px !important;margin-right: 0px !important;margin-bottom: 0px !important;margin-left: 0px !important;border-top-width: 0px !important;border-right-width: 0px !important;border-bottom-width: 0px !important;border-left-width: 0px !important;padding-top: 0px !important;padding-right: 0px !important;padding-bottom: 0px !important;padding-left: 0px !important;}\u00bb][vc_single_image image=\u00bb10015204&#8243; img_size=\u00bbfull\u00bb add_caption=\u00bbyes\u00bb alignment=\u00bbcenter\u00bb title=\u00bbCHAQUETAS\u00bb][\/vc_column][vc_column width=\u00bb1\/5&#8243; url=\u00bburl:%2Findex.php%2Fproduct-tag%2Fpantalones%2F|||\u00bb css=\u00bb.vc_custom_1723231136400{margin-top: 0px !important;margin-right: 0px !important;margin-bottom: 0px !important;margin-left: 0px !important;border-top-width: 0px !important;border-right-width: 0px !important;border-bottom-width: 0px !important;border-left-width: 0px !important;padding-top: 0px !important;padding-right: 0px !important;padding-bottom: 0px !important;padding-left: 0px !important;}\u00bb][vc_single_image image=\u00bb10014741&#8243; img_size=\u00bbfull\u00bb add_caption=\u00bbyes\u00bb alignment=\u00bbcenter\u00bb title=\u00bbPANTALONES\u00bb][\/vc_column][vc_column width=\u00bb1\/5&#8243; url=\u00bburl:%2Findex.php%2Fproduct-tag%2Fblusas-y-camisas%2F|||\u00bb css=\u00bb.vc_custom_1723231188668{margin-top: 0px !important;margin-right: 0px !important;margin-bottom: 0px !important;margin-left: 0px !important;border-top-width: 0px !important;border-right-width: 0px !important;border-bottom-width: 0px !important;border-left-width: 0px !important;padding-top: 0px !important;padding-right: 0px !important;padding-bottom: 0px !important;padding-left: 0px !important;}\u00bb][vc_single_image image=\u00bb10014751&#8243; img_size=\u00bbfull\u00bb add_caption=\u00bbyes\u00bb alignment=\u00bbcenter\u00bb title=\u00bbPOLERAS, BLUSAS Y CAMISAS\u00bb][\/vc_column][vc_column width=\u00bb1\/5&#8243; url=\u00bburl:%2Findex.php%2Fproduct-category%2Flinea-termica%2F|||\u00bb css=\u00bb.vc_custom_1723231212263{margin-top: 0px !important;margin-right: 0px !important;margin-bottom: 0px !important;margin-left: 0px !important;border-top-width: 0px !important;border-right-width: 0px !important;border-bottom-width: 0px !important;border-left-width: 0px !important;padding-top: 0px !important;padding-right: 0px !important;padding-bottom: 0px !important;padding-left: 0px !important;}\u00bb][vc_single_image image=\u00bb10014755&#8243; img_size=\u00bbfull\u00bb add_caption=\u00bbyes\u00bb alignment=\u00bbcenter\u00bb title=\u00bbACCESORIOS. L\u00cdNEA T\u00c9RMICA\u00bb][\/vc_column][vc_column width=\u00bb1\/5&#8243; url=\u00bburl:%2Findex.php%2Fproduct-category%2Flinea-fluor%2F|||\u00bb css=\u00bb.vc_custom_1723231229854{margin-top: 0px !important;margin-right: 0px !important;margin-bottom: 0px !important;margin-left: 0px !important;border-top-width: 0px !important;border-right-width: 0px !important;border-bottom-width: 0px !important;border-left-width: 0px !important;padding-top: 0px !important;padding-right: 0px !important;padding-bottom: 0px !important;padding-left: 0px !important;}\u00bb][vc_single_image image=\u00bb10015202&#8243; img_size=\u00bbfull\u00bb add_caption=\u00bbyes\u00bb alignment=\u00bbcenter\u00bb title=\u00bbROPA FL\u00daOR\u00bb][\/vc_column][\/vc_row][vc_row el_class=\u00bbmis-categorias\u00bb][vc_column width=\u00bb1\/5&#8243; url=\u00bburl:%2Findex.php%2Fproduct-category%2Fseguridad-industrial%2F|||\u00bb css=\u00bb.vc_custom_1723231249487{margin-top: 0px !important;margin-right: 0px !important;margin-bottom: 0px !important;margin-left: 0px !important;border-top-width: 0px !important;border-right-width: 0px !important;border-bottom-width: 0px !important;border-left-width: 0px !important;padding-top: 0px !important;padding-right: 0px !important;padding-bottom: 0px !important;padding-left: 0px !important;}\u00bb][vc_single_image image=\u00bb10014756&#8243; img_size=\u00bbfull\u00bb add_caption=\u00bbyes\u00bb alignment=\u00bbcenter\u00bb title=\u00bbART\u00cdCULOS DE SEGURIDAD INDUSTRIAL\u00bb][\/vc_column][vc_column width=\u00bb1\/5&#8243; url=\u00bburl:%2Findex.php%2Fproduct-category%2Fludo-higiene%2F|||\u00bb css=\u00bb.vc_custom_1723231269883{margin-top: 0px !important;margin-right: 0px !important;margin-bottom: 0px !important;margin-left: 0px !important;border-top-width: 0px !important;border-right-width: 0px !important;border-bottom-width: 0px !important;border-left-width: 0px !important;padding-top: 0px !important;padding-right: 0px !important;padding-bottom: 0px !important;padding-left: 0px !important;}\u00bb][vc_single_image image=\u00bb10014762&#8243; img_size=\u00bbfull\u00bb add_caption=\u00bbyes\u00bb alignment=\u00bbcenter\u00bb title=\u00bbROPA E INSUMOS M\u00c9DICOS\u00bb][\/vc_column][vc_column width=\u00bb1\/5&#8243; url=\u00bburl:%2Findex.php%2Fproduct-category%2Fduchas-y-lava-ojos%2F|||\u00bb css=\u00bb.vc_custom_1764085014889{margin-top: 0px !important;margin-right: 0px !important;margin-bottom: 0px !important;margin-left: 0px !important;border-top-width: 0px !important;border-right-width: 0px !important;border-bottom-width: 0px !important;border-left-width: 0px !important;padding-top: 0px !important;padding-right: 0px !important;padding-bottom: 0px !important;padding-left: 0px !important;}\u00bb offset=\u00bbvc_hidden-lg vc_hidden-md vc_hidden-sm vc_hidden-xs\u00bb][vc_single_image image=\u00bb10015203&#8243; img_size=\u00bbfull\u00bb add_caption=\u00bbyes\u00bb alignment=\u00bbcenter\u00bb title=\u00bbART\u00cdCULOS DE LIMPIEZA\u00bb][\/vc_column][vc_column width=\u00bb1\/5&#8243; url=\u00bburl:%2Findex.php%2Fproduct-category%2Farticulos-publicitarios%2F|||\u00bb css=\u00bb.vc_custom_1723231308360{margin-top: 0px !important;margin-right: 0px !important;margin-bottom: 0px !important;margin-left: 0px !important;border-top-width: 0px !important;border-right-width: 0px !important;border-bottom-width: 0px !important;border-left-width: 0px !important;padding-top: 0px !important;padding-right: 0px !important;padding-bottom: 0px !important;padding-left: 0px !important;}\u00bb][vc_single_image image=\u00bb10014764&#8243; img_size=\u00bbfull\u00bb add_caption=\u00bbyes\u00bb alignment=\u00bbcenter\u00bb title=\u00bbART\u00cdCULOS PUBLICITARIOS\u00bb][\/vc_column][vc_column width=\u00bb1\/5&#8243; url=\u00bburl:%2Findex.php%2Fproduct-tag%2Fzapatos%2F|||\u00bb css=\u00bb.vc_custom_1723231327444{margin-top: 0px !important;margin-right: 0px !important;margin-bottom: 0px !important;margin-left: 0px !important;border-top-width: 0px !important;border-right-width: 0px !important;border-bottom-width: 0px !important;border-left-width: 0px !important;padding-top: 0px !important;padding-right: 0px !important;padding-bottom: 0px !important;padding-left: 0px !important;}\u00bb][vc_single_image image=\u00bb10023596&#8243; img_size=\u00bbfull\u00bb add_caption=\u00bbyes\u00bb alignment=\u00bbcenter\u00bb css=\u00bb\u00bb title=\u00bbZAPATOS\u00bb][\/vc_column][\/vc_row][vc_row full_width=\u00bbstretch_row_content_no_spaces\u00bb css=\u00bb.vc_custom_1723152077849{margin-top: 40px !important;background-color: #e2e2e2 !important;}\u00bb][vc_column][vc_column_text css=\u00bb.vc_custom_1723476882756{margin-bottom: 15px !important;}\u00bb]<\/p>\n<div class=\"sp-module-title\">\n<h3><b>D\u00e9janos tu requerimiento<\/b><\/h3>\n<\/div>\n<p>[\/vc_column_text][\/vc_column][\/vc_row][vc_row full_width=\u00bbstretch_row_content_no_spaces\u00bb css=\u00bb.vc_custom_1723151863134{margin-top: 0px !important;padding-top: 0px !important;background-color: #e2e2e2 !important;}\u00bb][vc_column css=\u00bb.vc_custom_1723151845664{margin-top: 0px !important;padding-top: 0px !important;}\u00bb][vc_column_text css=\u00bb.vc_custom_1723476650848{margin-top: 0px !important;padding-top: 0px !important;}\u00bb el_class=\u00bbMontserrat-Regular rojo subtitulo\u00bb]<\/p>\n<p style=\"text-align: center;\">LUDO le da a sus clientes, soluciones integrales ante cualquier necesidad o urgencia para el optimo funcionamiento\u00a0de\u00a0su\u00a0empresa.<\/p>\n<p>[\/vc_column_text][\/vc_column][\/vc_row][vc_row full_width=\u00bbstretch_row_content_no_spaces\u00bb content_placement=\u00bbmiddle\u00bb css=\u00bb.vc_custom_1723153801546{padding-bottom: 50px !important;background-color: #ff1225 !important;}\u00bb][vc_column width=\u00bb1\/3&#8243; el_class=\u00bbarrow-left\u00bb][vc_single_image image=\u00bb10014808&#8243; img_size=\u00bbfull\u00bb el_class=\u00bbmax-300&#8243;][\/vc_column][vc_column width=\u00bb1\/3&#8243; el_class=\u00bbcontacto-inicio\u00bb]\n<div class=\"wpcf7 no-js\" id=\"wpcf7-f4081-o1\" lang=\"en-US\" dir=\"ltr\">\n<div class=\"screen-reader-response\"><p role=\"status\" aria-live=\"polite\" aria-atomic=\"true\"><\/p> <ul><\/ul><\/div>\n<form action=\"\/index.php\/wp-json\/wp\/v2\/pages\/8461#wpcf7-f4081-o1\" method=\"post\" class=\"wpcf7-form init\" aria-label=\"Contact form\" novalidate=\"novalidate\" data-status=\"init\">\n<div style=\"display: none;\">\n<input type=\"hidden\" name=\"_wpcf7\" value=\"4081\" \/>\n<input type=\"hidden\" name=\"_wpcf7_version\" value=\"5.9.8\" \/>\n<input type=\"hidden\" name=\"_wpcf7_locale\" value=\"en_US\" \/>\n<input type=\"hidden\" name=\"_wpcf7_unit_tag\" value=\"wpcf7-f4081-o1\" \/>\n<input type=\"hidden\" name=\"_wpcf7_container_post\" value=\"0\" \/>\n<input type=\"hidden\" name=\"_wpcf7_posted_data_hash\" value=\"\" \/>\n<input type=\"hidden\" name=\"_wpcf7_recaptcha_response\" value=\"\" \/>\n<\/div>\n<p><label> <span class=\"wpcf7-form-control-wrap\" data-name=\"your-name\"><input size=\"40\" maxlength=\"400\" class=\"wpcf7-form-control wpcf7-text wpcf7-validates-as-required\" aria-required=\"true\" aria-invalid=\"false\" placeholder=\"Nombre\" value=\"\" type=\"text\" name=\"your-name\" \/><\/span> <\/label><br \/>\n<label> <span class=\"wpcf7-form-control-wrap\" data-name=\"your-email\"><input size=\"40\" maxlength=\"400\" class=\"wpcf7-form-control wpcf7-email wpcf7-validates-as-required wpcf7-text wpcf7-validates-as-email\" aria-required=\"true\" aria-invalid=\"false\" placeholder=\"Email\" value=\"\" type=\"email\" name=\"your-email\" \/><\/span> <\/label><br \/>\n<label> <span class=\"wpcf7-form-control-wrap\" data-name=\"your-tel\"><input size=\"40\" maxlength=\"400\" class=\"wpcf7-form-control wpcf7-text wpcf7-validates-as-required\" aria-required=\"true\" aria-invalid=\"false\" placeholder=\"Tel\u00e9fono\" value=\"\" type=\"text\" name=\"your-tel\" \/><\/span> <\/label><br \/>\n<label style=\"display:none;\"> <span class=\"wpcf7-form-control-wrap\" data-name=\"your-subject\"><input size=\"40\" maxlength=\"400\" class=\"wpcf7-form-control wpcf7-text\" aria-invalid=\"false\" value=\"Contacto Pagina Web\" type=\"text\" name=\"your-subject\" \/><\/span> <\/label><br \/>\n<label> <span class=\"wpcf7-form-control-wrap\" data-name=\"your-message\"><textarea cols=\"40\" rows=\"10\" maxlength=\"2000\" class=\"wpcf7-form-control wpcf7-textarea\" aria-invalid=\"false\" placeholder=\"Mensaje\" name=\"your-message\"><\/textarea><\/span> <\/label><br \/>\n<input class=\"wpcf7-form-control wpcf7-submit has-spinner\" type=\"submit\" value=\"Enviar\" \/>\n<\/p><input type='hidden' class='wpcf7-pum' value='{\"closepopup\":false,\"closedelay\":0,\"openpopup\":false,\"openpopup_id\":0}' \/><div class=\"wpcf7-response-output\" aria-hidden=\"true\"><\/div>\n<\/form>\n<\/div>\n[\/vc_column][vc_column width=\u00bb1\/3&#8243; el_class=\u00bbarrow-right\u00bb][vc_single_image image=\u00bb10014808&#8243; img_size=\u00bbfull\u00bb alignment=\u00bbright\u00bb el_class=\u00bbmax-300&#8243;][\/vc_column][\/vc_row][vc_row full_width=\u00bbstretch_row_content\u00bb full_height=\u00bbyes\u00bb css=\u00bb.vc_custom_1723213677444{background-image: url(https:\/\/uniformesludo.cl\/wp-content\/uploads\/2024\/08\/fondo-tel.png?id=10014826) !important;background-position: center !important;background-repeat: no-repeat !important;background-size: cover !important;}\u00bb][vc_column][vc_raw_html css=\u00bb.vc_custom_1717006045533{border-top-width: 10px !important;border-top-color: #ededed !important;}\u00bb]JTNDaWZyYW1lJTIwc3R5bGUlM0QlMjJkaXNwbGF5JTNBJTIwYmxvY2slM0IlMEElMjAlMjBtYXJnaW4lM0ElMjAwcHglMjBhdXRvJTNCJTIyJTIwd2lkdGglM0QlMjI2MDAlMjIlMjBoZWlnaHQlM0QlMjI0MDAlMjIlMjBzcmMlM0QlMjJodHRwcyUzQSUyRiUyRnd3dy55b3V0dWJlLmNvbSUyRmVtYmVkJTJGVzVHZnY0WkowMVUlMjIlMjBmcmFtZWJvcmRlciUzRCUyMjAlMjIlMjBhbGxvdyUzRCUyMmFjY2VsZXJvbWV0ZXIlM0IlMjBhdXRvcGxheSUzQiUyMGVuY3J5cHRlZC1tZWRpYSUzQiUyMGd5cm9zY29wZSUzQiUyMHBpY3R1cmUtaW4tcGljdHVyZSUyMiUyMGFsbG93ZnVsbHNjcmVlbiUzRSUzQyUyRmlmcmFtZSUzRQ==[\/vc_raw_html][\/vc_column][\/vc_row]<\/p>\n<\/div>","protected":false},"excerpt":{"rendered":"<p>[vc_row full_width=\u00bbstretch_row_content_no_spaces\u00bb css=\u00bb.vc_custom_1724955705439{padding-top: 0px !important;background-color: #ffffff !important;}\u00bb][vc_column css=\u00bb.vc_custom_1724955888860{padding-top: 0px !important;}\u00bb][vc_column_text css=\u00bb\u00bb][\/vc_column_text][vc_column_text css=\u00bb\u00bb] Todo lo que necesitas ENCUENTRALO AHORA&gt;&gt; [\/vc_column_text][\/vc_column][\/vc_row][vc_row el_class=\u00bbmis-categorias\u00bb][vc_column width=\u00bb1\/5&#8243; url=\u00bburl:%2Findex.php%2Fproduct-tag%2Fchaquetas%2F|||\u00bb css=\u00bb.vc_custom_1723231008406{margin-top: 0px !important;margin-right: 0px !important;margin-bottom: 0px !important;margin-left: 0px !important;border-top-width: 0px !important;border-right-width: 0px !important;border-bottom-width: 0px !important;border-left-width: 0px !important;padding-top: 0px !important;padding-right: 0px !important;padding-bottom: 0px !important;padding-left:&#8230;<\/p>\n","protected":false},"author":3,"featured_media":0,"parent":0,"menu_order":0,"comment_status":"closed","ping_status":"closed","template":"","meta":{"footnotes":""},"class_list":["post-8461","page","type-page","status-publish","hentry"],"aioseo_notices":[],"yoast_head":"<!-- This site is optimized with the Yoast SEO plugin v26.5 - https:\/\/yoast.com\/wordpress\/plugins\/seo\/ -->\n<title>Inicio - Uniformes Ludo<\/title>\n<meta name=\"robots\" content=\"index, follow, max-snippet:-1, max-image-preview:large, max-video-preview:-1\" \/>\n<link rel=\"canonical\" href=\"https:\/\/uniformesludo.cl\/\" \/>\n<meta property=\"og:locale\" content=\"es_ES\" \/>\n<meta property=\"og:type\" content=\"article\" \/>\n<meta property=\"og:title\" content=\"Inicio - Uniformes Ludo\" \/>\n<meta property=\"og:description\" content=\"[vc_row full_width=\u00bbstretch_row_content_no_spaces\u00bb css=\u00bb.vc_custom_1724955705439{padding-top: 0px !important;background-color: #ffffff !important;}\u00bb][vc_column css=\u00bb.vc_custom_1724955888860{padding-top: 0px !important;}\u00bb][vc_column_text css=\u00bb\u00bb][\/vc_column_text][vc_column_text css=\u00bb\u00bb] Todo lo que necesitas ENCUENTRALO AHORA&gt;&gt; [\/vc_column_text][\/vc_column][\/vc_row][vc_row el_class=\u00bbmis-categorias\u00bb][vc_column width=\u00bb1\/5&#8243; url=\u00bburl:%2Findex.php%2Fproduct-tag%2Fchaquetas%2F|||\u00bb css=\u00bb.vc_custom_1723231008406{margin-top: 0px !important;margin-right: 0px !important;margin-bottom: 0px !important;margin-left: 0px !important;border-top-width: 0px !important;border-right-width: 0px !important;border-bottom-width: 0px !important;border-left-width: 0px !important;padding-top: 0px !important;padding-right: 0px !important;padding-bottom: 0px !important;padding-left:...\" \/>\n<meta property=\"og:url\" content=\"https:\/\/uniformesludo.cl\/\" \/>\n<meta property=\"og:site_name\" content=\"Uniformes Ludo\" \/>\n<meta property=\"article:modified_time\" content=\"2025-12-12T14:02:07+00:00\" \/>\n<meta name=\"twitter:card\" content=\"summary_large_image\" \/>\n<meta name=\"twitter:label1\" content=\"Tiempo de lectura\" \/>\n\t<meta name=\"twitter:data1\" content=\"5 minutos\" \/>\n<script type=\"application\/ld+json\" class=\"yoast-schema-graph\">{\"@context\":\"https:\/\/schema.org\",\"@graph\":[{\"@type\":\"WebPage\",\"@id\":\"https:\/\/uniformesludo.cl\/\",\"url\":\"https:\/\/uniformesludo.cl\/\",\"name\":\"Inicio - Uniformes Ludo\",\"isPartOf\":{\"@id\":\"https:\/\/uniformesludo.cl\/#website\"},\"datePublished\":\"2019-05-21T14:01:18+00:00\",\"dateModified\":\"2025-12-12T14:02:07+00:00\",\"breadcrumb\":{\"@id\":\"https:\/\/uniformesludo.cl\/#breadcrumb\"},\"inLanguage\":\"es\",\"potentialAction\":[{\"@type\":\"ReadAction\",\"target\":[\"https:\/\/uniformesludo.cl\/\"]}]},{\"@type\":\"BreadcrumbList\",\"@id\":\"https:\/\/uniformesludo.cl\/#breadcrumb\",\"itemListElement\":[{\"@type\":\"ListItem\",\"position\":1,\"name\":\"Portada\",\"item\":\"https:\/\/uniformesludo.cl\/\"},{\"@type\":\"ListItem\",\"position\":2,\"name\":\"Inicio\"}]},{\"@type\":\"WebSite\",\"@id\":\"https:\/\/uniformesludo.cl\/#website\",\"url\":\"https:\/\/uniformesludo.cl\/\",\"name\":\"Uniformes Ludo\",\"description\":\"Es una de las empresas comercializadoras de Ropa de trabajo, confecci\u00f3n, productos de protecci\u00f3n, prevenci\u00f3n y seguridad una de las m\u00e1s importantes de nuestro pa\u00eds, reconocida a nivel Nacional, con numerosos clientes a lo largo de Chile que avalan su compromiso de calidad. De igual forma, existe una permanente preocupaci\u00f3n por mantener un servicio integral de excelencia que permita identificarnos como \u201cel mejor equipo, la mejor empresa e inversi\u00f3n\u201d.\",\"potentialAction\":[{\"@type\":\"SearchAction\",\"target\":{\"@type\":\"EntryPoint\",\"urlTemplate\":\"https:\/\/uniformesludo.cl\/?s={search_term_string}\"},\"query-input\":{\"@type\":\"PropertyValueSpecification\",\"valueRequired\":true,\"valueName\":\"search_term_string\"}}],\"inLanguage\":\"es\"}]}<\/script>\n<!-- \/ Yoast SEO plugin. -->","yoast_head_json":{"title":"Inicio - Uniformes Ludo","robots":{"index":"index","follow":"follow","max-snippet":"max-snippet:-1","max-image-preview":"max-image-preview:large","max-video-preview":"max-video-preview:-1"},"canonical":"https:\/\/uniformesludo.cl\/","og_locale":"es_ES","og_type":"article","og_title":"Inicio - Uniformes Ludo","og_description":"[vc_row full_width=\u00bbstretch_row_content_no_spaces\u00bb css=\u00bb.vc_custom_1724955705439{padding-top: 0px !important;background-color: #ffffff !important;}\u00bb][vc_column css=\u00bb.vc_custom_1724955888860{padding-top: 0px !important;}\u00bb][vc_column_text css=\u00bb\u00bb][\/vc_column_text][vc_column_text css=\u00bb\u00bb] Todo lo que necesitas ENCUENTRALO AHORA&gt;&gt; [\/vc_column_text][\/vc_column][\/vc_row][vc_row el_class=\u00bbmis-categorias\u00bb][vc_column width=\u00bb1\/5&#8243; url=\u00bburl:%2Findex.php%2Fproduct-tag%2Fchaquetas%2F|||\u00bb css=\u00bb.vc_custom_1723231008406{margin-top: 0px !important;margin-right: 0px !important;margin-bottom: 0px !important;margin-left: 0px !important;border-top-width: 0px !important;border-right-width: 0px !important;border-bottom-width: 0px !important;border-left-width: 0px !important;padding-top: 0px !important;padding-right: 0px !important;padding-bottom: 0px !important;padding-left:...","og_url":"https:\/\/uniformesludo.cl\/","og_site_name":"Uniformes Ludo","article_modified_time":"2025-12-12T14:02:07+00:00","twitter_card":"summary_large_image","twitter_misc":{"Tiempo de lectura":"5 minutos"},"schema":{"@context":"https:\/\/schema.org","@graph":[{"@type":"WebPage","@id":"https:\/\/uniformesludo.cl\/","url":"https:\/\/uniformesludo.cl\/","name":"Inicio - Uniformes Ludo","isPartOf":{"@id":"https:\/\/uniformesludo.cl\/#website"},"datePublished":"2019-05-21T14:01:18+00:00","dateModified":"2025-12-12T14:02:07+00:00","breadcrumb":{"@id":"https:\/\/uniformesludo.cl\/#breadcrumb"},"inLanguage":"es","potentialAction":[{"@type":"ReadAction","target":["https:\/\/uniformesludo.cl\/"]}]},{"@type":"BreadcrumbList","@id":"https:\/\/uniformesludo.cl\/#breadcrumb","itemListElement":[{"@type":"ListItem","position":1,"name":"Portada","item":"https:\/\/uniformesludo.cl\/"},{"@type":"ListItem","position":2,"name":"Inicio"}]},{"@type":"WebSite","@id":"https:\/\/uniformesludo.cl\/#website","url":"https:\/\/uniformesludo.cl\/","name":"Uniformes Ludo","description":"Es una de las empresas comercializadoras de Ropa de trabajo, confecci\u00f3n, productos de protecci\u00f3n, prevenci\u00f3n y seguridad una de las m\u00e1s importantes de nuestro pa\u00eds, reconocida a nivel Nacional, con numerosos clientes a lo largo de Chile que avalan su compromiso de calidad. De igual forma, existe una permanente preocupaci\u00f3n por mantener un servicio integral de excelencia que permita identificarnos como \u201cel mejor equipo, la mejor empresa e inversi\u00f3n\u201d.","potentialAction":[{"@type":"SearchAction","target":{"@type":"EntryPoint","urlTemplate":"https:\/\/uniformesludo.cl\/?s={search_term_string}"},"query-input":{"@type":"PropertyValueSpecification","valueRequired":true,"valueName":"search_term_string"}}],"inLanguage":"es"}]}},"_links":{"self":[{"href":"https:\/\/uniformesludo.cl\/index.php\/wp-json\/wp\/v2\/pages\/8461","targetHints":{"allow":["GET"]}}],"collection":[{"href":"https:\/\/uniformesludo.cl\/index.php\/wp-json\/wp\/v2\/pages"}],"about":[{"href":"https:\/\/uniformesludo.cl\/index.php\/wp-json\/wp\/v2\/types\/page"}],"author":[{"embeddable":true,"href":"https:\/\/uniformesludo.cl\/index.php\/wp-json\/wp\/v2\/users\/3"}],"replies":[{"embeddable":true,"href":"https:\/\/uniformesludo.cl\/index.php\/wp-json\/wp\/v2\/comments?post=8461"}],"version-history":[{"count":324,"href":"https:\/\/uniformesludo.cl\/index.php\/wp-json\/wp\/v2\/pages\/8461\/revisions"}],"predecessor-version":[{"id":10023608,"href":"https:\/\/uniformesludo.cl\/index.php\/wp-json\/wp\/v2\/pages\/8461\/revisions\/10023608"}],"wp:attachment":[{"href":"https:\/\/uniformesludo.cl\/index.php\/wp-json\/wp\/v2\/media?parent=8461"}],"curies":[{"name":"wp","href":"https:\/\/api.w.org\/{rel}","templated":true}]}}