{"id":10015145,"date":"2024-08-29T15:08:12","date_gmt":"2024-08-29T15:08:12","guid":{"rendered":"https:\/\/uniformesludo.cl\/?page_id=10015145"},"modified":"2025-12-12T14:55:32","modified_gmt":"2025-12-12T14:55:32","slug":"servicios","status":"publish","type":"page","link":"https:\/\/uniformesludo.cl\/index.php\/servicios\/","title":{"rendered":"Servicios"},"content":{"rendered":"<div class=\"wpb-content-wrapper\"><p>[vc_row][vc_column][vc_column_text]Ludo los ayuda hacer realidades sus ideas con servicio de bordado, estampado DTF, sublimaci\u00f3n, serigrafia y confecci\u00f3n.[\/vc_column_text][\/vc_column][\/vc_row][vc_row][vc_column width=\u00bb1\/5&#8243;][vc_single_image image=\u00bb10015151&#8243; img_size=\u00bbfull\u00bb alignment=\u00bbcenter\u00bb style=\u00bbvc_box_shadow_3d\u00bb onclick=\u00bbcustom_link\u00bb css_animation=\u00bbfadeIn\u00bb el_class=\u00bbimg-serv\u00bb css=\u00bb.vc_custom_1724949089652{margin-bottom: 0px !important;}\u00bb link=\u00bbhttps:\/\/uniformesludo.cl\/index.php\/cotizacion-bordados\/\u00bb]<div id=\"mpc_textblock-9969d5bf171fb13\" class=\"mpc-textblock mpc-init \"><h2 style=\"text-align: center;\"><a href=\"https:\/\/uniformesludo.cl\/index.php\/cotizacion-bordados\/\">Bordado<\/a><\/h2>\n<\/div>[vc_btn title=\u00bbCont\u00e1ctanos\u00bb align=\u00bbcenter\u00bb i_icon_fontawesome=\u00bbfa fa-envelope-o\u00bb button_block=\u00bbtrue\u00bb add_icon=\u00bbtrue\u00bb link=\u00bburl:%2Findex.php%2Fcotizacion-bordados%2F|||\u00bb][\/vc_column][vc_column width=\u00bb1\/5&#8243;][vc_single_image image=\u00bb10015153&#8243; img_size=\u00bbfull\u00bb alignment=\u00bbcenter\u00bb style=\u00bbvc_box_shadow_3d\u00bb onclick=\u00bbcustom_link\u00bb css_animation=\u00bbfadeIn\u00bb el_class=\u00bbimg-serv\u00bb css=\u00bb.vc_custom_1724949318296{margin-bottom: 0px !important;}\u00bb link=\u00bbhttps:\/\/uniformesludo.cl\/index.php\/cotizacion-estampado-dtf\/\u00bb]<div id=\"mpc_textblock-4769d5bf171fba4\" class=\"mpc-textblock mpc-init \"><h2 style=\"text-align: center;\"><a href=\"https:\/\/uniformesludo.cl\/index.php\/cotizacion-estampado-dtf\/\">Estampado DTF<\/a><\/h2>\n<\/div>[vc_btn title=\u00bbCont\u00e1ctanos\u00bb align=\u00bbcenter\u00bb i_icon_fontawesome=\u00bbfa fa-envelope-o\u00bb button_block=\u00bbtrue\u00bb add_icon=\u00bbtrue\u00bb link=\u00bburl:%2Findex.php%2Fcotizacion-estampado-dtf%2F|||\u00bb][\/vc_column][vc_column width=\u00bb1\/5&#8243;][vc_single_image image=\u00bb10015162&#8243; img_size=\u00bbfull\u00bb alignment=\u00bbcenter\u00bb style=\u00bbvc_box_shadow_3d\u00bb onclick=\u00bbcustom_link\u00bb css_animation=\u00bbfadeIn\u00bb el_class=\u00bbimg-serv\u00bb css=\u00bb.vc_custom_1724949509356{margin-bottom: 0px !important;}\u00bb link=\u00bbhttps:\/\/uniformesludo.cl\/index.php\/cotizacion-sublimacion\/\u00bb]<div id=\"mpc_textblock-4569d5bf171fc13\" class=\"mpc-textblock mpc-init \"><h2 style=\"text-align: center;\"><a href=\"https:\/\/uniformesludo.cl\/index.php\/cotizacion-sublimacion\/\">Sublimaci\u00f3n<\/a><\/h2>\n<\/div>[vc_btn title=\u00bbCont\u00e1ctanos\u00bb align=\u00bbcenter\u00bb i_icon_fontawesome=\u00bbfa fa-envelope-o\u00bb button_block=\u00bbtrue\u00bb add_icon=\u00bbtrue\u00bb link=\u00bburl:%2Findex.php%2Fcotizacion-sublimacion%2F|||\u00bb][\/vc_column][vc_column width=\u00bb1\/5&#8243;][vc_single_image image=\u00bb10015161&#8243; img_size=\u00bbfull\u00bb alignment=\u00bbcenter\u00bb style=\u00bbvc_box_shadow_3d\u00bb onclick=\u00bbcustom_link\u00bb css_animation=\u00bbfadeIn\u00bb el_class=\u00bbimg-serv\u00bb css=\u00bb.vc_custom_1724949677028{margin-bottom: 0px !important;}\u00bb link=\u00bbhttps:\/\/uniformesludo.cl\/index.php\/cotizacion-serigrafia\/\u00bb]<div id=\"mpc_textblock-1969d5bf171fc7f\" class=\"mpc-textblock mpc-init \"><h2 style=\"text-align: center;\"><a href=\"https:\/\/uniformesludo.cl\/index.php\/cotizacion-serigrafia\/\">Serigraf\u00eda<\/a><\/h2>\n<\/div>[vc_btn title=\u00bbCont\u00e1ctanos\u00bb align=\u00bbcenter\u00bb i_icon_fontawesome=\u00bbfa fa-envelope-o\u00bb button_block=\u00bbtrue\u00bb add_icon=\u00bbtrue\u00bb link=\u00bburl:%2Findex.php%2Fcotizacion-serigrafia%2F|||\u00bb][\/vc_column][vc_column width=\u00bb1\/5&#8243;][vc_single_image image=\u00bb10022149&#8243; img_size=\u00bbfull\u00bb alignment=\u00bbcenter\u00bb style=\u00bbvc_box_shadow_3d\u00bb onclick=\u00bbcustom_link\u00bb css_animation=\u00bbfadeIn\u00bb el_class=\u00bbimg-serv\u00bb css=\u00bb.vc_custom_1725654240525{margin-bottom: 0px !important;}\u00bb link=\u00bb\/index.php\/cotizacion-confeccion\/\u00bb]<div id=\"mpc_textblock-669d5bf171fcea\" class=\"mpc-textblock mpc-init \"><h2 style=\"text-align: center;\"><a href=\"https:\/\/uniformesludo.cl\/index.php\/cotizacion-confeccion\/\">Confecci\u00f3n<\/a><\/h2>\n<\/div>[vc_btn title=\u00bbCont\u00e1ctanos\u00bb align=\u00bbcenter\u00bb i_icon_fontawesome=\u00bbfa fa-envelope-o\u00bb button_block=\u00bbtrue\u00bb add_icon=\u00bbtrue\u00bb link=\u00bburl:%2Findex.php%2Fcotizacion-confeccion%2F|||\u00bb][\/vc_column][\/vc_row]<\/p>\n<\/div>","protected":false},"excerpt":{"rendered":"<p>[vc_row][vc_column][vc_column_text]Ludo los ayuda hacer realidades sus ideas con servicio de bordado, estampado DTF, sublimaci\u00f3n, serigrafia y confecci\u00f3n.[\/vc_column_text][\/vc_column][\/vc_row][vc_row][vc_column width=\u00bb1\/5&#8243;][vc_single_image image=\u00bb10015151&#8243; img_size=\u00bbfull\u00bb alignment=\u00bbcenter\u00bb style=\u00bbvc_box_shadow_3d\u00bb onclick=\u00bbcustom_link\u00bb css_animation=\u00bbfadeIn\u00bb el_class=\u00bbimg-serv\u00bb css=\u00bb.vc_custom_1724949089652{margin-bottom: 0px !important;}\u00bb link=\u00bbhttps:\/\/uniformesludo.cl\/index.php\/cotizacion-bordados\/\u00bb][vc_btn title=\u00bbCont\u00e1ctanos\u00bb align=\u00bbcenter\u00bb i_icon_fontawesome=\u00bbfa fa-envelope-o\u00bb button_block=\u00bbtrue\u00bb add_icon=\u00bbtrue\u00bb link=\u00bburl:%2Findex.php%2Fcotizacion-bordados%2F|||\u00bb][\/vc_column][vc_column width=\u00bb1\/5&#8243;][vc_single_image image=\u00bb10015153&#8243; img_size=\u00bbfull\u00bb alignment=\u00bbcenter\u00bb style=\u00bbvc_box_shadow_3d\u00bb onclick=\u00bbcustom_link\u00bb css_animation=\u00bbfadeIn\u00bb el_class=\u00bbimg-serv\u00bb css=\u00bb.vc_custom_1724949318296{margin-bottom:&#8230;<\/p>\n","protected":false},"author":3,"featured_media":0,"parent":0,"menu_order":0,"comment_status":"closed","ping_status":"closed","template":"","meta":{"footnotes":""},"class_list":["post-10015145","page","type-page","status-publish","hentry"],"aioseo_notices":[],"yoast_head":"<!-- This site is optimized with the Yoast SEO plugin v26.5 - https:\/\/yoast.com\/wordpress\/plugins\/seo\/ -->\n<title>Servicios de Bordado y Estampado para Empresas | Uniformes Ludo<\/title>\n<meta name=\"description\" content=\"Bordado, estampado y personalizaci\u00f3n de uniformes corporativos y ropa de trabajo. Calidad profesional, rapidez y atenci\u00f3n a empresas en Santiago y Chile.\" \/>\n<meta name=\"robots\" content=\"index, follow, max-snippet:-1, max-image-preview:large, max-video-preview:-1\" \/>\n<link rel=\"canonical\" href=\"https:\/\/uniformesludo.cl\/index.php\/servicios\/\" \/>\n<meta property=\"og:locale\" content=\"es_ES\" \/>\n<meta property=\"og:type\" content=\"article\" \/>\n<meta property=\"og:title\" content=\"Servicios de Bordado y Estampado para Empresas | Uniformes Ludo\" \/>\n<meta property=\"og:description\" content=\"Bordado, estampado y personalizaci\u00f3n de uniformes corporativos y ropa de trabajo. Calidad profesional, rapidez y atenci\u00f3n a empresas en Santiago y Chile.\" \/>\n<meta property=\"og:url\" content=\"https:\/\/uniformesludo.cl\/index.php\/servicios\/\" \/>\n<meta property=\"og:site_name\" content=\"Uniformes Ludo\" \/>\n<meta property=\"article:modified_time\" content=\"2025-12-12T14:55:32+00:00\" \/>\n<meta name=\"twitter:card\" content=\"summary_large_image\" \/>\n<meta name=\"twitter:label1\" content=\"Tiempo de lectura\" \/>\n\t<meta name=\"twitter:data1\" content=\"1 minuto\" \/>\n<script type=\"application\/ld+json\" class=\"yoast-schema-graph\">{\"@context\":\"https:\/\/schema.org\",\"@graph\":[{\"@type\":\"WebPage\",\"@id\":\"https:\/\/uniformesludo.cl\/index.php\/servicios\/\",\"url\":\"https:\/\/uniformesludo.cl\/index.php\/servicios\/\",\"name\":\"Servicios de Bordado y Estampado para Empresas | Uniformes Ludo\",\"isPartOf\":{\"@id\":\"https:\/\/uniformesludo.cl\/#website\"},\"datePublished\":\"2024-08-29T15:08:12+00:00\",\"dateModified\":\"2025-12-12T14:55:32+00:00\",\"description\":\"Bordado, estampado y personalizaci\u00f3n de uniformes corporativos y ropa de trabajo. Calidad profesional, rapidez y atenci\u00f3n a empresas en Santiago y Chile.\",\"breadcrumb\":{\"@id\":\"https:\/\/uniformesludo.cl\/index.php\/servicios\/#breadcrumb\"},\"inLanguage\":\"es\",\"potentialAction\":[{\"@type\":\"ReadAction\",\"target\":[\"https:\/\/uniformesludo.cl\/index.php\/servicios\/\"]}]},{\"@type\":\"BreadcrumbList\",\"@id\":\"https:\/\/uniformesludo.cl\/index.php\/servicios\/#breadcrumb\",\"itemListElement\":[{\"@type\":\"ListItem\",\"position\":1,\"name\":\"Portada\",\"item\":\"https:\/\/uniformesludo.cl\/\"},{\"@type\":\"ListItem\",\"position\":2,\"name\":\"Servicios\"}]},{\"@type\":\"WebSite\",\"@id\":\"https:\/\/uniformesludo.cl\/#website\",\"url\":\"https:\/\/uniformesludo.cl\/\",\"name\":\"Uniformes Ludo\",\"description\":\"Es una de las empresas comercializadoras de Ropa de trabajo, confecci\u00f3n, productos de protecci\u00f3n, prevenci\u00f3n y seguridad una de las m\u00e1s importantes de nuestro pa\u00eds, reconocida a nivel Nacional, con numerosos clientes a lo largo de Chile que avalan su compromiso de calidad. De igual forma, existe una permanente preocupaci\u00f3n por mantener un servicio integral de excelencia que permita identificarnos como \u201cel mejor equipo, la mejor empresa e inversi\u00f3n\u201d.\",\"potentialAction\":[{\"@type\":\"SearchAction\",\"target\":{\"@type\":\"EntryPoint\",\"urlTemplate\":\"https:\/\/uniformesludo.cl\/?s={search_term_string}\"},\"query-input\":{\"@type\":\"PropertyValueSpecification\",\"valueRequired\":true,\"valueName\":\"search_term_string\"}}],\"inLanguage\":\"es\"}]}<\/script>\n<!-- \/ Yoast SEO plugin. -->","yoast_head_json":{"title":"Servicios de Bordado y Estampado para Empresas | Uniformes Ludo","description":"Bordado, estampado y personalizaci\u00f3n de uniformes corporativos y ropa de trabajo. Calidad profesional, rapidez y atenci\u00f3n a empresas en Santiago y Chile.","robots":{"index":"index","follow":"follow","max-snippet":"max-snippet:-1","max-image-preview":"max-image-preview:large","max-video-preview":"max-video-preview:-1"},"canonical":"https:\/\/uniformesludo.cl\/index.php\/servicios\/","og_locale":"es_ES","og_type":"article","og_title":"Servicios de Bordado y Estampado para Empresas | Uniformes Ludo","og_description":"Bordado, estampado y personalizaci\u00f3n de uniformes corporativos y ropa de trabajo. Calidad profesional, rapidez y atenci\u00f3n a empresas en Santiago y Chile.","og_url":"https:\/\/uniformesludo.cl\/index.php\/servicios\/","og_site_name":"Uniformes Ludo","article_modified_time":"2025-12-12T14:55:32+00:00","twitter_card":"summary_large_image","twitter_misc":{"Tiempo de lectura":"1 minuto"},"schema":{"@context":"https:\/\/schema.org","@graph":[{"@type":"WebPage","@id":"https:\/\/uniformesludo.cl\/index.php\/servicios\/","url":"https:\/\/uniformesludo.cl\/index.php\/servicios\/","name":"Servicios de Bordado y Estampado para Empresas | Uniformes Ludo","isPartOf":{"@id":"https:\/\/uniformesludo.cl\/#website"},"datePublished":"2024-08-29T15:08:12+00:00","dateModified":"2025-12-12T14:55:32+00:00","description":"Bordado, estampado y personalizaci\u00f3n de uniformes corporativos y ropa de trabajo. Calidad profesional, rapidez y atenci\u00f3n a empresas en Santiago y Chile.","breadcrumb":{"@id":"https:\/\/uniformesludo.cl\/index.php\/servicios\/#breadcrumb"},"inLanguage":"es","potentialAction":[{"@type":"ReadAction","target":["https:\/\/uniformesludo.cl\/index.php\/servicios\/"]}]},{"@type":"BreadcrumbList","@id":"https:\/\/uniformesludo.cl\/index.php\/servicios\/#breadcrumb","itemListElement":[{"@type":"ListItem","position":1,"name":"Portada","item":"https:\/\/uniformesludo.cl\/"},{"@type":"ListItem","position":2,"name":"Servicios"}]},{"@type":"WebSite","@id":"https:\/\/uniformesludo.cl\/#website","url":"https:\/\/uniformesludo.cl\/","name":"Uniformes Ludo","description":"Es una de las empresas comercializadoras de Ropa de trabajo, confecci\u00f3n, productos de protecci\u00f3n, prevenci\u00f3n y seguridad una de las m\u00e1s importantes de nuestro pa\u00eds, reconocida a nivel Nacional, con numerosos clientes a lo largo de Chile que avalan su compromiso de calidad. De igual forma, existe una permanente preocupaci\u00f3n por mantener un servicio integral de excelencia que permita identificarnos como \u201cel mejor equipo, la mejor empresa e inversi\u00f3n\u201d.","potentialAction":[{"@type":"SearchAction","target":{"@type":"EntryPoint","urlTemplate":"https:\/\/uniformesludo.cl\/?s={search_term_string}"},"query-input":{"@type":"PropertyValueSpecification","valueRequired":true,"valueName":"search_term_string"}}],"inLanguage":"es"}]}},"_links":{"self":[{"href":"https:\/\/uniformesludo.cl\/index.php\/wp-json\/wp\/v2\/pages\/10015145","targetHints":{"allow":["GET"]}}],"collection":[{"href":"https:\/\/uniformesludo.cl\/index.php\/wp-json\/wp\/v2\/pages"}],"about":[{"href":"https:\/\/uniformesludo.cl\/index.php\/wp-json\/wp\/v2\/types\/page"}],"author":[{"embeddable":true,"href":"https:\/\/uniformesludo.cl\/index.php\/wp-json\/wp\/v2\/users\/3"}],"replies":[{"embeddable":true,"href":"https:\/\/uniformesludo.cl\/index.php\/wp-json\/wp\/v2\/comments?post=10015145"}],"version-history":[{"count":22,"href":"https:\/\/uniformesludo.cl\/index.php\/wp-json\/wp\/v2\/pages\/10015145\/revisions"}],"predecessor-version":[{"id":10022150,"href":"https:\/\/uniformesludo.cl\/index.php\/wp-json\/wp\/v2\/pages\/10015145\/revisions\/10022150"}],"wp:attachment":[{"href":"https:\/\/uniformesludo.cl\/index.php\/wp-json\/wp\/v2\/media?parent=10015145"}],"curies":[{"name":"wp","href":"https:\/\/api.w.org\/{rel}","templated":true}]}}